{"id":1974,"date":"2022-08-03T11:44:51","date_gmt":"2022-08-03T03:44:51","guid":{"rendered":"https:\/\/elineboringmachine.com\/?page_id=1974"},"modified":"2024-04-05T13:06:43","modified_gmt":"2024-04-05T05:06:43","slug":"portable-shaft-lathe","status":"publish","type":"page","link":"https:\/\/elineboringmachine.com\/de\/products\/portable-shaft-lathe\/","title":{"rendered":"Tragbare Wellendrehmaschine"},"content":{"rendered":"<div data-elementor-type=\"wp-page\" data-elementor-id=\"1974\" class=\"elementor elementor-1974\" data-elementor-post-type=\"page\">\n\t\t\t\t<div class=\"elementor-element elementor-element-5d46314 e-con-full e-flex e-con e-parent\" data-id=\"5d46314\" data-element_type=\"container\">\n\t\t<div class=\"elementor-element elementor-element-85b15bf e-con-full e-flex e-con e-parent\" data-id=\"85b15bf\" data-element_type=\"container\">\n\t\t\t\t<div class=\"elementor-element elementor-element-558e671 elementor-widget__width-initial elementor-widget elementor-widget-heading\" data-id=\"558e671\" data-element_type=\"widget\" data-widget_type=\"heading.default\">\n\t\t\t\t\t<h1 class=\"elementor-heading-title elementor-size-default\">Tragbare Wellendrehmaschine<\/h1>\t\t\t\t<\/div>\n\t\t\t\t<div class=\"elementor-element elementor-element-059c49a elementor-widget-tablet__width-initial elementor-widget elementor-widget-text-editor\" data-id=\"059c49a\" data-element_type=\"widget\" data-widget_type=\"text-editor.default\">\n\t\t\t\t\t\t\t\t\t<p>Beim Wellen-\/Zapfendrehen wird der Au\u00dfendurchmesser einer Welle bearbeitet, um die gew\u00fcnschten Spezifikationen hinsichtlich Rundlauf, Oberfl\u00e4cheng\u00fcte und Rundheitstoleranz zu erreichen. Ein Pr\u00e4zisionsbearbeitungswerkzeug erm\u00f6glicht die pr\u00e4zise und gleichm\u00e4\u00dfige Bearbeitung von Lagerzapfen und anderen runden Oberfl\u00e4chen.<\/p><p>Die tragbaren Wellendrehmaschinen sind das perfekte Werkzeug f\u00fcr die Oberfl\u00e4chenbearbeitung kleiner Wellen\/Zapfen vor Ort.<\/p><p>Unsere Zapfendrehmaschine wird am Wellenende montiert, um Wellen und Zapfen mit einem Durchmesser von 50 bis 550 mm (1,97 Zoll bis 21,65 Zoll) nachzudrehen. Die maximale Reichweite kann auf Anfrage angepasst werden.<\/p><p>F\u00fcr weitere Informationen zum Kauf wenden Sie sich bitte an\u00a0<a style=\"--linkdeco: underline;\" href=\"https:\/\/elineboringmachine.com\/de\/contact\/\">Kontaktieren Sie uns<\/a>.<\/p>\t\t\t\t\t\t\t\t<\/div>\n\t\t\t\t<\/div>\n\t\t\t\t<div class=\"elementor-element elementor-element-3c3657b elementor-widget elementor-widget-image\" data-id=\"3c3657b\" data-element_type=\"widget\" data-widget_type=\"image.default\">\n\t\t\t\t\t\t\t\t\t\t\t\t\t\t\t<img fetchpriority=\"high\" decoding=\"async\" width=\"768\" height=\"512\" src=\"https:\/\/elineboringmachine.com\/wp-content\/uploads\/2022\/07\/customized-PSL300-1-768x512.webp\" class=\"attachment-medium_large size-medium_large wp-image-1111\" alt=\"Tragbare Wellendrehmaschine Kundenspezifisch PSL300-1\" srcset=\"https:\/\/elineboringmachine.com\/wp-content\/uploads\/2022\/07\/customized-PSL300-1-768x512.webp 768w, https:\/\/elineboringmachine.com\/wp-content\/uploads\/2022\/07\/customized-PSL300-1-300x200.webp 300w, https:\/\/elineboringmachine.com\/wp-content\/uploads\/2022\/07\/customized-PSL300-1.webp 800w\" sizes=\"(max-width: 768px) 100vw, 768px\" title=\"\">\t\t\t\t\t\t\t\t\t\t\t\t\t\t\t<\/div>\n\t\t\t\t<\/div>\n\t\t<div class=\"elementor-element elementor-element-4406727 e-con-full e-flex e-con e-parent\" data-id=\"4406727\" data-element_type=\"container\">\n\t\t<div class=\"elementor-element elementor-element-8033702 e-con-full e-flex e-con e-parent\" data-id=\"8033702\" data-element_type=\"container\">\n\t\t\t\t<div class=\"elementor-element elementor-element-6a81041 elementor-widget-divider--view-line elementor-widget elementor-widget-divider\" data-id=\"6a81041\" data-element_type=\"widget\" data-widget_type=\"divider.default\">\n\t\t\t\t\t\t\t<div class=\"elementor-divider\">\n\t\t\t<span class=\"elementor-divider-separator\">\n\t\t\t\t\t\t<\/span>\n\t\t<\/div>\n\t\t\t\t\t\t<\/div>\n\t\t\t\t<\/div>\n\t\t\t\t<div class=\"elementor-element elementor-element-87aa12a elementor-widget__width-initial elementor-widget elementor-widget-image\" data-id=\"87aa12a\" data-element_type=\"widget\" data-widget_type=\"image.default\">\n\t\t\t\t\t\t\t\t\t\t\t\t\t\t\t<img decoding=\"async\" width=\"768\" height=\"576\" src=\"https:\/\/elineboringmachine.com\/wp-content\/uploads\/2022\/06\/standard-psl300-portable-lathe-768x576.webp\" class=\"attachment-medium_large size-medium_large wp-image-663\" alt=\"tragbare Standard-Wellendrehmaschine PSL300\" srcset=\"https:\/\/elineboringmachine.com\/wp-content\/uploads\/2022\/06\/standard-psl300-portable-lathe-768x576.webp 768w, https:\/\/elineboringmachine.com\/wp-content\/uploads\/2022\/06\/standard-psl300-portable-lathe-300x225.webp 300w, https:\/\/elineboringmachine.com\/wp-content\/uploads\/2022\/06\/standard-psl300-portable-lathe-1024x768.webp 1024w, https:\/\/elineboringmachine.com\/wp-content\/uploads\/2022\/06\/standard-psl300-portable-lathe.webp 1400w\" sizes=\"(max-width: 768px) 100vw, 768px\" title=\"\">\t\t\t\t\t\t\t\t\t\t\t\t\t\t\t<\/div>\n\t\t<div class=\"elementor-element elementor-element-966d490 e-con-full e-flex e-con e-parent\" data-id=\"966d490\" data-element_type=\"container\">\n\t\t\t\t<div class=\"elementor-element elementor-element-3f68385 elementor-widget elementor-widget-heading\" data-id=\"3f68385\" data-element_type=\"widget\" data-widget_type=\"heading.default\">\n\t\t\t\t\t<h3 class=\"elementor-heading-title elementor-size-default\">Tragbare Wellendrehmaschine PSL300<\/h3>\t\t\t\t<\/div>\n\t\t\t\t<div class=\"elementor-element elementor-element-25c5fb1 elementor-widget elementor-widget-html\" data-id=\"25c5fb1\" data-element_type=\"widget\" data-widget_type=\"html.default\">\n\t\t\t\t\t<table >\n<tbody>\n<tr>\n<td ><strong>SPEZIFIKATIONEN<\/strong><\/td><td ><strong>ZOLL<\/strong><\/td><td ><strong>METRISCH<\/strong><\/td>\n<\/tr>\n<tr>\n<td><strong>Max. Wendereichweite<\/strong><\/td><td >11,8 Zoll (Standard)<br>19,7 Zoll (kundenspezifisch)<\/td><td>300 mm (Standard)<br>500 mm (kundenspezifisch)<\/td>\n<\/tr>\n<tr>\n<td><strong>Wellendurchmesser<\/strong><\/td><td >1,97\u201311,8 Zoll.<\/td><td>50-300 mm<\/td>\n<\/tr>\n<tr>\n<td><strong>Leistung<\/strong><\/td><td >\nElektrisch<\/td><td>Elektrisch\n<\/tbody>\n<\/table>\n\n\t\t\t\t<\/div>\n\t\t\t\t<div class=\"elementor-element elementor-element-32e8425 elementor-align-justify elementor-widget elementor-widget-button\" data-id=\"32e8425\" data-element_type=\"widget\" data-widget_type=\"button.default\">\n\t\t\t\t\t\t\t\t\t\t<a class=\"elementor-button elementor-button-link elementor-size-md\" href=\"https:\/\/elineboringmachine.com\/de\/products\/portable-shaft-lathe\/psl300-portable-shaft-turning-machine\/\">\n\t\t\t\t\t\t<span class=\"elementor-button-content-wrapper\">\n\t\t\t\t\t\t\t\t\t<span class=\"elementor-button-text\">Tragbare Wellendrehmaschine PSL300<\/span>\n\t\t\t\t\t<\/span>\n\t\t\t\t\t<\/a>\n\t\t\t\t\t\t\t\t<\/div>\n\t\t\t\t<\/div>\n\t\t<div class=\"elementor-element elementor-element-71cc1cc e-con-full e-flex e-con e-parent\" data-id=\"71cc1cc\" data-element_type=\"container\">\n\t\t\t\t<div class=\"elementor-element elementor-element-4c571a1 elementor-widget-divider--view-line elementor-widget elementor-widget-divider\" data-id=\"4c571a1\" data-element_type=\"widget\" data-widget_type=\"divider.default\">\n\t\t\t\t\t\t\t<div class=\"elementor-divider\">\n\t\t\t<span class=\"elementor-divider-separator\">\n\t\t\t\t\t\t<\/span>\n\t\t<\/div>\n\t\t\t\t\t\t<\/div>\n\t\t\t\t<\/div>\n\t\t\t\t<\/div>\n\t\t<div class=\"elementor-element elementor-element-dad806b e-con-full e-flex e-con e-parent\" data-id=\"dad806b\" data-element_type=\"container\">\n\t\t\t\t<div class=\"elementor-element elementor-element-676e40f elementor-widget__width-initial elementor-widget elementor-widget-image\" data-id=\"676e40f\" data-element_type=\"widget\" data-widget_type=\"image.default\">\n\t\t\t\t\t\t\t\t\t\t\t\t\t\t\t<img decoding=\"async\" width=\"750\" height=\"564\" src=\"https:\/\/elineboringmachine.com\/wp-content\/uploads\/2022\/09\/psl500-portable-lathe-servomotor-powered.jpg\" class=\"attachment-medium_large size-medium_large wp-image-3240\" alt=\"tragbare Wellendrehmaschine PSL500\" srcset=\"https:\/\/elineboringmachine.com\/wp-content\/uploads\/2022\/09\/psl500-portable-lathe-servomotor-powered.jpg 750w, https:\/\/elineboringmachine.com\/wp-content\/uploads\/2022\/09\/psl500-portable-lathe-servomotor-powered-300x226.jpg 300w, https:\/\/elineboringmachine.com\/wp-content\/uploads\/2022\/09\/psl500-portable-lathe-servomotor-powered-16x12.jpg 16w\" sizes=\"(max-width: 750px) 100vw, 750px\" title=\"\">\t\t\t\t\t\t\t\t\t\t\t\t\t\t\t<\/div>\n\t\t<div class=\"elementor-element elementor-element-aa38fc1 e-con-full e-flex e-con e-parent\" data-id=\"aa38fc1\" data-element_type=\"container\">\n\t\t\t\t<div class=\"elementor-element elementor-element-132d39b elementor-widget elementor-widget-heading\" data-id=\"132d39b\" data-element_type=\"widget\" data-widget_type=\"heading.default\">\n\t\t\t\t\t<h3 class=\"elementor-heading-title elementor-size-default\">Tragbare Wellendrehmaschine PSL500<\/h3>\t\t\t\t<\/div>\n\t\t\t\t<div class=\"elementor-element elementor-element-8649d47 elementor-widget elementor-widget-html\" data-id=\"8649d47\" data-element_type=\"widget\" data-widget_type=\"html.default\">\n\t\t\t\t\t<table >\n<tbody>\n<tr>\n<td ><strong>SPEZIFIKATIONEN<\/strong><\/td><td ><strong>ZOLL<\/strong><\/td><td ><strong>METRISCH<\/strong><\/td>\n<\/tr>\n<tr>\n<td><strong>Max. Wendereichweite<\/strong><\/td><td >19,7 Zoll.<\/td><td>500 mm <\/td>\n<\/tr>\n<tr>\n<td><strong>Wellendurchmesser<\/strong><\/td><td >9,84-21,65 Zoll.<\/td><td>250-550 mm<\/td>\n<\/tr>\n<tr>\n<td><strong>Leistung<\/strong><\/td><td >\nElektrisch<\/td><td>Elektrisch\n<\/tbody>\n<\/table>\n\n\t\t\t\t<\/div>\n\t\t\t\t<div class=\"elementor-element elementor-element-0a0ee73 elementor-align-justify elementor-widget elementor-widget-button\" data-id=\"0a0ee73\" data-element_type=\"widget\" data-widget_type=\"button.default\">\n\t\t\t\t\t\t\t\t\t\t<a class=\"elementor-button elementor-button-link elementor-size-md\" href=\"https:\/\/elineboringmachine.com\/de\/products\/portable-shaft-lathe\/psl500-portable-shaft-lathe\/\">\n\t\t\t\t\t\t<span class=\"elementor-button-content-wrapper\">\n\t\t\t\t\t\t\t\t\t<span class=\"elementor-button-text\">Tragbare Wellendrehmaschine PSL500<\/span>\n\t\t\t\t\t<\/span>\n\t\t\t\t\t<\/a>\n\t\t\t\t\t\t\t\t<\/div>\n\t\t\t\t<\/div>\n\t\t<div class=\"elementor-element elementor-element-fdf3bce e-con-full e-flex e-con e-parent\" data-id=\"fdf3bce\" data-element_type=\"container\">\n\t\t\t\t<div class=\"elementor-element elementor-element-4b6e597 elementor-widget-divider--view-line elementor-widget elementor-widget-divider\" data-id=\"4b6e597\" data-element_type=\"widget\" data-widget_type=\"divider.default\">\n\t\t\t\t\t\t\t<div class=\"elementor-divider\">\n\t\t\t<span class=\"elementor-divider-separator\">\n\t\t\t\t\t\t<\/span>\n\t\t<\/div>\n\t\t\t\t\t\t<\/div>\n\t\t\t\t<\/div>\n\t\t\t\t<\/div>\n\t\t\t\t<\/div>","protected":false},"excerpt":{"rendered":"<p>Tragbare Wellendrehmaschine. Beim Wellen-\/Zapfendrehen wird der Au\u00dfendurchmesser einer Welle bearbeitet, um die gew\u00fcnschten Spezifikationen hinsichtlich Rundlauf, Oberfl\u00e4cheng\u00fcte und Rundheitstoleranz zu erreichen. Ein Pr\u00e4zisionsbearbeitungswerkzeug f\u00fcr die pr\u00e4zise und gleichm\u00e4\u00dfige Bearbeitung von Lagerzapfen und anderen runden Oberfl\u00e4chen. Die tragbaren Wellendrehmaschinen sind das perfekte Werkzeug f\u00fcr\u2026&nbsp;<\/p>\n<div class=\"read-more-wrapper\"><a href=\"https:\/\/elineboringmachine.com\/de\/products\/portable-shaft-lathe\/\" class=\"button button-primary\" rel=\"bookmark\">Weiterlesen \u00bb<span class=\"screen-reader-text\">Tragbare Wellendrehmaschine<\/span><\/a><\/div>","protected":false},"author":1,"featured_media":4782,"parent":371,"menu_order":0,"comment_status":"closed","ping_status":"closed","template":"page-templates\/template-pagebuilder-full-width.php","meta":{"neve_meta_sidebar":"","neve_meta_container":"","neve_meta_enable_content_width":"","neve_meta_content_width":0,"neve_meta_title_alignment":"","neve_meta_author_avatar":"","neve_post_elements_order":"","neve_meta_disable_header":"","neve_meta_disable_footer":"","neve_meta_disable_title":"","neve_meta_reading_time":"","footnotes":""},"class_list":["post-1974","page","type-page","status-publish","has-post-thumbnail","hentry"],"_links":{"self":[{"href":"https:\/\/elineboringmachine.com\/de\/wp-json\/wp\/v2\/pages\/1974","targetHints":{"allow":["GET"]}}],"collection":[{"href":"https:\/\/elineboringmachine.com\/de\/wp-json\/wp\/v2\/pages"}],"about":[{"href":"https:\/\/elineboringmachine.com\/de\/wp-json\/wp\/v2\/types\/page"}],"author":[{"embeddable":true,"href":"https:\/\/elineboringmachine.com\/de\/wp-json\/wp\/v2\/users\/1"}],"replies":[{"embeddable":true,"href":"https:\/\/elineboringmachine.com\/de\/wp-json\/wp\/v2\/comments?post=1974"}],"version-history":[{"count":0,"href":"https:\/\/elineboringmachine.com\/de\/wp-json\/wp\/v2\/pages\/1974\/revisions"}],"up":[{"embeddable":true,"href":"https:\/\/elineboringmachine.com\/de\/wp-json\/wp\/v2\/pages\/371"}],"wp:featuredmedia":[{"embeddable":true,"href":"https:\/\/elineboringmachine.com\/de\/wp-json\/wp\/v2\/media\/4782"}],"wp:attachment":[{"href":"https:\/\/elineboringmachine.com\/de\/wp-json\/wp\/v2\/media?parent=1974"}],"curies":[{"name":"wp","href":"https:\/\/api.w.org\/{rel}","templated":true}]}}