{"id":2788,"date":"2022-08-16T15:58:53","date_gmt":"2022-08-16T07:58:53","guid":{"rendered":"https:\/\/elineboringmachine.com\/?page_id=2788"},"modified":"2024-04-05T13:06:48","modified_gmt":"2024-04-05T05:06:48","slug":"elb60-mobile-line-boring-machine","status":"publish","type":"page","link":"https:\/\/elineboringmachine.com\/de\/products\/portable-line-boring-machine\/elb60-mobile-line-boring-machine\/","title":{"rendered":"Tragbare Linienbohrmaschine ELB60"},"content":{"rendered":"<div data-elementor-type=\"wp-page\" data-elementor-id=\"2788\" class=\"elementor elementor-2788\" data-elementor-post-type=\"page\">\n\t\t\t\t<div class=\"elementor-element elementor-element-306f185 e-con-full e-flex e-con e-parent\" data-id=\"306f185\" data-element_type=\"container\">\n\t\t\t\t<div class=\"elementor-element elementor-element-52783fa elementor-widget__width-initial elementor-arrows-position-inside elementor-pagination-position-outside elementor-widget elementor-widget-image-carousel\" data-id=\"52783fa\" data-element_type=\"widget\" data-settings=\"{&quot;slides_to_show&quot;:&quot;1&quot;,&quot;navigation&quot;:&quot;both&quot;,&quot;autoplay&quot;:&quot;yes&quot;,&quot;pause_on_hover&quot;:&quot;yes&quot;,&quot;pause_on_interaction&quot;:&quot;yes&quot;,&quot;autoplay_speed&quot;:5000,&quot;infinite&quot;:&quot;yes&quot;,&quot;effect&quot;:&quot;slide&quot;,&quot;speed&quot;:500}\" data-widget_type=\"image-carousel.default\">\n\t\t\t\t\t\t\t<div class=\"elementor-image-carousel-wrapper swiper\" role=\"region\" aria-roledescription=\"carousel\" aria-label=\"Bild Karussell\" dir=\"ltr\">\n\t\t\t<div class=\"elementor-image-carousel swiper-wrapper\" aria-live=\"off\">\n\t\t\t\t\t\t\t\t<div class=\"swiper-slide\" role=\"group\" aria-roledescription=\"slide\" aria-label=\"1 von 2\" data-no-translation-aria-label=\"\"><figure class=\"swiper-slide-inner\"><img decoding=\"async\" class=\"swiper-slide-image\" src=\"https:\/\/elineboringmachine.com\/wp-content\/uploads\/2022\/12\/elb60-portable-line-boring-machine-768x512.webp\" alt=\"Tragbare Linienbohrmaschine elb60\" title=\"\"><\/figure><\/div><div class=\"swiper-slide\" role=\"group\" aria-roledescription=\"slide\" aria-label=\"2 von 2\" data-no-translation-aria-label=\"\"><figure class=\"swiper-slide-inner\"><img decoding=\"async\" class=\"swiper-slide-image\" src=\"https:\/\/elineboringmachine.com\/wp-content\/uploads\/2022\/07\/ELB60-portable-line-boring-machine.webp\" alt=\"Tragbare Linienbohrmaschine ELB60\" title=\"\"><\/figure><\/div>\t\t\t<\/div>\n\t\t\t\t\t\t\t\t\t\t\t\t<div class=\"elementor-swiper-button elementor-swiper-button-prev\" role=\"button\" tabindex=\"0\">\n\t\t\t\t\t\t<svg aria-hidden=\"true\" class=\"e-font-icon-svg e-eicon-chevron-left\" viewbox=\"0 0 1000 1000\" xmlns=\"http:\/\/www.w3.org\/2000\/svg\"><path d=\"M646 125C629 125 613 133 604 142L308 442C296 454 292 471 292 487 292 504 296 521 308 533L604 854C617 867 629 875 646 875 663 875 679 871 692 858 704 846 713 829 713 812 713 796 708 779 692 767L438 487 692 225C700 217 708 204 708 187 708 171 704 154 692 142 675 129 663 125 646 125Z\"><\/path><\/svg>\t\t\t\t\t<\/div>\n\t\t\t\t\t<div class=\"elementor-swiper-button elementor-swiper-button-next\" role=\"button\" tabindex=\"0\">\n\t\t\t\t\t\t<svg aria-hidden=\"true\" class=\"e-font-icon-svg e-eicon-chevron-right\" viewbox=\"0 0 1000 1000\" xmlns=\"http:\/\/www.w3.org\/2000\/svg\"><path d=\"M696 533C708 521 713 504 713 487 713 471 708 454 696 446L400 146C388 133 375 125 354 125 338 125 325 129 313 142 300 154 292 171 292 187 292 204 296 221 308 233L563 492 304 771C292 783 288 800 288 817 288 833 296 850 308 863 321 871 338 875 354 875 371 875 388 867 400 854L696 533Z\"><\/path><\/svg>\t\t\t\t\t<\/div>\n\t\t\t\t\n\t\t\t\t\t\t\t\t\t<div class=\"swiper-pagination\"><\/div>\n\t\t\t\t\t\t\t\t\t<\/div>\n\t\t\t\t\t\t<\/div>\n\t\t<div class=\"elementor-element elementor-element-bfda783 e-con-full e-flex e-con e-parent\" data-id=\"bfda783\" data-element_type=\"container\">\n\t\t\t\t<div class=\"elementor-element elementor-element-6527229 elementor-widget elementor-widget-heading\" data-id=\"6527229\" data-element_type=\"widget\" data-widget_type=\"heading.default\">\n\t\t\t\t\t<h2 class=\"elementor-heading-title elementor-size-default\">ELB60 Mobile Linienbohrmaschine<\/h2>\t\t\t\t<\/div>\n\t\t\t\t<div class=\"elementor-element elementor-element-8b26eca elementor-widget elementor-widget-text-editor\" data-id=\"8b26eca\" data-element_type=\"widget\" data-widget_type=\"text-editor.default\">\n\t\t\t\t\t\t\t\t\t<p>Die tragbare Linienbohrmaschine ELB60 wird in China hergestellt. Der tragbare Linienbohrer ELB60 wird h\u00e4ufig im Bergbau, im Bauwesen, im Erdbau, bei der Bohrreparatur von Schwermaschinen, im Schiffsbau, bei der Reparatur von Schiffsbohrungen, bei der Wartung und bei anderen Bearbeitungsdienstleistungen vor Ort eingesetzt.<\/p><p>Standardm\u00e4\u00dfige ELB60-Leitungsbohrs\u00e4tze erm\u00f6glichen Bohrungen von 65\u2013500 mm.<\/p>\t\t\t\t\t\t\t\t<\/div>\n\t\t\t\t<div class=\"elementor-element elementor-element-b7ae20b elementor-align-justify elementor-widget elementor-widget-button\" data-id=\"b7ae20b\" data-element_type=\"widget\" data-widget_type=\"button.default\">\n\t\t\t\t\t\t\t\t\t\t<a class=\"elementor-button elementor-button-link elementor-size-md\" href=\"\/de\/contact\/?request-a-quote=elb60-portable-line-boring-machine\">\n\t\t\t\t\t\t<span class=\"elementor-button-content-wrapper\">\n\t\t\t\t\t\t<span class=\"elementor-button-icon\">\n\t\t\t\t<svg aria-hidden=\"true\" class=\"e-font-icon-svg e-fas-chevron-circle-right\" viewbox=\"0 0 512 512\" xmlns=\"http:\/\/www.w3.org\/2000\/svg\"><path d=\"M256 8c137 0 248 111 248 248S393 504 256 504 8 393 8 256 119 8 256 8zm113.9 231L234.4 103.5c-9.4-9.4-24.6-9.4-33.9 0l-17 17c-9.4 9.4-9.4 24.6 0 33.9L285.1 256 183.5 357.6c-9.4 9.4-9.4 24.6 0 33.9l17 17c9.4 9.4 24.6 9.4 33.9 0L369.9 273c9.4-9.4 9.4-24.6 0-34z\"><\/path><\/svg>\t\t\t<\/span>\n\t\t\t\t\t\t\t\t\t<span class=\"elementor-button-text\">Fordern Sie ein Angebot an<\/span>\n\t\t\t\t\t<\/span>\n\t\t\t\t\t<\/a>\n\t\t\t\t\t\t\t\t<\/div>\n\t\t\t\t<\/div>\n\t\t<div class=\"elementor-element elementor-element-43cccaf e-con-full e-flex e-con e-parent\" data-id=\"43cccaf\" data-element_type=\"container\">\n\t\t\t\t<div class=\"elementor-element elementor-element-70dc930 elementor-widget-divider--view-line elementor-widget elementor-widget-divider\" data-id=\"70dc930\" data-element_type=\"widget\" data-widget_type=\"divider.default\">\n\t\t\t\t\t\t\t<div class=\"elementor-divider\">\n\t\t\t<span class=\"elementor-divider-separator\">\n\t\t\t\t\t\t<\/span>\n\t\t<\/div>\n\t\t\t\t\t\t<\/div>\n\t\t\t\t<\/div>\n\t\t\t\t<\/div>\n\t\t<div class=\"elementor-element elementor-element-040d2c5 e-con-full e-flex e-con e-parent\" data-id=\"040d2c5\" data-element_type=\"container\">\n\t\t\t\t<div class=\"elementor-element elementor-element-cb4c64b elementor-tabs-alignment-stretch elementor-tabs-view-horizontal elementor-widget elementor-widget-tabs\" data-id=\"cb4c64b\" data-element_type=\"widget\" data-widget_type=\"tabs.default\">\n\t\t\t\t\t\t\t<div class=\"elementor-tabs\">\n\t\t\t<div class=\"elementor-tabs-wrapper\" role=\"tablist\" >\n\t\t\t\t\t\t\t\t\t<div id=\"elementor-tab-title-2131\" class=\"elementor-tab-title elementor-tab-desktop-title\" aria-selected=\"true\" data-tab=\"1\" role=\"tab\" tabindex=\"0\" aria-controls=\"elementor-tab-content-2131\" aria-expanded=\"false\">Spezifikation<\/div>\n\t\t\t\t\t\t\t\t\t<div id=\"elementor-tab-title-2132\" class=\"elementor-tab-title elementor-tab-desktop-title\" aria-selected=\"false\" data-tab=\"2\" role=\"tab\" tabindex=\"-1\" aria-controls=\"elementor-tab-content-2132\" aria-expanded=\"false\">Produktvorteile<\/div>\n\t\t\t\t\t\t\t\t\t<div id=\"elementor-tab-title-2133\" class=\"elementor-tab-title elementor-tab-desktop-title\" aria-selected=\"false\" data-tab=\"3\" role=\"tab\" tabindex=\"-1\" aria-controls=\"elementor-tab-content-2133\" aria-expanded=\"false\">Datenblatt herunterladen<\/div>\n\t\t\t\t\t\t\t\t\t<div id=\"elementor-tab-title-2134\" class=\"elementor-tab-title elementor-tab-desktop-title\" aria-selected=\"false\" data-tab=\"4\" role=\"tab\" tabindex=\"-1\" aria-controls=\"elementor-tab-content-2134\" aria-expanded=\"false\">Videos<\/div>\n\t\t\t\t\t\t\t<\/div>\n\t\t\t<div class=\"elementor-tabs-content-wrapper\" role=\"tablist\" aria-orientation=\"vertical\">\n\t\t\t\t\t\t\t\t\t<div class=\"elementor-tab-title elementor-tab-mobile-title\" aria-selected=\"true\" data-tab=\"1\" role=\"tab\" tabindex=\"0\" aria-controls=\"elementor-tab-content-2131\" aria-expanded=\"false\">Spezifikation<\/div>\n\t\t\t\t\t<div id=\"elementor-tab-content-2131\" class=\"elementor-tab-content elementor-clearfix\" data-tab=\"1\" role=\"tabpanel\" aria-labelledby=\"elementor-tab-title-2131\" tabindex=\"0\" hidden=\"false\"><h2>ELB60 Tragbare Linienbohrmaschine<\/h2>\n<table>\n<tbody>\n<tr>\n<td><strong>SPEZIFIKATIONEN<\/strong><\/td>\n<td><strong>ZOLL<\/strong><\/td>\n<td><strong>METRISCH<\/strong><\/td>\n<\/tr>\n<tr>\n<td><strong>Stangendurchmesser<\/strong><\/td>\n<td>2,36 Zoll.<\/td>\n<td>60 mm<\/td>\n<\/tr>\n<tr>\n<td><strong>Bohrdurchmesser<\/strong><\/td>\n<td>2,56 \u2013 19,69 Zoll.<\/td>\n<td>65 \u2013 500 mm<\/td>\n<\/tr>\n<tr>\n<td><strong>Max. Hub<\/strong><\/td>\n<td>16,54 Zoll.<\/td>\n<td>420 mm (anpassbar)<\/td>\n<\/tr>\n<tr>\n<td><strong>Energieoption<\/strong><\/td>\n<td>Elektrisch<\/td>\n<td>Elektrisch<\/td>\n<\/tr>\n<\/tbody>\n<\/table><\/div>\n\t\t\t\t\t\t\t\t\t<div class=\"elementor-tab-title elementor-tab-mobile-title\" aria-selected=\"false\" data-tab=\"2\" role=\"tab\" tabindex=\"-1\" aria-controls=\"elementor-tab-content-2132\" aria-expanded=\"false\">Produktvorteile<\/div>\n\t\t\t\t\t<div id=\"elementor-tab-content-2132\" class=\"elementor-tab-content elementor-clearfix\" data-tab=\"2\" role=\"tabpanel\" aria-labelledby=\"elementor-tab-title-2132\" tabindex=\"0\" hidden=\"hidden\"><ol><li>Bohrstange aus hochfester Legierung und Baustahl. Ausgestattet mit hoher H\u00e4rte, hoher Genauigkeit, hoher Z\u00e4higkeit, guter Abriebfestigkeit usw.<\/li><li>380 V, 2,0 kW elektrischer Servomotor mit ausreichender Leistung.<\/li><li>Einfache Einrichtung und Bedienung. Beste Option als Bohrmaschinen-Kit f\u00fcr Anf\u00e4nger.<\/li><li>Der Elektromotor-Controller ist mit einem dynamischen Verz\u00f6gerungsbremsprogramm ausgestattet, um Vibrationen beim Herunterfahren zu vermeiden.<\/li><li>F\u00fcr einen sicheren Betrieb ist der Schaltschrank unterhalb der Hauptmaschine installiert.<\/li><li>Dank niedriger Drehzahl und hohem Drehmoment kann die komplette Maschine station\u00e4re Bearbeitungen mit hervorragender Leistung realisieren.<\/li><li>Zur sicheren Bedienung ist eine Fernbedienung im Standardpaket enthalten.<\/li><\/ol><\/div>\n\t\t\t\t\t\t\t\t\t<div class=\"elementor-tab-title elementor-tab-mobile-title\" aria-selected=\"false\" data-tab=\"3\" role=\"tab\" tabindex=\"-1\" aria-controls=\"elementor-tab-content-2133\" aria-expanded=\"false\">Datenblatt herunterladen<\/div>\n\t\t\t\t\t<div id=\"elementor-tab-content-2133\" class=\"elementor-tab-content elementor-clearfix\" data-tab=\"3\" role=\"tabpanel\" aria-labelledby=\"elementor-tab-title-2133\" tabindex=\"0\" hidden=\"hidden\"><object style=\"width:100% ; height:700px;\"\ndata=\"https:\/\/elineboringmachine.com\/wp-content\/uploads\/2023\/01\/ELB60-Portable-Line-Boring-machine.pdf\" type=\"application\/pdf\" ><\/object>\n\n<\/div>\n\t\t\t\t\t\t\t\t\t<div class=\"elementor-tab-title elementor-tab-mobile-title\" aria-selected=\"false\" data-tab=\"4\" role=\"tab\" tabindex=\"-1\" aria-controls=\"elementor-tab-content-2134\" aria-expanded=\"false\">Videos<\/div>\n\t\t\t\t\t<div id=\"elementor-tab-content-2134\" class=\"elementor-tab-content elementor-clearfix\" data-tab=\"4\" role=\"tabpanel\" aria-labelledby=\"elementor-tab-title-2134\" tabindex=\"0\" hidden=\"hidden\"><table class=\"responsive-table\">\n<tbody>\n<tr>\n<td><iframe width=\"560\" height=\"315\" src=\"https:\/\/www.youtube.com\/embed\/x1f6N3MmPHk\" title=\"YouTube-Videoplayer\" frameborder=\"0\" allow=\"accelerometer; autoplay; clipboard-write; encrypted-media; gyroscope; picture-in-picture\" allowfullscreen><\/iframe><\/td>\n<td><iframe width=\"560\" height=\"315\" src=\"https:\/\/www.youtube.com\/embed\/VVCvYSYjcNE\" title=\"YouTube-Videoplayer\" frameborder=\"0\" allow=\"accelerometer; autoplay; clipboard-write; encrypted-media; gyroscope; picture-in-picture\" allowfullscreen><\/iframe><\/td>\n<td><iframe title=\"YouTube-Videoplayer\" src=\"https:\/\/www.youtube.com\/embed\/qlLCOAlyy-Y\" width=\"560\" height=\"315\" frameborder=\"0\" allowfullscreen=\"allowfullscreen\"><\/iframe><\/td>\n<\/tr>\n<\/tbody>\n<\/table><\/div>\n\t\t\t\t\t\t\t<\/div>\n\t\t<\/div>\n\t\t\t\t\t\t<\/div>\n\t\t\t\t<div class=\"elementor-element elementor-element-636a155 elementor-align-justify elementor-widget elementor-widget-button\" data-id=\"636a155\" data-element_type=\"widget\" data-widget_type=\"button.default\">\n\t\t\t\t\t\t\t\t\t\t<a class=\"elementor-button elementor-button-link elementor-size-lg\" href=\"https:\/\/elineboringmachine.com\/de\/category\/portable-line-boring-machines\/\" target=\"_blank\">\n\t\t\t\t\t\t<span class=\"elementor-button-content-wrapper\">\n\t\t\t\t\t\t\t\t\t<span class=\"elementor-button-text\">Neuigkeiten zu tragbaren Linienbohrmaschinen<\/span>\n\t\t\t\t\t<\/span>\n\t\t\t\t\t<\/a>\n\t\t\t\t\t\t\t\t<\/div>\n\t\t\t\t<div class=\"elementor-element elementor-element-91cb807 elementor-posts__hover-none elementor-grid-tablet-1 elementor-grid-3 elementor-grid-mobile-1 elementor-posts--thumbnail-top elementor-card-shadow-yes elementor-widget elementor-widget-posts\" data-id=\"91cb807\" data-element_type=\"widget\" data-settings=\"{&quot;cards_columns_tablet&quot;:&quot;1&quot;,&quot;cards_columns&quot;:&quot;3&quot;,&quot;cards_columns_mobile&quot;:&quot;1&quot;,&quot;cards_row_gap&quot;:{&quot;unit&quot;:&quot;px&quot;,&quot;size&quot;:35,&quot;sizes&quot;:[]},&quot;cards_row_gap_tablet&quot;:{&quot;unit&quot;:&quot;px&quot;,&quot;size&quot;:&quot;&quot;,&quot;sizes&quot;:[]},&quot;cards_row_gap_mobile&quot;:{&quot;unit&quot;:&quot;px&quot;,&quot;size&quot;:&quot;&quot;,&quot;sizes&quot;:[]}}\" data-widget_type=\"posts.cards\">\n\t\t\t\t<div class=\"elementor-widget-container\">\n\t\t\t\t\t\t\t<div class=\"elementor-posts-container elementor-posts elementor-posts--skin-cards elementor-grid\">\n\t\t\t\t<article class=\"elementor-post elementor-grid-item post-451137 post type-post status-publish format-standard has-post-thumbnail hentry category-portable-line-boring-machines\">\n\t\t\t<div class=\"elementor-post__card\">\n\t\t\t\t<a class=\"elementor-post__thumbnail__link\" href=\"https:\/\/elineboringmachine.com\/de\/the-benefits-of-portable-line-boring-machines-for-on-site-repair-and-maintenance\/\" tabindex=\"-1\" ><div class=\"elementor-post__thumbnail\"><img fetchpriority=\"high\" decoding=\"async\" width=\"750\" height=\"540\" src=\"https:\/\/elineboringmachine.com\/wp-content\/uploads\/2022\/08\/ELBA60-portable-line-boring-machines-servo-motor.jpg\" class=\"attachment-medium_large size-medium_large wp-image-2755\" alt=\"\" srcset=\"https:\/\/elineboringmachine.com\/wp-content\/uploads\/2022\/08\/ELBA60-portable-line-boring-machines-servo-motor.jpg 750w, https:\/\/elineboringmachine.com\/wp-content\/uploads\/2022\/08\/ELBA60-portable-line-boring-machines-servo-motor-300x216.jpg 300w, https:\/\/elineboringmachine.com\/wp-content\/uploads\/2022\/08\/ELBA60-portable-line-boring-machines-servo-motor-18x12.jpg 18w\" sizes=\"(max-width: 750px) 100vw, 750px\" title=\"\"><\/div><\/a>\n\t\t\t\t<div class=\"elementor-post__text\">\n\t\t\t\t<h3 class=\"elementor-post__title\">\n\t\t\t<a href=\"https:\/\/elineboringmachine.com\/de\/the-benefits-of-portable-line-boring-machines-for-on-site-repair-and-maintenance\/\" >\n\t\t\t\tDie Vorteile tragbarer Bohrmaschinen f\u00fcr Reparaturen und Wartungen vor Ort\t\t\t<\/a>\n\t\t<\/h3>\n\t\t\t\t<div class=\"elementor-post__excerpt\">\n\t\t\t<p>In der heutigen schnelllebigen Industriewelt ist Zeit ein entscheidender Faktor. Anlagenstillst\u00e4nde, selbst f\u00fcr kurze Zeit, k\u00f6nnen zu erheblichen Verlusten f\u00fchren. Deshalb ist eine zuverl\u00e4ssige L\u00f6sung f\u00fcr Reparatur und Wartung vor Ort unerl\u00e4sslich. Mobile Linienbohrmaschinen bieten eine praktische und effiziente L\u00f6sung f\u00fcr Industrien jeder Gr\u00f6\u00dfe.<\/p>\n\t\t<\/div>\n\t\t\n\t\t<a class=\"elementor-post__read-more\" href=\"https:\/\/elineboringmachine.com\/de\/the-benefits-of-portable-line-boring-machines-for-on-site-repair-and-maintenance\/\" aria-label=\"Lesen Sie mehr \u00fcber die Vorteile tragbarer Bohrmaschinen f\u00fcr Reparaturen und Wartungen vor Ort\" tabindex=\"-1\" >\n\t\t\tMehr lesen &quot;\t\t<\/a>\n\n\t\t\t\t<\/div>\n\t\t\t\t<div class=\"elementor-post__meta-data\">\n\t\t\t\t\t<span class=\"elementor-post-author\">\n\t\t\tElinebohrmaschine\t\t<\/span>\n\t\t\t\t<span class=\"elementor-post-date\">\n\t\t\t7. Februar 2023\t\t<\/span>\n\t\t\t\t<\/div>\n\t\t\t\t\t<\/div>\n\t\t<\/article>\n\t\t\t\t<article class=\"elementor-post elementor-grid-item post-451113 post type-post status-publish format-standard has-post-thumbnail hentry category-portable-line-boring-machines tag-portable-line-boring-machine\">\n\t\t\t<div class=\"elementor-post__card\">\n\t\t\t\t<a class=\"elementor-post__thumbnail__link\" href=\"https:\/\/elineboringmachine.com\/de\/the-line-boring-process\/\" tabindex=\"-1\" ><div class=\"elementor-post__thumbnail\"><img decoding=\"async\" width=\"750\" height=\"540\" src=\"https:\/\/elineboringmachine.com\/wp-content\/uploads\/2022\/08\/ELBA60-mobile-line-boring-machine-servo-motor.jpg\" class=\"attachment-medium_large size-medium_large wp-image-2753\" alt=\"ELBA60 Mobile Linienbohrmaschine - Servomotor\" srcset=\"https:\/\/elineboringmachine.com\/wp-content\/uploads\/2022\/08\/ELBA60-mobile-line-boring-machine-servo-motor.jpg 750w, https:\/\/elineboringmachine.com\/wp-content\/uploads\/2022\/08\/ELBA60-mobile-line-boring-machine-servo-motor-300x216.jpg 300w, https:\/\/elineboringmachine.com\/wp-content\/uploads\/2022\/08\/ELBA60-mobile-line-boring-machine-servo-motor-18x12.jpg 18w\" sizes=\"(max-width: 750px) 100vw, 750px\" title=\"\"><\/div><\/a>\n\t\t\t\t<div class=\"elementor-post__text\">\n\t\t\t\t<h3 class=\"elementor-post__title\">\n\t\t\t<a href=\"https:\/\/elineboringmachine.com\/de\/the-line-boring-process\/\" >\n\t\t\t\tDer Line-Boring-Prozess\t\t\t<\/a>\n\t\t<\/h3>\n\t\t\t\t<div class=\"elementor-post__excerpt\">\n\t\t\t<p>Das Line Boring-Verfahren ist ein spanabhebendes Bearbeitungsverfahren, das dazu dient, die Bohrung (den Innendurchmesser) eines zylindrischen Objekts wie beispielsweise eines Rohrs, einer Welle oder eines Motorblocks zu vergr\u00f6\u00dfern oder wiederherzustellen. Dieses Verfahren ist h\u00e4ufig erforderlich, wenn die Bohrung eines Objekts abgenutzt, besch\u00e4digt oder verstellt ist und ihre urspr\u00fcngliche Gr\u00f6\u00dfe und Form wiederhergestellt werden muss.<\/p>\n\t\t<\/div>\n\t\t\n\t\t<a class=\"elementor-post__read-more\" href=\"https:\/\/elineboringmachine.com\/de\/the-line-boring-process\/\" aria-label=\"Lesen Sie mehr \u00fcber den Line-Boring-Prozess\" tabindex=\"-1\" >\n\t\t\tMehr lesen &quot;\t\t<\/a>\n\n\t\t\t\t<\/div>\n\t\t\t\t<div class=\"elementor-post__meta-data\">\n\t\t\t\t\t<span class=\"elementor-post-author\">\n\t\t\tElinebohrmaschine\t\t<\/span>\n\t\t\t\t<span class=\"elementor-post-date\">\n\t\t\t7. Februar 2023\t\t<\/span>\n\t\t\t\t<\/div>\n\t\t\t\t\t<\/div>\n\t\t<\/article>\n\t\t\t\t<article class=\"elementor-post elementor-grid-item post-451073 post type-post status-publish format-standard has-post-thumbnail hentry category-portable-line-boring-machines tag-portable-line-boring-welding-machine\">\n\t\t\t<div class=\"elementor-post__card\">\n\t\t\t\t<a class=\"elementor-post__thumbnail__link\" href=\"https:\/\/elineboringmachine.com\/de\/enhance-your-machining-process-with-the-ezlink-slb50-portable-line-boring-welding-machine\/\" tabindex=\"-1\" ><div class=\"elementor-post__thumbnail\"><img decoding=\"async\" width=\"768\" height=\"432\" src=\"https:\/\/elineboringmachine.com\/wp-content\/uploads\/2022\/08\/portable-line-boring-welding-machine-slb50-768x432.jpg\" class=\"attachment-medium_large size-medium_large wp-image-2417\" alt=\"tragbare Linienbohrschwei\u00dfmaschine slb50\" srcset=\"https:\/\/elineboringmachine.com\/wp-content\/uploads\/2022\/08\/portable-line-boring-welding-machine-slb50-768x432.jpg 768w, https:\/\/elineboringmachine.com\/wp-content\/uploads\/2022\/08\/portable-line-boring-welding-machine-slb50-300x169.jpg 300w, https:\/\/elineboringmachine.com\/wp-content\/uploads\/2022\/08\/portable-line-boring-welding-machine-slb50-1024x576.jpg 1024w, https:\/\/elineboringmachine.com\/wp-content\/uploads\/2022\/08\/portable-line-boring-welding-machine-slb50.jpg 1280w\" sizes=\"(max-width: 768px) 100vw, 768px\" title=\"\"><\/div><\/a>\n\t\t\t\t<div class=\"elementor-post__text\">\n\t\t\t\t<h3 class=\"elementor-post__title\">\n\t\t\t<a href=\"https:\/\/elineboringmachine.com\/de\/enhance-your-machining-process-with-the-ezlink-slb50-portable-line-boring-welding-machine\/\" >\n\t\t\t\tVerbessern Sie Ihren Bearbeitungsprozess mit der tragbaren Bohrschwei\u00dfmaschine EZLINK SLB50\t\t\t<\/a>\n\t\t<\/h3>\n\t\t\t\t<div class=\"elementor-post__excerpt\">\n\t\t\t<p>Sind Sie es leid, schweres Ger\u00e4t f\u00fcr Reparaturen zu transportieren? Ben\u00f6tigen Sie eine effizientere L\u00f6sung f\u00fcr die Bearbeitung vor Ort? Wir pr\u00e4sentieren Ihnen die tragbare Bohrschwei\u00dfmaschine EZLINK SLB50.<\/p>\n\t\t<\/div>\n\t\t\n\t\t<a class=\"elementor-post__read-more\" href=\"https:\/\/elineboringmachine.com\/de\/enhance-your-machining-process-with-the-ezlink-slb50-portable-line-boring-welding-machine\/\" aria-label=\"Lesen Sie mehr \u00fcber die Verbesserung Ihres Bearbeitungsprozesses mit der tragbaren Bohrschwei\u00dfmaschine EZLINK SLB50\" tabindex=\"-1\" >\n\t\t\tMehr lesen &quot;\t\t<\/a>\n\n\t\t\t\t<\/div>\n\t\t\t\t<div class=\"elementor-post__meta-data\">\n\t\t\t\t\t<span class=\"elementor-post-author\">\n\t\t\tElinebohrmaschine\t\t<\/span>\n\t\t\t\t<span class=\"elementor-post-date\">\n\t\t\t4. Februar 2023\t\t<\/span>\n\t\t\t\t<\/div>\n\t\t\t\t\t<\/div>\n\t\t<\/article>\n\t\t\t\t<\/div>\n\t\t\n\t\t\t\t\t\t<\/div>\n\t\t\t\t<\/div>\n\t\t\t\t<\/div>\n\t\t\t\t<\/div>","protected":false},"excerpt":{"rendered":"<p>Previous Next ELB60 Mobile Line Boring Machine ELB60 Portable Line Boring&nbsp; machine is made in China.&nbsp; ELB60 portable line borer is widely used in mining\/ construction\/ earthmoving\/ heavy equipment bore repair, shipbuilding \/ ship bore repair, maintenance and other on-site machining service. Standard ELB60 line boring kits capable boring 65-500mm. Request A Quote Specification Product&hellip;&nbsp;<\/p>\n<div class=\"read-more-wrapper\"><a href=\"https:\/\/elineboringmachine.com\/de\/enhance-your-machining-process-with-the-ezlink-slb50-portable-line-boring-welding-machine\/\" class=\"button button-primary\" rel=\"bookmark\">Weiterlesen \u00bb<span class=\"screen-reader-text\">Verbessern Sie Ihren Bearbeitungsprozess mit der tragbaren Bohrschwei\u00dfmaschine EZLINK SLB50<\/span><\/a><\/div>","protected":false},"author":1,"featured_media":4767,"parent":1297,"menu_order":0,"comment_status":"closed","ping_status":"closed","template":"page-templates\/template-pagebuilder-full-width.php","meta":{"neve_meta_sidebar":"","neve_meta_container":"","neve_meta_enable_content_width":"","neve_meta_content_width":0,"neve_meta_title_alignment":"","neve_meta_author_avatar":"","neve_post_elements_order":"","neve_meta_disable_header":"","neve_meta_disable_footer":"","neve_meta_disable_title":"","neve_meta_reading_time":"","footnotes":""},"class_list":["post-2788","page","type-page","status-publish","has-post-thumbnail","hentry"],"_links":{"self":[{"href":"https:\/\/elineboringmachine.com\/de\/wp-json\/wp\/v2\/pages\/2788","targetHints":{"allow":["GET"]}}],"collection":[{"href":"https:\/\/elineboringmachine.com\/de\/wp-json\/wp\/v2\/pages"}],"about":[{"href":"https:\/\/elineboringmachine.com\/de\/wp-json\/wp\/v2\/types\/page"}],"author":[{"embeddable":true,"href":"https:\/\/elineboringmachine.com\/de\/wp-json\/wp\/v2\/users\/1"}],"replies":[{"embeddable":true,"href":"https:\/\/elineboringmachine.com\/de\/wp-json\/wp\/v2\/comments?post=2788"}],"version-history":[{"count":0,"href":"https:\/\/elineboringmachine.com\/de\/wp-json\/wp\/v2\/pages\/2788\/revisions"}],"up":[{"embeddable":true,"href":"https:\/\/elineboringmachine.com\/de\/wp-json\/wp\/v2\/pages\/1297"}],"wp:featuredmedia":[{"embeddable":true,"href":"https:\/\/elineboringmachine.com\/de\/wp-json\/wp\/v2\/media\/4767"}],"wp:attachment":[{"href":"https:\/\/elineboringmachine.com\/de\/wp-json\/wp\/v2\/media?parent=2788"}],"curies":[{"name":"wp","href":"https:\/\/api.w.org\/{rel}","templated":true}]}}