{"id":2804,"date":"2022-08-25T11:33:02","date_gmt":"2022-08-25T03:33:02","guid":{"rendered":"https:\/\/elineboringmachine.com\/?page_id=2804"},"modified":"2024-04-05T13:06:49","modified_gmt":"2024-04-05T05:06:49","slug":"mff350-manual-flange-facer","status":"publish","type":"page","link":"https:\/\/elineboringmachine.com\/de\/products\/flange-facer\/mff350-manual-flange-facer\/","title":{"rendered":"MFF350 Manuelle Flanschfr\u00e4smaschine"},"content":{"rendered":"<div data-elementor-type=\"wp-page\" data-elementor-id=\"2804\" class=\"elementor elementor-2804\" data-elementor-post-type=\"page\">\n\t\t\t\t<div class=\"elementor-element elementor-element-601cd07 e-con-full e-flex e-con e-parent\" data-id=\"601cd07\" data-element_type=\"container\">\n\t\t\t\t<div class=\"elementor-element elementor-element-659ab56 elementor-widget__width-initial elementor-arrows-position-inside elementor-pagination-position-outside elementor-widget elementor-widget-image-carousel\" data-id=\"659ab56\" data-element_type=\"widget\" data-settings=\"{&quot;slides_to_show&quot;:&quot;1&quot;,&quot;navigation&quot;:&quot;both&quot;,&quot;autoplay&quot;:&quot;yes&quot;,&quot;pause_on_hover&quot;:&quot;yes&quot;,&quot;pause_on_interaction&quot;:&quot;yes&quot;,&quot;autoplay_speed&quot;:5000,&quot;infinite&quot;:&quot;yes&quot;,&quot;effect&quot;:&quot;slide&quot;,&quot;speed&quot;:500}\" data-widget_type=\"image-carousel.default\">\n\t\t\t\t\t\t\t<div class=\"elementor-image-carousel-wrapper swiper\" role=\"region\" aria-roledescription=\"carousel\" aria-label=\"Bild Karussell\" dir=\"ltr\">\n\t\t\t<div class=\"elementor-image-carousel swiper-wrapper\" aria-live=\"off\">\n\t\t\t\t\t\t\t\t<div class=\"swiper-slide\" role=\"group\" aria-roledescription=\"slide\" aria-label=\"1 von 7\" data-no-translation-aria-label=\"\"><figure class=\"swiper-slide-inner\"><img decoding=\"async\" class=\"swiper-slide-image\" src=\"https:\/\/elineboringmachine.com\/wp-content\/uploads\/2023\/01\/mff350-manual-flange-facing-machine-with-balance.jpg\" alt=\"mff350 manuelle Flanschfr\u00e4smaschine mit Unwucht\" title=\"\"><\/figure><\/div><div class=\"swiper-slide\" role=\"group\" aria-roledescription=\"slide\" aria-label=\"2 von 7\" data-no-translation-aria-label=\"\"><figure class=\"swiper-slide-inner\"><img decoding=\"async\" class=\"swiper-slide-image\" src=\"https:\/\/elineboringmachine.com\/wp-content\/uploads\/2020\/04\/mff350-manual-flange-facer.png\" alt=\"mff350 manuelle Flanschfr\u00e4se\" title=\"\"><\/figure><\/div><div class=\"swiper-slide\" role=\"group\" aria-roledescription=\"slide\" aria-label=\"3 von 7\" data-no-translation-aria-label=\"\"><figure class=\"swiper-slide-inner\"><img decoding=\"async\" class=\"swiper-slide-image\" src=\"https:\/\/elineboringmachine.com\/wp-content\/uploads\/2022\/06\/MFF350-manual-flange-facer-on-site.webp\" alt=\"Manueller Flanschfr\u00e4ser vor Ort MFF350\" title=\"\"><\/figure><\/div><div class=\"swiper-slide\" role=\"group\" aria-roledescription=\"slide\" aria-label=\"4 von 7\" data-no-translation-aria-label=\"\"><figure class=\"swiper-slide-inner\"><img decoding=\"async\" class=\"swiper-slide-image\" src=\"https:\/\/elineboringmachine.com\/wp-content\/uploads\/2022\/08\/MFF350-hand-power-flange-facing-machine-1024x768.jpg\" alt=\"MFF350 Hand-Flanschfr\u00e4smaschine\" title=\"\"><\/figure><\/div><div class=\"swiper-slide\" role=\"group\" aria-roledescription=\"slide\" aria-label=\"5 von 7\" data-no-translation-aria-label=\"\"><figure class=\"swiper-slide-inner\"><img decoding=\"async\" class=\"swiper-slide-image\" src=\"https:\/\/elineboringmachine.com\/wp-content\/uploads\/2022\/08\/mff350-repair-flange-face.webp\" alt=\"mff350 Reparaturflanschfl\u00e4che\" title=\"\"><\/figure><\/div><div class=\"swiper-slide\" role=\"group\" aria-roledescription=\"slide\" aria-label=\"6 von 7\" data-no-translation-aria-label=\"\"><figure class=\"swiper-slide-inner\"><img decoding=\"async\" class=\"swiper-slide-image\" src=\"https:\/\/elineboringmachine.com\/wp-content\/uploads\/2022\/08\/mff350-flange-facer-in-box.webp\" alt=\"MFF350 Flanschfr\u00e4ser im Karton\" title=\"\"><\/figure><\/div><div class=\"swiper-slide\" role=\"group\" aria-roledescription=\"slide\" aria-label=\"7 von 7\" data-no-translation-aria-label=\"\"><figure class=\"swiper-slide-inner\"><img decoding=\"async\" class=\"swiper-slide-image\" src=\"https:\/\/elineboringmachine.com\/wp-content\/uploads\/2022\/08\/mff350-part-list.webp\" alt=\"Teileliste f\u00fcr die manuelle Flanschfr\u00e4se MFF350\" title=\"\"><\/figure><\/div>\t\t\t<\/div>\n\t\t\t\t\t\t\t\t\t\t\t\t<div class=\"elementor-swiper-button elementor-swiper-button-prev\" role=\"button\" tabindex=\"0\">\n\t\t\t\t\t\t<svg aria-hidden=\"true\" class=\"e-font-icon-svg e-eicon-chevron-left\" viewbox=\"0 0 1000 1000\" xmlns=\"http:\/\/www.w3.org\/2000\/svg\"><path d=\"M646 125C629 125 613 133 604 142L308 442C296 454 292 471 292 487 292 504 296 521 308 533L604 854C617 867 629 875 646 875 663 875 679 871 692 858 704 846 713 829 713 812 713 796 708 779 692 767L438 487 692 225C700 217 708 204 708 187 708 171 704 154 692 142 675 129 663 125 646 125Z\"><\/path><\/svg>\t\t\t\t\t<\/div>\n\t\t\t\t\t<div class=\"elementor-swiper-button elementor-swiper-button-next\" role=\"button\" tabindex=\"0\">\n\t\t\t\t\t\t<svg aria-hidden=\"true\" class=\"e-font-icon-svg e-eicon-chevron-right\" viewbox=\"0 0 1000 1000\" xmlns=\"http:\/\/www.w3.org\/2000\/svg\"><path d=\"M696 533C708 521 713 504 713 487 713 471 708 454 696 446L400 146C388 133 375 125 354 125 338 125 325 129 313 142 300 154 292 171 292 187 292 204 296 221 308 233L563 492 304 771C292 783 288 800 288 817 288 833 296 850 308 863 321 871 338 875 354 875 371 875 388 867 400 854L696 533Z\"><\/path><\/svg>\t\t\t\t\t<\/div>\n\t\t\t\t\n\t\t\t\t\t\t\t\t\t<div class=\"swiper-pagination\"><\/div>\n\t\t\t\t\t\t\t\t\t<\/div>\n\t\t\t\t\t\t<\/div>\n\t\t<div class=\"elementor-element elementor-element-00b0aed e-con-full e-flex e-con e-parent\" data-id=\"00b0aed\" data-element_type=\"container\">\n\t\t\t\t<div class=\"elementor-element elementor-element-0213314 elementor-widget elementor-widget-heading\" data-id=\"0213314\" data-element_type=\"widget\" data-widget_type=\"heading.default\">\n\t\t\t\t\t<h2 class=\"elementor-heading-title elementor-size-default\">MFF350 Manuelle Flanschfr\u00e4smaschine<\/h2>\t\t\t\t<\/div>\n\t\t\t\t<div class=\"elementor-element elementor-element-888be11 elementor-widget elementor-widget-text-editor\" data-id=\"888be11\" data-element_type=\"widget\" data-widget_type=\"text-editor.default\">\n\t\t\t\t\t\t\t\t\t<p>Der manuelle Flanschfr\u00e4ser MFF350 ist ein vielseitiges und tragbares Werkzeug f\u00fcr Reparaturen und Wartungen vor Ort. Der Flanschfr\u00e4ser wird manuell angetrieben, sodass keine Elektromotoren oder andere Antriebsquellen erforderlich sind. Dadurch eignet er sich ideal f\u00fcr den Einsatz an abgelegenen Orten, an denen keine Stromversorgung verf\u00fcgbar ist.<\/p><p>Mit einem Planscheibendurchmesser von 27,2\u2013355,6 mm (1,07\u201314 Zoll) eignet sich die MFF350 f\u00fcr eine Vielzahl von Flanschgr\u00f6\u00dfen. Der Innenspannbereich von 27,2\u2013270 mm (1,07\u201310,63 Zoll) erm\u00f6glicht dem Anwender pr\u00e4zise und pr\u00e4zise Planscheiben.<\/p><p>Die manuelle Bedienung des MFF350 gibt dem Anwender die volle Kontrolle \u00fcber den Planbearbeitungsprozess. Dies macht ihn zum idealen Werkzeug f\u00fcr Situationen, in denen Genauigkeit und Pr\u00e4zision entscheidend sind. Das kompakte und tragbare Design des MFF350 erleichtert den Transport und die Lagerung und macht ihn zu einem unverzichtbaren Werkzeug f\u00fcr jedes Wartungsteam.<\/p><p>Zusammenfassend l\u00e4sst sich sagen, dass der manuelle Flanschfr\u00e4ser MFF350 ein hochwertiges, langlebiges Werkzeug ist, das eine kosteng\u00fcnstige L\u00f6sung f\u00fcr Reparaturen und Wartungen vor Ort bietet. Seine Vielseitigkeit, Pr\u00e4zision und Tragbarkeit machen ihn zu einer wertvollen Erg\u00e4nzung f\u00fcr jedes Wartungswerkzeug.<\/p>\t\t\t\t\t\t\t\t<\/div>\n\t\t\t\t<div class=\"elementor-element elementor-element-edb96ec elementor-align-justify elementor-widget elementor-widget-button\" data-id=\"edb96ec\" data-element_type=\"widget\" data-widget_type=\"button.default\">\n\t\t\t\t\t\t\t\t\t\t<a class=\"elementor-button elementor-button-link elementor-size-md\" href=\"\/de\/contact\/?request-a-quote=mff350-manaul-flange-facer\">\n\t\t\t\t\t\t<span class=\"elementor-button-content-wrapper\">\n\t\t\t\t\t\t<span class=\"elementor-button-icon\">\n\t\t\t\t<svg aria-hidden=\"true\" class=\"e-font-icon-svg e-fas-chevron-circle-right\" viewbox=\"0 0 512 512\" xmlns=\"http:\/\/www.w3.org\/2000\/svg\"><path d=\"M256 8c137 0 248 111 248 248S393 504 256 504 8 393 8 256 119 8 256 8zm113.9 231L234.4 103.5c-9.4-9.4-24.6-9.4-33.9 0l-17 17c-9.4 9.4-9.4 24.6 0 33.9L285.1 256 183.5 357.6c-9.4 9.4-9.4 24.6 0 33.9l17 17c9.4 9.4 24.6 9.4 33.9 0L369.9 273c9.4-9.4 9.4-24.6 0-34z\"><\/path><\/svg>\t\t\t<\/span>\n\t\t\t\t\t\t\t\t\t<span class=\"elementor-button-text\">Fordern Sie ein Angebot an<\/span>\n\t\t\t\t\t<\/span>\n\t\t\t\t\t<\/a>\n\t\t\t\t\t\t\t\t<\/div>\n\t\t\t\t<\/div>\n\t\t<div class=\"elementor-element elementor-element-21eeca8 e-con-full e-flex e-con e-parent\" data-id=\"21eeca8\" data-element_type=\"container\">\n\t\t\t\t<div class=\"elementor-element elementor-element-da4b8e2 elementor-widget-divider--view-line elementor-widget elementor-widget-divider\" data-id=\"da4b8e2\" data-element_type=\"widget\" data-widget_type=\"divider.default\">\n\t\t\t\t\t\t\t<div class=\"elementor-divider\">\n\t\t\t<span class=\"elementor-divider-separator\">\n\t\t\t\t\t\t<\/span>\n\t\t<\/div>\n\t\t\t\t\t\t<\/div>\n\t\t\t\t<\/div>\n\t\t\t\t<\/div>\n\t\t<div class=\"elementor-element elementor-element-dfafca5 e-con-full e-flex e-con e-parent\" data-id=\"dfafca5\" data-element_type=\"container\">\n\t\t\t\t<div class=\"elementor-element elementor-element-eefa592 elementor-tabs-alignment-stretch elementor-tabs-view-horizontal elementor-widget elementor-widget-tabs\" data-id=\"eefa592\" data-element_type=\"widget\" data-widget_type=\"tabs.default\">\n\t\t\t\t\t\t\t<div class=\"elementor-tabs\">\n\t\t\t<div class=\"elementor-tabs-wrapper\" role=\"tablist\" >\n\t\t\t\t\t\t\t\t\t<div id=\"elementor-tab-title-2501\" class=\"elementor-tab-title elementor-tab-desktop-title\" aria-selected=\"true\" data-tab=\"1\" role=\"tab\" tabindex=\"0\" aria-controls=\"elementor-tab-content-2501\" aria-expanded=\"false\">Spezifikation<\/div>\n\t\t\t\t\t\t\t\t\t<div id=\"elementor-tab-title-2502\" class=\"elementor-tab-title elementor-tab-desktop-title\" aria-selected=\"false\" data-tab=\"2\" role=\"tab\" tabindex=\"-1\" aria-controls=\"elementor-tab-content-2502\" aria-expanded=\"false\">Produktvorteile<\/div>\n\t\t\t\t\t\t\t\t\t<div id=\"elementor-tab-title-2503\" class=\"elementor-tab-title elementor-tab-desktop-title\" aria-selected=\"false\" data-tab=\"3\" role=\"tab\" tabindex=\"-1\" aria-controls=\"elementor-tab-content-2503\" aria-expanded=\"false\">Datenblatt herunterladen<\/div>\n\t\t\t\t\t\t\t\t\t<div id=\"elementor-tab-title-2504\" class=\"elementor-tab-title elementor-tab-desktop-title\" aria-selected=\"false\" data-tab=\"4\" role=\"tab\" tabindex=\"-1\" aria-controls=\"elementor-tab-content-2504\" aria-expanded=\"false\">Videos<\/div>\n\t\t\t\t\t\t\t<\/div>\n\t\t\t<div class=\"elementor-tabs-content-wrapper\" role=\"tablist\" aria-orientation=\"vertical\">\n\t\t\t\t\t\t\t\t\t<div class=\"elementor-tab-title elementor-tab-mobile-title\" aria-selected=\"true\" data-tab=\"1\" role=\"tab\" tabindex=\"0\" aria-controls=\"elementor-tab-content-2501\" aria-expanded=\"false\">Spezifikation<\/div>\n\t\t\t\t\t<div id=\"elementor-tab-content-2501\" class=\"elementor-tab-content elementor-clearfix\" data-tab=\"1\" role=\"tabpanel\" aria-labelledby=\"elementor-tab-title-2501\" tabindex=\"0\" hidden=\"false\"><table>\n<tbody>\n<tr>\n<td><strong>SPEZIFIKATIONEN<\/strong><\/td>\n<td><\/td>\n<td><strong>ZOLL<\/strong><\/td>\n<td><strong>METRISCH<\/strong><\/td>\n<\/tr>\n<tr>\n<td><strong>Planscheibendurchmesser<\/strong><\/td>\n<td><\/td>\n<td>1,07 \u2013 14 Zoll.<\/td>\n<td>27,2-355,6 mm<\/td>\n<\/tr>\n<tr>\n<td><strong>Innendurchmesser Montagedurchmesser<\/strong><\/td>\n<td><\/td>\n<td>1,07 \u2013 10,63 Zoll.<\/td>\n<td>27,2 \u2013 270 mm<\/td>\n<\/tr>\n<tr>\n<td rowspan=\"2\"><strong>Plandrehvorschub<\/strong><\/td>\n<td>Feines Finish<\/td>\n<td>0,005 Zoll\/U<\/td>\n<td>0,125 mm\/U<\/td>\n<\/tr>\n<tr><td>ASME B16.5<\/td>\n<td>0,02 Zoll\/U<\/td>\n<td>0,5 mm\/U<\/td><\/tr>\n<tr>\n<td><strong>Werkzeughalter (vertikal)<\/strong><\/td>\n<td><\/td>\n<td>1,57 Zoll.<\/td>\n<td>40 mm<\/td>\n<\/tr>\n<tr>\n<td><strong>Schwenkdurchmesser<\/strong><\/td>\n<td><\/td>\n<td>19,5-22,9 Zoll.<\/td>\n<td>495-582 mm<\/td>\n<\/tr>\n<tr>\n<td><strong>Energieoption<\/strong><\/td>\n<td><\/td>\n<td>Handbuch<\/td>\n<td>Handkraft<\/td>\n<\/tr>\n<tr>\n<td><strong>Arbeitsgewicht<\/strong><\/td>\n<td><\/td>\n<td>9 kg<\/td>\n<td><\/td>\n<\/tr>\n<tr>\n<td><strong>Versandgewicht<\/strong><\/td>\n<td><\/td>\n<td>29 kg<\/td>\n<td><\/td>\n<\/tr>\n<\/tbody>\n<\/table><\/div>\n\t\t\t\t\t\t\t\t\t<div class=\"elementor-tab-title elementor-tab-mobile-title\" aria-selected=\"false\" data-tab=\"2\" role=\"tab\" tabindex=\"-1\" aria-controls=\"elementor-tab-content-2502\" aria-expanded=\"false\">Produktvorteile<\/div>\n\t\t\t\t\t<div id=\"elementor-tab-content-2502\" class=\"elementor-tab-content elementor-clearfix\" data-tab=\"2\" role=\"tabpanel\" aria-labelledby=\"elementor-tab-title-2502\" tabindex=\"0\" hidden=\"hidden\"><ol><li>Manuell betrieben, keine elektrischen, hydraulischen oder Luftleitungen erforderlich.<\/li><li>Der sanfte Schwenkvorgang erzeugt ein absolut pr\u00e4zises phonografisches Finish.<\/li><li>L\u00e4sst sich in Sekundenschnelle pr\u00e4zise an der Flanschinnenseite montieren.<\/li><li>Vorsch\u00fcbe sind sowohl f\u00fcr glatte als auch f\u00fcr Rohlingoberfl\u00e4chen gem\u00e4\u00df ASME B-16.5-Standards verf\u00fcgbar.<\/li><li>Hergestellt aus hochfesten, pr\u00e4zisionsgefertigten Materialien.<\/li><li>Stabiler Aufbewahrungs-\/Transportkoffer zur Aufbewahrung aller Komponenten.<\/li><li>Leistungsstarke Hardware, die die Einrichtung beschleunigt.<\/li><li>Das Kit wird gebrauchsfertig geliefert.<\/li><\/ol><\/div>\n\t\t\t\t\t\t\t\t\t<div class=\"elementor-tab-title elementor-tab-mobile-title\" aria-selected=\"false\" data-tab=\"3\" role=\"tab\" tabindex=\"-1\" aria-controls=\"elementor-tab-content-2503\" aria-expanded=\"false\">Datenblatt herunterladen<\/div>\n\t\t\t\t\t<div id=\"elementor-tab-content-2503\" class=\"elementor-tab-content elementor-clearfix\" data-tab=\"3\" role=\"tabpanel\" aria-labelledby=\"elementor-tab-title-2503\" tabindex=\"0\" hidden=\"hidden\"><object style=\"width: 100%; height: 700px;\" data=\"https:\/\/elineboringmachine.com\/wp-content\/uploads\/2023\/04\/MFF350-Portable-Manual-Flange-Facer.pdf\" type=\"application\/pdf\" width=\"300\" height=\"150\"><\/object><\/div>\n\t\t\t\t\t\t\t\t\t<div class=\"elementor-tab-title elementor-tab-mobile-title\" aria-selected=\"false\" data-tab=\"4\" role=\"tab\" tabindex=\"-1\" aria-controls=\"elementor-tab-content-2504\" aria-expanded=\"false\">Videos<\/div>\n\t\t\t\t\t<div id=\"elementor-tab-content-2504\" class=\"elementor-tab-content elementor-clearfix\" data-tab=\"4\" role=\"tabpanel\" aria-labelledby=\"elementor-tab-title-2504\" tabindex=\"0\" hidden=\"hidden\"><table class=\"responsive-table\">\n<tbody>\n<tr>\n<td><iframe title=\"YouTube-Videoplayer\" src=\"https:\/\/www.youtube.com\/embed\/fblA4cDTw98\" width=\"560\" height=\"315\" frameborder=\"0\" allowfullscreen=\"allowfullscreen\"><\/iframe><\/td>\n<td><iframe title=\"YouTube-Videoplayer\" src=\"https:\/\/www.youtube.com\/embed\/c1xewXnT1NA\" width=\"560\" height=\"315\" frameborder=\"0\" allowfullscreen=\"allowfullscreen\"><\/iframe><\/td>\n<td><iframe width=\"560\" height=\"315\" src=\"https:\/\/www.youtube.com\/embed\/ekty-5qVUXs\" title=\"YouTube-Videoplayer\" frameborder=\"0\" allow=\"accelerometer; autoplay; clipboard-write; encrypted-media; gyroscope; picture-in-picture\" allowfullscreen><\/iframe><\/td>\n<\/tr>\n<\/tbody>\n<\/table><\/div>\n\t\t\t\t\t\t\t<\/div>\n\t\t<\/div>\n\t\t\t\t\t\t<\/div>\n\t\t\t\t<div class=\"elementor-element elementor-element-1f45065 elementor-align-justify elementor-widget elementor-widget-button\" data-id=\"1f45065\" data-element_type=\"widget\" data-widget_type=\"button.default\">\n\t\t\t\t\t\t\t\t\t\t<a class=\"elementor-button elementor-button-link elementor-size-lg\" href=\"https:\/\/elineboringmachine.com\/de\/category\/flange-facers\/\" target=\"_blank\">\n\t\t\t\t\t\t<span class=\"elementor-button-content-wrapper\">\n\t\t\t\t\t\t\t\t\t<span class=\"elementor-button-text\">Tragbare Flanschfr\u00e4smaschinen<\/span>\n\t\t\t\t\t<\/span>\n\t\t\t\t\t<\/a>\n\t\t\t\t\t\t\t\t<\/div>\n\t\t\t\t<div class=\"elementor-element elementor-element-266bb7a elementor-posts__hover-none elementor-grid-tablet-1 elementor-grid-3 elementor-grid-mobile-1 elementor-posts--thumbnail-top elementor-card-shadow-yes elementor-widget elementor-widget-posts\" data-id=\"266bb7a\" data-element_type=\"widget\" data-settings=\"{&quot;cards_columns_tablet&quot;:&quot;1&quot;,&quot;cards_columns&quot;:&quot;3&quot;,&quot;cards_columns_mobile&quot;:&quot;1&quot;,&quot;cards_row_gap&quot;:{&quot;unit&quot;:&quot;px&quot;,&quot;size&quot;:35,&quot;sizes&quot;:[]},&quot;cards_row_gap_tablet&quot;:{&quot;unit&quot;:&quot;px&quot;,&quot;size&quot;:&quot;&quot;,&quot;sizes&quot;:[]},&quot;cards_row_gap_mobile&quot;:{&quot;unit&quot;:&quot;px&quot;,&quot;size&quot;:&quot;&quot;,&quot;sizes&quot;:[]}}\" data-widget_type=\"posts.cards\">\n\t\t\t\t<div class=\"elementor-widget-container\">\n\t\t\t\t\t\t\t<div class=\"elementor-posts-container elementor-posts elementor-posts--skin-cards elementor-grid\">\n\t\t\t\t<article class=\"elementor-post elementor-grid-item post-451057 post type-post status-publish format-standard has-post-thumbnail hentry category-flange-facers\">\n\t\t\t<div class=\"elementor-post__card\">\n\t\t\t\t<a class=\"elementor-post__thumbnail__link\" href=\"https:\/\/elineboringmachine.com\/de\/revolutionize-your-flange-facing-with-the-ezlink-eff1000-flange-facer\/\" tabindex=\"-1\" ><div class=\"elementor-post__thumbnail\"><img fetchpriority=\"high\" decoding=\"async\" width=\"768\" height=\"576\" src=\"https:\/\/elineboringmachine.com\/wp-content\/uploads\/2022\/08\/EFF1000-Flange-Facer-768x576.webp\" class=\"attachment-medium_large size-medium_large wp-image-3131\" alt=\"EFF1000 Flanschfr\u00e4smaschine\" srcset=\"https:\/\/elineboringmachine.com\/wp-content\/uploads\/2022\/08\/EFF1000-Flange-Facer-768x576.webp 768w, https:\/\/elineboringmachine.com\/wp-content\/uploads\/2022\/08\/EFF1000-Flange-Facer-300x225.webp 300w, https:\/\/elineboringmachine.com\/wp-content\/uploads\/2022\/08\/EFF1000-Flange-Facer-16x12.webp 16w, https:\/\/elineboringmachine.com\/wp-content\/uploads\/2022\/08\/EFF1000-Flange-Facer.webp 1024w\" sizes=\"(max-width: 768px) 100vw, 768px\" title=\"\"><\/div><\/a>\n\t\t\t\t<div class=\"elementor-post__text\">\n\t\t\t\t<h3 class=\"elementor-post__title\">\n\t\t\t<a href=\"https:\/\/elineboringmachine.com\/de\/revolutionize-your-flange-facing-with-the-ezlink-eff1000-flange-facer\/\" >\n\t\t\t\tRevolutionieren Sie Ihre Flanschbearbeitung mit dem EZLINK Eff1000 Flanschfr\u00e4ser\t\t\t<\/a>\n\t\t<\/h3>\n\t\t\t\t<div class=\"elementor-post__excerpt\">\n\t\t\t<p>Der zeit- und kostenintensive Flanschwechsel ist f\u00fcr Sie ein Problem? Suchen Sie nach einer effizienteren und kosteng\u00fcnstigeren L\u00f6sung f\u00fcr die Wartung Ihrer Flansche? Dann sind Sie mit dem EZLINK Eff1000 Flanschfr\u00e4ser genau richtig.<\/p>\n\t\t<\/div>\n\t\t\n\t\t<a class=\"elementor-post__read-more\" href=\"https:\/\/elineboringmachine.com\/de\/revolutionize-your-flange-facing-with-the-ezlink-eff1000-flange-facer\/\" aria-label=\"Lesen Sie mehr \u00fcber die Revolutionierung Ihrer Flanschbearbeitung mit dem EZLINK Eff1000 Flanschbearbeitungsger\u00e4t\" tabindex=\"-1\" >\n\t\t\tMehr lesen &quot;\t\t<\/a>\n\n\t\t\t\t<\/div>\n\t\t\t\t<div class=\"elementor-post__meta-data\">\n\t\t\t\t\t<span class=\"elementor-post-author\">\n\t\t\tElinebohrmaschine\t\t<\/span>\n\t\t\t\t<span class=\"elementor-post-date\">\n\t\t\t4. Februar 2023\t\t<\/span>\n\t\t\t\t<\/div>\n\t\t\t\t\t<\/div>\n\t\t<\/article>\n\t\t\t\t<article class=\"elementor-post elementor-grid-item post-451090 post type-post status-publish format-standard has-post-thumbnail hentry category-flange-facers tag-reface-flange-sureface tag-repaire-flange-face\">\n\t\t\t<div class=\"elementor-post__card\">\n\t\t\t\t<a class=\"elementor-post__thumbnail__link\" href=\"https:\/\/elineboringmachine.com\/de\/understanding-the-flange-facing-process-a-guide\/\" tabindex=\"-1\" ><div class=\"elementor-post__thumbnail\"><img decoding=\"async\" width=\"768\" height=\"576\" src=\"https:\/\/elineboringmachine.com\/wp-content\/uploads\/2023\/01\/EFF1500-Flange-Facer-BASE-768x576.webp\" class=\"attachment-medium_large size-medium_large wp-image-5937\" alt=\"Flanschplandrehmaschinen f\u00fcr Innenmontage\" srcset=\"https:\/\/elineboringmachine.com\/wp-content\/uploads\/2023\/01\/EFF1500-Flange-Facer-BASE-768x576.webp 768w, https:\/\/elineboringmachine.com\/wp-content\/uploads\/2023\/01\/EFF1500-Flange-Facer-BASE-300x225.webp 300w, https:\/\/elineboringmachine.com\/wp-content\/uploads\/2023\/01\/EFF1500-Flange-Facer-BASE-16x12.webp 16w, https:\/\/elineboringmachine.com\/wp-content\/uploads\/2023\/01\/EFF1500-Flange-Facer-BASE.webp 1024w\" sizes=\"(max-width: 768px) 100vw, 768px\" title=\"\"><\/div><\/a>\n\t\t\t\t<div class=\"elementor-post__text\">\n\t\t\t\t<h3 class=\"elementor-post__title\">\n\t\t\t<a href=\"https:\/\/elineboringmachine.com\/de\/understanding-the-flange-facing-process-a-guide\/\" >\n\t\t\t\tDen Flanschfl\u00e4chenprozess verstehen: Ein Leitfaden\t\t\t<\/a>\n\t\t<\/h3>\n\t\t\t\t<div class=\"elementor-post__excerpt\">\n\t\t\t<p>Das Planfr\u00e4sen von Flanschen ist ein wichtiger Prozess bei der Wartung und Reparatur von Rohrleitungen, Ventilen und anderen Ger\u00e4ten mit Flanschverbindungen. Bei diesem Verfahren wird die Oberfl\u00e4che eines Flansches bearbeitet, um eine glatte, ebene und parallele Oberfl\u00e4che zu erzielen, die eine dichte und leckagefreie Abdichtung zwischen zwei verbundenen Komponenten gew\u00e4hrleistet.<\/p>\n\t\t<\/div>\n\t\t\n\t\t<a class=\"elementor-post__read-more\" href=\"https:\/\/elineboringmachine.com\/de\/understanding-the-flange-facing-process-a-guide\/\" aria-label=\"Lesen Sie mehr \u00fcber \u201eDen Flanschfl\u00e4chenprozess verstehen: Ein Leitfaden\u201c\" tabindex=\"-1\" >\n\t\t\tMehr lesen &quot;\t\t<\/a>\n\n\t\t\t\t<\/div>\n\t\t\t\t<div class=\"elementor-post__meta-data\">\n\t\t\t\t\t<span class=\"elementor-post-author\">\n\t\t\tElinebohrmaschine\t\t<\/span>\n\t\t\t\t<span class=\"elementor-post-date\">\n\t\t\t4. Februar 2023\t\t<\/span>\n\t\t\t\t<\/div>\n\t\t\t\t\t<\/div>\n\t\t<\/article>\n\t\t\t\t<article class=\"elementor-post elementor-grid-item post-16 post type-post status-publish format-standard has-post-thumbnail hentry category-flange-facers tag-flange-facer tag-flange-facing-machine tag-rtj-flange-remachine\">\n\t\t\t<div class=\"elementor-post__card\">\n\t\t\t\t<a class=\"elementor-post__thumbnail__link\" href=\"https:\/\/elineboringmachine.com\/de\/mff350-flange-facer\/\" tabindex=\"-1\" ><div class=\"elementor-post__thumbnail\"><img decoding=\"async\" width=\"768\" height=\"451\" src=\"https:\/\/elineboringmachine.com\/wp-content\/uploads\/2020\/04\/mff350-manual-flange-facer-768x451.png\" class=\"attachment-medium_large size-medium_large wp-image-1253\" alt=\"mff350 manuelle Flanschfr\u00e4se\" srcset=\"https:\/\/elineboringmachine.com\/wp-content\/uploads\/2020\/04\/mff350-manual-flange-facer-768x451.png 768w, https:\/\/elineboringmachine.com\/wp-content\/uploads\/2020\/04\/mff350-manual-flange-facer-300x176.png 300w, https:\/\/elineboringmachine.com\/wp-content\/uploads\/2020\/04\/mff350-manual-flange-facer.png 1024w\" sizes=\"(max-width: 768px) 100vw, 768px\" title=\"\"><\/div><\/a>\n\t\t\t\t<div class=\"elementor-post__text\">\n\t\t\t\t<h3 class=\"elementor-post__title\">\n\t\t\t<a href=\"https:\/\/elineboringmachine.com\/de\/mff350-flange-facer\/\" >\n\t\t\t\tMFF350 Flanschfr\u00e4smaschine\t\t\t<\/a>\n\t\t<\/h3>\n\t\t\t\t<div class=\"elementor-post__excerpt\">\n\t\t\t<p>Der manuelle Flanschplaner MFF350 ist eine speziell entwickelte Handmaschine zum Planen von Flanschen mit erhabener und flacher Dichtfl\u00e4che vor Ort oder in einer Fertigungs-\/Reparaturwerkstatt.<\/p>\n\t\t<\/div>\n\t\t\n\t\t<a class=\"elementor-post__read-more\" href=\"https:\/\/elineboringmachine.com\/de\/mff350-flange-facer\/\" aria-label=\"Lesen Sie mehr \u00fcber MFF350 FLANGE FACER\" tabindex=\"-1\" >\n\t\t\tMehr lesen &quot;\t\t<\/a>\n\n\t\t\t\t<\/div>\n\t\t\t\t<div class=\"elementor-post__meta-data\">\n\t\t\t\t\t<span class=\"elementor-post-author\">\n\t\t\tElinebohrmaschine\t\t<\/span>\n\t\t\t\t<span class=\"elementor-post-date\">\n\t\t\t21. Juli 2022\t\t<\/span>\n\t\t\t\t<\/div>\n\t\t\t\t\t<\/div>\n\t\t<\/article>\n\t\t\t\t<\/div>\n\t\t\n\t\t\t\t\t\t<\/div>\n\t\t\t\t<\/div>\n\t\t\t\t<\/div>\n\t\t\t\t<\/div>","protected":false},"excerpt":{"rendered":"<p>Zur\u00fcck Weiter MFF350 Manueller Flanschfr\u00e4ser Der MFF350 ist ein vielseitiges und tragbares Werkzeug f\u00fcr Reparaturen und Wartungen vor Ort. Dieser Flanschfr\u00e4ser wird manuell angetrieben, sodass keine Elektromotoren oder andere Antriebsquellen erforderlich sind. Dadurch eignet er sich ideal f\u00fcr den Einsatz an abgelegenen Orten, an denen keine Stromversorgung verf\u00fcgbar ist.\u2026&nbsp;<\/p>\n<div class=\"read-more-wrapper\"><a href=\"https:\/\/elineboringmachine.com\/de\/mff350-flange-facer\/\" class=\"button button-primary\" rel=\"bookmark\">Weiterlesen \u00bb<span class=\"screen-reader-text\">MFF350 Flanschfr\u00e4smaschine<\/span><\/a><\/div>","protected":false},"author":1,"featured_media":6373,"parent":2,"menu_order":0,"comment_status":"closed","ping_status":"closed","template":"page-templates\/template-pagebuilder-full-width.php","meta":{"neve_meta_sidebar":"","neve_meta_container":"","neve_meta_enable_content_width":"","neve_meta_content_width":0,"neve_meta_title_alignment":"","neve_meta_author_avatar":"","neve_post_elements_order":"","neve_meta_disable_header":"","neve_meta_disable_footer":"","neve_meta_disable_title":"","neve_meta_reading_time":"","footnotes":""},"class_list":["post-2804","page","type-page","status-publish","has-post-thumbnail","hentry"],"_links":{"self":[{"href":"https:\/\/elineboringmachine.com\/de\/wp-json\/wp\/v2\/pages\/2804","targetHints":{"allow":["GET"]}}],"collection":[{"href":"https:\/\/elineboringmachine.com\/de\/wp-json\/wp\/v2\/pages"}],"about":[{"href":"https:\/\/elineboringmachine.com\/de\/wp-json\/wp\/v2\/types\/page"}],"author":[{"embeddable":true,"href":"https:\/\/elineboringmachine.com\/de\/wp-json\/wp\/v2\/users\/1"}],"replies":[{"embeddable":true,"href":"https:\/\/elineboringmachine.com\/de\/wp-json\/wp\/v2\/comments?post=2804"}],"version-history":[{"count":0,"href":"https:\/\/elineboringmachine.com\/de\/wp-json\/wp\/v2\/pages\/2804\/revisions"}],"up":[{"embeddable":true,"href":"https:\/\/elineboringmachine.com\/de\/wp-json\/wp\/v2\/pages\/2"}],"wp:featuredmedia":[{"embeddable":true,"href":"https:\/\/elineboringmachine.com\/de\/wp-json\/wp\/v2\/media\/6373"}],"wp:attachment":[{"href":"https:\/\/elineboringmachine.com\/de\/wp-json\/wp\/v2\/media?parent=2804"}],"curies":[{"name":"wp","href":"https:\/\/api.w.org\/{rel}","templated":true}]}}