{"id":3543,"date":"2022-09-21T11:22:11","date_gmt":"2022-09-21T03:22:11","guid":{"rendered":"https:\/\/elineboringmachine.com\/?page_id=3543"},"modified":"2024-04-05T13:06:56","modified_gmt":"2024-04-05T05:06:56","slug":"pb8-id-mount-pipe-beveling-machine","status":"publish","type":"page","link":"https:\/\/elineboringmachine.com\/de\/products\/pipe-beveling-machines\/pb8-id-mount-pipe-beveling-machine\/","title":{"rendered":"PB8 Rohranfasmaschine mit Innenmontage"},"content":{"rendered":"<div data-elementor-type=\"wp-page\" data-elementor-id=\"3543\" class=\"elementor elementor-3543\" data-elementor-post-type=\"page\">\n\t\t\t\t<div class=\"elementor-element elementor-element-d73ee36 e-con-full e-flex e-con e-parent\" data-id=\"d73ee36\" data-element_type=\"container\">\n\t\t\t\t<div class=\"elementor-element elementor-element-30d6642 elementor-widget__width-initial elementor-arrows-position-inside elementor-pagination-position-outside elementor-widget elementor-widget-image-carousel\" data-id=\"30d6642\" data-element_type=\"widget\" data-settings=\"{&quot;slides_to_show&quot;:&quot;1&quot;,&quot;navigation&quot;:&quot;both&quot;,&quot;autoplay&quot;:&quot;yes&quot;,&quot;pause_on_hover&quot;:&quot;yes&quot;,&quot;pause_on_interaction&quot;:&quot;yes&quot;,&quot;autoplay_speed&quot;:5000,&quot;infinite&quot;:&quot;yes&quot;,&quot;effect&quot;:&quot;slide&quot;,&quot;speed&quot;:500}\" data-widget_type=\"image-carousel.default\">\n\t\t\t\t\t\t\t<div class=\"elementor-image-carousel-wrapper swiper\" role=\"region\" aria-roledescription=\"carousel\" aria-label=\"Bilderkarussell\" dir=\"ltr\">\n\t\t\t<div class=\"elementor-image-carousel swiper-wrapper\" aria-live=\"off\">\n\t\t\t\t\t\t\t\t<div class=\"swiper-slide\" role=\"group\" aria-roledescription=\"slide\" aria-label=\"1 de 5\" data-no-translation-aria-label=\"\"><figure class=\"swiper-slide-inner\"><img decoding=\"async\" class=\"swiper-slide-image\" src=\"https:\/\/elineboringmachine.com\/wp-content\/uploads\/2022\/09\/PB8-Pipe-Beveling-Machine-Pneumatic-Power-768x591.webp\" alt=\"PB8 Rohranfasmaschine Pneumatische Kraft\" title=\"\"><\/figure><\/div><div class=\"swiper-slide\" role=\"group\" aria-roledescription=\"slide\" aria-label=\"2 de 5\" data-no-translation-aria-label=\"\"><figure class=\"swiper-slide-inner\"><img decoding=\"async\" class=\"swiper-slide-image\" src=\"https:\/\/elineboringmachine.com\/wp-content\/uploads\/2022\/09\/PB8-Pipe-Beveling-Machine-pneumatic-768x591.webp\" alt=\"PB8 Rohranfasmaschine pneumatisch\" title=\"\"><\/figure><\/div><div class=\"swiper-slide\" role=\"group\" aria-roledescription=\"slide\" aria-label=\"3 de 5\" data-no-translation-aria-label=\"\"><figure class=\"swiper-slide-inner\"><img decoding=\"async\" class=\"swiper-slide-image\" src=\"https:\/\/elineboringmachine.com\/wp-content\/uploads\/2022\/09\/PB8-Pipe-Beveling-Machine-Chinese-Motor-Power-768x591.webp\" alt=\"PB8 Rohranfasmaschine Chinesische Motorleistung\" title=\"\"><\/figure><\/div><div class=\"swiper-slide\" role=\"group\" aria-roledescription=\"slide\" aria-label=\"4 de 5\" data-no-translation-aria-label=\"\"><figure class=\"swiper-slide-inner\"><img decoding=\"async\" class=\"swiper-slide-image\" src=\"https:\/\/elineboringmachine.com\/wp-content\/uploads\/2022\/09\/PB8-Pipe-Beveling-Machine-detail-768x591.webp\" alt=\"Details zur Rohranfasmaschine PB8\" title=\"\"><\/figure><\/div><div class=\"swiper-slide\" role=\"group\" aria-roledescription=\"slide\" aria-label=\"5 de 5\" data-no-translation-aria-label=\"\"><figure class=\"swiper-slide-inner\"><img decoding=\"async\" class=\"swiper-slide-image\" src=\"https:\/\/elineboringmachine.com\/wp-content\/uploads\/2022\/08\/pb8-Pipe-Beveling-Machine-electric-1.webp\" alt=\"PB8 Rohranfasmaschinen mit Innenmontage\" title=\"\"><\/figure><\/div>\t\t\t<\/div>\n\t\t\t\t\t\t\t\t\t\t\t\t<div class=\"elementor-swiper-button elementor-swiper-button-prev\" role=\"button\" tabindex=\"0\">\n\t\t\t\t\t\t<svg aria-hidden=\"true\" class=\"e-font-icon-svg e-eicon-chevron-left\" viewbox=\"0 0 1000 1000\" xmlns=\"http:\/\/www.w3.org\/2000\/svg\"><path d=\"M646 125C629 125 613 133 604 142L308 442C296 454 292 471 292 487 292 504 296 521 308 533L604 854C617 867 629 875 646 875 663 875 679 871 692 858 704 846 713 829 713 812 713 796 708 779 692 767L438 487 692 225C700 217 708 204 708 187 708 171 704 154 692 142 675 129 663 125 646 125Z\"><\/path><\/svg>\t\t\t\t\t<\/div>\n\t\t\t\t\t<div class=\"elementor-swiper-button elementor-swiper-button-next\" role=\"button\" tabindex=\"0\">\n\t\t\t\t\t\t<svg aria-hidden=\"true\" class=\"e-font-icon-svg e-eicon-chevron-right\" viewbox=\"0 0 1000 1000\" xmlns=\"http:\/\/www.w3.org\/2000\/svg\"><path d=\"M696 533C708 521 713 504 713 487 713 471 708 454 696 446L400 146C388 133 375 125 354 125 338 125 325 129 313 142 300 154 292 171 292 187 292 204 296 221 308 233L563 492 304 771C292 783 288 800 288 817 288 833 296 850 308 863 321 871 338 875 354 875 371 875 388 867 400 854L696 533Z\"><\/path><\/svg>\t\t\t\t\t<\/div>\n\t\t\t\t\n\t\t\t\t\t\t\t\t\t<div class=\"swiper-pagination\"><\/div>\n\t\t\t\t\t\t\t\t\t<\/div>\n\t\t\t\t\t\t<\/div>\n\t\t<div class=\"elementor-element elementor-element-1191fa0 e-con-full e-flex e-con e-parent\" data-id=\"1191fa0\" data-element_type=\"container\">\n\t\t\t\t<div class=\"elementor-element elementor-element-fd01533 elementor-widget elementor-widget-heading\" data-id=\"fd01533\" data-element_type=\"widget\" data-widget_type=\"heading.default\">\n\t\t\t\t\t<h2 class=\"elementor-heading-title elementor-size-default\">PB8 Rohranfasmaschinen mit Innenmontage<\/h2>\t\t\t\t<\/div>\n\t\t\t\t<div class=\"elementor-element elementor-element-27ac479 elementor-widget elementor-widget-text-editor\" data-id=\"27ac479\" data-element_type=\"widget\" data-widget_type=\"text-editor.default\">\n\t\t\t\t\t\t\t\t\t<p>Beim Anfasen wird ein Winkel zwischen Rohrende und Rohrkante erzeugt. Das Anfasen von Rohren ist ein wichtiger Bestandteil des Schwei\u00dfprozesses. Die Qualit\u00e4t der Schwei\u00dfung h\u00e4ngt von der Qualit\u00e4t des Anfasens ab.<\/p><p><span style=\"text-align: var(--text-align); background-color: var(--nv-site-bg); color: var(--nv-text-color); font-family: var(--bodyfontfamily),var(--nv-fallback-ff); font-size: var(--bodyfontsize); font-weight: var(--bodyfontweight); letter-spacing: var(--bodyletterspacing); text-transform: var(--bodytexttransform);\">Die Rohranfasmaschinen PB8 k\u00f6nnen mit einem elektrischen 220-V- oder pneumatischen Antrieb ausgestattet werden. Die Einspannung im Rohr erfolgt \u00fcber eine selbstzentrierende Welle mit neu entwickelter Spreizstruktur. Dies sorgt f\u00fcr eine stabilere Befestigung und einen gleichm\u00e4\u00dfigeren, vibrations\u00e4rmeren Betrieb.<\/span><\/p>\t\t\t\t\t\t\t\t<\/div>\n\t\t\t\t<div class=\"elementor-element elementor-element-0d7c43a elementor-align-justify elementor-widget elementor-widget-button\" data-id=\"0d7c43a\" data-element_type=\"widget\" data-widget_type=\"button.default\">\n\t\t\t\t\t\t\t\t\t\t<a class=\"elementor-button elementor-button-link elementor-size-md\" href=\"\/de\/contact\/?request-a-quote=pb8-pipe-beveling-machine\">\n\t\t\t\t\t\t<span class=\"elementor-button-content-wrapper\">\n\t\t\t\t\t\t<span class=\"elementor-button-icon\">\n\t\t\t\t<svg aria-hidden=\"true\" class=\"e-font-icon-svg e-fas-chevron-circle-right\" viewbox=\"0 0 512 512\" xmlns=\"http:\/\/www.w3.org\/2000\/svg\"><path d=\"M256 8c137 0 248 111 248 248S393 504 256 504 8 393 8 256 119 8 256 8zm113.9 231L234.4 103.5c-9.4-9.4-24.6-9.4-33.9 0l-17 17c-9.4 9.4-9.4 24.6 0 33.9L285.1 256 183.5 357.6c-9.4 9.4-9.4 24.6 0 33.9l17 17c9.4 9.4 24.6 9.4 33.9 0L369.9 273c9.4-9.4 9.4-24.6 0-34z\"><\/path><\/svg>\t\t\t<\/span>\n\t\t\t\t\t\t\t\t\t<span class=\"elementor-button-text\">Fordern Sie ein Angebot an<\/span>\n\t\t\t\t\t<\/span>\n\t\t\t\t\t<\/a>\n\t\t\t\t\t\t\t\t<\/div>\n\t\t\t\t<\/div>\n\t\t<div class=\"elementor-element elementor-element-ad8bef0 e-con-full e-flex e-con e-parent\" data-id=\"ad8bef0\" data-element_type=\"container\">\n\t\t\t\t<div class=\"elementor-element elementor-element-19afb97 elementor-widget-divider--view-line elementor-widget elementor-widget-divider\" data-id=\"19afb97\" data-element_type=\"widget\" data-widget_type=\"divider.default\">\n\t\t\t\t\t\t\t<div class=\"elementor-divider\">\n\t\t\t<span class=\"elementor-divider-separator\">\n\t\t\t\t\t\t<\/span>\n\t\t<\/div>\n\t\t\t\t\t\t<\/div>\n\t\t\t\t<\/div>\n\t\t\t\t<\/div>\n\t\t<div class=\"elementor-element elementor-element-9f73717 e-con-full e-flex e-con e-parent\" data-id=\"9f73717\" data-element_type=\"container\">\n\t\t\t\t<div class=\"elementor-element elementor-element-7f96cab elementor-tabs-alignment-stretch elementor-tabs-view-horizontal elementor-widget elementor-widget-tabs\" data-id=\"7f96cab\" data-element_type=\"widget\" data-widget_type=\"tabs.default\">\n\t\t\t\t\t\t\t<div class=\"elementor-tabs\">\n\t\t\t<div class=\"elementor-tabs-wrapper\" role=\"tablist\" >\n\t\t\t\t\t\t\t\t\t<div id=\"elementor-tab-title-1331\" class=\"elementor-tab-title elementor-tab-desktop-title\" aria-selected=\"true\" data-tab=\"1\" role=\"tab\" tabindex=\"0\" aria-controls=\"elementor-tab-content-1331\" aria-expanded=\"false\">Spezifikation<\/div>\n\t\t\t\t\t\t\t\t\t<div id=\"elementor-tab-title-1332\" class=\"elementor-tab-title elementor-tab-desktop-title\" aria-selected=\"false\" data-tab=\"2\" role=\"tab\" tabindex=\"-1\" aria-controls=\"elementor-tab-content-1332\" aria-expanded=\"false\">Produktvorteile<\/div>\n\t\t\t\t\t\t\t\t\t<div id=\"elementor-tab-title-1333\" class=\"elementor-tab-title elementor-tab-desktop-title\" aria-selected=\"false\" data-tab=\"3\" role=\"tab\" tabindex=\"-1\" aria-controls=\"elementor-tab-content-1333\" aria-expanded=\"false\">Datenblatt herunterladen<\/div>\n\t\t\t\t\t\t\t\t\t<div id=\"elementor-tab-title-1334\" class=\"elementor-tab-title elementor-tab-desktop-title\" aria-selected=\"false\" data-tab=\"4\" role=\"tab\" tabindex=\"-1\" aria-controls=\"elementor-tab-content-1334\" aria-expanded=\"false\">Videos<\/div>\n\t\t\t\t\t\t\t<\/div>\n\t\t\t<div class=\"elementor-tabs-content-wrapper\" role=\"tablist\" aria-orientation=\"vertical\">\n\t\t\t\t\t\t\t\t\t<div class=\"elementor-tab-title elementor-tab-mobile-title\" aria-selected=\"true\" data-tab=\"1\" role=\"tab\" tabindex=\"0\" aria-controls=\"elementor-tab-content-1331\" aria-expanded=\"false\">Spezifikation<\/div>\n\t\t\t\t\t<div id=\"elementor-tab-content-1331\" class=\"elementor-tab-content elementor-clearfix\" data-tab=\"1\" role=\"tabpanel\" aria-labelledby=\"elementor-tab-title-1331\" tabindex=\"0\" hidden=\"false\"><h2>PB8 Rohranfasmaschinen mit Innenmontage<\/h2>\n<table>\n<tbody>\n<tr>\n<td><strong>SPEZIFIKATIONEN<\/strong><\/td>\n<td><\/td>\n<td><strong>ZOLL<\/strong><\/td>\n<td><strong>METRISCH<\/strong><\/td>\n<\/tr>\n<tr>\n<td><strong>Klemmbereich ID-ID<\/strong><\/td>\n<td><\/td>\n<td>2,56 \u2013 8,26 Zoll.<\/td>\n<td>65 \u2013 210 mm<\/td>\n<\/tr>\n<tr>\n<td><strong>Arbeitsbereich ID-AD<\/strong><\/td>\n<td><\/td>\n<td>2,56 \u2013 8,63 Zoll.<\/td>\n<td>65 \u2013 219,08 mm<\/td>\n<\/tr>\n<tr>\n<td><strong>Max. Wandst\u00e4rke<\/strong><\/td>\n<td><\/td>\n<td>0,79 Zoll.<\/td>\n<td>20 mm<\/td>\n<\/tr>\n<tr>\n<td><strong>Schwei\u00dfvorbereitung<\/strong><\/td>\n<td><\/td>\n<td colspan=\"2\">V-Vorbereitung, U-Vorbereitung, Ausrichtung<\/td>\n<\/tr>\n<tr>\n<td rowspan=\"2\"><strong>Rotationsgeschwindigkeit<\/strong><\/td>\n<td>Pneumatisch:<\/td>\n<td colspan=\"2\">50 U\/min<\/td>\n<\/tr>\n<tr>\n<td>Elektromotor:<\/td>\n<td colspan=\"2\">24 U\/min<\/td>\n<\/tr>\n<tr>\n<td rowspan=\"2\"><strong>Leistung<\/strong><\/td>\n<td>Pneumatisch:<\/td>\n<td>1,5 PS<\/td>\n<td>120 l\/min bei 0,6 MPa<\/td>\n<\/tr>\n<tr>\n<td>Elektromotor:<\/td>\n<td>1200 W<\/td>\n<td>220-240 V 1 PH 50\/60 Hz<\/td>\n<\/tr>\n<tr>\n<td rowspan=\"2\"><strong>Arbeitsgewicht<\/strong><\/td>\n<td colspan=\"2\">Pneumatisch:<\/td>\n<td>26 kg<\/td>\n<\/tr>\n<tr>\n<td colspan=\"2\">Elektromotor:<\/td>\n<td>28 kg<\/td>\n<\/tr>\n<tr>\n<td rowspan=\"2\"><strong>Versandgewicht<\/strong><\/td>\n<td colspan=\"2\">Pneumatisch:<\/td>\n<td>41 kg<\/td>\n<\/tr>\n<tr>\n<td colspan=\"2\">Elektromotor:<\/td>\n<td>45 kg<\/td>\n<\/tr>\n<tr>\n<td rowspan=\"2\"><strong>Verpackung:<\/strong><\/td>\n<td>Pneumatisch:<\/td>\n<td>28,9 x 12 x 13,4 Zoll.<\/td>\n<td>730x310x340 mm<\/td>\n<\/tr>\n<tr>\n<td>Elektromotor:<\/td>\n<td>32,7 x 12 x 13,4 Zoll.<\/td>\n<td>830x310x340 mm<\/td>\n<\/tr>\n<\/tbody>\n<\/table><\/div>\n\t\t\t\t\t\t\t\t\t<div class=\"elementor-tab-title elementor-tab-mobile-title\" aria-selected=\"false\" data-tab=\"2\" role=\"tab\" tabindex=\"-1\" aria-controls=\"elementor-tab-content-1332\" aria-expanded=\"false\">Produktvorteile<\/div>\n\t\t\t\t\t<div id=\"elementor-tab-content-1332\" class=\"elementor-tab-content elementor-clearfix\" data-tab=\"2\" role=\"tabpanel\" aria-labelledby=\"elementor-tab-title-1332\" tabindex=\"0\" hidden=\"hidden\"><ol>\n \t<li>Leichtes Aluminiumgeh\u00e4use und Maschinenkomponenten f\u00fcr einfachen Transport und Handhabung.<\/li>\n \t<li>Das selbstzentrierende 3-Bein-Keilsystem zentriert das Werkzeug im Rohr, um eine schnelle Einrichtung der Maschine und eine pr\u00e4zise Bearbeitung zu erm\u00f6glichen.<\/li>\n \t<li>Integriertes Keilsystem erm\u00f6glicht schnellen Wechsel der Beinverl\u00e4ngerungen.<\/li>\n \t<li>Hochfester Dorn und gro\u00dffl\u00e4chiger Spreizblock f\u00fcr einen starren und reibungslosen Betrieb.<\/li>\n \t<li>Das Design des Ratschenradgriffs erleichtert die Werkzeugzufuhr, absorbiert Drehmoment, verringert die Erm\u00fcdung des Bedieners und erh\u00f6ht die Sicherheit.<\/li>\n \t<li>pneumatischer und elektrischer Motor optional, um unterschiedliche <\/li>\n \t<li>Dank der Vielzahl an Werkzeugoptionen k\u00f6nnen Sie mit den richtigen Hartmetallwerkzeugen Fasen anfasen, Senken und V- und U-Schwei\u00dfn\u00e4hte herstellen.<\/li>\n \t<li>Am Fr\u00e4ser k\u00f6nnen drei Anfaswerkzeuge installiert werden, das Rohr kann synchron bearbeitet werden.<\/li>\n<\/ol><\/div>\n\t\t\t\t\t\t\t\t\t<div class=\"elementor-tab-title elementor-tab-mobile-title\" aria-selected=\"false\" data-tab=\"3\" role=\"tab\" tabindex=\"-1\" aria-controls=\"elementor-tab-content-1333\" aria-expanded=\"false\">Datenblatt herunterladen<\/div>\n\t\t\t\t\t<div id=\"elementor-tab-content-1333\" class=\"elementor-tab-content elementor-clearfix\" data-tab=\"3\" role=\"tabpanel\" aria-labelledby=\"elementor-tab-title-1333\" tabindex=\"0\" hidden=\"hidden\"><object style=\"width:100% ; height:700px;\"\ndata=\"https:\/\/elineboringmachine.com\/wp-content\/uploads\/2023\/01\/PB8-Pipe-Beveling-Machine.pdf\" type=\"application\/pdf\" ><\/object><\/div>\n\t\t\t\t\t\t\t\t\t<div class=\"elementor-tab-title elementor-tab-mobile-title\" aria-selected=\"false\" data-tab=\"4\" role=\"tab\" tabindex=\"-1\" aria-controls=\"elementor-tab-content-1334\" aria-expanded=\"false\">Videos<\/div>\n\t\t\t\t\t<div id=\"elementor-tab-content-1334\" class=\"elementor-tab-content elementor-clearfix\" data-tab=\"4\" role=\"tabpanel\" aria-labelledby=\"elementor-tab-title-1334\" tabindex=\"0\" hidden=\"hidden\"><table class=\"responsive-table\">\n<tbody>\n<tr>\n<td><iframe title=\"YouTube-Videoplayer\" src=\"https:\/\/www.youtube.com\/embed\/Wva2Rlkw2z0\" width=\"560\" height=\"315\" frameborder=\"0\" allowfullscreen=\"allowfullscreen\"><\/iframe><\/td>\n<td><iframe title=\"YouTube-Videoplayer\" src=\"https:\/\/www.youtube.com\/embed\/JWjmnLQ5qHU\" width=\"560\" height=\"315\" frameborder=\"0\" allowfullscreen=\"allowfullscreen\"><\/iframe><\/td>\n<td><iframe title=\"YouTube-Videoplayer\" src=\"https:\/\/www.youtube.com\/embed\/YfRfz8Ylx_g\" width=\"560\" height=\"315\" frameborder=\"0\" allowfullscreen=\"allowfullscreen\"><\/iframe><\/td>\n\n<\/tr>\n<\/tbody>\n<\/table><\/div>\n\t\t\t\t\t\t\t<\/div>\n\t\t<\/div>\n\t\t\t\t\t\t<\/div>\n\t\t\t\t<div class=\"elementor-element elementor-element-ad42989 elementor-align-justify elementor-widget elementor-widget-button\" data-id=\"ad42989\" data-element_type=\"widget\" data-widget_type=\"button.default\">\n\t\t\t\t\t\t\t\t\t\t<a class=\"elementor-button elementor-button-link elementor-size-lg\" href=\"https:\/\/elineboringmachine.com\/de\/category\/flange-facers\/\" target=\"_blank\">\n\t\t\t\t\t\t<span class=\"elementor-button-content-wrapper\">\n\t\t\t\t\t\t\t\t\t<span class=\"elementor-button-text\">Tragbare Flanschfr\u00e4smaschinen<\/span>\n\t\t\t\t\t<\/span>\n\t\t\t\t\t<\/a>\n\t\t\t\t\t\t\t\t<\/div>\n\t\t\t\t<div class=\"elementor-element elementor-element-9f2a1e9 elementor-posts__hover-none elementor-grid-tablet-1 elementor-grid-3 elementor-grid-mobile-1 elementor-posts--thumbnail-top elementor-card-shadow-yes elementor-widget elementor-widget-posts\" data-id=\"9f2a1e9\" data-element_type=\"widget\" data-settings=\"{&quot;cards_columns_tablet&quot;:&quot;1&quot;,&quot;cards_columns&quot;:&quot;3&quot;,&quot;cards_columns_mobile&quot;:&quot;1&quot;,&quot;cards_row_gap&quot;:{&quot;unit&quot;:&quot;px&quot;,&quot;size&quot;:35,&quot;sizes&quot;:[]},&quot;cards_row_gap_tablet&quot;:{&quot;unit&quot;:&quot;px&quot;,&quot;size&quot;:&quot;&quot;,&quot;sizes&quot;:[]},&quot;cards_row_gap_mobile&quot;:{&quot;unit&quot;:&quot;px&quot;,&quot;size&quot;:&quot;&quot;,&quot;sizes&quot;:[]}}\" data-widget_type=\"posts.cards\">\n\t\t\t\t<div class=\"elementor-widget-container\">\n\t\t\t\t\t\t\t<div class=\"elementor-posts-container elementor-posts elementor-posts--skin-cards elementor-grid\">\n\t\t\t\t<article class=\"elementor-post elementor-grid-item post-451146 post type-post status-publish format-standard has-post-thumbnail hentry category-flange-facers\">\n\t\t\t<div class=\"elementor-post__card\">\n\t\t\t\t<a class=\"elementor-post__thumbnail__link\" href=\"https:\/\/elineboringmachine.com\/de\/mff350-manual-flange-facer-reduce-down-time\/\" tabindex=\"-1\" ><div class=\"elementor-post__thumbnail\"><img fetchpriority=\"high\" decoding=\"async\" width=\"768\" height=\"576\" src=\"https:\/\/elineboringmachine.com\/wp-content\/uploads\/2022\/08\/mff350-repair-flange-face-768x576.webp\" class=\"attachment-medium_large size-medium_large wp-image-2892\" alt=\"mff350 Reparaturflanschfl\u00e4che\" srcset=\"https:\/\/elineboringmachine.com\/wp-content\/uploads\/2022\/08\/mff350-repair-flange-face-768x576.webp 768w, https:\/\/elineboringmachine.com\/wp-content\/uploads\/2022\/08\/mff350-repair-flange-face-300x225.webp 300w, https:\/\/elineboringmachine.com\/wp-content\/uploads\/2022\/08\/mff350-repair-flange-face-16x12.webp 16w, https:\/\/elineboringmachine.com\/wp-content\/uploads\/2022\/08\/mff350-repair-flange-face.webp 800w\" sizes=\"(max-width: 768px) 100vw, 768px\" title=\"\"><\/div><\/a>\n\t\t\t\t<div class=\"elementor-post__text\">\n\t\t\t\t<h3 class=\"elementor-post__title\">\n\t\t\t<a href=\"https:\/\/elineboringmachine.com\/de\/mff350-manual-flange-facer-reduce-down-time\/\" >\n\t\t\t\tMaximierung der Effizienz mit dem manuellen Flanschfr\u00e4ser MFF350: Ein umfassender Leitfaden\t\t\t<\/a>\n\t\t<\/h3>\n\t\t\t\t<div class=\"elementor-post__excerpt\">\n\t\t\t<p>Das Plandrehen von Flanschen ist ein wesentlicher Prozess bei der Wartung und Reparatur von Rohren und anderen Industrieanlagen. Der manuelle Flanschdreher MFF350 bietet eine komfortable, effiziente und kosteng\u00fcnstige L\u00f6sung f\u00fcr Flanschdreharbeiten. Mit seinem handbetriebenen Betrieb und einem Spannbereich von 27,8 mm bis 26,9 mm ist der MFF350 f\u00fcr eine Vielzahl von Wartungs- und Reparaturanforderungen vor Ort konzipiert.<\/p>\n\t\t<\/div>\n\t\t\n\t\t<a class=\"elementor-post__read-more\" href=\"https:\/\/elineboringmachine.com\/de\/mff350-manual-flange-facer-reduce-down-time\/\" aria-label=\"Lesen Sie mehr \u00fcber die Maximierung der Effizienz mit dem manuellen Flanschfr\u00e4ser MFF350: Ein umfassender Leitfaden\" tabindex=\"-1\" >\n\t\t\tMehr lesen &quot;\t\t<\/a>\n\n\t\t\t\t<\/div>\n\t\t\t\t<div class=\"elementor-post__meta-data\">\n\t\t\t\t\t<span class=\"elementor-post-author\">\n\t\t\tElinebohrmaschine\t\t<\/span>\n\t\t\t\t<span class=\"elementor-post-date\">\n\t\t\t8. Februar 2023\t\t<\/span>\n\t\t\t\t<\/div>\n\t\t\t\t\t<\/div>\n\t\t<\/article>\n\t\t\t\t<article class=\"elementor-post elementor-grid-item post-451090 post type-post status-publish format-standard has-post-thumbnail hentry category-flange-facers tag-reface-flange-sureface tag-repaire-flange-face\">\n\t\t\t<div class=\"elementor-post__card\">\n\t\t\t\t<a class=\"elementor-post__thumbnail__link\" href=\"https:\/\/elineboringmachine.com\/de\/understanding-the-flange-facing-process-a-guide\/\" tabindex=\"-1\" ><div class=\"elementor-post__thumbnail\"><img decoding=\"async\" width=\"768\" height=\"576\" src=\"https:\/\/elineboringmachine.com\/wp-content\/uploads\/2023\/01\/EFF1500-Flange-Facer-BASE-768x576.webp\" class=\"attachment-medium_large size-medium_large wp-image-5937\" alt=\"Flanschplandrehmaschinen f\u00fcr Innenmontage\" srcset=\"https:\/\/elineboringmachine.com\/wp-content\/uploads\/2023\/01\/EFF1500-Flange-Facer-BASE-768x576.webp 768w, https:\/\/elineboringmachine.com\/wp-content\/uploads\/2023\/01\/EFF1500-Flange-Facer-BASE-300x225.webp 300w, https:\/\/elineboringmachine.com\/wp-content\/uploads\/2023\/01\/EFF1500-Flange-Facer-BASE-16x12.webp 16w, https:\/\/elineboringmachine.com\/wp-content\/uploads\/2023\/01\/EFF1500-Flange-Facer-BASE.webp 1024w\" sizes=\"(max-width: 768px) 100vw, 768px\" title=\"\"><\/div><\/a>\n\t\t\t\t<div class=\"elementor-post__text\">\n\t\t\t\t<h3 class=\"elementor-post__title\">\n\t\t\t<a href=\"https:\/\/elineboringmachine.com\/de\/understanding-the-flange-facing-process-a-guide\/\" >\n\t\t\t\tDen Flanschfl\u00e4chenprozess verstehen: Ein Leitfaden\t\t\t<\/a>\n\t\t<\/h3>\n\t\t\t\t<div class=\"elementor-post__excerpt\">\n\t\t\t<p>Das Planfr\u00e4sen von Flanschen ist ein wichtiger Prozess bei der Wartung und Reparatur von Rohrleitungen, Ventilen und anderen Ger\u00e4ten mit Flanschverbindungen. Bei diesem Verfahren wird die Oberfl\u00e4che eines Flansches bearbeitet, um eine glatte, ebene und parallele Oberfl\u00e4che zu erzielen, die eine dichte und leckagefreie Abdichtung zwischen zwei verbundenen Komponenten gew\u00e4hrleistet.<\/p>\n\t\t<\/div>\n\t\t\n\t\t<a class=\"elementor-post__read-more\" href=\"https:\/\/elineboringmachine.com\/de\/understanding-the-flange-facing-process-a-guide\/\" aria-label=\"Lesen Sie mehr \u00fcber \u201eDen Flanschfl\u00e4chenprozess verstehen: Ein Leitfaden\u201c\" tabindex=\"-1\" >\n\t\t\tMehr lesen &quot;\t\t<\/a>\n\n\t\t\t\t<\/div>\n\t\t\t\t<div class=\"elementor-post__meta-data\">\n\t\t\t\t\t<span class=\"elementor-post-author\">\n\t\t\tElinebohrmaschine\t\t<\/span>\n\t\t\t\t<span class=\"elementor-post-date\">\n\t\t\t4. Februar 2023\t\t<\/span>\n\t\t\t\t<\/div>\n\t\t\t\t\t<\/div>\n\t\t<\/article>\n\t\t\t\t<article class=\"elementor-post elementor-grid-item post-451057 post type-post status-publish format-standard has-post-thumbnail hentry category-flange-facers\">\n\t\t\t<div class=\"elementor-post__card\">\n\t\t\t\t<a class=\"elementor-post__thumbnail__link\" href=\"https:\/\/elineboringmachine.com\/de\/revolutionize-your-flange-facing-with-the-ezlink-eff1000-flange-facer\/\" tabindex=\"-1\" ><div class=\"elementor-post__thumbnail\"><img decoding=\"async\" width=\"768\" height=\"576\" src=\"https:\/\/elineboringmachine.com\/wp-content\/uploads\/2022\/08\/EFF1000-Flange-Facer-768x576.webp\" class=\"attachment-medium_large size-medium_large wp-image-3131\" alt=\"EFF1000 Flanschfr\u00e4smaschine\" srcset=\"https:\/\/elineboringmachine.com\/wp-content\/uploads\/2022\/08\/EFF1000-Flange-Facer-768x576.webp 768w, https:\/\/elineboringmachine.com\/wp-content\/uploads\/2022\/08\/EFF1000-Flange-Facer-300x225.webp 300w, https:\/\/elineboringmachine.com\/wp-content\/uploads\/2022\/08\/EFF1000-Flange-Facer-16x12.webp 16w, https:\/\/elineboringmachine.com\/wp-content\/uploads\/2022\/08\/EFF1000-Flange-Facer.webp 1024w\" sizes=\"(max-width: 768px) 100vw, 768px\" title=\"\"><\/div><\/a>\n\t\t\t\t<div class=\"elementor-post__text\">\n\t\t\t\t<h3 class=\"elementor-post__title\">\n\t\t\t<a href=\"https:\/\/elineboringmachine.com\/de\/revolutionize-your-flange-facing-with-the-ezlink-eff1000-flange-facer\/\" >\n\t\t\t\tRevolutionieren Sie Ihre Flanschbearbeitung mit dem EZLINK Eff1000 Flanschfr\u00e4ser\t\t\t<\/a>\n\t\t<\/h3>\n\t\t\t\t<div class=\"elementor-post__excerpt\">\n\t\t\t<p>Der zeit- und kostenintensive Flanschwechsel ist f\u00fcr Sie ein Problem? Suchen Sie nach einer effizienteren und kosteng\u00fcnstigeren L\u00f6sung f\u00fcr die Wartung Ihrer Flansche? Dann sind Sie mit dem EZLINK Eff1000 Flanschfr\u00e4ser genau richtig.<\/p>\n\t\t<\/div>\n\t\t\n\t\t<a class=\"elementor-post__read-more\" href=\"https:\/\/elineboringmachine.com\/de\/revolutionize-your-flange-facing-with-the-ezlink-eff1000-flange-facer\/\" aria-label=\"Lesen Sie mehr \u00fcber die Revolutionierung Ihrer Flanschbearbeitung mit dem EZLINK Eff1000 Flanschbearbeitungsger\u00e4t\" tabindex=\"-1\" >\n\t\t\tMehr lesen &quot;\t\t<\/a>\n\n\t\t\t\t<\/div>\n\t\t\t\t<div class=\"elementor-post__meta-data\">\n\t\t\t\t\t<span class=\"elementor-post-author\">\n\t\t\tElinebohrmaschine\t\t<\/span>\n\t\t\t\t<span class=\"elementor-post-date\">\n\t\t\t4. Februar 2023\t\t<\/span>\n\t\t\t\t<\/div>\n\t\t\t\t\t<\/div>\n\t\t<\/article>\n\t\t\t\t<\/div>\n\t\t\n\t\t\t\t\t\t<\/div>\n\t\t\t\t<\/div>\n\t\t\t\t<\/div>\n\t\t\t\t<\/div>","protected":false},"excerpt":{"rendered":"<p>Zur\u00fcck Weiter PB8 Rohranfasmaschinen mit Innenmontage Anfasen ist der Prozess, bei dem ein Winkel zwischen dem Ende und der Kante eines Rohrs erzeugt wird. Das Anfasen von Rohren ist ein sehr wichtiger Teil des Schwei\u00dfprozesses. Die Qualit\u00e4t der Schwei\u00dfung wird durch die Qualit\u00e4t der Anfasung beeinflusst. Die PB8 Rohranfasmaschinen k\u00f6nnen\u2026&nbsp;<\/p>\n<div class=\"read-more-wrapper\"><a href=\"https:\/\/elineboringmachine.com\/de\/revolutionize-your-flange-facing-with-the-ezlink-eff1000-flange-facer\/\" class=\"button button-primary\" rel=\"bookmark\">Weiterlesen \u00bb<span class=\"screen-reader-text\">Revolutionieren Sie Ihre Flanschbearbeitung mit dem EZLINK Eff1000 Flanschfr\u00e4ser<\/span><\/a><\/div>","protected":false},"author":1,"featured_media":6397,"parent":1833,"menu_order":0,"comment_status":"closed","ping_status":"closed","template":"page-templates\/template-pagebuilder-full-width.php","meta":{"neve_meta_sidebar":"","neve_meta_container":"","neve_meta_enable_content_width":"","neve_meta_content_width":0,"neve_meta_title_alignment":"","neve_meta_author_avatar":"","neve_post_elements_order":"","neve_meta_disable_header":"","neve_meta_disable_footer":"","neve_meta_disable_title":"","neve_meta_reading_time":"","footnotes":""},"class_list":["post-3543","page","type-page","status-publish","has-post-thumbnail","hentry"],"_links":{"self":[{"href":"https:\/\/elineboringmachine.com\/de\/wp-json\/wp\/v2\/pages\/3543","targetHints":{"allow":["GET"]}}],"collection":[{"href":"https:\/\/elineboringmachine.com\/de\/wp-json\/wp\/v2\/pages"}],"about":[{"href":"https:\/\/elineboringmachine.com\/de\/wp-json\/wp\/v2\/types\/page"}],"author":[{"embeddable":true,"href":"https:\/\/elineboringmachine.com\/de\/wp-json\/wp\/v2\/users\/1"}],"replies":[{"embeddable":true,"href":"https:\/\/elineboringmachine.com\/de\/wp-json\/wp\/v2\/comments?post=3543"}],"version-history":[{"count":0,"href":"https:\/\/elineboringmachine.com\/de\/wp-json\/wp\/v2\/pages\/3543\/revisions"}],"up":[{"embeddable":true,"href":"https:\/\/elineboringmachine.com\/de\/wp-json\/wp\/v2\/pages\/1833"}],"wp:featuredmedia":[{"embeddable":true,"href":"https:\/\/elineboringmachine.com\/de\/wp-json\/wp\/v2\/media\/6397"}],"wp:attachment":[{"href":"https:\/\/elineboringmachine.com\/de\/wp-json\/wp\/v2\/media?parent=3543"}],"curies":[{"name":"wp","href":"https:\/\/api.w.org\/{rel}","templated":true}]}}