{"id":4480,"date":"2022-12-27T11:55:46","date_gmt":"2022-12-27T03:55:46","guid":{"rendered":"https:\/\/elineboringmachine.com\/?page_id=4480"},"modified":"2024-04-05T13:07:09","modified_gmt":"2024-04-05T05:07:09","slug":"ebk70-portable-bushing-press","status":"publish","type":"page","link":"https:\/\/elineboringmachine.com\/de\/products\/portable-hydraulic-bushing-trackpin-press\/ebk70-portable-bushing-press\/","title":{"rendered":"EBK70 Tragbare Buchsenpresse"},"content":{"rendered":"<div data-elementor-type=\"wp-page\" data-elementor-id=\"4480\" class=\"elementor elementor-4480\" data-elementor-post-type=\"page\">\n\t\t\t\t<div class=\"elementor-element elementor-element-a54e014 e-con-full e-flex e-con e-parent\" data-id=\"a54e014\" data-element_type=\"container\">\n\t\t\t\t<div class=\"elementor-element elementor-element-0c049d5 elementor-widget__width-initial elementor-arrows-position-inside elementor-pagination-position-outside elementor-widget elementor-widget-image-carousel\" data-id=\"0c049d5\" data-element_type=\"widget\" data-settings=\"{&quot;slides_to_show&quot;:&quot;1&quot;,&quot;navigation&quot;:&quot;both&quot;,&quot;autoplay&quot;:&quot;yes&quot;,&quot;pause_on_hover&quot;:&quot;yes&quot;,&quot;pause_on_interaction&quot;:&quot;yes&quot;,&quot;autoplay_speed&quot;:5000,&quot;infinite&quot;:&quot;yes&quot;,&quot;effect&quot;:&quot;slide&quot;,&quot;speed&quot;:500}\" data-widget_type=\"image-carousel.default\">\n\t\t\t\t\t\t\t<div class=\"elementor-image-carousel-wrapper swiper\" role=\"region\" aria-roledescription=\"carousel\" aria-label=\"Bild Karussell\" dir=\"ltr\">\n\t\t\t<div class=\"elementor-image-carousel swiper-wrapper\" aria-live=\"off\">\n\t\t\t\t\t\t\t\t<div class=\"swiper-slide\" role=\"group\" aria-roledescription=\"slide\" aria-label=\"1 von 4\" data-no-translation-aria-label=\"\"><figure class=\"swiper-slide-inner\"><img decoding=\"async\" class=\"swiper-slide-image\" src=\"https:\/\/elineboringmachine.com\/wp-content\/uploads\/2022\/12\/bush-puller-768x474.jpg\" alt=\"Hydraulische Buchsenpresse\" title=\"\"><\/figure><\/div><div class=\"swiper-slide\" role=\"group\" aria-roledescription=\"slide\" aria-label=\"2 von 4\" data-no-translation-aria-label=\"\"><figure class=\"swiper-slide-inner\"><img decoding=\"async\" class=\"swiper-slide-image\" src=\"https:\/\/elineboringmachine.com\/wp-content\/uploads\/2022\/12\/bushing-press-kits-all-parts.webp\" alt=\"Buchsenpresss\u00e4tze alle Teile\" title=\"\"><\/figure><\/div><div class=\"swiper-slide\" role=\"group\" aria-roledescription=\"slide\" aria-label=\"3 von 4\" data-no-translation-aria-label=\"\"><figure class=\"swiper-slide-inner\"><img decoding=\"async\" class=\"swiper-slide-image\" src=\"https:\/\/elineboringmachine.com\/wp-content\/uploads\/2022\/12\/ebk70-portable-bushing-kits-hand-pump.webp\" alt=\"ebk70 tragbare Buchsens\u00e4tze Handpumpe\" title=\"\"><\/figure><\/div><div class=\"swiper-slide\" role=\"group\" aria-roledescription=\"slide\" aria-label=\"4 von 4\" data-no-translation-aria-label=\"\"><figure class=\"swiper-slide-inner\"><img decoding=\"async\" class=\"swiper-slide-image\" src=\"https:\/\/elineboringmachine.com\/wp-content\/uploads\/2022\/12\/ebk70-portable-bushing-kits-electric-pump.webp\" alt=\"ebk70 tragbare Buchsens\u00e4tze elektrische Pumpe\" title=\"\"><\/figure><\/div>\t\t\t<\/div>\n\t\t\t\t\t\t\t\t\t\t\t\t<div class=\"elementor-swiper-button elementor-swiper-button-prev\" role=\"button\" tabindex=\"0\">\n\t\t\t\t\t\t<svg aria-hidden=\"true\" class=\"e-font-icon-svg e-eicon-chevron-left\" viewbox=\"0 0 1000 1000\" xmlns=\"http:\/\/www.w3.org\/2000\/svg\"><path d=\"M646 125C629 125 613 133 604 142L308 442C296 454 292 471 292 487 292 504 296 521 308 533L604 854C617 867 629 875 646 875 663 875 679 871 692 858 704 846 713 829 713 812 713 796 708 779 692 767L438 487 692 225C700 217 708 204 708 187 708 171 704 154 692 142 675 129 663 125 646 125Z\"><\/path><\/svg>\t\t\t\t\t<\/div>\n\t\t\t\t\t<div class=\"elementor-swiper-button elementor-swiper-button-next\" role=\"button\" tabindex=\"0\">\n\t\t\t\t\t\t<svg aria-hidden=\"true\" class=\"e-font-icon-svg e-eicon-chevron-right\" viewbox=\"0 0 1000 1000\" xmlns=\"http:\/\/www.w3.org\/2000\/svg\"><path d=\"M696 533C708 521 713 504 713 487 713 471 708 454 696 446L400 146C388 133 375 125 354 125 338 125 325 129 313 142 300 154 292 171 292 187 292 204 296 221 308 233L563 492 304 771C292 783 288 800 288 817 288 833 296 850 308 863 321 871 338 875 354 875 371 875 388 867 400 854L696 533Z\"><\/path><\/svg>\t\t\t\t\t<\/div>\n\t\t\t\t\n\t\t\t\t\t\t\t\t\t<div class=\"swiper-pagination\"><\/div>\n\t\t\t\t\t\t\t\t\t<\/div>\n\t\t\t\t\t\t<\/div>\n\t\t<div class=\"elementor-element elementor-element-0f65cd1 e-con-full e-flex e-con e-parent\" data-id=\"0f65cd1\" data-element_type=\"container\">\n\t\t\t\t<div class=\"elementor-element elementor-element-1b37772 elementor-widget elementor-widget-heading\" data-id=\"1b37772\" data-element_type=\"widget\" data-widget_type=\"heading.default\">\n\t\t\t\t\t<h2 class=\"elementor-heading-title elementor-size-default\">EBK70 Tragbare hydraulische Buchsenpresse<\/h2>\t\t\t\t<\/div>\n\t\t\t\t<div class=\"elementor-element elementor-element-5d8e2e9 elementor-widget elementor-widget-text-editor\" data-id=\"5d8e2e9\" data-element_type=\"widget\" data-widget_type=\"text-editor.default\">\n\t\t\t\t\t\t\t\t\t<p>Mit dem Buchsenwerkzeugsatz EBK70 k\u00f6nnen Sie Buchsen oder Gleitlager leichter aus Presspassungslagergeh\u00e4usen in Automotoren, Getrieben und anderen Maschinen entfernen und ersetzen, ohne dass dabei Sch\u00e4den am Geh\u00e4use entstehen.<\/p><p>Mithilfe des leichten Aluminium-Hohlzylinders von ezlink mit einer Kapazit\u00e4t von 70 Tonnen und dem umfassenden Zubeh\u00f6rsatz, der in den Kits enthalten ist, kann die Ausr\u00fcstung problemlos an jedem Fahrzeug verwendet werden und bietet die folgenden wesentlichen Vorteile:<br \/>1. Sichere, einfache Freisprechbedienung<br \/>2. Bis zu 60% Zeit- und Arbeitsersparnis<br \/>3. Kann an alle Marken von Baumaschinen und Schwermaschinen angepasst werden<br \/>4. Flexibel und anpassungsf\u00e4hig<br \/>5. Verbesserte Gesundheit und Sicherheit im Vergleich zu herk\u00f6mmlichen Methoden<br \/>6. Empfohlen f\u00fcr Werkstattbesitzer, Mechaniker und Fahrzeugbesitzer<br \/>7. Geeignet f\u00fcr Reparaturen in der Werkstatt und vor Ort<\/p>\t\t\t\t\t\t\t\t<\/div>\n\t\t\t\t<div class=\"elementor-element elementor-element-6dc64c5 elementor-align-justify elementor-widget elementor-widget-button\" data-id=\"6dc64c5\" data-element_type=\"widget\" data-widget_type=\"button.default\">\n\t\t\t\t\t\t\t\t\t\t<a class=\"elementor-button elementor-button-link elementor-size-md\" href=\"\/de\/contact\/?request-a-quote=ebk70-hydraulic-bushing-press\">\n\t\t\t\t\t\t<span class=\"elementor-button-content-wrapper\">\n\t\t\t\t\t\t<span class=\"elementor-button-icon\">\n\t\t\t\t<svg aria-hidden=\"true\" class=\"e-font-icon-svg e-fas-chevron-circle-right\" viewbox=\"0 0 512 512\" xmlns=\"http:\/\/www.w3.org\/2000\/svg\"><path d=\"M256 8c137 0 248 111 248 248S393 504 256 504 8 393 8 256 119 8 256 8zm113.9 231L234.4 103.5c-9.4-9.4-24.6-9.4-33.9 0l-17 17c-9.4 9.4-9.4 24.6 0 33.9L285.1 256 183.5 357.6c-9.4 9.4-9.4 24.6 0 33.9l17 17c9.4 9.4 24.6 9.4 33.9 0L369.9 273c9.4-9.4 9.4-24.6 0-34z\"><\/path><\/svg>\t\t\t<\/span>\n\t\t\t\t\t\t\t\t\t<span class=\"elementor-button-text\">Fordern Sie ein Angebot an<\/span>\n\t\t\t\t\t<\/span>\n\t\t\t\t\t<\/a>\n\t\t\t\t\t\t\t\t<\/div>\n\t\t\t\t<\/div>\n\t\t<div class=\"elementor-element elementor-element-d8a025d e-con-full e-flex e-con e-parent\" data-id=\"d8a025d\" data-element_type=\"container\">\n\t\t\t\t<div class=\"elementor-element elementor-element-ea131eb elementor-widget-divider--view-line elementor-widget elementor-widget-divider\" data-id=\"ea131eb\" data-element_type=\"widget\" data-widget_type=\"divider.default\">\n\t\t\t\t\t\t\t<div class=\"elementor-divider\">\n\t\t\t<span class=\"elementor-divider-separator\">\n\t\t\t\t\t\t<\/span>\n\t\t<\/div>\n\t\t\t\t\t\t<\/div>\n\t\t\t\t<\/div>\n\t\t\t\t<\/div>\n\t\t<div class=\"elementor-element elementor-element-f977d08 e-con-full e-flex e-con e-parent\" data-id=\"f977d08\" data-element_type=\"container\">\n\t\t\t\t<div class=\"elementor-element elementor-element-a108fde elementor-tabs-alignment-stretch elementor-tabs-view-horizontal elementor-widget elementor-widget-tabs\" data-id=\"a108fde\" data-element_type=\"widget\" data-widget_type=\"tabs.default\">\n\t\t\t\t\t\t\t<div class=\"elementor-tabs\">\n\t\t\t<div class=\"elementor-tabs-wrapper\" role=\"tablist\" >\n\t\t\t\t\t\t\t\t\t<div id=\"elementor-tab-title-1681\" class=\"elementor-tab-title elementor-tab-desktop-title\" aria-selected=\"true\" data-tab=\"1\" role=\"tab\" tabindex=\"0\" aria-controls=\"elementor-tab-content-1681\" aria-expanded=\"false\">Spezifikation<\/div>\n\t\t\t\t\t\t\t\t\t<div id=\"elementor-tab-title-1682\" class=\"elementor-tab-title elementor-tab-desktop-title\" aria-selected=\"false\" data-tab=\"2\" role=\"tab\" tabindex=\"-1\" aria-controls=\"elementor-tab-content-1682\" aria-expanded=\"false\">Produktvorteile<\/div>\n\t\t\t\t\t\t\t\t\t<div id=\"elementor-tab-title-1683\" class=\"elementor-tab-title elementor-tab-desktop-title\" aria-selected=\"false\" data-tab=\"3\" role=\"tab\" tabindex=\"-1\" aria-controls=\"elementor-tab-content-1683\" aria-expanded=\"false\">Datenblatt herunterladen<\/div>\n\t\t\t\t\t\t\t\t\t<div id=\"elementor-tab-title-1684\" class=\"elementor-tab-title elementor-tab-desktop-title\" aria-selected=\"false\" data-tab=\"4\" role=\"tab\" tabindex=\"-1\" aria-controls=\"elementor-tab-content-1684\" aria-expanded=\"false\">Videos<\/div>\n\t\t\t\t\t\t\t<\/div>\n\t\t\t<div class=\"elementor-tabs-content-wrapper\" role=\"tablist\" aria-orientation=\"vertical\">\n\t\t\t\t\t\t\t\t\t<div class=\"elementor-tab-title elementor-tab-mobile-title\" aria-selected=\"true\" data-tab=\"1\" role=\"tab\" tabindex=\"0\" aria-controls=\"elementor-tab-content-1681\" aria-expanded=\"false\">Spezifikation<\/div>\n\t\t\t\t\t<div id=\"elementor-tab-content-1681\" class=\"elementor-tab-content elementor-clearfix\" data-tab=\"1\" role=\"tabpanel\" aria-labelledby=\"elementor-tab-title-1681\" tabindex=\"0\" hidden=\"false\"><h2> EBK70 Tragbare hydraulische Buchsenpresse<\/h2>\n<table>\n<tbody>\n<tr>\n<td><strong>SPEZIFIKATIONEN<\/strong><\/td>\n<td><strong>METRISCH<\/strong><\/td>\n<\/tr>\n<tr>\n<td><strong>Zylinderschub:<\/strong><\/td>\n<td>70T<\/td>\n<\/tr>\n<tr>\n<td><strong>Betriebsdruck:<\/strong><\/td>\n<td>1-63 MPa<\/td>\n<\/tr>\n<tr>\n<td><strong>Schlaganfall:<\/strong><\/td>\n<td>100 mm<\/td>\n<\/tr>\n<tr>\n<td><strong>Pressh\u00fclsenbereich:<\/strong><\/td>\n<td>60-120 mm<\/td>\n<\/tr>\n<\/tbody>\n<\/table><\/div>\n\t\t\t\t\t\t\t\t\t<div class=\"elementor-tab-title elementor-tab-mobile-title\" aria-selected=\"false\" data-tab=\"2\" role=\"tab\" tabindex=\"-1\" aria-controls=\"elementor-tab-content-1682\" aria-expanded=\"false\">Produktvorteile<\/div>\n\t\t\t\t\t<div id=\"elementor-tab-content-1682\" class=\"elementor-tab-content elementor-clearfix\" data-tab=\"2\" role=\"tabpanel\" aria-labelledby=\"elementor-tab-title-1682\" tabindex=\"0\" hidden=\"hidden\"><p>1. Die tragbare Buchsenpresse EBk70 wurde entwickelt, um den Buchsenaustausch bei Feldbaggern einfacher und sicherer zu machen.<br \/>2. Hydraulikzylinder f\u00fcr den Aus- und Einbau mit einem Hub.<br \/>3. Tragbar f\u00fcr Reparaturen vor Ort.<br \/>4. Vermeiden Sie gef\u00e4hrliche Entfernungsmethoden.<br \/>5. Zwei Antriebsarten zur Auswahl: Elektropumpe und Handpumpe.<br \/>6. Wenn Sie Ger\u00e4te warten, die gr\u00f6\u00dfer sind als diese Presse, k\u00f6nnen Sie sich gerne an mich wenden.<\/p><\/div>\n\t\t\t\t\t\t\t\t\t<div class=\"elementor-tab-title elementor-tab-mobile-title\" aria-selected=\"false\" data-tab=\"3\" role=\"tab\" tabindex=\"-1\" aria-controls=\"elementor-tab-content-1683\" aria-expanded=\"false\">Datenblatt herunterladen<\/div>\n\t\t\t\t\t<div id=\"elementor-tab-content-1683\" class=\"elementor-tab-content elementor-clearfix\" data-tab=\"3\" role=\"tabpanel\" aria-labelledby=\"elementor-tab-title-1683\" tabindex=\"0\" hidden=\"hidden\"><object style=\"width:100% ; height:700px;\"\ndata=\"https:\/\/elineboringmachine.com\/wp-content\/uploads\/2022\/12\/EBK70-Portable-Bushing-Press\u200b.pdf\" type=\"application\/pdf\" ><\/object><\/div>\n\t\t\t\t\t\t\t\t\t<div class=\"elementor-tab-title elementor-tab-mobile-title\" aria-selected=\"false\" data-tab=\"4\" role=\"tab\" tabindex=\"-1\" aria-controls=\"elementor-tab-content-1684\" aria-expanded=\"false\">Videos<\/div>\n\t\t\t\t\t<div id=\"elementor-tab-content-1684\" class=\"elementor-tab-content elementor-clearfix\" data-tab=\"4\" role=\"tabpanel\" aria-labelledby=\"elementor-tab-title-1684\" tabindex=\"0\" hidden=\"hidden\"><table class=\"responsive-table\">\n<tbody>\n<tr>\n<td><iframe title=\"YouTube-Videoplayer\" src=\"https:\/\/www.youtube.com\/embed\/k652y30wJD0\" width=\"560\" height=\"315\" frameborder=\"0\" allowfullscreen=\"allowfullscreen\"><\/iframe><\/td>\n<td><iframe title=\"YouTube-Videoplayer\" src=\"https:\/\/www.youtube.com\/embed\/S3MgCS7S2TQ\" width=\"560\" height=\"315\" frameborder=\"0\" allowfullscreen=\"allowfullscreen\"><\/iframe><\/td>\n<td><iframe width=\"560\" height=\"315\" src=\"https:\/\/www.youtube.com\/embed\/pm8MRJ9vKcg\" title=\"YouTube-Videoplayer\" frameborder=\"0\" allow=\"accelerometer; autoplay; clipboard-write; encrypted-media; gyroscope; picture-in-picture\" allowfullscreen><\/iframe><\/td>\n<\/tr>\n<\/tbody>\n<\/table><\/div>\n\t\t\t\t\t\t\t<\/div>\n\t\t<\/div>\n\t\t\t\t\t\t<\/div>\n\t\t\t\t<div class=\"elementor-element elementor-element-0024bab elementor-align-justify elementor-widget elementor-widget-button\" data-id=\"0024bab\" data-element_type=\"widget\" data-widget_type=\"button.default\">\n\t\t\t\t\t\t\t\t\t\t<a class=\"elementor-button elementor-button-link elementor-size-lg\" href=\"https:\/\/elineboringmachine.com\/de\/category\/flange-facers\/\" target=\"_blank\">\n\t\t\t\t\t\t<span class=\"elementor-button-content-wrapper\">\n\t\t\t\t\t\t\t\t\t<span class=\"elementor-button-text\">Tragbare Flanschfr\u00e4smaschinen<\/span>\n\t\t\t\t\t<\/span>\n\t\t\t\t\t<\/a>\n\t\t\t\t\t\t\t\t<\/div>\n\t\t\t\t<div class=\"elementor-element elementor-element-62340f8 elementor-posts__hover-none elementor-grid-tablet-1 elementor-grid-3 elementor-grid-mobile-1 elementor-posts--thumbnail-top elementor-card-shadow-yes elementor-widget elementor-widget-posts\" data-id=\"62340f8\" data-element_type=\"widget\" data-settings=\"{&quot;cards_columns_tablet&quot;:&quot;1&quot;,&quot;cards_columns&quot;:&quot;3&quot;,&quot;cards_columns_mobile&quot;:&quot;1&quot;,&quot;cards_row_gap&quot;:{&quot;unit&quot;:&quot;px&quot;,&quot;size&quot;:35,&quot;sizes&quot;:[]},&quot;cards_row_gap_tablet&quot;:{&quot;unit&quot;:&quot;px&quot;,&quot;size&quot;:&quot;&quot;,&quot;sizes&quot;:[]},&quot;cards_row_gap_mobile&quot;:{&quot;unit&quot;:&quot;px&quot;,&quot;size&quot;:&quot;&quot;,&quot;sizes&quot;:[]}}\" data-widget_type=\"posts.cards\">\n\t\t\t\t<div class=\"elementor-widget-container\">\n\t\t\t\t\t\t\t<div class=\"elementor-posts-container elementor-posts elementor-posts--skin-cards elementor-grid\">\n\t\t\t\t<article class=\"elementor-post elementor-grid-item post-451146 post type-post status-publish format-standard has-post-thumbnail hentry category-flange-facers\">\n\t\t\t<div class=\"elementor-post__card\">\n\t\t\t\t<a class=\"elementor-post__thumbnail__link\" href=\"https:\/\/elineboringmachine.com\/de\/mff350-manual-flange-facer-reduce-down-time\/\" tabindex=\"-1\" ><div class=\"elementor-post__thumbnail\"><img fetchpriority=\"high\" decoding=\"async\" width=\"768\" height=\"576\" src=\"https:\/\/elineboringmachine.com\/wp-content\/uploads\/2022\/08\/mff350-repair-flange-face-768x576.webp\" class=\"attachment-medium_large size-medium_large wp-image-2892\" alt=\"mff350 Reparaturflanschfl\u00e4che\" srcset=\"https:\/\/elineboringmachine.com\/wp-content\/uploads\/2022\/08\/mff350-repair-flange-face-768x576.webp 768w, https:\/\/elineboringmachine.com\/wp-content\/uploads\/2022\/08\/mff350-repair-flange-face-300x225.webp 300w, https:\/\/elineboringmachine.com\/wp-content\/uploads\/2022\/08\/mff350-repair-flange-face-16x12.webp 16w, https:\/\/elineboringmachine.com\/wp-content\/uploads\/2022\/08\/mff350-repair-flange-face.webp 800w\" sizes=\"(max-width: 768px) 100vw, 768px\" title=\"\"><\/div><\/a>\n\t\t\t\t<div class=\"elementor-post__text\">\n\t\t\t\t<h3 class=\"elementor-post__title\">\n\t\t\t<a href=\"https:\/\/elineboringmachine.com\/de\/mff350-manual-flange-facer-reduce-down-time\/\" >\n\t\t\t\tMaximierung der Effizienz mit dem manuellen Flanschfr\u00e4ser MFF350: Ein umfassender Leitfaden\t\t\t<\/a>\n\t\t<\/h3>\n\t\t\t\t<div class=\"elementor-post__excerpt\">\n\t\t\t<p>Das Plandrehen von Flanschen ist ein wesentlicher Prozess bei der Wartung und Reparatur von Rohren und anderen Industrieanlagen. Der manuelle Flanschdreher MFF350 bietet eine komfortable, effiziente und kosteng\u00fcnstige L\u00f6sung f\u00fcr Flanschdreharbeiten. Mit seinem handbetriebenen Betrieb und einem Spannbereich von 27,8 mm bis 26,9 mm ist der MFF350 f\u00fcr eine Vielzahl von Wartungs- und Reparaturanforderungen vor Ort konzipiert.<\/p>\n\t\t<\/div>\n\t\t\n\t\t<a class=\"elementor-post__read-more\" href=\"https:\/\/elineboringmachine.com\/de\/mff350-manual-flange-facer-reduce-down-time\/\" aria-label=\"Lesen Sie mehr \u00fcber die Maximierung der Effizienz mit dem manuellen Flanschfr\u00e4ser MFF350: Ein umfassender Leitfaden\" tabindex=\"-1\" >\n\t\t\tMehr lesen &quot;\t\t<\/a>\n\n\t\t\t\t<\/div>\n\t\t\t\t<div class=\"elementor-post__meta-data\">\n\t\t\t\t\t<span class=\"elementor-post-author\">\n\t\t\tElinebohrmaschine\t\t<\/span>\n\t\t\t\t<span class=\"elementor-post-date\">\n\t\t\t8. Februar 2023\t\t<\/span>\n\t\t\t\t<\/div>\n\t\t\t\t\t<\/div>\n\t\t<\/article>\n\t\t\t\t<article class=\"elementor-post elementor-grid-item post-451090 post type-post status-publish format-standard has-post-thumbnail hentry category-flange-facers tag-reface-flange-sureface tag-repaire-flange-face\">\n\t\t\t<div class=\"elementor-post__card\">\n\t\t\t\t<a class=\"elementor-post__thumbnail__link\" href=\"https:\/\/elineboringmachine.com\/de\/understanding-the-flange-facing-process-a-guide\/\" tabindex=\"-1\" ><div class=\"elementor-post__thumbnail\"><img decoding=\"async\" width=\"768\" height=\"576\" src=\"https:\/\/elineboringmachine.com\/wp-content\/uploads\/2023\/01\/EFF1500-Flange-Facer-BASE-768x576.webp\" class=\"attachment-medium_large size-medium_large wp-image-5937\" alt=\"Flanschplandrehmaschinen f\u00fcr Innenmontage\" srcset=\"https:\/\/elineboringmachine.com\/wp-content\/uploads\/2023\/01\/EFF1500-Flange-Facer-BASE-768x576.webp 768w, https:\/\/elineboringmachine.com\/wp-content\/uploads\/2023\/01\/EFF1500-Flange-Facer-BASE-300x225.webp 300w, https:\/\/elineboringmachine.com\/wp-content\/uploads\/2023\/01\/EFF1500-Flange-Facer-BASE-16x12.webp 16w, https:\/\/elineboringmachine.com\/wp-content\/uploads\/2023\/01\/EFF1500-Flange-Facer-BASE.webp 1024w\" sizes=\"(max-width: 768px) 100vw, 768px\" title=\"\"><\/div><\/a>\n\t\t\t\t<div class=\"elementor-post__text\">\n\t\t\t\t<h3 class=\"elementor-post__title\">\n\t\t\t<a href=\"https:\/\/elineboringmachine.com\/de\/understanding-the-flange-facing-process-a-guide\/\" >\n\t\t\t\tDen Flanschfl\u00e4chenprozess verstehen: Ein Leitfaden\t\t\t<\/a>\n\t\t<\/h3>\n\t\t\t\t<div class=\"elementor-post__excerpt\">\n\t\t\t<p>Das Planfr\u00e4sen von Flanschen ist ein wichtiger Prozess bei der Wartung und Reparatur von Rohrleitungen, Ventilen und anderen Ger\u00e4ten mit Flanschverbindungen. Bei diesem Verfahren wird die Oberfl\u00e4che eines Flansches bearbeitet, um eine glatte, ebene und parallele Oberfl\u00e4che zu erzielen, die eine dichte und leckagefreie Abdichtung zwischen zwei verbundenen Komponenten gew\u00e4hrleistet.<\/p>\n\t\t<\/div>\n\t\t\n\t\t<a class=\"elementor-post__read-more\" href=\"https:\/\/elineboringmachine.com\/de\/understanding-the-flange-facing-process-a-guide\/\" aria-label=\"Lesen Sie mehr \u00fcber \u201eDen Flanschfl\u00e4chenprozess verstehen: Ein Leitfaden\u201c\" tabindex=\"-1\" >\n\t\t\tMehr lesen &quot;\t\t<\/a>\n\n\t\t\t\t<\/div>\n\t\t\t\t<div class=\"elementor-post__meta-data\">\n\t\t\t\t\t<span class=\"elementor-post-author\">\n\t\t\tElinebohrmaschine\t\t<\/span>\n\t\t\t\t<span class=\"elementor-post-date\">\n\t\t\t4. Februar 2023\t\t<\/span>\n\t\t\t\t<\/div>\n\t\t\t\t\t<\/div>\n\t\t<\/article>\n\t\t\t\t<article class=\"elementor-post elementor-grid-item post-451057 post type-post status-publish format-standard has-post-thumbnail hentry category-flange-facers\">\n\t\t\t<div class=\"elementor-post__card\">\n\t\t\t\t<a class=\"elementor-post__thumbnail__link\" href=\"https:\/\/elineboringmachine.com\/de\/revolutionize-your-flange-facing-with-the-ezlink-eff1000-flange-facer\/\" tabindex=\"-1\" ><div class=\"elementor-post__thumbnail\"><img decoding=\"async\" width=\"768\" height=\"576\" src=\"https:\/\/elineboringmachine.com\/wp-content\/uploads\/2022\/08\/EFF1000-Flange-Facer-768x576.webp\" class=\"attachment-medium_large size-medium_large wp-image-3131\" alt=\"EFF1000 Flanschfr\u00e4smaschine\" srcset=\"https:\/\/elineboringmachine.com\/wp-content\/uploads\/2022\/08\/EFF1000-Flange-Facer-768x576.webp 768w, https:\/\/elineboringmachine.com\/wp-content\/uploads\/2022\/08\/EFF1000-Flange-Facer-300x225.webp 300w, https:\/\/elineboringmachine.com\/wp-content\/uploads\/2022\/08\/EFF1000-Flange-Facer-16x12.webp 16w, https:\/\/elineboringmachine.com\/wp-content\/uploads\/2022\/08\/EFF1000-Flange-Facer.webp 1024w\" sizes=\"(max-width: 768px) 100vw, 768px\" title=\"\"><\/div><\/a>\n\t\t\t\t<div class=\"elementor-post__text\">\n\t\t\t\t<h3 class=\"elementor-post__title\">\n\t\t\t<a href=\"https:\/\/elineboringmachine.com\/de\/revolutionize-your-flange-facing-with-the-ezlink-eff1000-flange-facer\/\" >\n\t\t\t\tRevolutionieren Sie Ihre Flanschbearbeitung mit dem EZLINK Eff1000 Flanschfr\u00e4ser\t\t\t<\/a>\n\t\t<\/h3>\n\t\t\t\t<div class=\"elementor-post__excerpt\">\n\t\t\t<p>Der zeit- und kostenintensive Flanschwechsel ist f\u00fcr Sie ein Problem? Suchen Sie nach einer effizienteren und kosteng\u00fcnstigeren L\u00f6sung f\u00fcr die Wartung Ihrer Flansche? Dann sind Sie mit dem EZLINK Eff1000 Flanschfr\u00e4ser genau richtig.<\/p>\n\t\t<\/div>\n\t\t\n\t\t<a class=\"elementor-post__read-more\" href=\"https:\/\/elineboringmachine.com\/de\/revolutionize-your-flange-facing-with-the-ezlink-eff1000-flange-facer\/\" aria-label=\"Lesen Sie mehr \u00fcber die Revolutionierung Ihrer Flanschbearbeitung mit dem EZLINK Eff1000 Flanschbearbeitungsger\u00e4t\" tabindex=\"-1\" >\n\t\t\tMehr lesen &quot;\t\t<\/a>\n\n\t\t\t\t<\/div>\n\t\t\t\t<div class=\"elementor-post__meta-data\">\n\t\t\t\t\t<span class=\"elementor-post-author\">\n\t\t\tElinebohrmaschine\t\t<\/span>\n\t\t\t\t<span class=\"elementor-post-date\">\n\t\t\t4. Februar 2023\t\t<\/span>\n\t\t\t\t<\/div>\n\t\t\t\t\t<\/div>\n\t\t<\/article>\n\t\t\t\t<\/div>\n\t\t\n\t\t\t\t\t\t<\/div>\n\t\t\t\t<\/div>\n\t\t\t\t<\/div>\n\t\t\t\t<\/div>","protected":false},"excerpt":{"rendered":"<p>Zur\u00fcck Weiter EBK70 Tragbare hydraulische Buchsenpresse Der EBK70 Buchsenwerkzeugsatz erleichtert Ihnen das Entfernen und Ersetzen der Buchsen oder Gleitlager aus Presspassungslagergeh\u00e4usen in Automotoren, Getrieben und anderen Maschinen, ohne dass das Geh\u00e4use besch\u00e4digt wird. Mit der leichten Aluminium-Hohlbohrung von ezlink mit einer Kapazit\u00e4t von 70 Tonnen\u2026&nbsp;<\/p>\n<div class=\"read-more-wrapper\"><a href=\"https:\/\/elineboringmachine.com\/de\/revolutionize-your-flange-facing-with-the-ezlink-eff1000-flange-facer\/\" class=\"button button-primary\" rel=\"bookmark\">Weiterlesen \u00bb<span class=\"screen-reader-text\">Revolutionieren Sie Ihre Flanschbearbeitung mit dem EZLINK Eff1000 Flanschfr\u00e4ser<\/span><\/a><\/div>","protected":false},"author":1,"featured_media":4485,"parent":1984,"menu_order":0,"comment_status":"closed","ping_status":"closed","template":"page-templates\/template-pagebuilder-full-width.php","meta":{"neve_meta_sidebar":"","neve_meta_container":"","neve_meta_enable_content_width":"","neve_meta_content_width":0,"neve_meta_title_alignment":"","neve_meta_author_avatar":"","neve_post_elements_order":"","neve_meta_disable_header":"","neve_meta_disable_footer":"","neve_meta_disable_title":"","neve_meta_reading_time":"","footnotes":""},"class_list":["post-4480","page","type-page","status-publish","has-post-thumbnail","hentry"],"_links":{"self":[{"href":"https:\/\/elineboringmachine.com\/de\/wp-json\/wp\/v2\/pages\/4480","targetHints":{"allow":["GET"]}}],"collection":[{"href":"https:\/\/elineboringmachine.com\/de\/wp-json\/wp\/v2\/pages"}],"about":[{"href":"https:\/\/elineboringmachine.com\/de\/wp-json\/wp\/v2\/types\/page"}],"author":[{"embeddable":true,"href":"https:\/\/elineboringmachine.com\/de\/wp-json\/wp\/v2\/users\/1"}],"replies":[{"embeddable":true,"href":"https:\/\/elineboringmachine.com\/de\/wp-json\/wp\/v2\/comments?post=4480"}],"version-history":[{"count":0,"href":"https:\/\/elineboringmachine.com\/de\/wp-json\/wp\/v2\/pages\/4480\/revisions"}],"up":[{"embeddable":true,"href":"https:\/\/elineboringmachine.com\/de\/wp-json\/wp\/v2\/pages\/1984"}],"wp:featuredmedia":[{"embeddable":true,"href":"https:\/\/elineboringmachine.com\/de\/wp-json\/wp\/v2\/media\/4485"}],"wp:attachment":[{"href":"https:\/\/elineboringmachine.com\/de\/wp-json\/wp\/v2\/media?parent=4480"}],"curies":[{"name":"wp","href":"https:\/\/api.w.org\/{rel}","templated":true}]}}