{"id":6,"date":"2020-04-06T12:28:33","date_gmt":"2020-04-06T12:28:33","guid":{"rendered":""},"modified":"2024-04-05T13:06:39","modified_gmt":"2024-04-05T05:06:39","slug":"about-us","status":"publish","type":"page","link":"https:\/\/elineboringmachine.com\/de\/about-us\/","title":{"rendered":"Um"},"content":{"rendered":"<div data-elementor-type=\"wp-page\" data-elementor-id=\"6\" class=\"elementor elementor-6\" data-elementor-post-type=\"page\">\n\t\t\t\t<div class=\"elementor-element elementor-element-6aa3446 e-con-full e-flex e-con e-parent\" data-id=\"6aa3446\" data-element_type=\"container\" data-settings=\"{&quot;background_background&quot;:&quot;classic&quot;}\">\n\t\t\t\t<div class=\"elementor-element elementor-element-e91986e elementor-widget__width-inherit elementor--h-position-center elementor--v-position-middle elementor-arrows-position-inside elementor-pagination-position-inside elementor-widget elementor-widget-slides\" data-id=\"e91986e\" data-element_type=\"widget\" data-settings=\"{&quot;navigation&quot;:&quot;both&quot;,&quot;autoplay&quot;:&quot;yes&quot;,&quot;pause_on_hover&quot;:&quot;yes&quot;,&quot;pause_on_interaction&quot;:&quot;yes&quot;,&quot;autoplay_speed&quot;:5000,&quot;infinite&quot;:&quot;yes&quot;,&quot;transition&quot;:&quot;slide&quot;,&quot;transition_speed&quot;:500}\" data-widget_type=\"slides.default\">\n\t\t\t\t\t\t\t\t\t\t<div class=\"elementor-slides-wrapper elementor-main-swiper swiper\" role=\"region\" aria-roledescription=\"carousel\" aria-label=\"Folien\" dir=\"ltr\" data-animation=\"fadeInLeft\">\n\t\t\t\t<div class=\"swiper-wrapper elementor-slides\">\n\t\t\t\t\t\t\t\t\t\t<div class=\"elementor-repeater-item-703060a swiper-slide\" role=\"group\" aria-roledescription=\"slide\"><div class=\"swiper-slide-bg elementor-ken-burns elementor-ken-burns--in\" role=\"img\"><\/div><div class=\"elementor-background-overlay\"><\/div><div class=\"swiper-slide-inner\" ><div class=\"swiper-slide-contents\"><div class=\"elementor-slide-heading\">EFF1500 Flanschfr\u00e4smaschine<\/div><a href=\"https:\/\/elineboringmachine.com\/de\/products\/flange-facer\/eff1500-id-flange-facing-machine\/\" class=\"elementor-button elementor-slide-button elementor-size-lg\">EFF1500 Flanschfr\u00e4smaschine<\/a><\/div><\/div><\/div><div class=\"elementor-repeater-item-d6deb2f swiper-slide\" role=\"group\" aria-roledescription=\"slide\"><div class=\"swiper-slide-bg elementor-ken-burns elementor-ken-burns--in\" role=\"img\"><\/div><div class=\"elementor-background-overlay\"><\/div><div class=\"swiper-slide-inner\" ><div class=\"swiper-slide-contents\"><div class=\"elementor-slide-heading\">Tragbare Linienbohrschwei\u00dfmaschine SLB50<\/div><a href=\"https:\/\/elineboringmachine.com\/de\/products\/portable-line-boring-machine\/slb50-portable-line-boring-welding-machine\/\" class=\"elementor-button elementor-slide-button elementor-size-lg\">Tragbare Linienbohrschwei\u00dfmaschine SLB50<\/a><\/div><\/div><\/div><div class=\"elementor-repeater-item-ef58fe9 swiper-slide\" role=\"group\" aria-roledescription=\"slide\"><div class=\"swiper-slide-bg elementor-ken-burns elementor-ken-burns--in\" role=\"img\"><\/div><div class=\"elementor-background-overlay\"><\/div><div class=\"swiper-slide-inner\" ><div class=\"swiper-slide-contents\"><div class=\"elementor-slide-heading\">Rohrschneide- und Anfasmaschinen mit geteiltem Rahmen<\/div><a href=\"https:\/\/elineboringmachine.com\/de\/products\/clamshell-split-frame-machines\/\" class=\"elementor-button elementor-slide-button elementor-size-lg\">Alle Clamshell-Rohrschneide- und Anfasmaschinen anzeigen<\/a><\/div><\/div><\/div>\t\t\t\t<\/div>\n\t\t\t\t\t\t\t\t\t\t\t\t\t\t\t<div class=\"elementor-swiper-button elementor-swiper-button-prev\" role=\"button\" tabindex=\"0\" aria-label=\"Vorherige Folie\" data-no-translation-aria-label=\"\">\n\t\t\t\t\t\t\t<svg aria-hidden=\"true\" class=\"e-font-icon-svg e-eicon-chevron-left\" viewbox=\"0 0 1000 1000\" xmlns=\"http:\/\/www.w3.org\/2000\/svg\"><path d=\"M646 125C629 125 613 133 604 142L308 442C296 454 292 471 292 487 292 504 296 521 308 533L604 854C617 867 629 875 646 875 663 875 679 871 692 858 704 846 713 829 713 812 713 796 708 779 692 767L438 487 692 225C700 217 708 204 708 187 708 171 704 154 692 142 675 129 663 125 646 125Z\"><\/path><\/svg>\t\t\t\t\t\t<\/div>\n\t\t\t\t\t\t<div class=\"elementor-swiper-button elementor-swiper-button-next\" role=\"button\" tabindex=\"0\" aria-label=\"N\u00e4chste Folie\" data-no-translation-aria-label=\"\">\n\t\t\t\t\t\t\t<svg aria-hidden=\"true\" class=\"e-font-icon-svg e-eicon-chevron-right\" viewbox=\"0 0 1000 1000\" xmlns=\"http:\/\/www.w3.org\/2000\/svg\"><path d=\"M696 533C708 521 713 504 713 487 713 471 708 454 696 446L400 146C388 133 375 125 354 125 338 125 325 129 313 142 300 154 292 171 292 187 292 204 296 221 308 233L563 492 304 771C292 783 288 800 288 817 288 833 296 850 308 863 321 871 338 875 354 875 371 875 388 867 400 854L696 533Z\"><\/path><\/svg>\t\t\t\t\t\t<\/div>\n\t\t\t\t\t\t\t\t\t\t\t\t\t\t\t\t<div class=\"swiper-pagination\"><\/div>\n\t\t\t\t\t\t\t\t\t\t\t\t<\/div>\n\t\t\t\t\t\t\t\t<\/div>\n\t\t\t\t<div class=\"elementor-element elementor-element-1d88d14 elementor-widget elementor-widget-heading\" data-id=\"1d88d14\" data-element_type=\"widget\" data-widget_type=\"heading.default\">\n\t\t\t\t\t<h1 class=\"elementor-heading-title elementor-size-default\">Wer wir sind<\/h1>\t\t\t\t<\/div>\n\t\t\t\t<div class=\"elementor-element elementor-element-e3e3ae1 elementor-widget elementor-widget-heading\" data-id=\"e3e3ae1\" data-element_type=\"widget\" data-widget_type=\"heading.default\">\n\t\t\t\t\t<h2 class=\"elementor-heading-title elementor-size-default\">Zuverl\u00e4ssiger, erschwinglicher und kosteneffizienter Produktanbieter<\/h2>\t\t\t\t<\/div>\n\t\t\t\t<div class=\"elementor-element elementor-element-475f1b3 elementor-widget__width-initial elementor-widget-mobile__width-inherit elementor-widget elementor-widget-text-editor\" data-id=\"475f1b3\" data-element_type=\"widget\" data-widget_type=\"text-editor.default\">\n\t\t\t\t\t\t\t\t\t<p>EZLINK wurde 2012 gegr\u00fcndet und ist ein f\u00fchrender Anbieter innovativer und hochwertiger mobiler Werkzeugmaschinen f\u00fcr Reparatur und Wartung vor Ort. Wir bieten effiziente und kosteng\u00fcnstige L\u00f6sungen f\u00fcr einen reibungslosen, sicheren und kosteng\u00fcnstigen Anlagenbetrieb. Zu unseren Produkten geh\u00f6ren mobile Bohrmaschinen, Flanschfr\u00e4smaschinen, Rohranfasmaschinen und weitere Werkzeugmaschinen, die Wartungsarbeiten schneller, einfacher und effizienter machen.<\/p><p>\u00a0<span style=\"text-align: var(--text-align); background-color: var(--nv-site-bg); color: var(--nv-text-color); font-size: var(--bodyfontsize); font-weight: var(--bodyfontweight); letter-spacing: var(--bodyletterspacing); text-transform: var(--bodytexttransform);\">Wir legen Wert auf besten Kundenservice und Support. Deshalb steht Ihnen unser Expertenteam rund um die Uhr f\u00fcr alle Ihre Fragen zur Verf\u00fcgung. Unsere Produkte sind f\u00fcr den harten Industriealltag konzipiert und basieren auf modernster Technologie.<\/span><\/p><p>Bei EZLINK arbeiten wir mit Leidenschaft und legen Wert darauf, unseren Kunden die besten Produkte und Dienstleistungen zu bieten. Kontaktieren Sie uns noch heute, um mehr dar\u00fcber zu erfahren, wie wir Sie bei Ihren Reparatur- und Wartungsarbeiten vor Ort unterst\u00fctzen k\u00f6nnen. Wir sind ein loyaler und vertrauensw\u00fcrdiger Partner, f\u00fcr den der Erfolg unserer Kunden stets an erster Stelle steht.<\/p>\t\t\t\t\t\t\t\t<\/div>\n\t\t\t\t<\/div>\n\t\t<div class=\"elementor-element elementor-element-e9c5ebe e-flex e-con-boxed e-con e-parent\" data-id=\"e9c5ebe\" data-element_type=\"container\" data-settings=\"{&quot;background_background&quot;:&quot;classic&quot;}\">\n\t\t\t\t\t<div class=\"e-con-inner\">\n\t\t\t\t<div class=\"elementor-element elementor-element-df8aa89 elementor-widget elementor-widget-neve_typed_headline\" data-id=\"df8aa89\" data-element_type=\"widget\" data-settings=\"{&quot;typed_text&quot;:&quot;Vision,&quot;,&quot;speed&quot;:{&quot;unit&quot;:&quot;px&quot;,&quot;size&quot;:110,&quot;sizes&quot;:[]}}\" data-widget_type=\"neve_typed_headline.default\">\n\t\t\t\t<div class=\"elementor-widget-container\">\n\t\t\t\t\t<h2 class=\"eaw-typed-text\"><span class=\"eaw-typed-text-plain eaw-typed-text-wrapper\">Mission,<\/span>  <span class=\"eaw-typed-text-placeholder\"><\/span> <span class=\"eaw-typed-text-plain eaw-typed-text-wrapper\">&amp; Werte<\/span><\/h2>\t\t\t\t<\/div>\n\t\t\t\t<\/div>\n\t\t<div class=\"elementor-element elementor-element-8faa305 e-flex e-con-boxed e-con e-parent\" data-id=\"8faa305\" data-element_type=\"container\" data-settings=\"{&quot;background_background&quot;:&quot;classic&quot;}\">\n\t\t\t\t\t<div class=\"e-con-inner\">\n\t\t\t\t<div class=\"elementor-element elementor-element-99d1c99 elementor-widget elementor-widget-heading\" data-id=\"99d1c99\" data-element_type=\"widget\" data-widget_type=\"heading.default\">\n\t\t\t\t\t<h3 class=\"elementor-heading-title elementor-size-default\">Leitbild<\/h3>\t\t\t\t<\/div>\n\t\t\t\t<div class=\"elementor-element elementor-element-a545176 elementor-widget elementor-widget-text-editor\" data-id=\"a545176\" data-element_type=\"widget\" data-widget_type=\"text-editor.default\">\n\t\t\t\t\t\t\t\t\t<p>EZLINKs Mission ist es, innovative und hochwertige mobile Werkzeugmaschinen f\u00fcr Reparaturen und Wartungen vor Ort anzubieten, um Wartungsarbeiten f\u00fcr unsere Kunden schneller, einfacher und effizienter zu gestalten. Wir sind bestrebt, besten Kundenservice und Support zu bieten und ein zuverl\u00e4ssiger und vertrauensw\u00fcrdiger Partner f\u00fcr unsere Kunden zu sein. Unser Ziel ist es, den reibungslosen, sicheren und kosteneffizienten Betrieb der Anlagen unserer Kunden durch kontinuierliche Verbesserung unserer Produktlinie und Bereitstellung modernster Fertigungsl\u00f6sungen vor Ort zu gew\u00e4hrleisten.<\/p>\t\t\t\t\t\t\t\t<\/div>\n\t\t\t\t\t<\/div>\n\t\t\t\t<\/div>\n\t\t<div class=\"elementor-element elementor-element-bd821b0 e-flex e-con-boxed e-con e-parent\" data-id=\"bd821b0\" data-element_type=\"container\" data-settings=\"{&quot;background_background&quot;:&quot;classic&quot;}\">\n\t\t\t\t\t<div class=\"e-con-inner\">\n\t\t\t\t<div class=\"elementor-element elementor-element-bf46b74 elementor-widget elementor-widget-heading\" data-id=\"bf46b74\" data-element_type=\"widget\" data-widget_type=\"heading.default\">\n\t\t\t\t\t<h3 class=\"elementor-heading-title elementor-size-default\">Vision<\/h3>\t\t\t\t<\/div>\n\t\t\t\t<div class=\"elementor-element elementor-element-9ac6d73 elementor-widget elementor-widget-text-editor\" data-id=\"9ac6d73\" data-element_type=\"widget\" data-widget_type=\"text-editor.default\">\n\t\t\t\t\t\t\t\t\t<p>Unsere Vision ist es, der f\u00fchrende Anbieter innovativer und hochwertiger mobiler Werkzeugmaschinen zu sein und herausragenden Mehrwert und h\u00f6chste Kundenzufriedenheit zu bieten. Wir wollen die Reparatur- und Wartungsbranche vor Ort revolutionieren und neue Ma\u00dfst\u00e4be in puncto Geschwindigkeit, Effizienz und Sicherheit setzen.<\/p>\t\t\t\t\t\t\t\t<\/div>\n\t\t\t\t\t<\/div>\n\t\t\t\t<\/div>\n\t\t<div class=\"elementor-element elementor-element-01f2637 e-flex e-con-boxed e-con e-parent\" data-id=\"01f2637\" data-element_type=\"container\" data-settings=\"{&quot;background_background&quot;:&quot;classic&quot;}\">\n\t\t\t\t\t<div class=\"e-con-inner\">\n\t\t\t\t<div class=\"elementor-element elementor-element-ef683b7 elementor-widget elementor-widget-heading\" data-id=\"ef683b7\" data-element_type=\"widget\" data-widget_type=\"heading.default\">\n\t\t\t\t\t<h3 class=\"elementor-heading-title elementor-size-default\">Unsere Grundwerte<\/h3>\t\t\t\t<\/div>\n\t\t\t\t<div class=\"elementor-element elementor-element-1d5f45e elementor-widget elementor-widget-text-editor\" data-id=\"1d5f45e\" data-element_type=\"widget\" data-widget_type=\"text-editor.default\">\n\t\t\t\t\t\t\t\t\t<p>Die Grundwerte von EZLINK sind:<\/p><ol><li><p>Kundenorientierung: Wir sind bestrebt, unseren Kunden die besten Produkte und Dienstleistungen zu bieten und ihre Bed\u00fcrfnisse zu erf\u00fcllen.<\/p><\/li><li><p>Innovation: Wir sind davon \u00fcberzeugt, dass wir unsere Produkte und Prozesse st\u00e4ndig verbessern m\u00fcssen, um der Konkurrenz immer einen Schritt voraus zu sein und die fortschrittlichsten Reparatur- und Wartungsl\u00f6sungen vor Ort zu liefern.<\/p><\/li><li><p>Qualit\u00e4t: Wir verpflichten uns, qualitativ hochwertige Produkte zu liefern, die den Industriestandards entsprechen und die Erwartungen der Kunden \u00fcbertreffen.<\/p><\/li><li><p>Zuverl\u00e4ssigkeit: Wir glauben an den Aufbau starker, langfristiger Beziehungen zu unseren Kunden durch die Bereitstellung zuverl\u00e4ssiger Produkte und Dienstleistungen.<\/p><\/li><li><p>Sicherheit: Wir setzen uns daf\u00fcr ein, durch verantwortungsvolle Herstellungsverfahren die Sicherheit unserer Kunden, Mitarbeiter und der Umwelt zu gew\u00e4hrleisten.<\/p><\/li><li><p>Teamarbeit: Wir glauben an die Zusammenarbeit im Team, um unsere gemeinsamen Ziele zu erreichen und die besten Ergebnisse f\u00fcr unsere Kunden zu erzielen.<\/p><\/li><\/ol>\t\t\t\t\t\t\t\t<\/div>\n\t\t\t\t\t<\/div>\n\t\t\t\t<\/div>\n\t\t\t\t\t<\/div>\n\t\t\t\t<\/div>\n\t\t\t\t<\/div>","protected":false},"excerpt":{"rendered":"<p>EFF1500 Flanschfr\u00e4smaschine\u200bEFF1500 FLANSCHFR\u00c4SERLB50 Tragbare Bohr- und Schwei\u00dfmaschineSLB50 Tragbare Bohr- und Schwei\u00dfmaschineClamshell-Rohrschneide- und Anfasmaschinen mit geteiltem RahmenAlle Clamshell-Rohrschneide- und Anfasmaschinen anzeigen Zur\u00fcck Weiter Wer wir sind Zuverl\u00e4ssiger, erschwinglicher und kosteneffektiver Produktanbieter. EZLINK wurde 2012 gegr\u00fcndet und ist ein f\u00fchrender Anbieter innovativer und hochwertiger tragbarer Werkzeugmaschinen f\u00fcr die Arbeit vor Ort\u2026&nbsp;<\/p>\n<div class=\"read-more-wrapper\"><a href=\"https:\/\/elineboringmachine.com\/de\/about-us\/\" class=\"button button-primary\" rel=\"bookmark\">Weiterlesen \u00bb<span class=\"screen-reader-text\">Um<\/span><\/a><\/div>","protected":false},"author":1,"featured_media":0,"parent":0,"menu_order":0,"comment_status":"closed","ping_status":"closed","template":"page-templates\/template-pagebuilder-full-width.php","meta":{"neve_meta_sidebar":"full-width","neve_meta_container":"","neve_meta_enable_content_width":"on","neve_meta_content_width":100,"neve_meta_title_alignment":"","neve_meta_author_avatar":"","neve_post_elements_order":"","neve_meta_disable_header":"","neve_meta_disable_footer":"","neve_meta_disable_title":"","neve_meta_reading_time":"","footnotes":""},"class_list":["post-6","page","type-page","status-publish","hentry"],"_links":{"self":[{"href":"https:\/\/elineboringmachine.com\/de\/wp-json\/wp\/v2\/pages\/6","targetHints":{"allow":["GET"]}}],"collection":[{"href":"https:\/\/elineboringmachine.com\/de\/wp-json\/wp\/v2\/pages"}],"about":[{"href":"https:\/\/elineboringmachine.com\/de\/wp-json\/wp\/v2\/types\/page"}],"author":[{"embeddable":true,"href":"https:\/\/elineboringmachine.com\/de\/wp-json\/wp\/v2\/users\/1"}],"replies":[{"embeddable":true,"href":"https:\/\/elineboringmachine.com\/de\/wp-json\/wp\/v2\/comments?post=6"}],"version-history":[{"count":0,"href":"https:\/\/elineboringmachine.com\/de\/wp-json\/wp\/v2\/pages\/6\/revisions"}],"wp:attachment":[{"href":"https:\/\/elineboringmachine.com\/de\/wp-json\/wp\/v2\/media?parent=6"}],"curies":[{"name":"wp","href":"https:\/\/api.w.org\/{rel}","templated":true}]}}