{"id":1297,"date":"2022-07-24T14:51:52","date_gmt":"2022-07-24T14:51:52","guid":{"rendered":"https:\/\/elineboringmachine.com\/?page_id=1297"},"modified":"2024-04-05T13:06:41","modified_gmt":"2024-04-05T05:06:41","slug":"maquina-perforadora-de-linea-portatil","status":"publish","type":"page","link":"https:\/\/elineboringmachine.com\/es\/productos\/maquina-perforadora-de-linea-portatil\/","title":{"rendered":"Mandrinadora port\u00e1til"},"content":{"rendered":"<div data-elementor-type=\"wp-page\" data-elementor-id=\"1297\" class=\"elementor elementor-1297\" data-elementor-post-type=\"page\">\n\t\t\t\t<div class=\"elementor-element elementor-element-4835f15 e-con-full e-flex e-con e-parent\" data-id=\"4835f15\" data-element_type=\"container\">\n\t\t<div class=\"elementor-element elementor-element-f97e840 e-con-full e-flex e-con e-child\" data-id=\"f97e840\" data-element_type=\"container\">\n\t\t\t\t<div class=\"elementor-element elementor-element-7b45f59 elementor-widget__width-initial elementor-widget elementor-widget-heading\" data-id=\"7b45f59\" data-element_type=\"widget\" data-widget_type=\"heading.default\">\n\t\t\t\t\t<h1 class=\"elementor-heading-title elementor-size-default\">Mandrinadora port\u00e1til<\/h1>\t\t\t\t<\/div>\n\t\t\t\t<div class=\"elementor-element elementor-element-9d67083 elementor-widget-tablet__width-initial elementor-widget elementor-widget-text-editor\" data-id=\"9d67083\" data-element_type=\"widget\" data-widget_type=\"text-editor.default\">\n\t\t\t\t\t\t\t\t\t<p>Perforadora de l\u00ednea port\u00e1til para una f\u00e1cil reparaci\u00f3n de orificios conc\u00e9ntricos en retroexcavadoras, bulldozers, cargadoras frontales, enganches de chatarra, tractores, excavadoras, bastidores de m\u00e1quinas, etc. para operar en el sitio o en el taller, ahorrando tiempo y recursos.<\/p><p>Las mandrinadoras port\u00e1tiles EZ son los sistemas de mandrinado m\u00e1s vers\u00e1tiles del mercado. Su configuraci\u00f3n r\u00edgida, motores de alto par y corte preciso dejan sus perforaciones como nuevas.<\/p><p>Nuestra m\u00e1quina perforadora port\u00e1til multifuncional para mecanizado en sitio y soldadura de orificios es bien recibida en todo el mundo debido a su dise\u00f1o modular, port\u00e1til y transportable.<\/p>\t\t\t\t\t\t\t\t<\/div>\n\t\t\t\t<\/div>\n\t\t\t\t<div class=\"elementor-element elementor-element-f51b669 elementor-widget elementor-widget-image\" data-id=\"f51b669\" data-element_type=\"widget\" data-widget_type=\"image.default\">\n\t\t\t\t\t\t\t\t\t\t\t\t\t\t\t<img fetchpriority=\"high\" decoding=\"async\" width=\"1024\" height=\"768\" src=\"https:\/\/elineboringmachine.com\/wp-content\/uploads\/2020\/04\/customer-statisfied-with-SLB50-portable-line-boring-machine-1024x768.webp\" class=\"attachment-large size-large wp-image-1035\" alt=\"M\u00e1quina de soldadura por perforaci\u00f3n de l\u00ednea port\u00e1til. Cliente satisfecho con la SLB50.\" srcset=\"https:\/\/elineboringmachine.com\/wp-content\/uploads\/2020\/04\/customer-statisfied-with-SLB50-portable-line-boring-machine-1024x768.webp 1024w, https:\/\/elineboringmachine.com\/wp-content\/uploads\/2020\/04\/customer-statisfied-with-SLB50-portable-line-boring-machine-300x225.webp 300w, https:\/\/elineboringmachine.com\/wp-content\/uploads\/2020\/04\/customer-statisfied-with-SLB50-portable-line-boring-machine-768x576.webp 768w, https:\/\/elineboringmachine.com\/wp-content\/uploads\/2020\/04\/customer-statisfied-with-SLB50-portable-line-boring-machine.webp 1400w\" sizes=\"(max-width: 1024px) 100vw, 1024px\" title=\"\">\t\t\t\t\t\t\t\t\t\t\t\t\t\t\t<\/div>\n\t\t\t\t<\/div>\n\t\t<div class=\"elementor-element elementor-element-a57cd5f e-con-full e-flex e-con e-parent\" data-id=\"a57cd5f\" data-element_type=\"container\">\n\t\t<div class=\"elementor-element elementor-element-764d046 e-con-full e-flex e-con e-child\" data-id=\"764d046\" data-element_type=\"container\">\n\t\t\t\t<div class=\"elementor-element elementor-element-b903f8b elementor-widget-divider--view-line elementor-widget elementor-widget-divider\" data-id=\"b903f8b\" data-element_type=\"widget\" data-widget_type=\"divider.default\">\n\t\t\t\t\t\t\t<div class=\"elementor-divider\">\n\t\t\t<span class=\"elementor-divider-separator\">\n\t\t\t\t\t\t<\/span>\n\t\t<\/div>\n\t\t\t\t\t\t<\/div>\n\t\t\t\t<\/div>\n\t\t\t\t<div class=\"elementor-element elementor-element-fdeeeb2 elementor-widget__width-initial elementor-widget elementor-widget-image\" data-id=\"fdeeeb2\" data-element_type=\"widget\" data-widget_type=\"image.default\">\n\t\t\t\t\t\t\t\t\t\t\t\t\t\t\t<img decoding=\"async\" width=\"750\" height=\"563\" src=\"https:\/\/elineboringmachine.com\/wp-content\/uploads\/2022\/07\/ELB40-portable-line-boring-machine-barrenadoras.webp\" class=\"attachment-full size-full wp-image-1472\" alt=\"ELB40 - Mandrinadoras port\u00e1tiles de l\u00ednea\" srcset=\"https:\/\/elineboringmachine.com\/wp-content\/uploads\/2022\/07\/ELB40-portable-line-boring-machine-barrenadoras.webp 750w, https:\/\/elineboringmachine.com\/wp-content\/uploads\/2022\/07\/ELB40-portable-line-boring-machine-barrenadoras-300x225.webp 300w\" sizes=\"(max-width: 750px) 100vw, 750px\" title=\"\">\t\t\t\t\t\t\t\t\t\t\t\t\t\t\t<\/div>\n\t\t<div class=\"elementor-element elementor-element-109de64 e-con-full e-flex e-con e-child\" data-id=\"109de64\" data-element_type=\"container\">\n\t\t\t\t<div class=\"elementor-element elementor-element-5675ad7 elementor-widget elementor-widget-heading\" data-id=\"5675ad7\" data-element_type=\"widget\" data-widget_type=\"heading.default\">\n\t\t\t\t\t<h3 class=\"elementor-heading-title elementor-size-default\">Mandrinadora de l\u00ednea ELB40<\/h3>\t\t\t\t<\/div>\n\t\t\t\t<div class=\"elementor-element elementor-element-d3d38d2 elementor-widget elementor-widget-html\" data-id=\"d3d38d2\" data-element_type=\"widget\" data-widget_type=\"html.default\">\n\t\t\t\t\t<table >\n<tbody>\n<tr>\n<td ><strong>PRESUPUESTO<\/strong><\/td><td ><strong>PULGADA<\/strong><\/td><td ><strong>M\u00c9TRICO<\/strong><\/td>\n<\/tr>\n<tr>\n<td><strong>Di\u00e1metro de la barra<\/strong><\/td><td >1,57 pulgadas<\/td><td>40 mil\u00edmetros<\/td>\n<\/tr>\n<tr>\n<td><strong>Di\u00e1metro de perforaci\u00f3n<\/strong><\/td><td >1,77 \u2013 7,87 pulgadas<\/td><td>45 \u2013 200 mil\u00edmetros<\/td>\n<\/tr>\n<tr>\n<td><strong>Carrera m\u00e1xima<\/strong><\/td><td >14,96 pulgadas<\/td><td>380 mm (personalizable)<\/td>\n<\/tr>\n<tr>\n<td><strong>Opci\u00f3n de energ\u00eda<\/strong><\/td><td >El\u00e9ctrico<\/td><td>El\u00e9ctrico<\/td>\n<\/tr>\n<\/tbody>\n<\/table>\n\n\t\t\t\t<\/div>\n\t\t\t\t<div class=\"elementor-element elementor-element-91ad4e2 elementor-align-justify elementor-widget elementor-widget-button\" data-id=\"91ad4e2\" data-element_type=\"widget\" data-widget_type=\"button.default\">\n\t\t\t\t\t\t\t\t\t\t<a class=\"elementor-button elementor-button-link elementor-size-md\" href=\"https:\/\/elineboringmachine.com\/es\/productos\/maquina-perforadora-de-linea-portatil\/elb40-portable-line-boring-machine\/\">\n\t\t\t\t\t\t<span class=\"elementor-button-content-wrapper\">\n\t\t\t\t\t\t\t\t\t<span class=\"elementor-button-text\">Mandrinadora de l\u00ednea ELB40<\/span>\n\t\t\t\t\t<\/span>\n\t\t\t\t\t<\/a>\n\t\t\t\t\t\t\t\t<\/div>\n\t\t\t\t<\/div>\n\t\t<div class=\"elementor-element elementor-element-4e6a3f5 e-con-full e-flex e-con e-child\" data-id=\"4e6a3f5\" data-element_type=\"container\">\n\t\t\t\t<div class=\"elementor-element elementor-element-1cd4586 elementor-widget-divider--view-line elementor-widget elementor-widget-divider\" data-id=\"1cd4586\" data-element_type=\"widget\" data-widget_type=\"divider.default\">\n\t\t\t\t\t\t\t<div class=\"elementor-divider\">\n\t\t\t<span class=\"elementor-divider-separator\">\n\t\t\t\t\t\t<\/span>\n\t\t<\/div>\n\t\t\t\t\t\t<\/div>\n\t\t\t\t<\/div>\n\t\t\t\t<\/div>\n\t\t<div class=\"elementor-element elementor-element-1b346a3 e-con-full e-flex e-con e-parent\" data-id=\"1b346a3\" data-element_type=\"container\">\n\t\t\t\t<div class=\"elementor-element elementor-element-ba149e5 elementor-widget__width-initial elementor-widget elementor-widget-image\" data-id=\"ba149e5\" data-element_type=\"widget\" data-widget_type=\"image.default\">\n\t\t\t\t\t\t\t\t\t\t\t\t\t\t\t<img decoding=\"async\" src=\"https:\/\/elineboringmachine.com\/wp-content\/uploads\/elementor\/thumbs\/elb50-barrenadora-r6r1k78qpbtvw6t2ag4zquzfei52bwl4ok22tu05f8.jpg\" title=\"barrenadora elb50\" alt=\"M\u00e1quina perforadora port\u00e1til econ\u00f3mica ELB50\" loading=\"lazy\" \/>\t\t\t\t\t\t\t\t\t\t\t\t\t\t\t<\/div>\n\t\t<div class=\"elementor-element elementor-element-8d163d7 e-con-full e-flex e-con e-child\" data-id=\"8d163d7\" data-element_type=\"container\">\n\t\t\t\t<div class=\"elementor-element elementor-element-59baf47 elementor-widget elementor-widget-heading\" data-id=\"59baf47\" data-element_type=\"widget\" data-widget_type=\"heading.default\">\n\t\t\t\t\t<h3 class=\"elementor-heading-title elementor-size-default\">Mandrinadora de l\u00ednea ELB50<\/h3>\t\t\t\t<\/div>\n\t\t\t\t<div class=\"elementor-element elementor-element-91e2088 elementor-widget elementor-widget-html\" data-id=\"91e2088\" data-element_type=\"widget\" data-widget_type=\"html.default\">\n\t\t\t\t\t<table >\n<tbody>\n<tr>\n<td ><strong>PRESUPUESTO<\/strong><\/td><td ><strong>PULGADA<\/strong><\/td><td ><strong>M\u00c9TRICO<\/strong><\/td>\n<\/tr>\n<tr>\n<td><strong>Di\u00e1metro de la barra<\/strong><\/td><td >2,25 pulgadas<\/td><td>50 mil\u00edmetros<\/td>\n<\/tr>\n<tr>\n<td><strong>Di\u00e1metro de perforaci\u00f3n<\/strong><\/td><td >2,17 \u2013 9,84 pulgadas<\/td><td>55 \u2013 250 mil\u00edmetros<\/td>\n<\/tr>\n<tr>\n<td><strong>Carrera m\u00e1xima<\/strong><\/td><td >14,96 pulgadas<\/td><td>380 mm (personalizable)<\/td>\n<\/tr>\n<tr>\n<td><strong>Opci\u00f3n de energ\u00eda<\/strong><\/td><td >El\u00e9ctrico<\/td><td>El\u00e9ctrico<\/td>\n<\/tr>\n<\/tbody>\n<\/table>\n\n\t\t\t\t<\/div>\n\t\t\t\t<div class=\"elementor-element elementor-element-1e2cd7a elementor-align-justify elementor-widget elementor-widget-button\" data-id=\"1e2cd7a\" data-element_type=\"widget\" data-widget_type=\"button.default\">\n\t\t\t\t\t\t\t\t\t\t<a class=\"elementor-button elementor-button-link elementor-size-md\" href=\"https:\/\/elineboringmachine.com\/es\/productos\/maquina-perforadora-de-linea-portatil\/elb50-portable-line-boring-machine\/\">\n\t\t\t\t\t\t<span class=\"elementor-button-content-wrapper\">\n\t\t\t\t\t\t\t\t\t<span class=\"elementor-button-text\">Mandrinadora de l\u00ednea ELB50<\/span>\n\t\t\t\t\t<\/span>\n\t\t\t\t\t<\/a>\n\t\t\t\t\t\t\t\t<\/div>\n\t\t\t\t<\/div>\n\t\t<div class=\"elementor-element elementor-element-4c2a318 e-con-full e-flex e-con e-child\" data-id=\"4c2a318\" data-element_type=\"container\">\n\t\t\t\t<div class=\"elementor-element elementor-element-b6f0a1c elementor-widget-divider--view-line elementor-widget elementor-widget-divider\" data-id=\"b6f0a1c\" data-element_type=\"widget\" data-widget_type=\"divider.default\">\n\t\t\t\t\t\t\t<div class=\"elementor-divider\">\n\t\t\t<span class=\"elementor-divider-separator\">\n\t\t\t\t\t\t<\/span>\n\t\t<\/div>\n\t\t\t\t\t\t<\/div>\n\t\t\t\t<\/div>\n\t\t\t\t<\/div>\n\t\t<div class=\"elementor-element elementor-element-2249825 e-con-full e-flex e-con e-parent\" data-id=\"2249825\" data-element_type=\"container\">\n\t\t\t\t<div class=\"elementor-element elementor-element-8e716ad elementor-widget__width-initial elementor-widget elementor-widget-image\" data-id=\"8e716ad\" data-element_type=\"widget\" data-widget_type=\"image.default\">\n\t\t\t\t\t\t\t\t\t\t\t\t\t\t\t<img decoding=\"async\" src=\"https:\/\/elineboringmachine.com\/wp-content\/uploads\/elementor\/thumbs\/slb50-portable-line-boring-overlay-welding-machine-r6r1k78qpbtvw6t2ag4zquzfei52bwl4ok22tu04xq.png\" title=\"M\u00e1quina port\u00e1til de soldadura por recargue y perforaci\u00f3n de l\u00edneas slb50\" alt=\"M\u00e1quina port\u00e1til de soldadura por superposici\u00f3n de mandrilado de l\u00ednea\" loading=\"lazy\" \/>\t\t\t\t\t\t\t\t\t\t\t\t\t\t\t<\/div>\n\t\t<div class=\"elementor-element elementor-element-98cbbf2 e-con-full e-flex e-con e-child\" data-id=\"98cbbf2\" data-element_type=\"container\">\n\t\t\t\t<div class=\"elementor-element elementor-element-ef9004f elementor-widget elementor-widget-heading\" data-id=\"ef9004f\" data-element_type=\"widget\" data-widget_type=\"heading.default\">\n\t\t\t\t\t<h3 class=\"elementor-heading-title elementor-size-default\">Mandrinadora de l\u00ednea SLB50<\/h3>\t\t\t\t<\/div>\n\t\t\t\t<div class=\"elementor-element elementor-element-2fb7c8b elementor-widget elementor-widget-html\" data-id=\"2fb7c8b\" data-element_type=\"widget\" data-widget_type=\"html.default\">\n\t\t\t\t\t<table >\n<tbody>\n<tr>\n<td ><strong>PRESUPUESTO<\/strong><\/td><td ><strong>PULGADA<\/strong><\/td><td ><strong>M\u00c9TRICO<\/strong><\/td>\n<\/tr>\n<tr>\n<td><strong>Di\u00e1metro de la barra<\/strong><\/td><td >1,97 pulg. o 1,18 pulg. opcional.<\/td><td>50 mm o opcional 30 mm <\/td>\n<\/tr>\n<tr>\n<td><strong>Di\u00e1metro de perforaci\u00f3n<\/strong><\/td><td >1,38 \u2013 9,84 pulgadas<\/td><td>35 \u2013 250 mil\u00edmetros<\/td>\n<\/tr>\n<tr>\n<td><strong>Carrera m\u00e1xima<\/strong><\/td><td >9,84 pulgadas<\/td><td>250 mm (personalizable)<\/td>\n<\/tr>\n\n<tr>\n<td><strong>Opci\u00f3n de energ\u00eda<\/strong><\/td><td >El\u00e9ctrico<\/td><td>El\u00e9ctrico<\/td>\n<\/tr>\n<\/tbody>\n<\/table>\n\n\t\t\t\t<\/div>\n\t\t\t\t<div class=\"elementor-element elementor-element-7f0a6f7 elementor-align-justify elementor-widget elementor-widget-button\" data-id=\"7f0a6f7\" data-element_type=\"widget\" data-widget_type=\"button.default\">\n\t\t\t\t\t\t\t\t\t\t<a class=\"elementor-button elementor-button-link elementor-size-md\" href=\"https:\/\/elineboringmachine.com\/es\/productos\/maquina-perforadora-de-linea-portatil\/slb50-portable-line-boring-welding-machine\/\">\n\t\t\t\t\t\t<span class=\"elementor-button-content-wrapper\">\n\t\t\t\t\t\t\t\t\t<span class=\"elementor-button-text\">Mandrinadora de l\u00ednea SLB50<\/span>\n\t\t\t\t\t<\/span>\n\t\t\t\t\t<\/a>\n\t\t\t\t\t\t\t\t<\/div>\n\t\t\t\t<\/div>\n\t\t<div class=\"elementor-element elementor-element-02579a6 e-con-full e-flex e-con e-child\" data-id=\"02579a6\" data-element_type=\"container\">\n\t\t\t\t<div class=\"elementor-element elementor-element-4d60040 elementor-widget-divider--view-line elementor-widget elementor-widget-divider\" data-id=\"4d60040\" data-element_type=\"widget\" data-widget_type=\"divider.default\">\n\t\t\t\t\t\t\t<div class=\"elementor-divider\">\n\t\t\t<span class=\"elementor-divider-separator\">\n\t\t\t\t\t\t<\/span>\n\t\t<\/div>\n\t\t\t\t\t\t<\/div>\n\t\t\t\t<\/div>\n\t\t\t\t<\/div>\n\t\t<div class=\"elementor-element elementor-element-514d1f0 e-con-full e-flex e-con e-parent\" data-id=\"514d1f0\" data-element_type=\"container\">\n\t\t\t\t<div class=\"elementor-element elementor-element-40fa1d5 elementor-widget__width-initial elementor-widget elementor-widget-image\" data-id=\"40fa1d5\" data-element_type=\"widget\" data-widget_type=\"image.default\">\n\t\t\t\t\t\t\t\t\t\t\t\t\t\t\t<img decoding=\"async\" width=\"726\" height=\"540\" src=\"https:\/\/elineboringmachine.com\/wp-content\/uploads\/2022\/07\/ELB60-portable-line-boring-machine.webp\" class=\"attachment-full size-full wp-image-1489\" alt=\"Mandrinadora port\u00e1til de l\u00edneas ELB60\" srcset=\"https:\/\/elineboringmachine.com\/wp-content\/uploads\/2022\/07\/ELB60-portable-line-boring-machine.webp 726w, https:\/\/elineboringmachine.com\/wp-content\/uploads\/2022\/07\/ELB60-portable-line-boring-machine-300x223.webp 300w\" sizes=\"(max-width: 726px) 100vw, 726px\" title=\"\">\t\t\t\t\t\t\t\t\t\t\t\t\t\t\t<\/div>\n\t\t<div class=\"elementor-element elementor-element-f198ee1 e-con-full e-flex e-con e-child\" data-id=\"f198ee1\" data-element_type=\"container\">\n\t\t\t\t<div class=\"elementor-element elementor-element-dc12bcd elementor-widget elementor-widget-heading\" data-id=\"dc12bcd\" data-element_type=\"widget\" data-widget_type=\"heading.default\">\n\t\t\t\t\t<h3 class=\"elementor-heading-title elementor-size-default\">Mandrinadora de l\u00ednea ELB60<\/h3>\t\t\t\t<\/div>\n\t\t\t\t<div class=\"elementor-element elementor-element-f8934fa elementor-widget elementor-widget-html\" data-id=\"f8934fa\" data-element_type=\"widget\" data-widget_type=\"html.default\">\n\t\t\t\t\t<table >\n<tbody>\n<tr>\n<td ><strong>PRESUPUESTO<\/strong><\/td><td ><strong>PULGADA<\/strong><\/td><td ><strong>M\u00c9TRICO<\/strong><\/td>\n<\/tr>\n<tr>\n<td><strong>Di\u00e1metro de la barra<\/strong><\/td><td >2,36 pulg. o 1,38 pulg. opcional.<\/td><td>60 mm o opcional 35 mm <\/td>\n<\/tr>\n<tr>\n<td><strong>Di\u00e1metro de perforaci\u00f3n<\/strong><\/td><td >1,5 \u2013 19,69 pulgadas<\/td><td>38 \u2013 500 mil\u00edmetros<\/td>\n<\/tr>\n<tr>\n<td><strong>Carrera m\u00e1xima<\/strong><\/td><td >16,54 pulgadas<\/td><td>420 mil\u00edmetros<\/td>\n<\/tr>\n<tr>\n<td><strong>Opci\u00f3n de energ\u00eda<\/strong><\/td><td >El\u00e9ctrico, hidr\u00e1ulico<\/td><td>El\u00e9ctrico, hidr\u00e1ulico<\/td>\n<\/tr>\n<\/tbody>\n<\/table>\n\n\t\t\t\t<\/div>\n\t\t\t\t<div class=\"elementor-element elementor-element-d8d117f elementor-align-justify elementor-widget elementor-widget-button\" data-id=\"d8d117f\" data-element_type=\"widget\" data-widget_type=\"button.default\">\n\t\t\t\t\t\t\t\t\t\t<a class=\"elementor-button elementor-button-link elementor-size-md\" href=\"https:\/\/elineboringmachine.com\/es\/productos\/maquina-perforadora-de-linea-portatil\/elb60-mobile-line-boring-machine\/\">\n\t\t\t\t\t\t<span class=\"elementor-button-content-wrapper\">\n\t\t\t\t\t\t\t\t\t<span class=\"elementor-button-text\">Mandrinadora de l\u00ednea ELB60<\/span>\n\t\t\t\t\t<\/span>\n\t\t\t\t\t<\/a>\n\t\t\t\t\t\t\t\t<\/div>\n\t\t\t\t<\/div>\n\t\t<div class=\"elementor-element elementor-element-7c2886b e-con-full e-flex e-con e-child\" data-id=\"7c2886b\" data-element_type=\"container\">\n\t\t\t\t<div class=\"elementor-element elementor-element-28bba31 elementor-widget-divider--view-line elementor-widget elementor-widget-divider\" data-id=\"28bba31\" data-element_type=\"widget\" data-widget_type=\"divider.default\">\n\t\t\t\t\t\t\t<div class=\"elementor-divider\">\n\t\t\t<span class=\"elementor-divider-separator\">\n\t\t\t\t\t\t<\/span>\n\t\t<\/div>\n\t\t\t\t\t\t<\/div>\n\t\t\t\t<\/div>\n\t\t\t\t<\/div>\n\t\t<div class=\"elementor-element elementor-element-82f62dc e-con-full e-flex e-con e-parent\" data-id=\"82f62dc\" data-element_type=\"container\">\n\t\t\t\t<div class=\"elementor-element elementor-element-64adb76 elementor-widget__width-initial elementor-widget elementor-widget-image\" data-id=\"64adb76\" data-element_type=\"widget\" data-widget_type=\"image.default\">\n\t\t\t\t\t\t\t\t\t\t\t\t\t\t\t<img loading=\"lazy\" decoding=\"async\" width=\"750\" height=\"540\" src=\"https:\/\/elineboringmachine.com\/wp-content\/uploads\/2022\/07\/ELBA60-portable-line-boring-machine-servo-motor.jpg\" class=\"attachment-full size-full wp-image-1494\" alt=\"Mandrinadora port\u00e1til de l\u00ednea - servomotor\" srcset=\"https:\/\/elineboringmachine.com\/wp-content\/uploads\/2022\/07\/ELBA60-portable-line-boring-machine-servo-motor.jpg 750w, https:\/\/elineboringmachine.com\/wp-content\/uploads\/2022\/07\/ELBA60-portable-line-boring-machine-servo-motor-300x216.jpg 300w\" sizes=\"(max-width: 750px) 100vw, 750px\" title=\"\">\t\t\t\t\t\t\t\t\t\t\t\t\t\t\t<\/div>\n\t\t<div class=\"elementor-element elementor-element-82b5576 e-con-full e-flex e-con e-child\" data-id=\"82b5576\" data-element_type=\"container\">\n\t\t\t\t<div class=\"elementor-element elementor-element-4f39bb5 elementor-widget elementor-widget-heading\" data-id=\"4f39bb5\" data-element_type=\"widget\" data-widget_type=\"heading.default\">\n\t\t\t\t\t<h3 class=\"elementor-heading-title elementor-size-default\">Mandrinadora de l\u00ednea ELBA60<\/h3>\t\t\t\t<\/div>\n\t\t\t\t<div class=\"elementor-element elementor-element-ad796ec elementor-widget elementor-widget-html\" data-id=\"ad796ec\" data-element_type=\"widget\" data-widget_type=\"html.default\">\n\t\t\t\t\t<table >\n<tbody>\n<tr>\n<td ><strong>PRESUPUESTO<\/strong><\/td><td ><strong>PULGADA<\/strong><\/td><td ><strong>M\u00c9TRICO<\/strong><\/td>\n<\/tr>\n<tr>\n<td><strong>Di\u00e1metro de la barra<\/strong><\/td><td >2,36 pulg. o 1,38 pulg. opcional.<\/td><td>60 mm o opcional 35 mm <\/td>\n<\/tr>\n<tr>\n<td><strong>Di\u00e1metro de perforaci\u00f3n<\/strong><\/td><td >1,5 \u2013 19,69 pulgadas<\/td><td>38 \u2013 500 mil\u00edmetros<\/td>\n<\/tr>\n<tr>\n<td><strong>Carrera m\u00e1xima<\/strong><\/td><td >16,54 pulgadas<\/td><td>420 mil\u00edmetros<\/td>\n<\/tr>\n<tr>\n<td><strong>Opci\u00f3n de energ\u00eda<\/strong><\/td><td >El\u00e9ctrico, hidr\u00e1ulico<\/td><td>El\u00e9ctrico, hidr\u00e1ulico<\/td>\n<\/tr>\n<\/tbody>\n<\/table>\n\n\t\t\t\t<\/div>\n\t\t\t\t<div class=\"elementor-element elementor-element-7baea33 elementor-align-justify elementor-widget elementor-widget-button\" data-id=\"7baea33\" data-element_type=\"widget\" data-widget_type=\"button.default\">\n\t\t\t\t\t\t\t\t\t\t<a class=\"elementor-button elementor-button-link elementor-size-md\" href=\"https:\/\/elineboringmachine.com\/es\/productos\/maquina-perforadora-de-linea-portatil\/elba60-portable-line-boring-machine\/\">\n\t\t\t\t\t\t<span class=\"elementor-button-content-wrapper\">\n\t\t\t\t\t\t\t\t\t<span class=\"elementor-button-text\">Mandrinadora de l\u00ednea ELBA60<\/span>\n\t\t\t\t\t<\/span>\n\t\t\t\t\t<\/a>\n\t\t\t\t\t\t\t\t<\/div>\n\t\t\t\t<\/div>\n\t\t\t\t<\/div>\n\t\t\t\t<\/div>","protected":false},"excerpt":{"rendered":"<p>Mandrinadora port\u00e1til para la reparaci\u00f3n sencilla de perforaciones conc\u00e9ntricas en retroexcavadoras, excavadoras, cargadoras frontales, enganches de chatarra, tractores, excavadoras, bastidores de maquinaria, etc., para operaciones in situ o en taller, ahorrando tiempo y recursos. Las mandrinadoras port\u00e1tiles EZ son los sistemas de mandrinado m\u00e1s vers\u00e1tiles del mercado de mecanizado port\u00e1til. Su configuraci\u00f3n r\u00edgida\u2026&nbsp;<\/p>\n<div class=\"read-more-wrapper\"><a href=\"https:\/\/elineboringmachine.com\/es\/productos\/maquina-perforadora-de-linea-portatil\/\" class=\"button button-primary\" rel=\"bookmark\">Leer m\u00e1s &quot;<span class=\"screen-reader-text\">Mandrinadora port\u00e1til<\/span><\/a><\/div>","protected":false},"author":1,"featured_media":4767,"parent":371,"menu_order":0,"comment_status":"closed","ping_status":"closed","template":"page-templates\/template-pagebuilder-full-width.php","meta":{"neve_meta_sidebar":"","neve_meta_container":"","neve_meta_enable_content_width":"","neve_meta_content_width":0,"neve_meta_title_alignment":"","neve_meta_author_avatar":"","neve_post_elements_order":"","neve_meta_disable_header":"","neve_meta_disable_footer":"","neve_meta_disable_title":"","neve_meta_reading_time":"","footnotes":""},"class_list":["post-1297","page","type-page","status-publish","has-post-thumbnail","hentry"],"_links":{"self":[{"href":"https:\/\/elineboringmachine.com\/es\/wp-json\/wp\/v2\/pages\/1297","targetHints":{"allow":["GET"]}}],"collection":[{"href":"https:\/\/elineboringmachine.com\/es\/wp-json\/wp\/v2\/pages"}],"about":[{"href":"https:\/\/elineboringmachine.com\/es\/wp-json\/wp\/v2\/types\/page"}],"author":[{"embeddable":true,"href":"https:\/\/elineboringmachine.com\/es\/wp-json\/wp\/v2\/users\/1"}],"replies":[{"embeddable":true,"href":"https:\/\/elineboringmachine.com\/es\/wp-json\/wp\/v2\/comments?post=1297"}],"version-history":[{"count":0,"href":"https:\/\/elineboringmachine.com\/es\/wp-json\/wp\/v2\/pages\/1297\/revisions"}],"up":[{"embeddable":true,"href":"https:\/\/elineboringmachine.com\/es\/wp-json\/wp\/v2\/pages\/371"}],"wp:featuredmedia":[{"embeddable":true,"href":"https:\/\/elineboringmachine.com\/es\/wp-json\/wp\/v2\/media\/4767"}],"wp:attachment":[{"href":"https:\/\/elineboringmachine.com\/es\/wp-json\/wp\/v2\/media?parent=1297"}],"curies":[{"name":"wp","href":"https:\/\/api.w.org\/{rel}","templated":true}]}}