{"id":371,"date":"2022-06-14T13:53:15","date_gmt":"2022-06-14T13:53:15","guid":{"rendered":"https:\/\/elineboringmachine.com\/?page_id=371"},"modified":"2024-04-05T13:06:40","modified_gmt":"2024-04-05T05:06:40","slug":"productos","status":"publish","type":"page","link":"https:\/\/elineboringmachine.com\/es\/productos\/","title":{"rendered":"productos"},"content":{"rendered":"<div data-elementor-type=\"wp-page\" data-elementor-id=\"371\" class=\"elementor elementor-371\" data-elementor-post-type=\"page\">\n\t\t\t\t<div class=\"elementor-element elementor-element-99c06bf e-con-full e-flex e-con e-parent\" data-id=\"99c06bf\" data-element_type=\"container\">\n\t\t\t\t<div class=\"elementor-element elementor-element-aceddd4 elementor-widget elementor-widget-heading\" data-id=\"aceddd4\" data-element_type=\"widget\" data-widget_type=\"heading.default\">\n\t\t\t\t\t<h2 class=\"elementor-heading-title elementor-size-default\">PRODUCTOS<\/h2>\t\t\t\t<\/div>\n\t\t\t\t<\/div>\n\t\t\t\t<section class=\"elementor-section elementor-top-section elementor-element elementor-element-89f48d0 elementor-section-full_width elementor-reverse-mobile elementor-section-height-default elementor-section-height-default\" data-id=\"89f48d0\" data-element_type=\"section\" data-settings=\"{&quot;background_background&quot;:&quot;classic&quot;}\">\n\t\t\t\t\t\t<div class=\"elementor-container elementor-column-gap-default\">\n\t\t\t\t\t<div class=\"elementor-column elementor-col-50 elementor-top-column elementor-element elementor-element-71474b2\" data-id=\"71474b2\" data-element_type=\"column\" data-settings=\"{&quot;background_background&quot;:&quot;classic&quot;}\">\n\t\t\t<div class=\"elementor-widget-wrap elementor-element-populated\">\n\t\t\t\t\t\t<div class=\"elementor-element elementor-element-2727a62 elementor-hidden-tablet elementor-hidden-mobile elementor-widget elementor-widget-spacer\" data-id=\"2727a62\" data-element_type=\"widget\" data-widget_type=\"spacer.default\">\n\t\t\t\t\t\t\t<div class=\"elementor-spacer\">\n\t\t\t<div class=\"elementor-spacer-inner\"><\/div>\n\t\t<\/div>\n\t\t\t\t\t\t<\/div>\n\t\t\t\t<div class=\"elementor-element elementor-element-997e29f elementor-widget-divider--view-line elementor-widget elementor-widget-divider\" data-id=\"997e29f\" data-element_type=\"widget\" data-widget_type=\"divider.default\">\n\t\t\t\t\t\t\t<div class=\"elementor-divider\">\n\t\t\t<span class=\"elementor-divider-separator\">\n\t\t\t\t\t\t<\/span>\n\t\t<\/div>\n\t\t\t\t\t\t<\/div>\n\t\t\t\t<div class=\"elementor-element elementor-element-e94e6aa elementor-widget elementor-widget-text-editor\" data-id=\"e94e6aa\" data-element_type=\"widget\" data-widget_type=\"text-editor.default\">\n\t\t\t\t\t\t\t\t\t<p>EZLINK Portable Machines se dedica a proporcionar m\u00e1quinas herramientas port\u00e1tiles innovadoras y de alta calidad que puedan satisfacer las diversas necesidades de nuestros clientes.<\/p><p>Ya sea que trabaje en una obra, una plataforma petrol\u00edfera o en un taller, nuestros productos est\u00e1n dise\u00f1ados para ofrecerle la eficiencia, precisi\u00f3n y versatilidad que necesita para realizar su trabajo correctamente. Desde nuestras mandrinadoras y biseladoras de tubos hasta nuestras refrentadoras de bridas y tornos para ejes, nuestros productos est\u00e1n dise\u00f1ados para ayudarle a trabajar de forma m\u00e1s inteligente, r\u00e1pida y segura.<\/p><p>Conf\u00ede en EZLINK Portable Machines como su fuente de referencia para todas sus necesidades de mecanizado port\u00e1til.<\/p>\t\t\t\t\t\t\t\t<\/div>\n\t\t\t\t\t<\/div>\n\t\t<\/div>\n\t\t\t\t<div class=\"elementor-column elementor-col-50 elementor-top-column elementor-element elementor-element-5cfca13\" data-id=\"5cfca13\" data-element_type=\"column\" data-settings=\"{&quot;background_background&quot;:&quot;classic&quot;}\">\n\t\t\t<div class=\"elementor-widget-wrap elementor-element-populated\">\n\t\t\t\t\t\t<div class=\"elementor-element elementor-element-20aba3e elementor-widget-mobile__width-inherit elementor-widget elementor-widget-image\" data-id=\"20aba3e\" data-element_type=\"widget\" data-widget_type=\"image.default\">\n\t\t\t\t\t\t\t\t\t\t\t\t\t\t\t<img fetchpriority=\"high\" decoding=\"async\" width=\"1240\" height=\"800\" src=\"https:\/\/elineboringmachine.com\/wp-content\/uploads\/2023\/04\/EFF1500-FLANGE-FACERS.webp\" class=\"attachment-full size-full wp-image-451623\" alt=\"\" srcset=\"https:\/\/elineboringmachine.com\/wp-content\/uploads\/2023\/04\/EFF1500-FLANGE-FACERS.webp 1240w, https:\/\/elineboringmachine.com\/wp-content\/uploads\/2023\/04\/EFF1500-FLANGE-FACERS-300x194.webp 300w, https:\/\/elineboringmachine.com\/wp-content\/uploads\/2023\/04\/EFF1500-FLANGE-FACERS-1024x661.webp 1024w, https:\/\/elineboringmachine.com\/wp-content\/uploads\/2023\/04\/EFF1500-FLANGE-FACERS-768x495.webp 768w, https:\/\/elineboringmachine.com\/wp-content\/uploads\/2023\/04\/EFF1500-FLANGE-FACERS-18x12.webp 18w\" sizes=\"(max-width: 1240px) 100vw, 1240px\" title=\"\">\t\t\t\t\t\t\t\t\t\t\t\t\t\t\t<\/div>\n\t\t\t\t\t<\/div>\n\t\t<\/div>\n\t\t\t\t\t<\/div>\n\t\t<\/section>\n\t\t\t\t<section class=\"elementor-section elementor-top-section elementor-element elementor-element-98a494e elementor-section-full_width elementor-section-height-default elementor-section-height-default\" data-id=\"98a494e\" data-element_type=\"section\" data-settings=\"{&quot;background_background&quot;:&quot;classic&quot;}\">\n\t\t\t\t\t\t<div class=\"elementor-container elementor-column-gap-wider\">\n\t\t\t\t\t<div class=\"elementor-column elementor-col-33 elementor-top-column elementor-element elementor-element-5207202\" data-id=\"5207202\" data-element_type=\"column\" data-settings=\"{&quot;background_background&quot;:&quot;classic&quot;}\">\n\t\t\t<div class=\"elementor-widget-wrap elementor-element-populated\">\n\t\t\t\t\t<div class=\"elementor-background-overlay\"><\/div>\n\t\t\t\t\t\t<div class=\"elementor-element elementor-element-530c873 elementor-widget__width-inherit elementor-position-top elementor-widget elementor-widget-image-box\" data-id=\"530c873\" data-element_type=\"widget\" data-widget_type=\"image-box.default\">\n\t\t\t\t\t<div class=\"elementor-image-box-wrapper\"><figure class=\"elementor-image-box-img\"><img decoding=\"async\" width=\"800\" height=\"533\" src=\"https:\/\/elineboringmachine.com\/wp-content\/uploads\/2022\/06\/slb50-portable-line-boring-overlay-welding-machine.png\" class=\"attachment-full size-full wp-image-462\" alt=\"M\u00e1quina port\u00e1til de soldadura por superposici\u00f3n de mandrilado de l\u00ednea\" title=\"\" srcset=\"https:\/\/elineboringmachine.com\/wp-content\/uploads\/2022\/06\/slb50-portable-line-boring-overlay-welding-machine.png 800w, https:\/\/elineboringmachine.com\/wp-content\/uploads\/2022\/06\/slb50-portable-line-boring-overlay-welding-machine-300x200.png 300w, https:\/\/elineboringmachine.com\/wp-content\/uploads\/2022\/06\/slb50-portable-line-boring-overlay-welding-machine-768x512.png 768w\" sizes=\"(max-width: 800px) 100vw, 800px\" \/><\/figure><div class=\"elementor-image-box-content\"><h3 class=\"elementor-image-box-title\">Mandrinadora port\u00e1til<\/h3><p class=\"elementor-image-box-description\">Las m\u00e1quinas perforadoras de la l\u00ednea EZ cubren di\u00e1metros de perforaci\u00f3n de 1,375 a 80 pulgadas (35 a 2030 mm), f\u00e1cil configuraci\u00f3n y rendimiento preciso.<\/p><\/div><\/div>\t\t\t\t<\/div>\n\t\t\t\t<div class=\"elementor-element elementor-element-a7c7b57 elementor-align-justify elementor-widget elementor-widget-button\" data-id=\"a7c7b57\" data-element_type=\"widget\" data-widget_type=\"button.default\">\n\t\t\t\t\t\t\t\t\t\t<a class=\"elementor-button elementor-button-link elementor-size-xl\" href=\"https:\/\/elineboringmachine.com\/es\/productos\/maquina-perforadora-de-linea-portatil\/\">\n\t\t\t\t\t\t<span class=\"elementor-button-content-wrapper\">\n\t\t\t\t\t\t<span class=\"elementor-button-icon\">\n\t\t\t\t<svg aria-hidden=\"true\" class=\"e-font-icon-svg e-fas-chevron-circle-right\" viewbox=\"0 0 512 512\" xmlns=\"http:\/\/www.w3.org\/2000\/svg\"><path d=\"M256 8c137 0 248 111 248 248S393 504 256 504 8 393 8 256 119 8 256 8zm113.9 231L234.4 103.5c-9.4-9.4-24.6-9.4-33.9 0l-17 17c-9.4 9.4-9.4 24.6 0 33.9L285.1 256 183.5 357.6c-9.4 9.4-9.4 24.6 0 33.9l17 17c9.4 9.4 24.6 9.4 33.9 0L369.9 273c9.4-9.4 9.4-24.6 0-34z\"><\/path><\/svg>\t\t\t<\/span>\n\t\t\t\t\t\t\t\t\t<span class=\"elementor-button-text\">Mandrinadora de l\u00ednea<\/span>\n\t\t\t\t\t<\/span>\n\t\t\t\t\t<\/a>\n\t\t\t\t\t\t\t\t<\/div>\n\t\t\t\t\t<\/div>\n\t\t<\/div>\n\t\t\t\t<div class=\"elementor-column elementor-col-33 elementor-top-column elementor-element elementor-element-158d28b\" data-id=\"158d28b\" data-element_type=\"column\" data-settings=\"{&quot;background_background&quot;:&quot;classic&quot;}\">\n\t\t\t<div class=\"elementor-widget-wrap elementor-element-populated\">\n\t\t\t\t\t<div class=\"elementor-background-overlay\"><\/div>\n\t\t\t\t\t\t<div class=\"elementor-element elementor-element-8d37a05 elementor-widget__width-inherit elementor-position-top elementor-widget elementor-widget-image-box\" data-id=\"8d37a05\" data-element_type=\"widget\" data-widget_type=\"image-box.default\">\n\t\t\t\t\t<div class=\"elementor-image-box-wrapper\"><figure class=\"elementor-image-box-img\"><img decoding=\"async\" width=\"1240\" height=\"800\" src=\"https:\/\/elineboringmachine.com\/wp-content\/uploads\/2023\/03\/EFF1500-Flange-Facer-Pneumatic-Powered.webp\" class=\"attachment-full size-full wp-image-451558\" alt=\"Refrentadora de bridas EFF1500 con accionamiento neum\u00e1tico\" title=\"\" srcset=\"https:\/\/elineboringmachine.com\/wp-content\/uploads\/2023\/03\/EFF1500-Flange-Facer-Pneumatic-Powered.webp 1240w, https:\/\/elineboringmachine.com\/wp-content\/uploads\/2023\/03\/EFF1500-Flange-Facer-Pneumatic-Powered-300x194.webp 300w, https:\/\/elineboringmachine.com\/wp-content\/uploads\/2023\/03\/EFF1500-Flange-Facer-Pneumatic-Powered-1024x661.webp 1024w, https:\/\/elineboringmachine.com\/wp-content\/uploads\/2023\/03\/EFF1500-Flange-Facer-Pneumatic-Powered-768x495.webp 768w, https:\/\/elineboringmachine.com\/wp-content\/uploads\/2023\/03\/EFF1500-Flange-Facer-Pneumatic-Powered-18x12.webp 18w\" sizes=\"(max-width: 1240px) 100vw, 1240px\" \/><\/figure><div class=\"elementor-image-box-content\"><h3 class=\"elementor-image-box-title\">Refrentador de bridas<\/h3><p class=\"elementor-image-box-description\">El encarador de bridas port\u00e1til EZLINK proporciona di\u00e1metros de encarado de 0 a 3000 mm (0 a 120 pulgadas) para montaje en di\u00e1metro interior y exterior.<\/p><\/div><\/div>\t\t\t\t<\/div>\n\t\t\t\t<div class=\"elementor-element elementor-element-3818567 elementor-align-justify elementor-widget elementor-widget-button\" data-id=\"3818567\" data-element_type=\"widget\" data-widget_type=\"button.default\">\n\t\t\t\t\t\t\t\t\t\t<a class=\"elementor-button elementor-button-link elementor-size-sm\" href=\"https:\/\/elineboringmachine.com\/es\/productos\/flange-facer\/\">\n\t\t\t\t\t\t<span class=\"elementor-button-content-wrapper\">\n\t\t\t\t\t\t<span class=\"elementor-button-icon\">\n\t\t\t\t<svg aria-hidden=\"true\" class=\"e-font-icon-svg e-fas-chevron-circle-right\" viewbox=\"0 0 512 512\" xmlns=\"http:\/\/www.w3.org\/2000\/svg\"><path d=\"M256 8c137 0 248 111 248 248S393 504 256 504 8 393 8 256 119 8 256 8zm113.9 231L234.4 103.5c-9.4-9.4-24.6-9.4-33.9 0l-17 17c-9.4 9.4-9.4 24.6 0 33.9L285.1 256 183.5 357.6c-9.4 9.4-9.4 24.6 0 33.9l17 17c9.4 9.4 24.6 9.4 33.9 0L369.9 273c9.4-9.4 9.4-24.6 0-34z\"><\/path><\/svg>\t\t\t<\/span>\n\t\t\t\t\t\t\t\t\t<span class=\"elementor-button-text\">refrentadora de bridas<\/span>\n\t\t\t\t\t<\/span>\n\t\t\t\t\t<\/a>\n\t\t\t\t\t\t\t\t<\/div>\n\t\t\t\t\t<\/div>\n\t\t<\/div>\n\t\t\t\t<div class=\"elementor-column elementor-col-33 elementor-top-column elementor-element elementor-element-876ef6e\" data-id=\"876ef6e\" data-element_type=\"column\" data-settings=\"{&quot;background_background&quot;:&quot;classic&quot;}\">\n\t\t\t<div class=\"elementor-widget-wrap elementor-element-populated\">\n\t\t\t\t\t<div class=\"elementor-background-overlay\"><\/div>\n\t\t\t\t\t\t<div class=\"elementor-element elementor-element-a642f3c elementor-widget__width-inherit elementor-position-top elementor-widget elementor-widget-image-box\" data-id=\"a642f3c\" data-element_type=\"widget\" data-widget_type=\"image-box.default\">\n\t\t\t\t\t<div class=\"elementor-image-box-wrapper\"><figure class=\"elementor-image-box-img\"><img loading=\"lazy\" decoding=\"async\" width=\"800\" height=\"533\" src=\"https:\/\/elineboringmachine.com\/wp-content\/uploads\/2022\/07\/Split-Frame-Pipe-Cold-Cutting-And-Beveling-Machine.webp\" class=\"attachment-full size-full wp-image-1110\" alt=\"M\u00e1quina de corte y biselado en fr\u00edo de tubos con marco dividido\" title=\"\" srcset=\"https:\/\/elineboringmachine.com\/wp-content\/uploads\/2022\/07\/Split-Frame-Pipe-Cold-Cutting-And-Beveling-Machine.webp 800w, https:\/\/elineboringmachine.com\/wp-content\/uploads\/2022\/07\/Split-Frame-Pipe-Cold-Cutting-And-Beveling-Machine-300x200.webp 300w, https:\/\/elineboringmachine.com\/wp-content\/uploads\/2022\/07\/Split-Frame-Pipe-Cold-Cutting-And-Beveling-Machine-768x512.webp 768w\" sizes=\"(max-width: 800px) 100vw, 800px\" \/><\/figure><div class=\"elementor-image-box-content\"><h3 class=\"elementor-image-box-title\">Corte de tubos con biselado<\/h3><p class=\"elementor-image-box-description\">Las m\u00e1quinas biseladoras y cortadoras de tubos port\u00e1tiles EZLINK son los equipos de mecanizado de tubos y tuber\u00edas m\u00e1s potentes, robustos, confiables y vers\u00e1tiles del mundo. <\/p><\/div><\/div>\t\t\t\t<\/div>\n\t\t\t\t<div class=\"elementor-element elementor-element-dd9d81f elementor-align-justify elementor-widget elementor-widget-button\" data-id=\"dd9d81f\" data-element_type=\"widget\" data-widget_type=\"button.default\">\n\t\t\t\t\t\t\t\t\t\t<a class=\"elementor-button elementor-button-link elementor-size-sm\" href=\"https:\/\/elineboringmachine.com\/es\/productos\/clamshell-split-frame-machines\/\">\n\t\t\t\t\t\t<span class=\"elementor-button-content-wrapper\">\n\t\t\t\t\t\t<span class=\"elementor-button-icon\">\n\t\t\t\t<svg aria-hidden=\"true\" class=\"e-font-icon-svg e-fas-chevron-circle-right\" viewbox=\"0 0 512 512\" xmlns=\"http:\/\/www.w3.org\/2000\/svg\"><path d=\"M256 8c137 0 248 111 248 248S393 504 256 504 8 393 8 256 119 8 256 8zm113.9 231L234.4 103.5c-9.4-9.4-24.6-9.4-33.9 0l-17 17c-9.4 9.4-9.4 24.6 0 33.9L285.1 256 183.5 357.6c-9.4 9.4-9.4 24.6 0 33.9l17 17c9.4 9.4 24.6 9.4 33.9 0L369.9 273c9.4-9.4 9.4-24.6 0-34z\"><\/path><\/svg>\t\t\t<\/span>\n\t\t\t\t\t\t\t\t\t<span class=\"elementor-button-text\">corte de tubos biselados <\/span>\n\t\t\t\t\t<\/span>\n\t\t\t\t\t<\/a>\n\t\t\t\t\t\t\t\t<\/div>\n\t\t\t\t\t<\/div>\n\t\t<\/div>\n\t\t\t\t\t<\/div>\n\t\t<\/section>\n\t\t\t\t<section class=\"elementor-section elementor-top-section elementor-element elementor-element-9f6b592 elementor-section-full_width elementor-section-height-default elementor-section-height-default\" data-id=\"9f6b592\" data-element_type=\"section\" data-settings=\"{&quot;background_background&quot;:&quot;classic&quot;}\">\n\t\t\t\t\t\t<div class=\"elementor-container elementor-column-gap-wider\">\n\t\t\t\t\t<div class=\"elementor-column elementor-col-33 elementor-top-column elementor-element elementor-element-7e3abcd\" data-id=\"7e3abcd\" data-element_type=\"column\" data-settings=\"{&quot;background_background&quot;:&quot;classic&quot;}\">\n\t\t\t<div class=\"elementor-widget-wrap elementor-element-populated\">\n\t\t\t\t\t<div class=\"elementor-background-overlay\"><\/div>\n\t\t\t\t\t\t<div class=\"elementor-element elementor-element-051993c elementor-widget__width-inherit elementor-position-top elementor-widget elementor-widget-image-box\" data-id=\"051993c\" data-element_type=\"widget\" data-widget_type=\"image-box.default\">\n\t\t\t\t\t<div class=\"elementor-image-box-wrapper\"><figure class=\"elementor-image-box-img\"><img loading=\"lazy\" decoding=\"async\" width=\"800\" height=\"533\" src=\"https:\/\/elineboringmachine.com\/wp-content\/uploads\/2022\/07\/V8P-BEVELING-1.webp\" class=\"attachment-full size-full wp-image-1836\" alt=\"\" title=\"\" srcset=\"https:\/\/elineboringmachine.com\/wp-content\/uploads\/2022\/07\/V8P-BEVELING-1.webp 800w, https:\/\/elineboringmachine.com\/wp-content\/uploads\/2022\/07\/V8P-BEVELING-1-300x200.webp 300w, https:\/\/elineboringmachine.com\/wp-content\/uploads\/2022\/07\/V8P-BEVELING-1-768x512.webp 768w\" sizes=\"(max-width: 800px) 100vw, 800px\" \/><\/figure><div class=\"elementor-image-box-content\"><h3 class=\"elementor-image-box-title\">M\u00e1quina biseladora de tubos<\/h3><p class=\"elementor-image-box-description\">Biseladoras de tubos port\u00e1tiles con sujeci\u00f3n interna, m\u00e1quinas ligeras y compactas para refrentado, biselado y preparaci\u00f3n de soldadura en tubos\/ca\u00f1os.<\/p><\/div><\/div>\t\t\t\t<\/div>\n\t\t\t\t<div class=\"elementor-element elementor-element-3e8e7e8 elementor-align-justify elementor-widget elementor-widget-button\" data-id=\"3e8e7e8\" data-element_type=\"widget\" data-widget_type=\"button.default\">\n\t\t\t\t\t\t\t\t\t\t<a class=\"elementor-button elementor-button-link elementor-size-sm\" href=\"https:\/\/elineboringmachine.com\/es\/productos\/pipe-beveling-machines\/\">\n\t\t\t\t\t\t<span class=\"elementor-button-content-wrapper\">\n\t\t\t\t\t\t<span class=\"elementor-button-icon\">\n\t\t\t\t<svg aria-hidden=\"true\" class=\"e-font-icon-svg e-fas-chevron-circle-right\" viewbox=\"0 0 512 512\" xmlns=\"http:\/\/www.w3.org\/2000\/svg\"><path d=\"M256 8c137 0 248 111 248 248S393 504 256 504 8 393 8 256 119 8 256 8zm113.9 231L234.4 103.5c-9.4-9.4-24.6-9.4-33.9 0l-17 17c-9.4 9.4-9.4 24.6 0 33.9L285.1 256 183.5 357.6c-9.4 9.4-9.4 24.6 0 33.9l17 17c9.4 9.4 24.6 9.4 33.9 0L369.9 273c9.4-9.4 9.4-24.6 0-34z\"><\/path><\/svg>\t\t\t<\/span>\n\t\t\t\t\t\t\t\t\t<span class=\"elementor-button-text\">M\u00e1quina biseladora de tubos<\/span>\n\t\t\t\t\t<\/span>\n\t\t\t\t\t<\/a>\n\t\t\t\t\t\t\t\t<\/div>\n\t\t\t\t\t<\/div>\n\t\t<\/div>\n\t\t\t\t<div class=\"elementor-column elementor-col-33 elementor-top-column elementor-element elementor-element-042432b\" data-id=\"042432b\" data-element_type=\"column\" data-settings=\"{&quot;background_background&quot;:&quot;classic&quot;}\">\n\t\t\t<div class=\"elementor-widget-wrap elementor-element-populated\">\n\t\t\t\t\t<div class=\"elementor-background-overlay\"><\/div>\n\t\t\t\t\t\t<div class=\"elementor-element elementor-element-82358a9 elementor-widget__width-inherit elementor-position-top elementor-widget elementor-widget-image-box\" data-id=\"82358a9\" data-element_type=\"widget\" data-widget_type=\"image-box.default\">\n\t\t\t\t\t<div class=\"elementor-image-box-wrapper\"><figure class=\"elementor-image-box-img\"><img loading=\"lazy\" decoding=\"async\" width=\"800\" height=\"533\" src=\"https:\/\/elineboringmachine.com\/wp-content\/uploads\/2022\/07\/customized-PSL300-1.webp\" class=\"attachment-full size-full wp-image-1111\" alt=\"Torno de ejes port\u00e1til personalizado PSL300-1\" title=\"\" srcset=\"https:\/\/elineboringmachine.com\/wp-content\/uploads\/2022\/07\/customized-PSL300-1.webp 800w, https:\/\/elineboringmachine.com\/wp-content\/uploads\/2022\/07\/customized-PSL300-1-300x200.webp 300w, https:\/\/elineboringmachine.com\/wp-content\/uploads\/2022\/07\/customized-PSL300-1-768x512.webp 768w\" sizes=\"(max-width: 800px) 100vw, 800px\" \/><\/figure><div class=\"elementor-image-box-content\"><h3 class=\"elementor-image-box-title\">Tornos de eje port\u00e1tiles<\/h3><p class=\"elementor-image-box-description\">EZLINK ofrece un torno port\u00e1til para el reacondicionamiento en sitio de ejes grandes, ejes cortos, ranuras \u201cO\u201d y asientos\/mu\u00f1ones de cojinetes, etc.<\/p><\/div><\/div>\t\t\t\t<\/div>\n\t\t\t\t<div class=\"elementor-element elementor-element-6f50f5d elementor-align-justify elementor-widget elementor-widget-button\" data-id=\"6f50f5d\" data-element_type=\"widget\" data-widget_type=\"button.default\">\n\t\t\t\t\t\t\t\t\t\t<a class=\"elementor-button elementor-button-link elementor-size-sm\" href=\"https:\/\/elineboringmachine.com\/es\/productos\/portable-shaft-lathe\/\">\n\t\t\t\t\t\t<span class=\"elementor-button-content-wrapper\">\n\t\t\t\t\t\t<span class=\"elementor-button-icon\">\n\t\t\t\t<svg aria-hidden=\"true\" class=\"e-font-icon-svg e-fas-chevron-circle-right\" viewbox=\"0 0 512 512\" xmlns=\"http:\/\/www.w3.org\/2000\/svg\"><path d=\"M256 8c137 0 248 111 248 248S393 504 256 504 8 393 8 256 119 8 256 8zm113.9 231L234.4 103.5c-9.4-9.4-24.6-9.4-33.9 0l-17 17c-9.4 9.4-9.4 24.6 0 33.9L285.1 256 183.5 357.6c-9.4 9.4-9.4 24.6 0 33.9l17 17c9.4 9.4 24.6 9.4 33.9 0L369.9 273c9.4-9.4 9.4-24.6 0-34z\"><\/path><\/svg>\t\t\t<\/span>\n\t\t\t\t\t\t\t\t\t<span class=\"elementor-button-text\">torno port\u00e1til<\/span>\n\t\t\t\t\t<\/span>\n\t\t\t\t\t<\/a>\n\t\t\t\t\t\t\t\t<\/div>\n\t\t\t\t\t<\/div>\n\t\t<\/div>\n\t\t\t\t<div class=\"elementor-column elementor-col-33 elementor-top-column elementor-element elementor-element-25b4343\" data-id=\"25b4343\" data-element_type=\"column\" data-settings=\"{&quot;background_background&quot;:&quot;classic&quot;}\">\n\t\t\t<div class=\"elementor-widget-wrap elementor-element-populated\">\n\t\t\t\t\t<div class=\"elementor-background-overlay\"><\/div>\n\t\t\t\t\t\t<div class=\"elementor-element elementor-element-fd3221c elementor-widget__width-inherit elementor-position-top elementor-widget elementor-widget-image-box\" data-id=\"fd3221c\" data-element_type=\"widget\" data-widget_type=\"image-box.default\">\n\t\t\t\t\t<div class=\"elementor-image-box-wrapper\"><figure class=\"elementor-image-box-img\"><img loading=\"lazy\" decoding=\"async\" width=\"800\" height=\"533\" src=\"https:\/\/elineboringmachine.com\/wp-content\/uploads\/2022\/07\/bushings-track-pin-press-kits.webp\" class=\"attachment-full size-full wp-image-1112\" alt=\"kits de prensado de bujes y pasadores de oruga\" title=\"\" srcset=\"https:\/\/elineboringmachine.com\/wp-content\/uploads\/2022\/07\/bushings-track-pin-press-kits.webp 800w, https:\/\/elineboringmachine.com\/wp-content\/uploads\/2022\/07\/bushings-track-pin-press-kits-300x200.webp 300w, https:\/\/elineboringmachine.com\/wp-content\/uploads\/2022\/07\/bushings-track-pin-press-kits-768x512.webp 768w\" sizes=\"(max-width: 800px) 100vw, 800px\" \/><\/figure><div class=\"elementor-image-box-content\"><h3 class=\"elementor-image-box-title\">Prensa de bujes y pasadores de cadena<\/h3><p class=\"elementor-image-box-description\">La prensa de bujes hidr\u00e1ulica port\u00e1til y la prensa de pasadores de cadena est\u00e1n dise\u00f1adas para quitar bujes y pasadores en cargadores, excavadoras, tractores, etc.<\/p><\/div><\/div>\t\t\t\t<\/div>\n\t\t\t\t<div class=\"elementor-element elementor-element-acff7ce elementor-align-justify elementor-widget elementor-widget-button\" data-id=\"acff7ce\" data-element_type=\"widget\" data-widget_type=\"button.default\">\n\t\t\t\t\t\t\t\t\t\t<a class=\"elementor-button elementor-button-link elementor-size-sm\" href=\"https:\/\/elineboringmachine.com\/es\/productos\/portable-hydraulic-bushing-trackpin-press\/\">\n\t\t\t\t\t\t<span class=\"elementor-button-content-wrapper\">\n\t\t\t\t\t\t<span class=\"elementor-button-icon\">\n\t\t\t\t<svg aria-hidden=\"true\" class=\"e-font-icon-svg e-fas-chevron-circle-right\" viewbox=\"0 0 512 512\" xmlns=\"http:\/\/www.w3.org\/2000\/svg\"><path d=\"M256 8c137 0 248 111 248 248S393 504 256 504 8 393 8 256 119 8 256 8zm113.9 231L234.4 103.5c-9.4-9.4-24.6-9.4-33.9 0l-17 17c-9.4 9.4-9.4 24.6 0 33.9L285.1 256 183.5 357.6c-9.4 9.4-9.4 24.6 0 33.9l17 17c9.4 9.4 24.6 9.4 33.9 0L369.9 273c9.4-9.4 9.4-24.6 0-34z\"><\/path><\/svg>\t\t\t<\/span>\n\t\t\t\t\t\t\t\t\t<span class=\"elementor-button-text\">prensa de pasador de seguimiento de buje<\/span>\n\t\t\t\t\t<\/span>\n\t\t\t\t\t<\/a>\n\t\t\t\t\t\t\t\t<\/div>\n\t\t\t\t\t<\/div>\n\t\t<\/div>\n\t\t\t\t\t<\/div>\n\t\t<\/section>\n\t\t\t\t<\/div>","protected":false},"excerpt":{"rendered":"<p>PRODUCTOS EZLINK Portable Machines se dedica a proporcionar m\u00e1quinas herramienta port\u00e1tiles innovadoras y de alta calidad que satisfacen las diversas necesidades de nuestros clientes. Ya sea que trabaje en una obra, una plataforma petrol\u00edfera o un taller, nuestros productos est\u00e1n dise\u00f1ados para ofrecerle la eficiencia, precisi\u00f3n y versatilidad que necesita para realizar su trabajo.&nbsp;<\/p>\n<div class=\"read-more-wrapper\"><a href=\"https:\/\/elineboringmachine.com\/es\/productos\/\" class=\"button button-primary\" rel=\"bookmark\">Leer m\u00e1s &quot;<span class=\"screen-reader-text\">productos<\/span><\/a><\/div>","protected":false},"author":1,"featured_media":5924,"parent":0,"menu_order":0,"comment_status":"closed","ping_status":"closed","template":"elementor_header_footer","meta":{"neve_meta_sidebar":"","neve_meta_container":"","neve_meta_enable_content_width":"","neve_meta_content_width":0,"neve_meta_title_alignment":"","neve_meta_author_avatar":"","neve_post_elements_order":"","neve_meta_disable_header":"","neve_meta_disable_footer":"","neve_meta_disable_title":"","neve_meta_reading_time":"","footnotes":""},"class_list":["post-371","page","type-page","status-publish","has-post-thumbnail","hentry"],"_links":{"self":[{"href":"https:\/\/elineboringmachine.com\/es\/wp-json\/wp\/v2\/pages\/371","targetHints":{"allow":["GET"]}}],"collection":[{"href":"https:\/\/elineboringmachine.com\/es\/wp-json\/wp\/v2\/pages"}],"about":[{"href":"https:\/\/elineboringmachine.com\/es\/wp-json\/wp\/v2\/types\/page"}],"author":[{"embeddable":true,"href":"https:\/\/elineboringmachine.com\/es\/wp-json\/wp\/v2\/users\/1"}],"replies":[{"embeddable":true,"href":"https:\/\/elineboringmachine.com\/es\/wp-json\/wp\/v2\/comments?post=371"}],"version-history":[{"count":0,"href":"https:\/\/elineboringmachine.com\/es\/wp-json\/wp\/v2\/pages\/371\/revisions"}],"wp:featuredmedia":[{"embeddable":true,"href":"https:\/\/elineboringmachine.com\/es\/wp-json\/wp\/v2\/media\/5924"}],"wp:attachment":[{"href":"https:\/\/elineboringmachine.com\/es\/wp-json\/wp\/v2\/media?parent=371"}],"curies":[{"name":"wp","href":"https:\/\/api.w.org\/{rel}","templated":true}]}}