{"id":6,"date":"2020-04-06T12:28:33","date_gmt":"2020-04-06T12:28:33","guid":{"rendered":""},"modified":"2024-04-05T13:06:39","modified_gmt":"2024-04-05T05:06:39","slug":"about-us","status":"publish","type":"page","link":"https:\/\/elineboringmachine.com\/es\/about-us\/","title":{"rendered":"Acerca de"},"content":{"rendered":"<div data-elementor-type=\"wp-page\" data-elementor-id=\"6\" class=\"elementor elementor-6\" data-elementor-post-type=\"page\">\n\t\t\t\t<div class=\"elementor-element elementor-element-6aa3446 e-con-full e-flex e-con e-parent\" data-id=\"6aa3446\" data-element_type=\"container\" data-settings=\"{&quot;background_background&quot;:&quot;classic&quot;}\">\n\t\t\t\t<div class=\"elementor-element elementor-element-e91986e elementor-widget__width-inherit elementor--h-position-center elementor--v-position-middle elementor-arrows-position-inside elementor-pagination-position-inside elementor-widget elementor-widget-slides\" data-id=\"e91986e\" data-element_type=\"widget\" data-settings=\"{&quot;navigation&quot;:&quot;both&quot;,&quot;autoplay&quot;:&quot;yes&quot;,&quot;pause_on_hover&quot;:&quot;yes&quot;,&quot;pause_on_interaction&quot;:&quot;yes&quot;,&quot;autoplay_speed&quot;:5000,&quot;infinite&quot;:&quot;yes&quot;,&quot;transition&quot;:&quot;slide&quot;,&quot;transition_speed&quot;:500}\" data-widget_type=\"slides.default\">\n\t\t\t\t\t\t\t\t\t\t<div class=\"elementor-slides-wrapper elementor-main-swiper swiper\" role=\"region\" aria-roledescription=\"carousel\" aria-label=\"Diapositivas\" dir=\"ltr\" data-animation=\"fadeInLeft\">\n\t\t\t\t<div class=\"swiper-wrapper elementor-slides\">\n\t\t\t\t\t\t\t\t\t\t<div class=\"elementor-repeater-item-703060a swiper-slide\" role=\"group\" aria-roledescription=\"slide\"><div class=\"swiper-slide-bg elementor-ken-burns elementor-ken-burns--in\" role=\"img\"><\/div><div class=\"elementor-background-overlay\"><\/div><div class=\"swiper-slide-inner\" ><div class=\"swiper-slide-contents\"><div class=\"elementor-slide-heading\">Refrentadora de bridas EFF1500<\/div><a href=\"https:\/\/elineboringmachine.com\/es\/productos\/flange-facer\/eff1500-id-flange-facing-machine\/\" class=\"elementor-button elementor-slide-button elementor-size-lg\">REFORZADORA DE BRIDA EFF1500<\/a><\/div><\/div><\/div><div class=\"elementor-repeater-item-d6deb2f swiper-slide\" role=\"group\" aria-roledescription=\"slide\"><div class=\"swiper-slide-bg elementor-ken-burns elementor-ken-burns--in\" role=\"img\"><\/div><div class=\"elementor-background-overlay\"><\/div><div class=\"swiper-slide-inner\" ><div class=\"swiper-slide-contents\"><div class=\"elementor-slide-heading\">M\u00e1quina de soldadura por perforaci\u00f3n de l\u00ednea port\u00e1til SLB50<\/div><a href=\"https:\/\/elineboringmachine.com\/es\/productos\/maquina-perforadora-de-linea-portatil\/slb50-portable-line-boring-welding-machine\/\" class=\"elementor-button elementor-slide-button elementor-size-lg\">M\u00e1quina de soldadura por perforaci\u00f3n de l\u00ednea port\u00e1til SLB50<\/a><\/div><\/div><\/div><div class=\"elementor-repeater-item-ef58fe9 swiper-slide\" role=\"group\" aria-roledescription=\"slide\"><div class=\"swiper-slide-bg elementor-ken-burns elementor-ken-burns--in\" role=\"img\"><\/div><div class=\"elementor-background-overlay\"><\/div><div class=\"swiper-slide-inner\" ><div class=\"swiper-slide-contents\"><div class=\"elementor-slide-heading\">M\u00e1quinas de corte y biselado de tubos con bastidor dividido tipo concha<\/div><a href=\"https:\/\/elineboringmachine.com\/es\/productos\/clamshell-split-frame-machines\/\" class=\"elementor-button elementor-slide-button elementor-size-lg\">Ver todas las m\u00e1quinas de corte y biselado de tubos tipo concha<\/a><\/div><\/div><\/div>\t\t\t\t<\/div>\n\t\t\t\t\t\t\t\t\t\t\t\t\t\t\t<div class=\"elementor-swiper-button elementor-swiper-button-prev\" role=\"button\" tabindex=\"0\" aria-label=\"Diapositive pr\u00e9c\u00e9dente\" data-no-translation-aria-label=\"\">\n\t\t\t\t\t\t\t<svg aria-hidden=\"true\" class=\"e-font-icon-svg e-eicon-chevron-left\" viewbox=\"0 0 1000 1000\" xmlns=\"http:\/\/www.w3.org\/2000\/svg\"><path d=\"M646 125C629 125 613 133 604 142L308 442C296 454 292 471 292 487 292 504 296 521 308 533L604 854C617 867 629 875 646 875 663 875 679 871 692 858 704 846 713 829 713 812 713 796 708 779 692 767L438 487 692 225C700 217 708 204 708 187 708 171 704 154 692 142 675 129 663 125 646 125Z\"><\/path><\/svg>\t\t\t\t\t\t<\/div>\n\t\t\t\t\t\t<div class=\"elementor-swiper-button elementor-swiper-button-next\" role=\"button\" tabindex=\"0\" aria-label=\"Diapositive suivante\" data-no-translation-aria-label=\"\">\n\t\t\t\t\t\t\t<svg aria-hidden=\"true\" class=\"e-font-icon-svg e-eicon-chevron-right\" viewbox=\"0 0 1000 1000\" xmlns=\"http:\/\/www.w3.org\/2000\/svg\"><path d=\"M696 533C708 521 713 504 713 487 713 471 708 454 696 446L400 146C388 133 375 125 354 125 338 125 325 129 313 142 300 154 292 171 292 187 292 204 296 221 308 233L563 492 304 771C292 783 288 800 288 817 288 833 296 850 308 863 321 871 338 875 354 875 371 875 388 867 400 854L696 533Z\"><\/path><\/svg>\t\t\t\t\t\t<\/div>\n\t\t\t\t\t\t\t\t\t\t\t\t\t\t\t\t<div class=\"swiper-pagination\"><\/div>\n\t\t\t\t\t\t\t\t\t\t\t\t<\/div>\n\t\t\t\t\t\t\t\t<\/div>\n\t\t\t\t<div class=\"elementor-element elementor-element-1d88d14 elementor-widget elementor-widget-heading\" data-id=\"1d88d14\" data-element_type=\"widget\" data-widget_type=\"heading.default\">\n\t\t\t\t\t<h1 class=\"elementor-heading-title elementor-size-default\">Quienes somos<\/h1>\t\t\t\t<\/div>\n\t\t\t\t<div class=\"elementor-element elementor-element-e3e3ae1 elementor-widget elementor-widget-heading\" data-id=\"e3e3ae1\" data-element_type=\"widget\" data-widget_type=\"heading.default\">\n\t\t\t\t\t<h2 class=\"elementor-heading-title elementor-size-default\">Proveedor de productos confiables, asequibles y rentables<\/h2>\t\t\t\t<\/div>\n\t\t\t\t<div class=\"elementor-element elementor-element-475f1b3 elementor-widget__width-initial elementor-widget-mobile__width-inherit elementor-widget elementor-widget-text-editor\" data-id=\"475f1b3\" data-element_type=\"widget\" data-widget_type=\"text-editor.default\">\n\t\t\t\t\t\t\t\t\t<p>Fundada en 2012, EZLINK es un proveedor l\u00edder de m\u00e1quinas herramienta port\u00e1tiles innovadoras y de alta calidad para reparaciones y mantenimiento in situ. Nos comprometemos a ofrecer soluciones eficientes y rentables que mantengan su planta funcionando de forma fluida, segura y rentable. Nuestros productos incluyen mandrinadoras port\u00e1tiles, refrentadoras de bridas, biseladoras de tubos y otras m\u00e1quinas herramienta dise\u00f1adas para agilizar, facilitar y hacer m\u00e1s eficientes las tareas de mantenimiento.<\/p><p>\u00a0<span style=\"text-align: var(--text-align); background-color: var(--nv-site-bg); color: var(--nv-text-color); font-size: var(--bodyfontsize); font-weight: var(--bodyfontweight); letter-spacing: var(--bodyletterspacing); text-transform: var(--bodytexttransform);\">Creemos en brindar el mejor servicio y soporte al cliente, por eso contamos con un equipo de expertos disponible las 24 horas, los 7 d\u00edas de la semana, para responder a cualquier pregunta que tenga. Nuestros productos est\u00e1n fabricados para soportar entornos industriales exigentes y dise\u00f1ados con la \u00faltima tecnolog\u00eda.<\/span><\/p><p>En EZLINK, nos apasiona nuestro trabajo y nos dedicamos a ofrecer los mejores productos y servicios a nuestros clientes. Cont\u00e1ctenos hoy mismo para saber m\u00e1s sobre c\u00f3mo podemos ayudarle con sus necesidades de reparaci\u00f3n y mantenimiento in situ. Somos un socio leal y confiable que prioriza las ganancias de nuestros clientes.<\/p>\t\t\t\t\t\t\t\t<\/div>\n\t\t\t\t<\/div>\n\t\t<div class=\"elementor-element elementor-element-e9c5ebe e-flex e-con-boxed e-con e-parent\" data-id=\"e9c5ebe\" data-element_type=\"container\" data-settings=\"{&quot;background_background&quot;:&quot;classic&quot;}\">\n\t\t\t\t\t<div class=\"e-con-inner\">\n\t\t\t\t<div class=\"elementor-element elementor-element-df8aa89 elementor-widget elementor-widget-neve_typed_headline\" data-id=\"df8aa89\" data-element_type=\"widget\" data-settings=\"{&quot;typed_text&quot;:&quot;Vision,&quot;,&quot;speed&quot;:{&quot;unit&quot;:&quot;px&quot;,&quot;size&quot;:110,&quot;sizes&quot;:[]}}\" data-widget_type=\"neve_typed_headline.default\">\n\t\t\t\t<div class=\"elementor-widget-container\">\n\t\t\t\t\t<h2 class=\"eaw-typed-text\"><span class=\"eaw-typed-text-plain eaw-typed-text-wrapper\">Misi\u00f3n,<\/span>  <span class=\"eaw-typed-text-placeholder\"><\/span> <span class=\"eaw-typed-text-plain eaw-typed-text-wrapper\">y valores<\/span><\/h2>\t\t\t\t<\/div>\n\t\t\t\t<\/div>\n\t\t<div class=\"elementor-element elementor-element-8faa305 e-flex e-con-boxed e-con e-parent\" data-id=\"8faa305\" data-element_type=\"container\" data-settings=\"{&quot;background_background&quot;:&quot;classic&quot;}\">\n\t\t\t\t\t<div class=\"e-con-inner\">\n\t\t\t\t<div class=\"elementor-element elementor-element-99d1c99 elementor-widget elementor-widget-heading\" data-id=\"99d1c99\" data-element_type=\"widget\" data-widget_type=\"heading.default\">\n\t\t\t\t\t<h3 class=\"elementor-heading-title elementor-size-default\">Declaraci\u00f3n de misi\u00f3n<\/h3>\t\t\t\t<\/div>\n\t\t\t\t<div class=\"elementor-element elementor-element-a545176 elementor-widget elementor-widget-text-editor\" data-id=\"a545176\" data-element_type=\"widget\" data-widget_type=\"text-editor.default\">\n\t\t\t\t\t\t\t\t\t<p>La misi\u00f3n de EZLINK es proporcionar m\u00e1quinas herramienta port\u00e1tiles innovadoras y de alta calidad para la reparaci\u00f3n y el mantenimiento in situ, agilizando, facilitando y haciendo m\u00e1s eficientes las tareas de mantenimiento para nuestros clientes. Nos esforzamos por brindar el mejor servicio y soporte al cliente, y por ser un socio confiable. Nuestro objetivo es mantener las plantas de nuestros clientes funcionando de forma eficiente, segura y rentable, mejorando constantemente nuestra l\u00ednea de productos y ofreciendo las soluciones de fabricaci\u00f3n in situ m\u00e1s avanzadas.<\/p>\t\t\t\t\t\t\t\t<\/div>\n\t\t\t\t\t<\/div>\n\t\t\t\t<\/div>\n\t\t<div class=\"elementor-element elementor-element-bd821b0 e-flex e-con-boxed e-con e-parent\" data-id=\"bd821b0\" data-element_type=\"container\" data-settings=\"{&quot;background_background&quot;:&quot;classic&quot;}\">\n\t\t\t\t\t<div class=\"e-con-inner\">\n\t\t\t\t<div class=\"elementor-element elementor-element-bf46b74 elementor-widget elementor-widget-heading\" data-id=\"bf46b74\" data-element_type=\"widget\" data-widget_type=\"heading.default\">\n\t\t\t\t\t<h3 class=\"elementor-heading-title elementor-size-default\">Visi\u00f3n<\/h3>\t\t\t\t<\/div>\n\t\t\t\t<div class=\"elementor-element elementor-element-9ac6d73 elementor-widget elementor-widget-text-editor\" data-id=\"9ac6d73\" data-element_type=\"widget\" data-widget_type=\"text-editor.default\">\n\t\t\t\t\t\t\t\t\t<p>Nuestra visi\u00f3n es ser el proveedor l\u00edder de m\u00e1quinas herramienta port\u00e1tiles innovadoras y de alta calidad, ofreciendo un valor excepcional y la satisfacci\u00f3n del cliente. Nuestro objetivo es revolucionar la industria de la reparaci\u00f3n y el mantenimiento in situ, estableciendo un nuevo est\u00e1ndar de velocidad, eficiencia y seguridad.<\/p>\t\t\t\t\t\t\t\t<\/div>\n\t\t\t\t\t<\/div>\n\t\t\t\t<\/div>\n\t\t<div class=\"elementor-element elementor-element-01f2637 e-flex e-con-boxed e-con e-parent\" data-id=\"01f2637\" data-element_type=\"container\" data-settings=\"{&quot;background_background&quot;:&quot;classic&quot;}\">\n\t\t\t\t\t<div class=\"e-con-inner\">\n\t\t\t\t<div class=\"elementor-element elementor-element-ef683b7 elementor-widget elementor-widget-heading\" data-id=\"ef683b7\" data-element_type=\"widget\" data-widget_type=\"heading.default\">\n\t\t\t\t\t<h3 class=\"elementor-heading-title elementor-size-default\">Nuestros valores fundamentales<\/h3>\t\t\t\t<\/div>\n\t\t\t\t<div class=\"elementor-element elementor-element-1d5f45e elementor-widget elementor-widget-text-editor\" data-id=\"1d5f45e\" data-element_type=\"widget\" data-widget_type=\"text-editor.default\">\n\t\t\t\t\t\t\t\t\t<p>Los valores fundamentales de EZLINK son:<\/p><ol><li><p>Enfoque al cliente: Nos dedicamos a brindar los mejores productos y servicios a nuestros clientes y satisfacer sus necesidades.<\/p><\/li><li><p>Innovaci\u00f3n: Creemos en mejorar constantemente nuestros productos y procesos para mantenernos por delante de la competencia y ofrecer las soluciones de reparaci\u00f3n y mantenimiento en sitio m\u00e1s avanzadas.<\/p><\/li><li><p>Calidad: Nos comprometemos a ofrecer productos de alta calidad que cumplan con los est\u00e1ndares de la industria y superen las expectativas del cliente.<\/p><\/li><li><p>Confiabilidad: Creemos en construir relaciones s\u00f3lidas y duraderas con nuestros clientes proporcion\u00e1ndoles productos y servicios confiables.<\/p><\/li><li><p>Seguridad: Nos dedicamos a garantizar la seguridad de nuestros clientes, empleados y el medio ambiente a trav\u00e9s de pr\u00e1cticas de fabricaci\u00f3n responsables.<\/p><\/li><li><p>Trabajo en equipo: Creemos en trabajar juntos como equipo para lograr nuestros objetivos comunes y ofrecer los mejores resultados para nuestros clientes.<\/p><\/li><\/ol>\t\t\t\t\t\t\t\t<\/div>\n\t\t\t\t\t<\/div>\n\t\t\t\t<\/div>\n\t\t\t\t\t<\/div>\n\t\t\t\t<\/div>\n\t\t\t\t<\/div>","protected":false},"excerpt":{"rendered":"<p>EFF1500 Flange Facer\u200bEFF1500 FLANGE FACERSLB50 Portable Line Boring Welding MachineSLB50 Portable Line Boring Welding MachineClamshell Split Frame Pipe Cutting Beveling MachinesView All Clamshell Pipe Cutting Beveling Machines Previous Next Who We Are Reliable, Affordable and Cost-Effective Products Provider Founded in 2012, EZLINK is a leading provider of innovative and high-quality portable machine tools for on-site&hellip;&nbsp;<\/p>\n<div class=\"read-more-wrapper\"><a href=\"https:\/\/elineboringmachine.com\/es\/about-us\/\" class=\"button button-primary\" rel=\"bookmark\">Leer m\u00e1s &quot;<span class=\"screen-reader-text\">Acerca de<\/span><\/a><\/div>","protected":false},"author":1,"featured_media":0,"parent":0,"menu_order":0,"comment_status":"closed","ping_status":"closed","template":"page-templates\/template-pagebuilder-full-width.php","meta":{"neve_meta_sidebar":"full-width","neve_meta_container":"","neve_meta_enable_content_width":"on","neve_meta_content_width":100,"neve_meta_title_alignment":"","neve_meta_author_avatar":"","neve_post_elements_order":"","neve_meta_disable_header":"","neve_meta_disable_footer":"","neve_meta_disable_title":"","neve_meta_reading_time":"","footnotes":""},"class_list":["post-6","page","type-page","status-publish","hentry"],"_links":{"self":[{"href":"https:\/\/elineboringmachine.com\/es\/wp-json\/wp\/v2\/pages\/6","targetHints":{"allow":["GET"]}}],"collection":[{"href":"https:\/\/elineboringmachine.com\/es\/wp-json\/wp\/v2\/pages"}],"about":[{"href":"https:\/\/elineboringmachine.com\/es\/wp-json\/wp\/v2\/types\/page"}],"author":[{"embeddable":true,"href":"https:\/\/elineboringmachine.com\/es\/wp-json\/wp\/v2\/users\/1"}],"replies":[{"embeddable":true,"href":"https:\/\/elineboringmachine.com\/es\/wp-json\/wp\/v2\/comments?post=6"}],"version-history":[{"count":0,"href":"https:\/\/elineboringmachine.com\/es\/wp-json\/wp\/v2\/pages\/6\/revisions"}],"wp:attachment":[{"href":"https:\/\/elineboringmachine.com\/es\/wp-json\/wp\/v2\/media?parent=6"}],"curies":[{"name":"wp","href":"https:\/\/api.w.org\/{rel}","templated":true}]}}