{"id":1297,"date":"2022-07-24T14:51:52","date_gmt":"2022-07-24T14:51:52","guid":{"rendered":"https:\/\/elineboringmachine.com\/?page_id=1297"},"modified":"2024-04-05T13:06:41","modified_gmt":"2024-04-05T05:06:41","slug":"portable-line-boring-machine","status":"publish","type":"page","link":"https:\/\/elineboringmachine.com\/fr\/products\/portable-line-boring-machine\/","title":{"rendered":"Al\u00e9seuse de ligne portable"},"content":{"rendered":"<div data-elementor-type=\"wp-page\" data-elementor-id=\"1297\" class=\"elementor elementor-1297\" data-elementor-post-type=\"page\">\n\t\t\t\t<div class=\"elementor-element elementor-element-4835f15 e-con-full e-flex e-con e-parent\" data-id=\"4835f15\" data-element_type=\"container\">\n\t\t<div class=\"elementor-element elementor-element-f97e840 e-con-full e-flex e-con e-child\" data-id=\"f97e840\" data-element_type=\"container\">\n\t\t\t\t<div class=\"elementor-element elementor-element-7b45f59 elementor-widget__width-initial elementor-widget elementor-widget-heading\" data-id=\"7b45f59\" data-element_type=\"widget\" data-widget_type=\"heading.default\">\n\t\t\t\t\t<h1 class=\"elementor-heading-title elementor-size-default\">Al\u00e9seuse de ligne portable<\/h1>\t\t\t\t<\/div>\n\t\t\t\t<div class=\"elementor-element elementor-element-9d67083 elementor-widget-tablet__width-initial elementor-widget elementor-widget-text-editor\" data-id=\"9d67083\" data-element_type=\"widget\" data-widget_type=\"text-editor.default\">\n\t\t\t\t\t\t\t\t\t<p>Al\u00e9seuse de ligne portable pour une r\u00e9paration facile des trous concentriques sur les pelles r\u00e9trocaveuses, les bulldozers, les chargeurs finaux, les attelages de d\u00e9capeuse, les tracteurs, les excavatrices, les ch\u00e2ssis de machines, etc. pour une op\u00e9ration sur site ou en atelier, \u00e9conomisant du temps et des ressources.<\/p><p>Les al\u00e9seuses portatives EZ sont les syst\u00e8mes d&#039;al\u00e9sage en ligne les plus polyvalents du march\u00e9 de l&#039;usinage portable. Leur configuration rigide, leurs moteurs \u00e0 couple \u00e9lev\u00e9 et leur coupe pr\u00e9cise redonnent \u00e0 vos al\u00e9sages un aspect neuf.<\/p><p>Notre al\u00e9seuse de ligne portable multifonctionnelle pour l&#039;usinage sur site et le soudage d&#039;al\u00e9sages est accueillie dans le monde entier en raison de son caract\u00e8re modulaire, portable et transportable<\/p>\t\t\t\t\t\t\t\t<\/div>\n\t\t\t\t<\/div>\n\t\t\t\t<div class=\"elementor-element elementor-element-f51b669 elementor-widget elementor-widget-image\" data-id=\"f51b669\" data-element_type=\"widget\" data-widget_type=\"image.default\">\n\t\t\t\t\t\t\t\t\t\t\t\t\t\t\t<img fetchpriority=\"high\" decoding=\"async\" width=\"1024\" height=\"768\" src=\"https:\/\/elineboringmachine.com\/wp-content\/uploads\/2020\/04\/customer-statisfied-with-SLB50-portable-line-boring-machine-1024x768.webp\" class=\"attachment-large size-large wp-image-1035\" alt=\"portable line boring welding machine customer statisfied with SLB50\" srcset=\"https:\/\/elineboringmachine.com\/wp-content\/uploads\/2020\/04\/customer-statisfied-with-SLB50-portable-line-boring-machine-1024x768.webp 1024w, https:\/\/elineboringmachine.com\/wp-content\/uploads\/2020\/04\/customer-statisfied-with-SLB50-portable-line-boring-machine-300x225.webp 300w, https:\/\/elineboringmachine.com\/wp-content\/uploads\/2020\/04\/customer-statisfied-with-SLB50-portable-line-boring-machine-768x576.webp 768w, https:\/\/elineboringmachine.com\/wp-content\/uploads\/2020\/04\/customer-statisfied-with-SLB50-portable-line-boring-machine.webp 1400w\" sizes=\"(max-width: 1024px) 100vw, 1024px\" title=\"\">\t\t\t\t\t\t\t\t\t\t\t\t\t\t\t<\/div>\n\t\t\t\t<\/div>\n\t\t<div class=\"elementor-element elementor-element-a57cd5f e-con-full e-flex e-con e-parent\" data-id=\"a57cd5f\" data-element_type=\"container\">\n\t\t<div class=\"elementor-element elementor-element-764d046 e-con-full e-flex e-con e-child\" data-id=\"764d046\" data-element_type=\"container\">\n\t\t\t\t<div class=\"elementor-element elementor-element-b903f8b elementor-widget-divider--view-line elementor-widget elementor-widget-divider\" data-id=\"b903f8b\" data-element_type=\"widget\" data-widget_type=\"divider.default\">\n\t\t\t\t\t\t\t<div class=\"elementor-divider\">\n\t\t\t<span class=\"elementor-divider-separator\">\n\t\t\t\t\t\t<\/span>\n\t\t<\/div>\n\t\t\t\t\t\t<\/div>\n\t\t\t\t<\/div>\n\t\t\t\t<div class=\"elementor-element elementor-element-fdeeeb2 elementor-widget__width-initial elementor-widget elementor-widget-image\" data-id=\"fdeeeb2\" data-element_type=\"widget\" data-widget_type=\"image.default\">\n\t\t\t\t\t\t\t\t\t\t\t\t\t\t\t<img decoding=\"async\" width=\"750\" height=\"563\" src=\"https:\/\/elineboringmachine.com\/wp-content\/uploads\/2022\/07\/ELB40-portable-line-boring-machine-barrenadoras.webp\" class=\"attachment-full size-full wp-image-1472\" alt=\"Al\u00e9seuse portative ELB40\" srcset=\"https:\/\/elineboringmachine.com\/wp-content\/uploads\/2022\/07\/ELB40-portable-line-boring-machine-barrenadoras.webp 750w, https:\/\/elineboringmachine.com\/wp-content\/uploads\/2022\/07\/ELB40-portable-line-boring-machine-barrenadoras-300x225.webp 300w\" sizes=\"(max-width: 750px) 100vw, 750px\" title=\"\">\t\t\t\t\t\t\t\t\t\t\t\t\t\t\t<\/div>\n\t\t<div class=\"elementor-element elementor-element-109de64 e-con-full e-flex e-con e-child\" data-id=\"109de64\" data-element_type=\"container\">\n\t\t\t\t<div class=\"elementor-element elementor-element-5675ad7 elementor-widget elementor-widget-heading\" data-id=\"5675ad7\" data-element_type=\"widget\" data-widget_type=\"heading.default\">\n\t\t\t\t\t<h3 class=\"elementor-heading-title elementor-size-default\">Al\u00e9seuse de ligne ELB40<\/h3>\t\t\t\t<\/div>\n\t\t\t\t<div class=\"elementor-element elementor-element-d3d38d2 elementor-widget elementor-widget-html\" data-id=\"d3d38d2\" data-element_type=\"widget\" data-widget_type=\"html.default\">\n\t\t\t\t\t<table >\n<tbody>\n<tr>\n<td ><strong>CARACT\u00c9RISTIQUES<\/strong><\/td><td ><strong>POUCE<\/strong><\/td><td ><strong>M\u00c9TRIQUE<\/strong><\/td>\n<\/tr>\n<tr>\n<td><strong>Diam\u00e8tre de la barre<\/strong><\/td><td >1,57 po<\/td><td>40 mm<\/td>\n<\/tr>\n<tr>\n<td><strong>Diam\u00e8tre d&#039;al\u00e9sage<\/strong><\/td><td >1,77 \u00e0 7,87 pouces<\/td><td>45 \u2013 200 mm<\/td>\n<\/tr>\n<tr>\n<td><strong>Course max.<\/strong><\/td><td >14,96 pouces<\/td><td>380 mm (personnalisable)<\/td>\n<\/tr>\n<tr>\n<td><strong>Option d&#039;alimentation<\/strong><\/td><td >\u00c9lectrique<\/td><td>\u00c9lectrique<\/td>\n<\/tr>\n<\/tbody>\n<\/table>\n\n\t\t\t\t<\/div>\n\t\t\t\t<div class=\"elementor-element elementor-element-91ad4e2 elementor-align-justify elementor-widget elementor-widget-button\" data-id=\"91ad4e2\" data-element_type=\"widget\" data-widget_type=\"button.default\">\n\t\t\t\t\t\t\t\t\t\t<a class=\"elementor-button elementor-button-link elementor-size-md\" href=\"https:\/\/elineboringmachine.com\/fr\/products\/portable-line-boring-machine\/elb40-portable-line-boring-machine\/\">\n\t\t\t\t\t\t<span class=\"elementor-button-content-wrapper\">\n\t\t\t\t\t\t\t\t\t<span class=\"elementor-button-text\">Al\u00e9seuse de ligne ELB40<\/span>\n\t\t\t\t\t<\/span>\n\t\t\t\t\t<\/a>\n\t\t\t\t\t\t\t\t<\/div>\n\t\t\t\t<\/div>\n\t\t<div class=\"elementor-element elementor-element-4e6a3f5 e-con-full e-flex e-con e-child\" data-id=\"4e6a3f5\" data-element_type=\"container\">\n\t\t\t\t<div class=\"elementor-element elementor-element-1cd4586 elementor-widget-divider--view-line elementor-widget elementor-widget-divider\" data-id=\"1cd4586\" data-element_type=\"widget\" data-widget_type=\"divider.default\">\n\t\t\t\t\t\t\t<div class=\"elementor-divider\">\n\t\t\t<span class=\"elementor-divider-separator\">\n\t\t\t\t\t\t<\/span>\n\t\t<\/div>\n\t\t\t\t\t\t<\/div>\n\t\t\t\t<\/div>\n\t\t\t\t<\/div>\n\t\t<div class=\"elementor-element elementor-element-1b346a3 e-con-full e-flex e-con e-parent\" data-id=\"1b346a3\" data-element_type=\"container\">\n\t\t\t\t<div class=\"elementor-element elementor-element-ba149e5 elementor-widget__width-initial elementor-widget elementor-widget-image\" data-id=\"ba149e5\" data-element_type=\"widget\" data-widget_type=\"image.default\">\n\t\t\t\t\t\t\t\t\t\t\t\t\t\t\t<img decoding=\"async\" src=\"https:\/\/elineboringmachine.com\/wp-content\/uploads\/elementor\/thumbs\/elb50-barrenadora-r6r1k78qpbtvw6t2ag4zquzfei52bwl4ok22tu05f8.jpg\" title=\"elb50 barrenadora\" alt=\"Al\u00e9seuse de lignes portable bon march\u00e9 ELB50\" loading=\"lazy\" \/>\t\t\t\t\t\t\t\t\t\t\t\t\t\t\t<\/div>\n\t\t<div class=\"elementor-element elementor-element-8d163d7 e-con-full e-flex e-con e-child\" data-id=\"8d163d7\" data-element_type=\"container\">\n\t\t\t\t<div class=\"elementor-element elementor-element-59baf47 elementor-widget elementor-widget-heading\" data-id=\"59baf47\" data-element_type=\"widget\" data-widget_type=\"heading.default\">\n\t\t\t\t\t<h3 class=\"elementor-heading-title elementor-size-default\">Al\u00e9seuse de ligne ELB50<\/h3>\t\t\t\t<\/div>\n\t\t\t\t<div class=\"elementor-element elementor-element-91e2088 elementor-widget elementor-widget-html\" data-id=\"91e2088\" data-element_type=\"widget\" data-widget_type=\"html.default\">\n\t\t\t\t\t<table >\n<tbody>\n<tr>\n<td ><strong>CARACT\u00c9RISTIQUES<\/strong><\/td><td ><strong>POUCE<\/strong><\/td><td ><strong>M\u00c9TRIQUE<\/strong><\/td>\n<\/tr>\n<tr>\n<td><strong>Diam\u00e8tre de la barre<\/strong><\/td><td >2,25 pouces<\/td><td>50 mm<\/td>\n<\/tr>\n<tr>\n<td><strong>Diam\u00e8tre d&#039;al\u00e9sage<\/strong><\/td><td >2,17 \u00e0 9,84 pouces<\/td><td>55 \u2013 250 mm<\/td>\n<\/tr>\n<tr>\n<td><strong>Course max.<\/strong><\/td><td >14,96 pouces<\/td><td>380 mm (personnalisable)<\/td>\n<\/tr>\n<tr>\n<td><strong>Option d&#039;alimentation<\/strong><\/td><td >\u00c9lectrique<\/td><td>\u00c9lectrique<\/td>\n<\/tr>\n<\/tbody>\n<\/table>\n\n\t\t\t\t<\/div>\n\t\t\t\t<div class=\"elementor-element elementor-element-1e2cd7a elementor-align-justify elementor-widget elementor-widget-button\" data-id=\"1e2cd7a\" data-element_type=\"widget\" data-widget_type=\"button.default\">\n\t\t\t\t\t\t\t\t\t\t<a class=\"elementor-button elementor-button-link elementor-size-md\" href=\"https:\/\/elineboringmachine.com\/fr\/products\/portable-line-boring-machine\/elb50-portable-line-boring-machine\/\">\n\t\t\t\t\t\t<span class=\"elementor-button-content-wrapper\">\n\t\t\t\t\t\t\t\t\t<span class=\"elementor-button-text\">Al\u00e9seuse de ligne ELB50<\/span>\n\t\t\t\t\t<\/span>\n\t\t\t\t\t<\/a>\n\t\t\t\t\t\t\t\t<\/div>\n\t\t\t\t<\/div>\n\t\t<div class=\"elementor-element elementor-element-4c2a318 e-con-full e-flex e-con e-child\" data-id=\"4c2a318\" data-element_type=\"container\">\n\t\t\t\t<div class=\"elementor-element elementor-element-b6f0a1c elementor-widget-divider--view-line elementor-widget elementor-widget-divider\" data-id=\"b6f0a1c\" data-element_type=\"widget\" data-widget_type=\"divider.default\">\n\t\t\t\t\t\t\t<div class=\"elementor-divider\">\n\t\t\t<span class=\"elementor-divider-separator\">\n\t\t\t\t\t\t<\/span>\n\t\t<\/div>\n\t\t\t\t\t\t<\/div>\n\t\t\t\t<\/div>\n\t\t\t\t<\/div>\n\t\t<div class=\"elementor-element elementor-element-2249825 e-con-full e-flex e-con e-parent\" data-id=\"2249825\" data-element_type=\"container\">\n\t\t\t\t<div class=\"elementor-element elementor-element-8e716ad elementor-widget__width-initial elementor-widget elementor-widget-image\" data-id=\"8e716ad\" data-element_type=\"widget\" data-widget_type=\"image.default\">\n\t\t\t\t\t\t\t\t\t\t\t\t\t\t\t<img decoding=\"async\" src=\"https:\/\/elineboringmachine.com\/wp-content\/uploads\/elementor\/thumbs\/slb50-portable-line-boring-overlay-welding-machine-r6r1k78qpbtvw6t2ag4zquzfei52bwl4ok22tu04xq.png\" title=\"Machine de soudage et de rechargement de lignes portative SLB50\" alt=\"machine portative de soudage par superposition et d&#039;al\u00e9sage de lignes\" loading=\"lazy\" \/>\t\t\t\t\t\t\t\t\t\t\t\t\t\t\t<\/div>\n\t\t<div class=\"elementor-element elementor-element-98cbbf2 e-con-full e-flex e-con e-child\" data-id=\"98cbbf2\" data-element_type=\"container\">\n\t\t\t\t<div class=\"elementor-element elementor-element-ef9004f elementor-widget elementor-widget-heading\" data-id=\"ef9004f\" data-element_type=\"widget\" data-widget_type=\"heading.default\">\n\t\t\t\t\t<h3 class=\"elementor-heading-title elementor-size-default\">Al\u00e9seuse de ligne SLB50<\/h3>\t\t\t\t<\/div>\n\t\t\t\t<div class=\"elementor-element elementor-element-2fb7c8b elementor-widget elementor-widget-html\" data-id=\"2fb7c8b\" data-element_type=\"widget\" data-widget_type=\"html.default\">\n\t\t\t\t\t<table >\n<tbody>\n<tr>\n<td ><strong>CARACT\u00c9RISTIQUES<\/strong><\/td><td ><strong>POUCE<\/strong><\/td><td ><strong>M\u00c9TRIQUE<\/strong><\/td>\n<\/tr>\n<tr>\n<td><strong>Diam\u00e8tre de la barre<\/strong><\/td><td >1,97 po ou 1,18 po en option.<\/td><td>50 mm ou 30 mm en option <\/td>\n<\/tr>\n<tr>\n<td><strong>Diam\u00e8tre d&#039;al\u00e9sage<\/strong><\/td><td >1,38 \u00e0 9,84 pouces<\/td><td>35 \u2013 250 mm<\/td>\n<\/tr>\n<tr>\n<td><strong>Course max.<\/strong><\/td><td >9,84 pouces<\/td><td>250 mm (personnalisable)<\/td>\n<\/tr>\n\n<tr>\n<td><strong>Option d&#039;alimentation<\/strong><\/td><td >\u00c9lectrique<\/td><td>\u00c9lectrique<\/td>\n<\/tr>\n<\/tbody>\n<\/table>\n\n\t\t\t\t<\/div>\n\t\t\t\t<div class=\"elementor-element elementor-element-7f0a6f7 elementor-align-justify elementor-widget elementor-widget-button\" data-id=\"7f0a6f7\" data-element_type=\"widget\" data-widget_type=\"button.default\">\n\t\t\t\t\t\t\t\t\t\t<a class=\"elementor-button elementor-button-link elementor-size-md\" href=\"https:\/\/elineboringmachine.com\/fr\/products\/portable-line-boring-machine\/slb50-portable-line-boring-welding-machine\/\">\n\t\t\t\t\t\t<span class=\"elementor-button-content-wrapper\">\n\t\t\t\t\t\t\t\t\t<span class=\"elementor-button-text\">Al\u00e9seuse de ligne SLB50<\/span>\n\t\t\t\t\t<\/span>\n\t\t\t\t\t<\/a>\n\t\t\t\t\t\t\t\t<\/div>\n\t\t\t\t<\/div>\n\t\t<div class=\"elementor-element elementor-element-02579a6 e-con-full e-flex e-con e-child\" data-id=\"02579a6\" data-element_type=\"container\">\n\t\t\t\t<div class=\"elementor-element elementor-element-4d60040 elementor-widget-divider--view-line elementor-widget elementor-widget-divider\" data-id=\"4d60040\" data-element_type=\"widget\" data-widget_type=\"divider.default\">\n\t\t\t\t\t\t\t<div class=\"elementor-divider\">\n\t\t\t<span class=\"elementor-divider-separator\">\n\t\t\t\t\t\t<\/span>\n\t\t<\/div>\n\t\t\t\t\t\t<\/div>\n\t\t\t\t<\/div>\n\t\t\t\t<\/div>\n\t\t<div class=\"elementor-element elementor-element-514d1f0 e-con-full e-flex e-con e-parent\" data-id=\"514d1f0\" data-element_type=\"container\">\n\t\t\t\t<div class=\"elementor-element elementor-element-40fa1d5 elementor-widget__width-initial elementor-widget elementor-widget-image\" data-id=\"40fa1d5\" data-element_type=\"widget\" data-widget_type=\"image.default\">\n\t\t\t\t\t\t\t\t\t\t\t\t\t\t\t<img decoding=\"async\" width=\"726\" height=\"540\" src=\"https:\/\/elineboringmachine.com\/wp-content\/uploads\/2022\/07\/ELB60-portable-line-boring-machine.webp\" class=\"attachment-full size-full wp-image-1489\" alt=\"Al\u00e9seuse de ligne portable ELB60\" srcset=\"https:\/\/elineboringmachine.com\/wp-content\/uploads\/2022\/07\/ELB60-portable-line-boring-machine.webp 726w, https:\/\/elineboringmachine.com\/wp-content\/uploads\/2022\/07\/ELB60-portable-line-boring-machine-300x223.webp 300w\" sizes=\"(max-width: 726px) 100vw, 726px\" title=\"\">\t\t\t\t\t\t\t\t\t\t\t\t\t\t\t<\/div>\n\t\t<div class=\"elementor-element elementor-element-f198ee1 e-con-full e-flex e-con e-child\" data-id=\"f198ee1\" data-element_type=\"container\">\n\t\t\t\t<div class=\"elementor-element elementor-element-dc12bcd elementor-widget elementor-widget-heading\" data-id=\"dc12bcd\" data-element_type=\"widget\" data-widget_type=\"heading.default\">\n\t\t\t\t\t<h3 class=\"elementor-heading-title elementor-size-default\">Al\u00e9seuse de ligne ELB60<\/h3>\t\t\t\t<\/div>\n\t\t\t\t<div class=\"elementor-element elementor-element-f8934fa elementor-widget elementor-widget-html\" data-id=\"f8934fa\" data-element_type=\"widget\" data-widget_type=\"html.default\">\n\t\t\t\t\t<table >\n<tbody>\n<tr>\n<td ><strong>CARACT\u00c9RISTIQUES<\/strong><\/td><td ><strong>POUCE<\/strong><\/td><td ><strong>M\u00c9TRIQUE<\/strong><\/td>\n<\/tr>\n<tr>\n<td><strong>Diam\u00e8tre de la barre<\/strong><\/td><td >2,36 po ou 1,38 po en option.<\/td><td>60 mm ou 35 mm en option <\/td>\n<\/tr>\n<tr>\n<td><strong>Diam\u00e8tre d&#039;al\u00e9sage<\/strong><\/td><td >1,5 \u00e0 19,69 pouces<\/td><td>38 \u2013 500 mm<\/td>\n<\/tr>\n<tr>\n<td><strong>Course max.<\/strong><\/td><td >16,54 pouces<\/td><td>420 mm<\/td>\n<\/tr>\n<tr>\n<td><strong>Option d&#039;alimentation<\/strong><\/td><td >\u00c9lectrique, hydraulique<\/td><td>\u00c9lectrique, hydraulique<\/td>\n<\/tr>\n<\/tbody>\n<\/table>\n\n\t\t\t\t<\/div>\n\t\t\t\t<div class=\"elementor-element elementor-element-d8d117f elementor-align-justify elementor-widget elementor-widget-button\" data-id=\"d8d117f\" data-element_type=\"widget\" data-widget_type=\"button.default\">\n\t\t\t\t\t\t\t\t\t\t<a class=\"elementor-button elementor-button-link elementor-size-md\" href=\"https:\/\/elineboringmachine.com\/fr\/products\/portable-line-boring-machine\/elb60-mobile-line-boring-machine\/\">\n\t\t\t\t\t\t<span class=\"elementor-button-content-wrapper\">\n\t\t\t\t\t\t\t\t\t<span class=\"elementor-button-text\">Al\u00e9seuse de ligne ELB60<\/span>\n\t\t\t\t\t<\/span>\n\t\t\t\t\t<\/a>\n\t\t\t\t\t\t\t\t<\/div>\n\t\t\t\t<\/div>\n\t\t<div class=\"elementor-element elementor-element-7c2886b e-con-full e-flex e-con e-child\" data-id=\"7c2886b\" data-element_type=\"container\">\n\t\t\t\t<div class=\"elementor-element elementor-element-28bba31 elementor-widget-divider--view-line elementor-widget elementor-widget-divider\" data-id=\"28bba31\" data-element_type=\"widget\" data-widget_type=\"divider.default\">\n\t\t\t\t\t\t\t<div class=\"elementor-divider\">\n\t\t\t<span class=\"elementor-divider-separator\">\n\t\t\t\t\t\t<\/span>\n\t\t<\/div>\n\t\t\t\t\t\t<\/div>\n\t\t\t\t<\/div>\n\t\t\t\t<\/div>\n\t\t<div class=\"elementor-element elementor-element-82f62dc e-con-full e-flex e-con e-parent\" data-id=\"82f62dc\" data-element_type=\"container\">\n\t\t\t\t<div class=\"elementor-element elementor-element-64adb76 elementor-widget__width-initial elementor-widget elementor-widget-image\" data-id=\"64adb76\" data-element_type=\"widget\" data-widget_type=\"image.default\">\n\t\t\t\t\t\t\t\t\t\t\t\t\t\t\t<img loading=\"lazy\" decoding=\"async\" width=\"750\" height=\"540\" src=\"https:\/\/elineboringmachine.com\/wp-content\/uploads\/2022\/07\/ELBA60-portable-line-boring-machine-servo-motor.jpg\" class=\"attachment-full size-full wp-image-1494\" alt=\"portable line boring machine-servo motor\" srcset=\"https:\/\/elineboringmachine.com\/wp-content\/uploads\/2022\/07\/ELBA60-portable-line-boring-machine-servo-motor.jpg 750w, https:\/\/elineboringmachine.com\/wp-content\/uploads\/2022\/07\/ELBA60-portable-line-boring-machine-servo-motor-300x216.jpg.webp 300w\" sizes=\"(max-width: 750px) 100vw, 750px\" title=\"\">\t\t\t\t\t\t\t\t\t\t\t\t\t\t\t<\/div>\n\t\t<div class=\"elementor-element elementor-element-82b5576 e-con-full e-flex e-con e-child\" data-id=\"82b5576\" data-element_type=\"container\">\n\t\t\t\t<div class=\"elementor-element elementor-element-4f39bb5 elementor-widget elementor-widget-heading\" data-id=\"4f39bb5\" data-element_type=\"widget\" data-widget_type=\"heading.default\">\n\t\t\t\t\t<h3 class=\"elementor-heading-title elementor-size-default\">Al\u00e9seuse de ligne ELBA60<\/h3>\t\t\t\t<\/div>\n\t\t\t\t<div class=\"elementor-element elementor-element-ad796ec elementor-widget elementor-widget-html\" data-id=\"ad796ec\" data-element_type=\"widget\" data-widget_type=\"html.default\">\n\t\t\t\t\t<table >\n<tbody>\n<tr>\n<td ><strong>CARACT\u00c9RISTIQUES<\/strong><\/td><td ><strong>POUCE<\/strong><\/td><td ><strong>M\u00c9TRIQUE<\/strong><\/td>\n<\/tr>\n<tr>\n<td><strong>Diam\u00e8tre de la barre<\/strong><\/td><td >2,36 po ou 1,38 po en option.<\/td><td>60 mm ou 35 mm en option <\/td>\n<\/tr>\n<tr>\n<td><strong>Diam\u00e8tre d&#039;al\u00e9sage<\/strong><\/td><td >1,5 \u00e0 19,69 pouces<\/td><td>38 \u2013 500 mm<\/td>\n<\/tr>\n<tr>\n<td><strong>Course max.<\/strong><\/td><td >16,54 pouces<\/td><td>420 mm<\/td>\n<\/tr>\n<tr>\n<td><strong>Option d&#039;alimentation<\/strong><\/td><td >\u00c9lectrique, hydraulique<\/td><td>\u00c9lectrique, hydraulique<\/td>\n<\/tr>\n<\/tbody>\n<\/table>\n\n\t\t\t\t<\/div>\n\t\t\t\t<div class=\"elementor-element elementor-element-7baea33 elementor-align-justify elementor-widget elementor-widget-button\" data-id=\"7baea33\" data-element_type=\"widget\" data-widget_type=\"button.default\">\n\t\t\t\t\t\t\t\t\t\t<a class=\"elementor-button elementor-button-link elementor-size-md\" href=\"https:\/\/elineboringmachine.com\/fr\/products\/portable-line-boring-machine\/elba60-portable-line-boring-machine\/\">\n\t\t\t\t\t\t<span class=\"elementor-button-content-wrapper\">\n\t\t\t\t\t\t\t\t\t<span class=\"elementor-button-text\">Al\u00e9seuse de ligne ELBA60<\/span>\n\t\t\t\t\t<\/span>\n\t\t\t\t\t<\/a>\n\t\t\t\t\t\t\t\t<\/div>\n\t\t\t\t<\/div>\n\t\t\t\t<\/div>\n\t\t\t\t<\/div>","protected":false},"excerpt":{"rendered":"<p>Portable Line Boring Machine Portable Line Boring Machine for easy concentric bore repair of holes on Backhoes, Dozers, Endloaders, Scrapper Hitches, Tractors, Excavators, machine frames, etc. for on-site or in-shop operation saving time and resources. EZ PORTABLE LINE BORING MACHINES are the most versatile line boring systems on the portable machining market. The rigid setup,&hellip;&nbsp;<\/p>\n<div class=\"read-more-wrapper\"><a href=\"https:\/\/elineboringmachine.com\/fr\/products\/portable-line-boring-machine\/\" class=\"button button-primary\" rel=\"bookmark\">En savoir plus &quot;<span class=\"screen-reader-text\">Al\u00e9seuse de ligne portable<\/span><\/a><\/div>","protected":false},"author":1,"featured_media":4767,"parent":371,"menu_order":0,"comment_status":"closed","ping_status":"closed","template":"page-templates\/template-pagebuilder-full-width.php","meta":{"neve_meta_sidebar":"","neve_meta_container":"","neve_meta_enable_content_width":"","neve_meta_content_width":0,"neve_meta_title_alignment":"","neve_meta_author_avatar":"","neve_post_elements_order":"","neve_meta_disable_header":"","neve_meta_disable_footer":"","neve_meta_disable_title":"","neve_meta_reading_time":"","footnotes":""},"class_list":["post-1297","page","type-page","status-publish","has-post-thumbnail","hentry"],"_links":{"self":[{"href":"https:\/\/elineboringmachine.com\/fr\/wp-json\/wp\/v2\/pages\/1297","targetHints":{"allow":["GET"]}}],"collection":[{"href":"https:\/\/elineboringmachine.com\/fr\/wp-json\/wp\/v2\/pages"}],"about":[{"href":"https:\/\/elineboringmachine.com\/fr\/wp-json\/wp\/v2\/types\/page"}],"author":[{"embeddable":true,"href":"https:\/\/elineboringmachine.com\/fr\/wp-json\/wp\/v2\/users\/1"}],"replies":[{"embeddable":true,"href":"https:\/\/elineboringmachine.com\/fr\/wp-json\/wp\/v2\/comments?post=1297"}],"version-history":[{"count":0,"href":"https:\/\/elineboringmachine.com\/fr\/wp-json\/wp\/v2\/pages\/1297\/revisions"}],"up":[{"embeddable":true,"href":"https:\/\/elineboringmachine.com\/fr\/wp-json\/wp\/v2\/pages\/371"}],"wp:featuredmedia":[{"embeddable":true,"href":"https:\/\/elineboringmachine.com\/fr\/wp-json\/wp\/v2\/media\/4767"}],"wp:attachment":[{"href":"https:\/\/elineboringmachine.com\/fr\/wp-json\/wp\/v2\/media?parent=1297"}],"curies":[{"name":"wp","href":"https:\/\/api.w.org\/{rel}","templated":true}]}}