{"id":1974,"date":"2022-08-03T11:44:51","date_gmt":"2022-08-03T03:44:51","guid":{"rendered":"https:\/\/elineboringmachine.com\/?page_id=1974"},"modified":"2024-04-05T13:06:43","modified_gmt":"2024-04-05T05:06:43","slug":"portable-shaft-lathe","status":"publish","type":"page","link":"https:\/\/elineboringmachine.com\/fr\/products\/portable-shaft-lathe\/","title":{"rendered":"Tour \u00e0 arbre portatif"},"content":{"rendered":"<div data-elementor-type=\"wp-page\" data-elementor-id=\"1974\" class=\"elementor elementor-1974\" data-elementor-post-type=\"page\">\n\t\t\t\t<div class=\"elementor-element elementor-element-5d46314 e-con-full e-flex e-con e-parent\" data-id=\"5d46314\" data-element_type=\"container\">\n\t\t<div class=\"elementor-element elementor-element-85b15bf e-con-full e-flex e-con e-parent\" data-id=\"85b15bf\" data-element_type=\"container\">\n\t\t\t\t<div class=\"elementor-element elementor-element-558e671 elementor-widget__width-initial elementor-widget elementor-widget-heading\" data-id=\"558e671\" data-element_type=\"widget\" data-widget_type=\"heading.default\">\n\t\t\t\t\t<h1 class=\"elementor-heading-title elementor-size-default\">Tour \u00e0 arbre portatif<\/h1>\t\t\t\t<\/div>\n\t\t\t\t<div class=\"elementor-element elementor-element-059c49a elementor-widget-tablet__width-initial elementor-widget elementor-widget-text-editor\" data-id=\"059c49a\" data-element_type=\"widget\" data-widget_type=\"text-editor.default\">\n\t\t\t\t\t\t\t\t\t<p>Le tournage d&#039;arbres\/tourillons consiste \u00e0 usiner le diam\u00e8tre ext\u00e9rieur d&#039;un arbre afin de l&#039;amener aux sp\u00e9cifications souhait\u00e9es en termes de concentricit\u00e9, d&#039;\u00e9tat de surface et de tol\u00e9rance de circularit\u00e9. Cet outil d&#039;usinage de pr\u00e9cision permet d&#039;usiner avec pr\u00e9cision et r\u00e9gularit\u00e9 les tourillons de paliers et autres surfaces rondes.<\/p><p>Les tours \u00e0 arbres portables sont l&#039;outil parfait pour le resurfa\u00e7age sur site de petits arbres\/tourillons.<\/p><p>Notre tour de tournage de tourillons se monte en bout d&#039;arbre pour le retournement d&#039;arbres et le laminage de tourillons de diam\u00e8tres compris entre 50 et 550 mm. La port\u00e9e maximale est personnalisable sur demande.<\/p><p>Pour plus d&#039;informations sur l&#039;achat, n&#039;h\u00e9sitez pas \u00e0\u00a0<a style=\"--linkdeco: underline;\" href=\"https:\/\/elineboringmachine.com\/fr\/contact\/\">Contactez-nous<\/a>.<\/p>\t\t\t\t\t\t\t\t<\/div>\n\t\t\t\t<\/div>\n\t\t\t\t<div class=\"elementor-element elementor-element-3c3657b elementor-widget elementor-widget-image\" data-id=\"3c3657b\" data-element_type=\"widget\" data-widget_type=\"image.default\">\n\t\t\t\t\t\t\t\t\t\t\t\t\t\t\t<img fetchpriority=\"high\" decoding=\"async\" width=\"768\" height=\"512\" src=\"https:\/\/elineboringmachine.com\/wp-content\/uploads\/2022\/07\/customized-PSL300-1-768x512.webp\" class=\"attachment-medium_large size-medium_large wp-image-1111\" alt=\"PortabLe shaft turning machine Customized PSL300-1\" srcset=\"https:\/\/elineboringmachine.com\/wp-content\/uploads\/2022\/07\/customized-PSL300-1-768x512.webp 768w, https:\/\/elineboringmachine.com\/wp-content\/uploads\/2022\/07\/customized-PSL300-1-300x200.webp 300w, https:\/\/elineboringmachine.com\/wp-content\/uploads\/2022\/07\/customized-PSL300-1.webp 800w\" sizes=\"(max-width: 768px) 100vw, 768px\" title=\"\">\t\t\t\t\t\t\t\t\t\t\t\t\t\t\t<\/div>\n\t\t\t\t<\/div>\n\t\t<div class=\"elementor-element elementor-element-4406727 e-con-full e-flex e-con e-parent\" data-id=\"4406727\" data-element_type=\"container\">\n\t\t<div class=\"elementor-element elementor-element-8033702 e-con-full e-flex e-con e-parent\" data-id=\"8033702\" data-element_type=\"container\">\n\t\t\t\t<div class=\"elementor-element elementor-element-6a81041 elementor-widget-divider--view-line elementor-widget elementor-widget-divider\" data-id=\"6a81041\" data-element_type=\"widget\" data-widget_type=\"divider.default\">\n\t\t\t\t\t\t\t<div class=\"elementor-divider\">\n\t\t\t<span class=\"elementor-divider-separator\">\n\t\t\t\t\t\t<\/span>\n\t\t<\/div>\n\t\t\t\t\t\t<\/div>\n\t\t\t\t<\/div>\n\t\t\t\t<div class=\"elementor-element elementor-element-87aa12a elementor-widget__width-initial elementor-widget elementor-widget-image\" data-id=\"87aa12a\" data-element_type=\"widget\" data-widget_type=\"image.default\">\n\t\t\t\t\t\t\t\t\t\t\t\t\t\t\t<img decoding=\"async\" width=\"768\" height=\"576\" src=\"https:\/\/elineboringmachine.com\/wp-content\/uploads\/2022\/06\/standard-psl300-portable-lathe-768x576.webp\" class=\"attachment-medium_large size-medium_large wp-image-663\" alt=\"tour \u00e0 arbre portable standard psl300\" srcset=\"https:\/\/elineboringmachine.com\/wp-content\/uploads\/2022\/06\/standard-psl300-portable-lathe-768x576.webp 768w, https:\/\/elineboringmachine.com\/wp-content\/uploads\/2022\/06\/standard-psl300-portable-lathe-300x225.webp 300w, https:\/\/elineboringmachine.com\/wp-content\/uploads\/2022\/06\/standard-psl300-portable-lathe-1024x768.webp 1024w, https:\/\/elineboringmachine.com\/wp-content\/uploads\/2022\/06\/standard-psl300-portable-lathe.webp 1400w\" sizes=\"(max-width: 768px) 100vw, 768px\" title=\"\">\t\t\t\t\t\t\t\t\t\t\t\t\t\t\t<\/div>\n\t\t<div class=\"elementor-element elementor-element-966d490 e-con-full e-flex e-con e-parent\" data-id=\"966d490\" data-element_type=\"container\">\n\t\t\t\t<div class=\"elementor-element elementor-element-3f68385 elementor-widget elementor-widget-heading\" data-id=\"3f68385\" data-element_type=\"widget\" data-widget_type=\"heading.default\">\n\t\t\t\t\t<h3 class=\"elementor-heading-title elementor-size-default\">Tour \u00e0 arbre portable PSL300<\/h3>\t\t\t\t<\/div>\n\t\t\t\t<div class=\"elementor-element elementor-element-25c5fb1 elementor-widget elementor-widget-html\" data-id=\"25c5fb1\" data-element_type=\"widget\" data-widget_type=\"html.default\">\n\t\t\t\t\t<table >\n<tbody>\n<tr>\n<td ><strong>CARACT\u00c9RISTIQUES<\/strong><\/td><td ><strong>POUCE<\/strong><\/td><td ><strong>M\u00c9TRIQUE<\/strong><\/td>\n<\/tr>\n<tr>\n<td><strong>Port\u00e9e de braquage maximale<\/strong><\/td><td >11,8 pouces (standard)<br>19,7 pouces (personnalis\u00e9)<\/td><td>300 mm (standard)<br>500 mm (personnalis\u00e9)<\/td>\n<\/tr>\n<tr>\n<td><strong>Diam\u00e8tre de l&#039;arbre<\/strong><\/td><td >1,97 \u00e0 11,8 pouces<\/td><td>50-300 mm<\/td>\n<\/tr>\n<tr>\n<td><strong>Pouvoir<\/strong><\/td><td >\n\u00c9lectrique<\/td><td>\u00c9lectrique\n<\/tbody>\n<\/table>\n\n\t\t\t\t<\/div>\n\t\t\t\t<div class=\"elementor-element elementor-element-32e8425 elementor-align-justify elementor-widget elementor-widget-button\" data-id=\"32e8425\" data-element_type=\"widget\" data-widget_type=\"button.default\">\n\t\t\t\t\t\t\t\t\t\t<a class=\"elementor-button elementor-button-link elementor-size-md\" href=\"https:\/\/elineboringmachine.com\/fr\/products\/portable-shaft-lathe\/psl300-portable-shaft-turning-machine\/\">\n\t\t\t\t\t\t<span class=\"elementor-button-content-wrapper\">\n\t\t\t\t\t\t\t\t\t<span class=\"elementor-button-text\">Tour \u00e0 arbre portable PSL300<\/span>\n\t\t\t\t\t<\/span>\n\t\t\t\t\t<\/a>\n\t\t\t\t\t\t\t\t<\/div>\n\t\t\t\t<\/div>\n\t\t<div class=\"elementor-element elementor-element-71cc1cc e-con-full e-flex e-con e-parent\" data-id=\"71cc1cc\" data-element_type=\"container\">\n\t\t\t\t<div class=\"elementor-element elementor-element-4c571a1 elementor-widget-divider--view-line elementor-widget elementor-widget-divider\" data-id=\"4c571a1\" data-element_type=\"widget\" data-widget_type=\"divider.default\">\n\t\t\t\t\t\t\t<div class=\"elementor-divider\">\n\t\t\t<span class=\"elementor-divider-separator\">\n\t\t\t\t\t\t<\/span>\n\t\t<\/div>\n\t\t\t\t\t\t<\/div>\n\t\t\t\t<\/div>\n\t\t\t\t<\/div>\n\t\t<div class=\"elementor-element elementor-element-dad806b e-con-full e-flex e-con e-parent\" data-id=\"dad806b\" data-element_type=\"container\">\n\t\t\t\t<div class=\"elementor-element elementor-element-676e40f elementor-widget__width-initial elementor-widget elementor-widget-image\" data-id=\"676e40f\" data-element_type=\"widget\" data-widget_type=\"image.default\">\n\t\t\t\t\t\t\t\t\t\t\t\t\t\t\t<img decoding=\"async\" width=\"750\" height=\"564\" src=\"https:\/\/elineboringmachine.com\/wp-content\/uploads\/2022\/09\/psl500-portable-lathe-servomotor-powered.jpg\" class=\"attachment-medium_large size-medium_large wp-image-3240\" alt=\"portable shaft lathe psl500\" srcset=\"https:\/\/elineboringmachine.com\/wp-content\/uploads\/2022\/09\/psl500-portable-lathe-servomotor-powered.jpg 750w, https:\/\/elineboringmachine.com\/wp-content\/uploads\/2022\/09\/psl500-portable-lathe-servomotor-powered-300x226.jpg 300w, https:\/\/elineboringmachine.com\/wp-content\/uploads\/2022\/09\/psl500-portable-lathe-servomotor-powered-16x12.jpg 16w\" sizes=\"(max-width: 750px) 100vw, 750px\" title=\"\">\t\t\t\t\t\t\t\t\t\t\t\t\t\t\t<\/div>\n\t\t<div class=\"elementor-element elementor-element-aa38fc1 e-con-full e-flex e-con e-parent\" data-id=\"aa38fc1\" data-element_type=\"container\">\n\t\t\t\t<div class=\"elementor-element elementor-element-132d39b elementor-widget elementor-widget-heading\" data-id=\"132d39b\" data-element_type=\"widget\" data-widget_type=\"heading.default\">\n\t\t\t\t\t<h3 class=\"elementor-heading-title elementor-size-default\">Tour \u00e0 arbre portable PSL500<\/h3>\t\t\t\t<\/div>\n\t\t\t\t<div class=\"elementor-element elementor-element-8649d47 elementor-widget elementor-widget-html\" data-id=\"8649d47\" data-element_type=\"widget\" data-widget_type=\"html.default\">\n\t\t\t\t\t<table >\n<tbody>\n<tr>\n<td ><strong>CARACT\u00c9RISTIQUES<\/strong><\/td><td ><strong>POUCE<\/strong><\/td><td ><strong>M\u00c9TRIQUE<\/strong><\/td>\n<\/tr>\n<tr>\n<td><strong>Port\u00e9e de braquage maximale<\/strong><\/td><td >19,7 pouces<\/td><td>500 mm <\/td>\n<\/tr>\n<tr>\n<td><strong>Diam\u00e8tre de l&#039;arbre<\/strong><\/td><td >9,84 \u00e0 21,65 pouces<\/td><td>250-550 mm<\/td>\n<\/tr>\n<tr>\n<td><strong>Pouvoir<\/strong><\/td><td >\n\u00c9lectrique<\/td><td>\u00c9lectrique\n<\/tbody>\n<\/table>\n\n\t\t\t\t<\/div>\n\t\t\t\t<div class=\"elementor-element elementor-element-0a0ee73 elementor-align-justify elementor-widget elementor-widget-button\" data-id=\"0a0ee73\" data-element_type=\"widget\" data-widget_type=\"button.default\">\n\t\t\t\t\t\t\t\t\t\t<a class=\"elementor-button elementor-button-link elementor-size-md\" href=\"https:\/\/elineboringmachine.com\/fr\/products\/portable-shaft-lathe\/psl500-portable-shaft-lathe\/\">\n\t\t\t\t\t\t<span class=\"elementor-button-content-wrapper\">\n\t\t\t\t\t\t\t\t\t<span class=\"elementor-button-text\">Tour \u00e0 arbre portable PSL500<\/span>\n\t\t\t\t\t<\/span>\n\t\t\t\t\t<\/a>\n\t\t\t\t\t\t\t\t<\/div>\n\t\t\t\t<\/div>\n\t\t<div class=\"elementor-element elementor-element-fdf3bce e-con-full e-flex e-con e-parent\" data-id=\"fdf3bce\" data-element_type=\"container\">\n\t\t\t\t<div class=\"elementor-element elementor-element-4b6e597 elementor-widget-divider--view-line elementor-widget elementor-widget-divider\" data-id=\"4b6e597\" data-element_type=\"widget\" data-widget_type=\"divider.default\">\n\t\t\t\t\t\t\t<div class=\"elementor-divider\">\n\t\t\t<span class=\"elementor-divider-separator\">\n\t\t\t\t\t\t<\/span>\n\t\t<\/div>\n\t\t\t\t\t\t<\/div>\n\t\t\t\t<\/div>\n\t\t\t\t<\/div>\n\t\t\t\t<\/div>","protected":false},"excerpt":{"rendered":"<p>Portable Shaft Lathe Shaft\/ Journal turning is machining the outside diameter of a shaft to bring it within the desired specification for concentricity, surface finish and circularity tolerance. A precision machining tool that performs accurate and consistent machining of bearing journals and other round surfaces. The Portable Shaft turning Lathes are the Perfect Tool for&hellip;&nbsp;<\/p>\n<div class=\"read-more-wrapper\"><a href=\"https:\/\/elineboringmachine.com\/fr\/products\/portable-shaft-lathe\/\" class=\"button button-primary\" rel=\"bookmark\">En savoir plus &quot;<span class=\"screen-reader-text\">Tour \u00e0 arbre portatif<\/span><\/a><\/div>","protected":false},"author":1,"featured_media":4782,"parent":371,"menu_order":0,"comment_status":"closed","ping_status":"closed","template":"page-templates\/template-pagebuilder-full-width.php","meta":{"neve_meta_sidebar":"","neve_meta_container":"","neve_meta_enable_content_width":"","neve_meta_content_width":0,"neve_meta_title_alignment":"","neve_meta_author_avatar":"","neve_post_elements_order":"","neve_meta_disable_header":"","neve_meta_disable_footer":"","neve_meta_disable_title":"","neve_meta_reading_time":"","footnotes":""},"class_list":["post-1974","page","type-page","status-publish","has-post-thumbnail","hentry"],"_links":{"self":[{"href":"https:\/\/elineboringmachine.com\/fr\/wp-json\/wp\/v2\/pages\/1974","targetHints":{"allow":["GET"]}}],"collection":[{"href":"https:\/\/elineboringmachine.com\/fr\/wp-json\/wp\/v2\/pages"}],"about":[{"href":"https:\/\/elineboringmachine.com\/fr\/wp-json\/wp\/v2\/types\/page"}],"author":[{"embeddable":true,"href":"https:\/\/elineboringmachine.com\/fr\/wp-json\/wp\/v2\/users\/1"}],"replies":[{"embeddable":true,"href":"https:\/\/elineboringmachine.com\/fr\/wp-json\/wp\/v2\/comments?post=1974"}],"version-history":[{"count":0,"href":"https:\/\/elineboringmachine.com\/fr\/wp-json\/wp\/v2\/pages\/1974\/revisions"}],"up":[{"embeddable":true,"href":"https:\/\/elineboringmachine.com\/fr\/wp-json\/wp\/v2\/pages\/371"}],"wp:featuredmedia":[{"embeddable":true,"href":"https:\/\/elineboringmachine.com\/fr\/wp-json\/wp\/v2\/media\/4782"}],"wp:attachment":[{"href":"https:\/\/elineboringmachine.com\/fr\/wp-json\/wp\/v2\/media?parent=1974"}],"curies":[{"name":"wp","href":"https:\/\/api.w.org\/{rel}","templated":true}]}}