{"id":1984,"date":"2022-08-03T15:40:21","date_gmt":"2022-08-03T07:40:21","guid":{"rendered":"https:\/\/elineboringmachine.com\/?page_id=1984"},"modified":"2024-04-05T13:06:44","modified_gmt":"2024-04-05T05:06:44","slug":"portable-hydraulic-bushing-trackpin-press","status":"publish","type":"page","link":"https:\/\/elineboringmachine.com\/fr\/products\/portable-hydraulic-bushing-trackpin-press\/","title":{"rendered":"Presse hydraulique portative pour douilles et axes de chenille"},"content":{"rendered":"<div data-elementor-type=\"wp-page\" data-elementor-id=\"1984\" class=\"elementor elementor-1984\" data-elementor-post-type=\"page\">\n\t\t\t\t<div class=\"elementor-element elementor-element-aed598b e-con-full e-flex e-con e-parent\" data-id=\"aed598b\" data-element_type=\"container\">\n\t\t<div class=\"elementor-element elementor-element-07b8bf1 e-con-full e-flex e-con e-parent\" data-id=\"07b8bf1\" data-element_type=\"container\">\n\t\t\t\t<div class=\"elementor-element elementor-element-4a25c1c elementor-widget__width-initial elementor-widget elementor-widget-heading\" data-id=\"4a25c1c\" data-element_type=\"widget\" data-widget_type=\"heading.default\">\n\t\t\t\t\t<h1 class=\"elementor-heading-title elementor-size-default\">Presse hydraulique portative pour douilles et axes de chenille<\/h1>\t\t\t\t<\/div>\n\t\t\t\t<div class=\"elementor-element elementor-element-2ad30ec elementor-widget-tablet__width-initial elementor-widget elementor-widget-text-editor\" data-id=\"2ad30ec\" data-element_type=\"widget\" data-widget_type=\"text-editor.default\">\n\t\t\t\t\t\t\t\t\t<p>La presse \u00e0 bagues hydraulique portable et la presse \u00e0 goupilles de chenille sont con\u00e7ues pour retirer les bagues et les goupilles sur les chargeurs, les excavatrices, les tracteurs et une vari\u00e9t\u00e9 d&#039;\u00e9quipements agricoles.<\/p><p>Compar\u00e9es aux m\u00e9thodes traditionnelles de d\u00e9pose des bagues et des axes, la presse hydraulique \u00e0 bagues et le poussoir d&#039;axes de chenille offrent la solution la plus \u00e9conomique pour retirer les bagues et les axes, r\u00e9duisant ainsi le temps d&#039;entretien et les co\u00fbts de main-d&#039;\u0153uvre. Pompe hydraulique manuelle et \u00e9lectrique en option.<\/p>\t\t\t\t\t\t\t\t<\/div>\n\t\t\t\t<\/div>\n\t\t\t\t<div class=\"elementor-element elementor-element-9fdee18 elementor-widget-tablet__width-initial elementor-widget elementor-widget-image\" data-id=\"9fdee18\" data-element_type=\"widget\" data-widget_type=\"image.default\">\n\t\t\t\t\t\t\t\t\t\t\t\t\t\t\t<img fetchpriority=\"high\" decoding=\"async\" width=\"600\" height=\"370\" src=\"https:\/\/elineboringmachine.com\/wp-content\/uploads\/2022\/12\/ETP120-TRACK-PIN-PRESS.webp\" class=\"attachment-medium_large size-medium_large wp-image-4468\" alt=\"ETP120 TRACK PIN PRESS\" srcset=\"https:\/\/elineboringmachine.com\/wp-content\/uploads\/2022\/12\/ETP120-TRACK-PIN-PRESS.webp 600w, https:\/\/elineboringmachine.com\/wp-content\/uploads\/2022\/12\/ETP120-TRACK-PIN-PRESS-300x185.webp 300w, https:\/\/elineboringmachine.com\/wp-content\/uploads\/2022\/12\/ETP120-TRACK-PIN-PRESS-18x12.webp 18w\" sizes=\"(max-width: 600px) 100vw, 600px\" title=\"\">\t\t\t\t\t\t\t\t\t\t\t\t\t\t\t<\/div>\n\t\t\t\t<\/div>\n\t\t<div class=\"elementor-element elementor-element-c285d0a e-con-full e-flex e-con e-parent\" data-id=\"c285d0a\" data-element_type=\"container\">\n\t\t\t\t<div class=\"elementor-element elementor-element-b20ebab elementor-widget__width-initial elementor-widget elementor-widget-image\" data-id=\"b20ebab\" data-element_type=\"widget\" data-widget_type=\"image.default\">\n\t\t\t\t\t\t\t\t\t\t\t\t\t\t\t<img decoding=\"async\" width=\"700\" height=\"540\" src=\"https:\/\/elineboringmachine.com\/wp-content\/uploads\/2022\/12\/bushing-press-kits-all-parts.webp\" class=\"attachment-full size-full wp-image-4469\" alt=\"bushing press kits all parts\" srcset=\"https:\/\/elineboringmachine.com\/wp-content\/uploads\/2022\/12\/bushing-press-kits-all-parts.webp 700w, https:\/\/elineboringmachine.com\/wp-content\/uploads\/2022\/12\/bushing-press-kits-all-parts-300x231.webp 300w, https:\/\/elineboringmachine.com\/wp-content\/uploads\/2022\/12\/bushing-press-kits-all-parts-16x12.webp 16w\" sizes=\"(max-width: 700px) 100vw, 700px\" title=\"\">\t\t\t\t\t\t\t\t\t\t\t\t\t\t\t<\/div>\n\t\t<div class=\"elementor-element elementor-element-3120cd5 e-con-full e-flex e-con e-parent\" data-id=\"3120cd5\" data-element_type=\"container\">\n\t\t\t\t<div class=\"elementor-element elementor-element-2251154 elementor-widget elementor-widget-heading\" data-id=\"2251154\" data-element_type=\"widget\" data-widget_type=\"heading.default\">\n\t\t\t\t\t<h3 class=\"elementor-heading-title elementor-size-default\">Presse \u00e0 douilles portable EBK70<\/h3>\t\t\t\t<\/div>\n\t\t\t\t<div class=\"elementor-element elementor-element-abc9a17 elementor-widget elementor-widget-html\" data-id=\"abc9a17\" data-element_type=\"widget\" data-widget_type=\"html.default\">\n\t\t\t\t\t<table >\n<tbody>\n<tr>\n<td ><strong>CARACT\u00c9RISTIQUES<\/strong><\/td><td ><strong>M\u00c9TRIQUE<\/strong><\/td>\n<\/tr>\n<tr>\n<td><strong>Pouss\u00e9e du cylindre :<\/strong><\/td><td>70T<\/td>\n<\/tr>\n<tr>\n<td><strong>Pression de travail :<\/strong><\/td><td>1-63 Mpa<\/td>\n<\/tr>\n<tr>\n<td><strong>Accident vasculaire c\u00e9r\u00e9bral:<\/strong><\/td><td>100 mm<\/td>\n<\/tr>\n<tr>\n<td><strong>Gamme de manchons de pressage :<\/strong><\/td><td>60-120 mm<\/td><\/tr>\n<\/tbody>\n<\/table>\n\n\t\t\t\t<\/div>\n\t\t\t\t<div class=\"elementor-element elementor-element-a739625 elementor-align-justify elementor-widget elementor-widget-button\" data-id=\"a739625\" data-element_type=\"widget\" data-widget_type=\"button.default\">\n\t\t\t\t\t\t\t\t\t\t<a class=\"elementor-button elementor-button-link elementor-size-md\" href=\"https:\/\/elineboringmachine.com\/fr\/products\/portable-hydraulic-bushing-trackpin-press\/ebk70-portable-bushing-press\/\">\n\t\t\t\t\t\t<span class=\"elementor-button-content-wrapper\">\n\t\t\t\t\t\t\t\t\t<span class=\"elementor-button-text\">Presse \u00e0 douilles portable EBK70<\/span>\n\t\t\t\t\t<\/span>\n\t\t\t\t\t<\/a>\n\t\t\t\t\t\t\t\t<\/div>\n\t\t\t\t<\/div>\n\t\t<div class=\"elementor-element elementor-element-0cff140 e-con-full e-flex e-con e-parent\" data-id=\"0cff140\" data-element_type=\"container\">\n\t\t\t\t<div class=\"elementor-element elementor-element-61cead9 elementor-widget-divider--view-line elementor-widget elementor-widget-divider\" data-id=\"61cead9\" data-element_type=\"widget\" data-widget_type=\"divider.default\">\n\t\t\t\t\t\t\t<div class=\"elementor-divider\">\n\t\t\t<span class=\"elementor-divider-separator\">\n\t\t\t\t\t\t<\/span>\n\t\t<\/div>\n\t\t\t\t\t\t<\/div>\n\t\t\t\t<\/div>\n\t\t\t\t<\/div>\n\t\t<div class=\"elementor-element elementor-element-352eda9 e-con-full e-flex e-con e-parent\" data-id=\"352eda9\" data-element_type=\"container\">\n\t\t\t\t<div class=\"elementor-element elementor-element-1bf48bd elementor-widget__width-initial elementor-widget elementor-widget-image\" data-id=\"1bf48bd\" data-element_type=\"widget\" data-widget_type=\"image.default\">\n\t\t\t\t\t\t\t\t\t\t\t\t\t\t\t<img decoding=\"async\" width=\"600\" height=\"370\" src=\"https:\/\/elineboringmachine.com\/wp-content\/uploads\/2022\/12\/ETP120-TRACK-PIN-PRESS-1.webp\" class=\"attachment-full size-full wp-image-4475\" alt=\"PORTABLE TRACKPIN PRESS\" srcset=\"https:\/\/elineboringmachine.com\/wp-content\/uploads\/2022\/12\/ETP120-TRACK-PIN-PRESS-1.webp 600w, https:\/\/elineboringmachine.com\/wp-content\/uploads\/2022\/12\/ETP120-TRACK-PIN-PRESS-1-300x185.webp 300w, https:\/\/elineboringmachine.com\/wp-content\/uploads\/2022\/12\/ETP120-TRACK-PIN-PRESS-1-18x12.webp 18w\" sizes=\"(max-width: 600px) 100vw, 600px\" title=\"\">\t\t\t\t\t\t\t\t\t\t\t\t\t\t\t<\/div>\n\t\t<div class=\"elementor-element elementor-element-7ca79b4 e-con-full e-flex e-con e-parent\" data-id=\"7ca79b4\" data-element_type=\"container\">\n\t\t\t\t<div class=\"elementor-element elementor-element-b601cfa elementor-widget elementor-widget-heading\" data-id=\"b601cfa\" data-element_type=\"widget\" data-widget_type=\"heading.default\">\n\t\t\t\t\t<h3 class=\"elementor-heading-title elementor-size-default\">Presse \u00e0 broches portable ETP120<\/h3>\t\t\t\t<\/div>\n\t\t\t\t<div class=\"elementor-element elementor-element-04724b9 elementor-widget elementor-widget-html\" data-id=\"04724b9\" data-element_type=\"widget\" data-widget_type=\"html.default\">\n\t\t\t\t\t<table >\n<tbody>\n<tr>\n<td ><strong>CARACT\u00c9RISTIQUES<\/strong><\/td><td ><strong>M\u00c9TRIQUE<\/strong><\/td>\n<\/tr>\n<tr>\n<td><strong>Pouss\u00e9e du cylindre :<\/strong><\/td><td>120T<\/td>\n<\/tr>\n<tr>\n<td><strong>Pression de travail :<\/strong><\/td><td>1-63 Mpa<\/td>\n<\/tr>\n<tr>\n<td><strong>Accident vasculaire c\u00e9r\u00e9bral:<\/strong><\/td><td>100 mm<\/td>\n<\/tr>\n<tr>\n<td><strong>Diam\u00e8tre de la goupille de pression :<\/strong><\/td><td>\u226460 mm<\/td><\/tr>\n<\/tbody>\n<\/table>\n\n\t\t\t\t<\/div>\n\t\t\t\t<div class=\"elementor-element elementor-element-313c830 elementor-align-justify elementor-widget elementor-widget-button\" data-id=\"313c830\" data-element_type=\"widget\" data-widget_type=\"button.default\">\n\t\t\t\t\t\t\t\t\t\t<a class=\"elementor-button elementor-button-link elementor-size-md\" href=\"https:\/\/elineboringmachine.com\/fr\/products\/portable-hydraulic-bushing-trackpin-press\/etp120-portable-trackpin-press\/\">\n\t\t\t\t\t\t<span class=\"elementor-button-content-wrapper\">\n\t\t\t\t\t\t\t\t\t<span class=\"elementor-button-text\">Presse \u00e0 broches portable ETP120<\/span>\n\t\t\t\t\t<\/span>\n\t\t\t\t\t<\/a>\n\t\t\t\t\t\t\t\t<\/div>\n\t\t\t\t<\/div>\n\t\t<div class=\"elementor-element elementor-element-1a9baa5 e-con-full e-flex e-con e-parent\" data-id=\"1a9baa5\" data-element_type=\"container\">\n\t\t\t\t<div class=\"elementor-element elementor-element-7eaa4ca elementor-widget-divider--view-line elementor-widget elementor-widget-divider\" data-id=\"7eaa4ca\" data-element_type=\"widget\" data-widget_type=\"divider.default\">\n\t\t\t\t\t\t\t<div class=\"elementor-divider\">\n\t\t\t<span class=\"elementor-divider-separator\">\n\t\t\t\t\t\t<\/span>\n\t\t<\/div>\n\t\t\t\t\t\t<\/div>\n\t\t\t\t<\/div>\n\t\t\t\t<\/div>\n\t\t<div class=\"elementor-element elementor-element-9580701 e-con-full e-flex e-con e-parent\" data-id=\"9580701\" data-element_type=\"container\">\n\t\t\t\t<div class=\"elementor-element elementor-element-f156929 elementor-widget__width-initial elementor-widget elementor-widget-image\" data-id=\"f156929\" data-element_type=\"widget\" data-widget_type=\"image.default\">\n\t\t\t\t\t\t\t\t\t\t\t\t\t\t\t<img loading=\"lazy\" decoding=\"async\" width=\"700\" height=\"540\" src=\"https:\/\/elineboringmachine.com\/wp-content\/uploads\/2022\/12\/ETP120-TRACK-PIN-PRESS-HAND-ELECTRIC-PUMP.webp\" class=\"attachment-full size-full wp-image-4473\" alt=\"EBTP100 BUSHING TRACK PIN PRESS HAND ELECTRIC PUMP\" srcset=\"https:\/\/elineboringmachine.com\/wp-content\/uploads\/2022\/12\/ETP120-TRACK-PIN-PRESS-HAND-ELECTRIC-PUMP.webp 700w, https:\/\/elineboringmachine.com\/wp-content\/uploads\/2022\/12\/ETP120-TRACK-PIN-PRESS-HAND-ELECTRIC-PUMP-300x231.webp 300w, https:\/\/elineboringmachine.com\/wp-content\/uploads\/2022\/12\/ETP120-TRACK-PIN-PRESS-HAND-ELECTRIC-PUMP-16x12.webp 16w\" sizes=\"(max-width: 700px) 100vw, 700px\" title=\"\">\t\t\t\t\t\t\t\t\t\t\t\t\t\t\t<\/div>\n\t\t<div class=\"elementor-element elementor-element-9054ac9 e-con-full e-flex e-con e-parent\" data-id=\"9054ac9\" data-element_type=\"container\">\n\t\t\t\t<div class=\"elementor-element elementor-element-46aade4 elementor-widget elementor-widget-heading\" data-id=\"46aade4\" data-element_type=\"widget\" data-widget_type=\"heading.default\">\n\t\t\t\t\t<h3 class=\"elementor-heading-title elementor-size-default\">Presse portative pour bagues et axes de chenille EBTP100<\/h3>\t\t\t\t<\/div>\n\t\t\t\t<div class=\"elementor-element elementor-element-1e3e459 elementor-widget elementor-widget-html\" data-id=\"1e3e459\" data-element_type=\"widget\" data-widget_type=\"html.default\">\n\t\t\t\t\t<table >\n<tbody>\n<tr>\n<td ><strong>CARACT\u00c9RISTIQUES<\/strong><\/td><td ><strong>M\u00c9TRIQUE<\/strong><\/td>\n<\/tr>\n<tr>\n<td><strong>Pouss\u00e9e du cylindre :<\/strong><\/td><td>100T<\/td>\n<\/tr>\n<tr>\n<td><strong>Pression de travail :<\/strong><\/td><td>1-63 Mpa<\/td>\n<\/tr>\n<tr>\n<td><strong>Accident vasculaire c\u00e9r\u00e9bral:<\/strong><\/td><td>100 mm<\/td>\n<\/tr>\n<tr>\n<td><strong>Gamme de manchons de pressage :<\/strong><\/td><td>60-140 mm<\/td><\/tr>\n<tr>\n<td><strong>Diam\u00e8tre de la goupille de pression :<\/strong><\/td><td>\u226460 mm<\/td><\/tr>\n<\/tbody>\n<\/table>\n\n\t\t\t\t<\/div>\n\t\t\t\t<div class=\"elementor-element elementor-element-ca15572 elementor-align-justify elementor-widget elementor-widget-button\" data-id=\"ca15572\" data-element_type=\"widget\" data-widget_type=\"button.default\">\n\t\t\t\t\t\t\t\t\t\t<a class=\"elementor-button elementor-button-link elementor-size-md\" href=\"https:\/\/elineboringmachine.com\/fr\/products\/portable-hydraulic-bushing-trackpin-press\/ebtp100-portable-bushing-and-trackpin-press\/\">\n\t\t\t\t\t\t<span class=\"elementor-button-content-wrapper\">\n\t\t\t\t\t\t\t\t\t<span class=\"elementor-button-text\">Presse portative pour bagues et axes de chenille EBTP100<\/span>\n\t\t\t\t\t<\/span>\n\t\t\t\t\t<\/a>\n\t\t\t\t\t\t\t\t<\/div>\n\t\t\t\t<\/div>\n\t\t<div class=\"elementor-element elementor-element-d1afca0 e-con-full e-flex e-con e-parent\" data-id=\"d1afca0\" data-element_type=\"container\">\n\t\t\t\t<div class=\"elementor-element elementor-element-2ae2ca6 elementor-widget-divider--view-line elementor-widget elementor-widget-divider\" data-id=\"2ae2ca6\" data-element_type=\"widget\" data-widget_type=\"divider.default\">\n\t\t\t\t\t\t\t<div class=\"elementor-divider\">\n\t\t\t<span class=\"elementor-divider-separator\">\n\t\t\t\t\t\t<\/span>\n\t\t<\/div>\n\t\t\t\t\t\t<\/div>\n\t\t\t\t<\/div>\n\t\t\t\t<\/div>\n\t\t\t\t<\/div>","protected":false},"excerpt":{"rendered":"<p>Portable Hydraulic Bushing &#038; Trackpin Press\u200b Portable Hydraulic Bushing press,Track Pin press are designed for removing bushings and pins on loaders, excavators, tractors and a variety of farm equipment. Compared to traditional methods for removing bushings and pins, the hydraulic bushing press and Track Pin Pusher provides the most economical solution for removing bushings\/pins, reduces&hellip;&nbsp;<\/p>\n<div class=\"read-more-wrapper\"><a href=\"https:\/\/elineboringmachine.com\/fr\/products\/portable-hydraulic-bushing-trackpin-press\/\" class=\"button button-primary\" rel=\"bookmark\">En savoir plus &quot;<span class=\"screen-reader-text\">Presse hydraulique portative pour douilles et axes de chenille<\/span><\/a><\/div>","protected":false},"author":1,"featured_media":4803,"parent":371,"menu_order":0,"comment_status":"closed","ping_status":"closed","template":"page-templates\/template-pagebuilder-full-width.php","meta":{"neve_meta_sidebar":"","neve_meta_container":"","neve_meta_enable_content_width":"","neve_meta_content_width":0,"neve_meta_title_alignment":"","neve_meta_author_avatar":"","neve_post_elements_order":"","neve_meta_disable_header":"","neve_meta_disable_footer":"","neve_meta_disable_title":"","neve_meta_reading_time":"","footnotes":""},"class_list":["post-1984","page","type-page","status-publish","has-post-thumbnail","hentry"],"_links":{"self":[{"href":"https:\/\/elineboringmachine.com\/fr\/wp-json\/wp\/v2\/pages\/1984","targetHints":{"allow":["GET"]}}],"collection":[{"href":"https:\/\/elineboringmachine.com\/fr\/wp-json\/wp\/v2\/pages"}],"about":[{"href":"https:\/\/elineboringmachine.com\/fr\/wp-json\/wp\/v2\/types\/page"}],"author":[{"embeddable":true,"href":"https:\/\/elineboringmachine.com\/fr\/wp-json\/wp\/v2\/users\/1"}],"replies":[{"embeddable":true,"href":"https:\/\/elineboringmachine.com\/fr\/wp-json\/wp\/v2\/comments?post=1984"}],"version-history":[{"count":0,"href":"https:\/\/elineboringmachine.com\/fr\/wp-json\/wp\/v2\/pages\/1984\/revisions"}],"up":[{"embeddable":true,"href":"https:\/\/elineboringmachine.com\/fr\/wp-json\/wp\/v2\/pages\/371"}],"wp:featuredmedia":[{"embeddable":true,"href":"https:\/\/elineboringmachine.com\/fr\/wp-json\/wp\/v2\/media\/4803"}],"wp:attachment":[{"href":"https:\/\/elineboringmachine.com\/fr\/wp-json\/wp\/v2\/media?parent=1984"}],"curies":[{"name":"wp","href":"https:\/\/api.w.org\/{rel}","templated":true}]}}