{"id":2899,"date":"2022-08-25T17:15:50","date_gmt":"2022-08-25T09:15:50","guid":{"rendered":"https:\/\/elineboringmachine.com\/?page_id=2899"},"modified":"2023-04-12T20:30:14","modified_gmt":"2023-04-12T12:30:14","slug":"emf300-od-mount-flange-facer","status":"publish","type":"page","link":"https:\/\/elineboringmachine.com\/fr\/products\/flange-facer\/emf300-od-mount-flange-facer\/","title":{"rendered":"Machine \u00e0 surfacer les brides de montage ext\u00e9rieur EMF300"},"content":{"rendered":"<div data-elementor-type=\"wp-page\" data-elementor-id=\"2899\" class=\"elementor elementor-2899\" data-elementor-post-type=\"page\">\n\t\t\t\t<div class=\"elementor-element elementor-element-92d9755 e-con-full e-flex e-con e-parent\" data-id=\"92d9755\" data-element_type=\"container\">\n\t\t\t\t<div class=\"elementor-element elementor-element-63aa314 elementor-widget__width-initial elementor-arrows-position-inside elementor-pagination-position-outside elementor-widget elementor-widget-image-carousel\" data-id=\"63aa314\" data-element_type=\"widget\" data-settings=\"{&quot;slides_to_show&quot;:&quot;1&quot;,&quot;navigation&quot;:&quot;both&quot;,&quot;autoplay&quot;:&quot;yes&quot;,&quot;pause_on_hover&quot;:&quot;yes&quot;,&quot;pause_on_interaction&quot;:&quot;yes&quot;,&quot;autoplay_speed&quot;:5000,&quot;infinite&quot;:&quot;yes&quot;,&quot;effect&quot;:&quot;slide&quot;,&quot;speed&quot;:500}\" data-widget_type=\"image-carousel.default\">\n\t\t\t\t\t\t\t<div class=\"elementor-image-carousel-wrapper swiper\" role=\"region\" aria-roledescription=\"carousel\" aria-label=\"Carrousel d&#039;images\" dir=\"ltr\">\n\t\t\t<div class=\"elementor-image-carousel swiper-wrapper\" aria-live=\"off\">\n\t\t\t\t\t\t\t\t<div class=\"swiper-slide\" role=\"group\" aria-roledescription=\"slide\" aria-label=\"1 sur 6\"><figure class=\"swiper-slide-inner\"><img decoding=\"async\" class=\"swiper-slide-image\" src=\"https:\/\/elineboringmachine.com\/wp-content\/uploads\/2022\/06\/emf300-OD-flange-facer-1024x661.webp\" alt=\"Facette de montage OD emf300\" title=\"\"><\/figure><\/div><div class=\"swiper-slide\" role=\"group\" aria-roledescription=\"slide\" aria-label=\"2 sur 6\"><figure class=\"swiper-slide-inner\"><img decoding=\"async\" class=\"swiper-slide-image\" src=\"https:\/\/elineboringmachine.com\/wp-content\/uploads\/2022\/08\/EMF300-OD-FLANGE-FACING-MACHINE.webp\" alt=\"EMF300 OD FLANGE FACING MACHINE\" title=\"\"><\/figure><\/div><div class=\"swiper-slide\" role=\"group\" aria-roledescription=\"slide\" aria-label=\"3 sur 6\"><figure class=\"swiper-slide-inner\"><img decoding=\"async\" class=\"swiper-slide-image\" src=\"https:\/\/elineboringmachine.com\/wp-content\/uploads\/2022\/08\/EMF300-OD-FLANGE-FACER-1024x768.webp\" alt=\"EMF300 OD FLANGE FACER\" title=\"\"><\/figure><\/div><div class=\"swiper-slide\" role=\"group\" aria-roledescription=\"slide\" aria-label=\"4 sur 6\"><figure class=\"swiper-slide-inner\"><img decoding=\"async\" class=\"swiper-slide-image\" src=\"https:\/\/elineboringmachine.com\/wp-content\/uploads\/2022\/07\/EMF300-OD-flange-facers.webp\" alt=\"Surfaceurs de bride OD EMF300\" title=\"\"><\/figure><\/div><div class=\"swiper-slide\" role=\"group\" aria-roledescription=\"slide\" aria-label=\"5 sur 6\"><figure class=\"swiper-slide-inner\"><img decoding=\"async\" class=\"swiper-slide-image\" src=\"https:\/\/elineboringmachine.com\/wp-content\/uploads\/2022\/08\/EMF300-EXTERNAL-FLANGE-FACER.webp\" alt=\"EMF300 EXTERNAL FLANGE FACER\" title=\"\"><\/figure><\/div><div class=\"swiper-slide\" role=\"group\" aria-roledescription=\"slide\" aria-label=\"6 sur 6\"><figure class=\"swiper-slide-inner\"><img decoding=\"async\" class=\"swiper-slide-image\" src=\"https:\/\/elineboringmachine.com\/wp-content\/uploads\/2022\/08\/EMF300-OD-FLANGE-FACER-groove.webp\" alt=\"EMF300 OD FLANGE FACER groove\" title=\"\"><\/figure><\/div>\t\t\t<\/div>\n\t\t\t\t\t\t\t\t\t\t\t\t<div class=\"elementor-swiper-button elementor-swiper-button-prev\" role=\"button\" tabindex=\"0\">\n\t\t\t\t\t\t<svg aria-hidden=\"true\" class=\"e-font-icon-svg e-eicon-chevron-left\" viewbox=\"0 0 1000 1000\" xmlns=\"http:\/\/www.w3.org\/2000\/svg\"><path d=\"M646 125C629 125 613 133 604 142L308 442C296 454 292 471 292 487 292 504 296 521 308 533L604 854C617 867 629 875 646 875 663 875 679 871 692 858 704 846 713 829 713 812 713 796 708 779 692 767L438 487 692 225C700 217 708 204 708 187 708 171 704 154 692 142 675 129 663 125 646 125Z\"><\/path><\/svg>\t\t\t\t\t<\/div>\n\t\t\t\t\t<div class=\"elementor-swiper-button elementor-swiper-button-next\" role=\"button\" tabindex=\"0\">\n\t\t\t\t\t\t<svg aria-hidden=\"true\" class=\"e-font-icon-svg e-eicon-chevron-right\" viewbox=\"0 0 1000 1000\" xmlns=\"http:\/\/www.w3.org\/2000\/svg\"><path d=\"M696 533C708 521 713 504 713 487 713 471 708 454 696 446L400 146C388 133 375 125 354 125 338 125 325 129 313 142 300 154 292 171 292 187 292 204 296 221 308 233L563 492 304 771C292 783 288 800 288 817 288 833 296 850 308 863 321 871 338 875 354 875 371 875 388 867 400 854L696 533Z\"><\/path><\/svg>\t\t\t\t\t<\/div>\n\t\t\t\t\n\t\t\t\t\t\t\t\t\t<div class=\"swiper-pagination\"><\/div>\n\t\t\t\t\t\t\t\t\t<\/div>\n\t\t\t\t\t\t<\/div>\n\t\t<div class=\"elementor-element elementor-element-77d386d e-con-full e-flex e-con e-parent\" data-id=\"77d386d\" data-element_type=\"container\">\n\t\t\t\t<div class=\"elementor-element elementor-element-3839b8a elementor-widget elementor-widget-heading\" data-id=\"3839b8a\" data-element_type=\"widget\" data-widget_type=\"heading.default\">\n\t\t\t\t\t<h1 class=\"elementor-heading-title elementor-size-default\">Machine \u00e0 surfacer les brides de montage ext\u00e9rieur EMF300<\/h1>\t\t\t\t<\/div>\n\t\t\t\t<div class=\"elementor-element elementor-element-ccc96b0 elementor-widget elementor-widget-text-editor\" data-id=\"ccc96b0\" data-element_type=\"widget\" data-widget_type=\"text-editor.default\">\n\t\t\t\t\t\t\t\t\t<p>La machine \u00e0 surfacer les brides \u00e0 montage ext\u00e9rieur EMF300 est une machine de surfa\u00e7age, de rainurage et de pr\u00e9paration de soudure de brides, l\u00e9g\u00e8re et portable, mont\u00e9e \u00e0 l&#039;ext\u00e9rieur, con\u00e7ue pour usiner des brides \u00e0 face pleine, \u00e0 face sur\u00e9lev\u00e9e et rainur\u00e9es dans la plage de diam\u00e8tre de 0 mm \u00e0 305 mm (0\u2033 \u00e0 12\u2033).<\/p><p>L&#039;EMF300 dispose de deux vitesses d&#039;avance continues. Elle peut \u00eatre aliment\u00e9e par un moteur pneumatique \u00e0 couple \u00e9lev\u00e9 ou un servomoteur \u00e9lectrique. Elle tourne sur un roulement de haute pr\u00e9cision offrant une excellente rigidit\u00e9. La machine peut usiner des brides standard FF et RF, des rainures RTJ et autres rainures en V, des r\u00e9parations de soudures, etc.<\/p><p>La fraiseuse \u00e0 brides EMF300 \u00e0 montage ext\u00e9rieur est adapt\u00e9e aux industries p\u00e9troli\u00e8re et gazi\u00e8re, aux centrales \u00e9lectriques, aux usines chimiques, aux plateformes p\u00e9troli\u00e8res et bien d&#039;autres. Elle est con\u00e7ue pour des applications conformes aux normes ASME.<\/p>\t\t\t\t\t\t\t\t<\/div>\n\t\t\t\t<div class=\"elementor-element elementor-element-e0eeba2 elementor-align-justify elementor-widget elementor-widget-button\" data-id=\"e0eeba2\" data-element_type=\"widget\" data-widget_type=\"button.default\">\n\t\t\t\t\t\t\t\t\t\t<a class=\"elementor-button elementor-button-link elementor-size-md\" href=\"\/fr\/contact\/?request-a-quote=emf300-od-flange-facer\">\n\t\t\t\t\t\t<span class=\"elementor-button-content-wrapper\">\n\t\t\t\t\t\t<span class=\"elementor-button-icon\">\n\t\t\t\t<svg aria-hidden=\"true\" class=\"e-font-icon-svg e-fas-chevron-circle-right\" viewbox=\"0 0 512 512\" xmlns=\"http:\/\/www.w3.org\/2000\/svg\"><path d=\"M256 8c137 0 248 111 248 248S393 504 256 504 8 393 8 256 119 8 256 8zm113.9 231L234.4 103.5c-9.4-9.4-24.6-9.4-33.9 0l-17 17c-9.4 9.4-9.4 24.6 0 33.9L285.1 256 183.5 357.6c-9.4 9.4-9.4 24.6 0 33.9l17 17c9.4 9.4 24.6 9.4 33.9 0L369.9 273c9.4-9.4 9.4-24.6 0-34z\"><\/path><\/svg>\t\t\t<\/span>\n\t\t\t\t\t\t\t\t\t<span class=\"elementor-button-text\">Demander un devis<\/span>\n\t\t\t\t\t<\/span>\n\t\t\t\t\t<\/a>\n\t\t\t\t\t\t\t\t<\/div>\n\t\t\t\t<\/div>\n\t\t<div class=\"elementor-element elementor-element-19d8306 e-con-full e-flex e-con e-parent\" data-id=\"19d8306\" data-element_type=\"container\">\n\t\t\t\t<div class=\"elementor-element elementor-element-1c98a3c elementor-widget-divider--view-line elementor-widget elementor-widget-divider\" data-id=\"1c98a3c\" data-element_type=\"widget\" data-widget_type=\"divider.default\">\n\t\t\t\t\t\t\t<div class=\"elementor-divider\">\n\t\t\t<span class=\"elementor-divider-separator\">\n\t\t\t\t\t\t<\/span>\n\t\t<\/div>\n\t\t\t\t\t\t<\/div>\n\t\t\t\t<\/div>\n\t\t\t\t<\/div>\n\t\t<div class=\"elementor-element elementor-element-e7438d1 e-con-full e-flex e-con e-parent\" data-id=\"e7438d1\" data-element_type=\"container\">\n\t\t\t\t<div class=\"elementor-element elementor-element-caeb407 elementor-tabs-alignment-stretch elementor-tabs-view-horizontal elementor-widget elementor-widget-tabs\" data-id=\"caeb407\" data-element_type=\"widget\" data-widget_type=\"tabs.default\">\n\t\t\t\t\t\t\t<div class=\"elementor-tabs\">\n\t\t\t<div class=\"elementor-tabs-wrapper\" role=\"tablist\" >\n\t\t\t\t\t\t\t\t\t<div id=\"elementor-tab-title-2121\" class=\"elementor-tab-title elementor-tab-desktop-title\" aria-selected=\"true\" data-tab=\"1\" role=\"tab\" tabindex=\"0\" aria-controls=\"elementor-tab-content-2121\" aria-expanded=\"false\">Sp\u00e9cification<\/div>\n\t\t\t\t\t\t\t\t\t<div id=\"elementor-tab-title-2122\" class=\"elementor-tab-title elementor-tab-desktop-title\" aria-selected=\"false\" data-tab=\"2\" role=\"tab\" tabindex=\"-1\" aria-controls=\"elementor-tab-content-2122\" aria-expanded=\"false\">Avantage du produit<\/div>\n\t\t\t\t\t\t\t\t\t<div id=\"elementor-tab-title-2123\" class=\"elementor-tab-title elementor-tab-desktop-title\" aria-selected=\"false\" data-tab=\"3\" role=\"tab\" tabindex=\"-1\" aria-controls=\"elementor-tab-content-2123\" aria-expanded=\"false\">T\u00e9l\u00e9charger la fiche technique<\/div>\n\t\t\t\t\t\t\t\t\t<div id=\"elementor-tab-title-2124\" class=\"elementor-tab-title elementor-tab-desktop-title\" aria-selected=\"false\" data-tab=\"4\" role=\"tab\" tabindex=\"-1\" aria-controls=\"elementor-tab-content-2124\" aria-expanded=\"false\">Vid\u00e9os<\/div>\n\t\t\t\t\t\t\t<\/div>\n\t\t\t<div class=\"elementor-tabs-content-wrapper\" role=\"tablist\" aria-orientation=\"vertical\">\n\t\t\t\t\t\t\t\t\t<div class=\"elementor-tab-title elementor-tab-mobile-title\" aria-selected=\"true\" data-tab=\"1\" role=\"tab\" tabindex=\"0\" aria-controls=\"elementor-tab-content-2121\" aria-expanded=\"false\">Sp\u00e9cification<\/div>\n\t\t\t\t\t<div id=\"elementor-tab-content-2121\" class=\"elementor-tab-content elementor-clearfix\" data-tab=\"1\" role=\"tabpanel\" aria-labelledby=\"elementor-tab-title-2121\" tabindex=\"0\" hidden=\"false\"><h2>Face \u00e0 bride de montage EMF300 OD\u200b<\/h2>\n<table>\n<tbody>\n<tr>\n<td><strong>CARACT\u00c9RISTIQUES<\/strong><\/td>\n<td><\/td>\n<td><strong>POUCE<\/strong><\/td>\n<td><strong>M\u00c9TRIQUE<\/strong><\/td>\n<\/tr>\n<tr>\n<td><strong>Diam\u00e8tre de face<\/strong><\/td>\n<td><\/td>\n<td>0 \u2013 12 po<\/td>\n<td>0-305 mm<\/td>\n<\/tr>\n<tr>\n<td><strong>Diam\u00e8tre de montage OD<\/strong><\/td>\n<td><\/td>\n<td>2 \u2013 12 po<\/td>\n<td>50 \u2013 305 mm<\/td>\n<\/tr>\n<tr>\n<td rowspan=\"2\"><strong>Vitesse d&#039;avance de face<\/strong><\/td>\n<td>SORTIE (F)<\/td>\n<td>0,005 po\/tour<\/td>\n<td>0,125 mm\/tour<\/td>\n<\/tr>\n<tr>\n<td>EN (C)<\/td>\n<td>0,02 po\/tour<\/td>\n<td>0,5 mm\/tour<\/td>\n<\/tr>\n<tr>\n<td><strong>Poteau \u00e0 outils (vertical)<\/strong><\/td>\n<td><\/td>\n<td>1,57 po<\/td>\n<td>40 mm<\/td>\n<\/tr>\n<tr>\n<td><strong>Option d&#039;alimentation<\/strong><\/td>\n<td>Pneumatique<\/td>\n<td>Servomoteur \u00e9lectrique<\/td>\n<td>Moteur Metabo<\/td>\n<\/tr>\n<tr>\n<td><strong>Poids de travail<\/strong><\/td>\n<td><\/td>\n<td>45 kg<\/td>\n<td><\/td>\n<\/tr>\n<tr>\n<td><strong>Poids d&#039;exp\u00e9dition<\/strong><\/td>\n<td><\/td>\n<td>90 kg<\/td>\n<td><\/td>\n<\/tr>\n<\/tbody>\n<\/table><\/div>\n\t\t\t\t\t\t\t\t\t<div class=\"elementor-tab-title elementor-tab-mobile-title\" aria-selected=\"false\" data-tab=\"2\" role=\"tab\" tabindex=\"-1\" aria-controls=\"elementor-tab-content-2122\" aria-expanded=\"false\">Avantage du produit<\/div>\n\t\t\t\t\t<div id=\"elementor-tab-content-2122\" class=\"elementor-tab-content elementor-clearfix\" data-tab=\"2\" role=\"tabpanel\" aria-labelledby=\"elementor-tab-title-2122\" tabindex=\"0\" hidden=\"hidden\"><ol>\n \t<li>Le roulement pr\u00e9charg\u00e9 de haute pr\u00e9cision rend la machine pr\u00e9cise et robuste.<\/li>\n \t<li>L\u00e9ger, compact et portable.<\/li>\n \t<li>Mont\u00e9 \u00e0 l&#039;ext\u00e9rieur et fonctionne dans n&#039;importe quelle orientation.<\/li>\n \t<li>Convient \u00e0 diff\u00e9rents types de brides : face plate ; face sur\u00e9lev\u00e9e ; joints de type annulaire (RTJ) ; rainure et languette ; bague \u00e0 lentille ; brides compactes.<\/li>\n \t<li>L&#039;entra\u00eenement pneumatique permet une utilisation dans des zones dangereuses.<\/li>\n \t<li>2 avances de rainurage continues pour une finition \u00ab gramophone \u00bb (Norme ASME).<\/li>\n \t<li>Porte-outil pivotant \u00e0 360\u00b0 pour les d\u00e9tails de rainure.<\/li>\n \t<li>Rangement robuste.<\/li>\n<\/ol><\/div>\n\t\t\t\t\t\t\t\t\t<div class=\"elementor-tab-title elementor-tab-mobile-title\" aria-selected=\"false\" data-tab=\"3\" role=\"tab\" tabindex=\"-1\" aria-controls=\"elementor-tab-content-2123\" aria-expanded=\"false\">T\u00e9l\u00e9charger la fiche technique<\/div>\n\t\t\t\t\t<div id=\"elementor-tab-content-2123\" class=\"elementor-tab-content elementor-clearfix\" data-tab=\"3\" role=\"tabpanel\" aria-labelledby=\"elementor-tab-title-2123\" tabindex=\"0\" hidden=\"hidden\"><object style=\"width: 100%; height: 700px;\" data=\"https:\/\/elineboringmachine.com\/wp-content\/uploads\/2023\/01\/EMF300-OD-FLANGE-FACER.pdf\" type=\"application\/pdf\" width=\"300\" height=\"150\"><\/object><\/div>\n\t\t\t\t\t\t\t\t\t<div class=\"elementor-tab-title elementor-tab-mobile-title\" aria-selected=\"false\" data-tab=\"4\" role=\"tab\" tabindex=\"-1\" aria-controls=\"elementor-tab-content-2124\" aria-expanded=\"false\">Vid\u00e9os<\/div>\n\t\t\t\t\t<div id=\"elementor-tab-content-2124\" class=\"elementor-tab-content elementor-clearfix\" data-tab=\"4\" role=\"tabpanel\" aria-labelledby=\"elementor-tab-title-2124\" tabindex=\"0\" hidden=\"hidden\"><table class=\"responsive-table\">\n<tbody>\n<tr>\n<td><iframe width=\"560\" height=\"315\" src=\"https:\/\/www.youtube.com\/embed\/xWXiw561cJw\" title=\"Lecteur vid\u00e9o YouTube\" frameborder=\"0\" allow=\"accelerometer; autoplay; clipboard-write; encrypted-media; gyroscope; picture-in-picture\" allowfullscreen><\/iframe><\/td>\n<td><iframe title=\"Lecteur vid\u00e9o YouTube\" src=\"https:\/\/www.youtube.com\/embed\/fblA4cDTw98\" width=\"560\" height=\"315\" frameborder=\"0\" allowfullscreen=\"allowfullscreen\"><\/iframe><\/td>\n<td><iframe title=\"Lecteur vid\u00e9o YouTube\" src=\"https:\/\/www.youtube.com\/embed\/c1xewXnT1NA\" width=\"560\" height=\"315\" frameborder=\"0\" allowfullscreen=\"allowfullscreen\"><\/iframe><\/td>\n<\/tr>\n<\/tbody>\n<\/table><\/div>\n\t\t\t\t\t\t\t<\/div>\n\t\t<\/div>\n\t\t\t\t\t\t<\/div>\n\t\t\t\t<div class=\"elementor-element elementor-element-032a7a5 elementor-align-justify elementor-widget elementor-widget-button\" data-id=\"032a7a5\" data-element_type=\"widget\" data-widget_type=\"button.default\">\n\t\t\t\t\t\t\t\t\t\t<a class=\"elementor-button elementor-button-link elementor-size-lg\" href=\"https:\/\/elineboringmachine.com\/fr\/category\/flange-facers\/\" target=\"_blank\">\n\t\t\t\t\t\t<span class=\"elementor-button-content-wrapper\">\n\t\t\t\t\t\t\t\t\t<span class=\"elementor-button-text\">Machines \u00e0 dresser les brides portables<\/span>\n\t\t\t\t\t<\/span>\n\t\t\t\t\t<\/a>\n\t\t\t\t\t\t\t\t<\/div>\n\t\t\t\t<div class=\"elementor-element elementor-element-2a1ecfc elementor-posts__hover-none elementor-grid-tablet-1 elementor-grid-3 elementor-grid-mobile-1 elementor-posts--thumbnail-top elementor-card-shadow-yes elementor-widget elementor-widget-posts\" data-id=\"2a1ecfc\" data-element_type=\"widget\" data-settings=\"{&quot;cards_columns_tablet&quot;:&quot;1&quot;,&quot;cards_columns&quot;:&quot;3&quot;,&quot;cards_columns_mobile&quot;:&quot;1&quot;,&quot;cards_row_gap&quot;:{&quot;unit&quot;:&quot;px&quot;,&quot;size&quot;:35,&quot;sizes&quot;:[]},&quot;cards_row_gap_tablet&quot;:{&quot;unit&quot;:&quot;px&quot;,&quot;size&quot;:&quot;&quot;,&quot;sizes&quot;:[]},&quot;cards_row_gap_mobile&quot;:{&quot;unit&quot;:&quot;px&quot;,&quot;size&quot;:&quot;&quot;,&quot;sizes&quot;:[]}}\" data-widget_type=\"posts.cards\">\n\t\t\t\t<div class=\"elementor-widget-container\">\n\t\t\t\t\t\t\t<div class=\"elementor-posts-container elementor-posts elementor-posts--skin-cards elementor-grid\">\n\t\t\t\t<article class=\"elementor-post elementor-grid-item post-451146 post type-post status-publish format-standard has-post-thumbnail hentry category-flange-facers\">\n\t\t\t<div class=\"elementor-post__card\">\n\t\t\t\t<a class=\"elementor-post__thumbnail__link\" href=\"https:\/\/elineboringmachine.com\/fr\/mff350-manual-flange-facer-reduce-down-time\/\" tabindex=\"-1\" ><div class=\"elementor-post__thumbnail\"><img fetchpriority=\"high\" decoding=\"async\" width=\"768\" height=\"576\" src=\"https:\/\/elineboringmachine.com\/wp-content\/uploads\/2022\/08\/mff350-repair-flange-face-768x576.webp\" class=\"attachment-medium_large size-medium_large wp-image-2892\" alt=\"face de bride de r\u00e9paration mff350\" srcset=\"https:\/\/elineboringmachine.com\/wp-content\/uploads\/2022\/08\/mff350-repair-flange-face-768x576.webp 768w, https:\/\/elineboringmachine.com\/wp-content\/uploads\/2022\/08\/mff350-repair-flange-face-300x225.webp 300w, https:\/\/elineboringmachine.com\/wp-content\/uploads\/2022\/08\/mff350-repair-flange-face-16x12.webp 16w, https:\/\/elineboringmachine.com\/wp-content\/uploads\/2022\/08\/mff350-repair-flange-face.webp 800w\" sizes=\"(max-width: 768px) 100vw, 768px\" title=\"\"><\/div><\/a>\n\t\t\t\t<div class=\"elementor-post__text\">\n\t\t\t\t<h3 class=\"elementor-post__title\">\n\t\t\t<a href=\"https:\/\/elineboringmachine.com\/fr\/mff350-manual-flange-facer-reduce-down-time\/\" >\n\t\t\t\tMaximiser l&#039;efficacit\u00e9 avec la machine \u00e0 dresser les brides manuelle MFF350\u00a0: un guide complet\t\t\t<\/a>\n\t\t<\/h3>\n\t\t\t\t<div class=\"elementor-post__excerpt\">\n\t\t\t<p>Le surfa\u00e7age de brides est un processus essentiel \u00e0 la maintenance et \u00e0 la r\u00e9paration des canalisations et autres \u00e9quipements industriels. La surfa\u00e7age de brides manuelle MFF350 offre une solution pratique, efficace et \u00e9conomique pour les travaux de surfa\u00e7age de brides. Gr\u00e2ce \u00e0 son fonctionnement manuel et \u00e0 sa plage de serrage de 27 mm \u00e0 27 cm, la MFF350 est con\u00e7ue pour r\u00e9pondre \u00e0 un large \u00e9ventail de besoins de maintenance et de r\u00e9paration sur site.<\/p>\n\t\t<\/div>\n\t\t\n\t\t<a class=\"elementor-post__read-more\" href=\"https:\/\/elineboringmachine.com\/fr\/mff350-manual-flange-facer-reduce-down-time\/\" aria-label=\"En savoir plus sur l&#039;optimisation de l&#039;efficacit\u00e9 avec la machine \u00e0 dresser les brides manuelle MFF350\u00a0: un guide complet\" tabindex=\"-1\" >\n\t\t\tEn savoir plus &quot;\t\t<\/a>\n\n\t\t\t\t<\/div>\n\t\t\t\t<div class=\"elementor-post__meta-data\">\n\t\t\t\t\t<span class=\"elementor-post-author\">\n\t\t\tAl\u00e9seuse Eline\t\t<\/span>\n\t\t\t\t<span class=\"elementor-post-date\">\n\t\t\t8 f\u00e9vrier 2023\t\t<\/span>\n\t\t\t\t<\/div>\n\t\t\t\t\t<\/div>\n\t\t<\/article>\n\t\t\t\t<article class=\"elementor-post elementor-grid-item post-451090 post type-post status-publish format-standard has-post-thumbnail hentry category-flange-facers tag-reface-flange-sureface tag-repaire-flange-face\">\n\t\t\t<div class=\"elementor-post__card\">\n\t\t\t\t<a class=\"elementor-post__thumbnail__link\" href=\"https:\/\/elineboringmachine.com\/fr\/understanding-the-flange-facing-process-a-guide\/\" tabindex=\"-1\" ><div class=\"elementor-post__thumbnail\"><img decoding=\"async\" width=\"768\" height=\"576\" src=\"https:\/\/elineboringmachine.com\/wp-content\/uploads\/2023\/01\/EFF1500-Flange-Facer-BASE-768x576.webp\" class=\"attachment-medium_large size-medium_large wp-image-5937\" alt=\"machines de surfa\u00e7age de brides \u00e0 montage interne\" srcset=\"https:\/\/elineboringmachine.com\/wp-content\/uploads\/2023\/01\/EFF1500-Flange-Facer-BASE-768x576.webp 768w, https:\/\/elineboringmachine.com\/wp-content\/uploads\/2023\/01\/EFF1500-Flange-Facer-BASE-300x225.webp 300w, https:\/\/elineboringmachine.com\/wp-content\/uploads\/2023\/01\/EFF1500-Flange-Facer-BASE-16x12.webp 16w, https:\/\/elineboringmachine.com\/wp-content\/uploads\/2023\/01\/EFF1500-Flange-Facer-BASE.webp 1024w\" sizes=\"(max-width: 768px) 100vw, 768px\" title=\"\"><\/div><\/a>\n\t\t\t\t<div class=\"elementor-post__text\">\n\t\t\t\t<h3 class=\"elementor-post__title\">\n\t\t\t<a href=\"https:\/\/elineboringmachine.com\/fr\/understanding-the-flange-facing-process-a-guide\/\" >\n\t\t\t\tComprendre le processus de dressage des brides\u00a0: un guide\t\t\t<\/a>\n\t\t<\/h3>\n\t\t\t\t<div class=\"elementor-post__excerpt\">\n\t\t\t<p>Le surfa\u00e7age des brides est un processus essentiel pour l&#039;entretien et la r\u00e9paration des canalisations, vannes et autres \u00e9quipements utilisant des raccords \u00e0 brides. Ce proc\u00e9d\u00e9 consiste \u00e0 usiner la surface d&#039;une bride pour obtenir une surface lisse, plane et parall\u00e8le, garantissant une \u00e9tanch\u00e9it\u00e9 parfaite entre deux composants connect\u00e9s.<\/p>\n\t\t<\/div>\n\t\t\n\t\t<a class=\"elementor-post__read-more\" href=\"https:\/\/elineboringmachine.com\/fr\/understanding-the-flange-facing-process-a-guide\/\" aria-label=\"En savoir plus sur Comprendre le processus de dressage des brides\u00a0: un guide\" tabindex=\"-1\" >\n\t\t\tEn savoir plus &quot;\t\t<\/a>\n\n\t\t\t\t<\/div>\n\t\t\t\t<div class=\"elementor-post__meta-data\">\n\t\t\t\t\t<span class=\"elementor-post-author\">\n\t\t\tAl\u00e9seuse Eline\t\t<\/span>\n\t\t\t\t<span class=\"elementor-post-date\">\n\t\t\t4 f\u00e9vrier 2023\t\t<\/span>\n\t\t\t\t<\/div>\n\t\t\t\t\t<\/div>\n\t\t<\/article>\n\t\t\t\t<article class=\"elementor-post elementor-grid-item post-451057 post type-post status-publish format-standard has-post-thumbnail hentry category-flange-facers\">\n\t\t\t<div class=\"elementor-post__card\">\n\t\t\t\t<a class=\"elementor-post__thumbnail__link\" href=\"https:\/\/elineboringmachine.com\/fr\/revolutionize-your-flange-facing-with-the-ezlink-eff1000-flange-facer\/\" tabindex=\"-1\" ><div class=\"elementor-post__thumbnail\"><img decoding=\"async\" width=\"768\" height=\"576\" src=\"https:\/\/elineboringmachine.com\/wp-content\/uploads\/2022\/08\/EFF1000-Flange-Facer-768x576.webp\" class=\"attachment-medium_large size-medium_large wp-image-3131\" alt=\"Machine \u00e0 surfacer les brides EFF1000\" srcset=\"https:\/\/elineboringmachine.com\/wp-content\/uploads\/2022\/08\/EFF1000-Flange-Facer-768x576.webp 768w, https:\/\/elineboringmachine.com\/wp-content\/uploads\/2022\/08\/EFF1000-Flange-Facer-300x225.webp 300w, https:\/\/elineboringmachine.com\/wp-content\/uploads\/2022\/08\/EFF1000-Flange-Facer-16x12.webp 16w, https:\/\/elineboringmachine.com\/wp-content\/uploads\/2022\/08\/EFF1000-Flange-Facer.webp 1024w\" sizes=\"(max-width: 768px) 100vw, 768px\" title=\"\"><\/div><\/a>\n\t\t\t\t<div class=\"elementor-post__text\">\n\t\t\t\t<h3 class=\"elementor-post__title\">\n\t\t\t<a href=\"https:\/\/elineboringmachine.com\/fr\/revolutionize-your-flange-facing-with-the-ezlink-eff1000-flange-facer\/\" >\n\t\t\t\tR\u00e9volutionnez votre surfa\u00e7age de brides avec le surfa\u00e7age de brides EZLINK Eff1000\t\t\t<\/a>\n\t\t<\/h3>\n\t\t\t\t<div class=\"elementor-post__excerpt\">\n\t\t\t<p>Le remplacement de brides vous pose-t-il des probl\u00e8mes de temps et d&#039;argent\u00a0? Vous recherchez une solution plus efficace et \u00e9conomique pour l&#039;entretien de vos brides\u00a0? Ne cherchez plus\u00a0: la fraiseuse de brides EZLINK Eff1000 est faite pour vous.<\/p>\n\t\t<\/div>\n\t\t\n\t\t<a class=\"elementor-post__read-more\" href=\"https:\/\/elineboringmachine.com\/fr\/revolutionize-your-flange-facing-with-the-ezlink-eff1000-flange-facer\/\" aria-label=\"En savoir plus sur R\u00e9volutionnez votre surfa\u00e7age de bride avec le surfa\u00e7age de bride EZLINK Eff1000\" tabindex=\"-1\" >\n\t\t\tEn savoir plus &quot;\t\t<\/a>\n\n\t\t\t\t<\/div>\n\t\t\t\t<div class=\"elementor-post__meta-data\">\n\t\t\t\t\t<span class=\"elementor-post-author\">\n\t\t\tAl\u00e9seuse Eline\t\t<\/span>\n\t\t\t\t<span class=\"elementor-post-date\">\n\t\t\t4 f\u00e9vrier 2023\t\t<\/span>\n\t\t\t\t<\/div>\n\t\t\t\t\t<\/div>\n\t\t<\/article>\n\t\t\t\t<\/div>\n\t\t\n\t\t\t\t\t\t<\/div>\n\t\t\t\t<\/div>\n\t\t\t\t<\/div>\n\t\t\t\t<\/div>","protected":false},"excerpt":{"rendered":"<p>Previous Next EMF300 OD Mount Flange Facer The EMF300 OD Mount Flange Facer is an externally mounted, lightweight, portable, flange facing, grooving and weld-prep machine designed to machine full faced, raised face and grooved flanges in the 0mm-305mm (0&#8243; to 12&#8243;) diameter range. The EMF300 features 2 continuous feed rates. It can be powered by&hellip;&nbsp;<\/p>\n<div class=\"read-more-wrapper\"><a href=\"https:\/\/elineboringmachine.com\/fr\/revolutionize-your-flange-facing-with-the-ezlink-eff1000-flange-facer\/\" class=\"button button-primary\" rel=\"bookmark\">En savoir plus &quot;<span class=\"screen-reader-text\">R\u00e9volutionnez votre surfa\u00e7age de brides avec le surfa\u00e7age de brides EZLINK Eff1000<\/span><\/a><\/div>","protected":false},"author":1,"featured_media":6365,"parent":2,"menu_order":0,"comment_status":"closed","ping_status":"closed","template":"page-templates\/template-pagebuilder-full-width.php","meta":{"neve_meta_sidebar":"","neve_meta_container":"","neve_meta_enable_content_width":"","neve_meta_content_width":0,"neve_meta_title_alignment":"","neve_meta_author_avatar":"","neve_post_elements_order":"","neve_meta_disable_header":"","neve_meta_disable_footer":"","neve_meta_disable_title":"","neve_meta_reading_time":"","footnotes":""},"class_list":["post-2899","page","type-page","status-publish","has-post-thumbnail","hentry"],"_links":{"self":[{"href":"https:\/\/elineboringmachine.com\/fr\/wp-json\/wp\/v2\/pages\/2899","targetHints":{"allow":["GET"]}}],"collection":[{"href":"https:\/\/elineboringmachine.com\/fr\/wp-json\/wp\/v2\/pages"}],"about":[{"href":"https:\/\/elineboringmachine.com\/fr\/wp-json\/wp\/v2\/types\/page"}],"author":[{"embeddable":true,"href":"https:\/\/elineboringmachine.com\/fr\/wp-json\/wp\/v2\/users\/1"}],"replies":[{"embeddable":true,"href":"https:\/\/elineboringmachine.com\/fr\/wp-json\/wp\/v2\/comments?post=2899"}],"version-history":[{"count":0,"href":"https:\/\/elineboringmachine.com\/fr\/wp-json\/wp\/v2\/pages\/2899\/revisions"}],"up":[{"embeddable":true,"href":"https:\/\/elineboringmachine.com\/fr\/wp-json\/wp\/v2\/pages\/2"}],"wp:featuredmedia":[{"embeddable":true,"href":"https:\/\/elineboringmachine.com\/fr\/wp-json\/wp\/v2\/media\/6365"}],"wp:attachment":[{"href":"https:\/\/elineboringmachine.com\/fr\/wp-json\/wp\/v2\/media?parent=2899"}],"curies":[{"name":"wp","href":"https:\/\/api.w.org\/{rel}","templated":true}]}}