{"id":371,"date":"2022-06-14T13:53:15","date_gmt":"2022-06-14T13:53:15","guid":{"rendered":"https:\/\/elineboringmachine.com\/?page_id=371"},"modified":"2024-04-05T13:06:40","modified_gmt":"2024-04-05T05:06:40","slug":"products","status":"publish","type":"page","link":"https:\/\/elineboringmachine.com\/fr\/products\/","title":{"rendered":"produits"},"content":{"rendered":"<div data-elementor-type=\"wp-page\" data-elementor-id=\"371\" class=\"elementor elementor-371\" data-elementor-post-type=\"page\">\n\t\t\t\t<div class=\"elementor-element elementor-element-99c06bf e-con-full e-flex e-con e-parent\" data-id=\"99c06bf\" data-element_type=\"container\">\n\t\t\t\t<div class=\"elementor-element elementor-element-aceddd4 elementor-widget elementor-widget-heading\" data-id=\"aceddd4\" data-element_type=\"widget\" data-widget_type=\"heading.default\">\n\t\t\t\t\t<h2 class=\"elementor-heading-title elementor-size-default\">PRODUITS<\/h2>\t\t\t\t<\/div>\n\t\t\t\t<\/div>\n\t\t\t\t<section class=\"elementor-section elementor-top-section elementor-element elementor-element-89f48d0 elementor-section-full_width elementor-reverse-mobile elementor-section-height-default elementor-section-height-default\" data-id=\"89f48d0\" data-element_type=\"section\" data-settings=\"{&quot;background_background&quot;:&quot;classic&quot;}\">\n\t\t\t\t\t\t<div class=\"elementor-container elementor-column-gap-default\">\n\t\t\t\t\t<div class=\"elementor-column elementor-col-50 elementor-top-column elementor-element elementor-element-71474b2\" data-id=\"71474b2\" data-element_type=\"column\" data-settings=\"{&quot;background_background&quot;:&quot;classic&quot;}\">\n\t\t\t<div class=\"elementor-widget-wrap elementor-element-populated\">\n\t\t\t\t\t\t<div class=\"elementor-element elementor-element-2727a62 elementor-hidden-tablet elementor-hidden-mobile elementor-widget elementor-widget-spacer\" data-id=\"2727a62\" data-element_type=\"widget\" data-widget_type=\"spacer.default\">\n\t\t\t\t\t\t\t<div class=\"elementor-spacer\">\n\t\t\t<div class=\"elementor-spacer-inner\"><\/div>\n\t\t<\/div>\n\t\t\t\t\t\t<\/div>\n\t\t\t\t<div class=\"elementor-element elementor-element-997e29f elementor-widget-divider--view-line elementor-widget elementor-widget-divider\" data-id=\"997e29f\" data-element_type=\"widget\" data-widget_type=\"divider.default\">\n\t\t\t\t\t\t\t<div class=\"elementor-divider\">\n\t\t\t<span class=\"elementor-divider-separator\">\n\t\t\t\t\t\t<\/span>\n\t\t<\/div>\n\t\t\t\t\t\t<\/div>\n\t\t\t\t<div class=\"elementor-element elementor-element-e94e6aa elementor-widget elementor-widget-text-editor\" data-id=\"e94e6aa\" data-element_type=\"widget\" data-widget_type=\"text-editor.default\">\n\t\t\t\t\t\t\t\t\t<p>EZLINK Portable Machines se consacre \u00e0 fournir des machines-outils portables innovantes et de haute qualit\u00e9 qui peuvent r\u00e9pondre aux divers besoins de nos clients.<\/p><p>Que vous travailliez sur un chantier, une plateforme offshore ou en atelier, nos produits sont con\u00e7us pour vous offrir l&#039;efficacit\u00e9, la pr\u00e9cision et la polyvalence n\u00e9cessaires \u00e0 un travail impeccable. De nos al\u00e9seuses de lignes et chanfreineuses de tubes \u00e0 nos machines \u00e0 surfacer les brides et tours \u00e0 arbres, nos produits sont con\u00e7us pour vous aider \u00e0 travailler plus intelligemment, plus rapidement et en toute s\u00e9curit\u00e9.<\/p><p>Faites confiance aux machines portables EZLINK pour \u00eatre votre source de r\u00e9f\u00e9rence pour tous vos besoins d&#039;usinage portable.<\/p>\t\t\t\t\t\t\t\t<\/div>\n\t\t\t\t\t<\/div>\n\t\t<\/div>\n\t\t\t\t<div class=\"elementor-column elementor-col-50 elementor-top-column elementor-element elementor-element-5cfca13\" data-id=\"5cfca13\" data-element_type=\"column\" data-settings=\"{&quot;background_background&quot;:&quot;classic&quot;}\">\n\t\t\t<div class=\"elementor-widget-wrap elementor-element-populated\">\n\t\t\t\t\t\t<div class=\"elementor-element elementor-element-20aba3e elementor-widget-mobile__width-inherit elementor-widget elementor-widget-image\" data-id=\"20aba3e\" data-element_type=\"widget\" data-widget_type=\"image.default\">\n\t\t\t\t\t\t\t\t\t\t\t\t\t\t\t<img fetchpriority=\"high\" decoding=\"async\" width=\"1240\" height=\"800\" src=\"https:\/\/elineboringmachine.com\/wp-content\/uploads\/2023\/04\/EFF1500-FLANGE-FACERS.webp\" class=\"attachment-full size-full wp-image-451623\" alt=\"\" srcset=\"https:\/\/elineboringmachine.com\/wp-content\/uploads\/2023\/04\/EFF1500-FLANGE-FACERS.webp 1240w, https:\/\/elineboringmachine.com\/wp-content\/uploads\/2023\/04\/EFF1500-FLANGE-FACERS-300x194.webp 300w, https:\/\/elineboringmachine.com\/wp-content\/uploads\/2023\/04\/EFF1500-FLANGE-FACERS-1024x661.webp 1024w, https:\/\/elineboringmachine.com\/wp-content\/uploads\/2023\/04\/EFF1500-FLANGE-FACERS-768x495.webp 768w, https:\/\/elineboringmachine.com\/wp-content\/uploads\/2023\/04\/EFF1500-FLANGE-FACERS-18x12.webp 18w\" sizes=\"(max-width: 1240px) 100vw, 1240px\" title=\"\">\t\t\t\t\t\t\t\t\t\t\t\t\t\t\t<\/div>\n\t\t\t\t\t<\/div>\n\t\t<\/div>\n\t\t\t\t\t<\/div>\n\t\t<\/section>\n\t\t\t\t<section class=\"elementor-section elementor-top-section elementor-element elementor-element-98a494e elementor-section-full_width elementor-section-height-default elementor-section-height-default\" data-id=\"98a494e\" data-element_type=\"section\" data-settings=\"{&quot;background_background&quot;:&quot;classic&quot;}\">\n\t\t\t\t\t\t<div class=\"elementor-container elementor-column-gap-wider\">\n\t\t\t\t\t<div class=\"elementor-column elementor-col-33 elementor-top-column elementor-element elementor-element-5207202\" data-id=\"5207202\" data-element_type=\"column\" data-settings=\"{&quot;background_background&quot;:&quot;classic&quot;}\">\n\t\t\t<div class=\"elementor-widget-wrap elementor-element-populated\">\n\t\t\t\t\t<div class=\"elementor-background-overlay\"><\/div>\n\t\t\t\t\t\t<div class=\"elementor-element elementor-element-530c873 elementor-widget__width-inherit elementor-position-top elementor-widget elementor-widget-image-box\" data-id=\"530c873\" data-element_type=\"widget\" data-widget_type=\"image-box.default\">\n\t\t\t\t\t<div class=\"elementor-image-box-wrapper\"><figure class=\"elementor-image-box-img\"><img decoding=\"async\" width=\"800\" height=\"533\" src=\"https:\/\/elineboringmachine.com\/wp-content\/uploads\/2022\/06\/slb50-portable-line-boring-overlay-welding-machine.png\" class=\"attachment-full size-full wp-image-462\" alt=\"machine portative de soudage par superposition et d&#039;al\u00e9sage de lignes\" title=\"\" srcset=\"https:\/\/elineboringmachine.com\/wp-content\/uploads\/2022\/06\/slb50-portable-line-boring-overlay-welding-machine.png 800w, https:\/\/elineboringmachine.com\/wp-content\/uploads\/2022\/06\/slb50-portable-line-boring-overlay-welding-machine-300x200.png 300w, https:\/\/elineboringmachine.com\/wp-content\/uploads\/2022\/06\/slb50-portable-line-boring-overlay-welding-machine-768x512.png 768w\" sizes=\"(max-width: 800px) 100vw, 800px\" \/><\/figure><div class=\"elementor-image-box-content\"><h3 class=\"elementor-image-box-title\">Al\u00e9seuse de ligne portable<\/h3><p class=\"elementor-image-box-description\">Les al\u00e9seuses de la gamme EZ couvrent des diam\u00e8tres d&#039;al\u00e9sage de 1,375 \u00e0 80 pouces (35 \u00e0 2030 mm), une configuration facile et des performances pr\u00e9cises.<\/p><\/div><\/div>\t\t\t\t<\/div>\n\t\t\t\t<div class=\"elementor-element elementor-element-a7c7b57 elementor-align-justify elementor-widget elementor-widget-button\" data-id=\"a7c7b57\" data-element_type=\"widget\" data-widget_type=\"button.default\">\n\t\t\t\t\t\t\t\t\t\t<a class=\"elementor-button elementor-button-link elementor-size-xl\" href=\"https:\/\/elineboringmachine.com\/fr\/products\/portable-line-boring-machine\/\">\n\t\t\t\t\t\t<span class=\"elementor-button-content-wrapper\">\n\t\t\t\t\t\t<span class=\"elementor-button-icon\">\n\t\t\t\t<svg aria-hidden=\"true\" class=\"e-font-icon-svg e-fas-chevron-circle-right\" viewbox=\"0 0 512 512\" xmlns=\"http:\/\/www.w3.org\/2000\/svg\"><path d=\"M256 8c137 0 248 111 248 248S393 504 256 504 8 393 8 256 119 8 256 8zm113.9 231L234.4 103.5c-9.4-9.4-24.6-9.4-33.9 0l-17 17c-9.4 9.4-9.4 24.6 0 33.9L285.1 256 183.5 357.6c-9.4 9.4-9.4 24.6 0 33.9l17 17c9.4 9.4 24.6 9.4 33.9 0L369.9 273c9.4-9.4 9.4-24.6 0-34z\"><\/path><\/svg>\t\t\t<\/span>\n\t\t\t\t\t\t\t\t\t<span class=\"elementor-button-text\">Al\u00e9seuse lin\u00e9aire<\/span>\n\t\t\t\t\t<\/span>\n\t\t\t\t\t<\/a>\n\t\t\t\t\t\t\t\t<\/div>\n\t\t\t\t\t<\/div>\n\t\t<\/div>\n\t\t\t\t<div class=\"elementor-column elementor-col-33 elementor-top-column elementor-element elementor-element-158d28b\" data-id=\"158d28b\" data-element_type=\"column\" data-settings=\"{&quot;background_background&quot;:&quot;classic&quot;}\">\n\t\t\t<div class=\"elementor-widget-wrap elementor-element-populated\">\n\t\t\t\t\t<div class=\"elementor-background-overlay\"><\/div>\n\t\t\t\t\t\t<div class=\"elementor-element elementor-element-8d37a05 elementor-widget__width-inherit elementor-position-top elementor-widget elementor-widget-image-box\" data-id=\"8d37a05\" data-element_type=\"widget\" data-widget_type=\"image-box.default\">\n\t\t\t\t\t<div class=\"elementor-image-box-wrapper\"><figure class=\"elementor-image-box-img\"><img decoding=\"async\" width=\"1240\" height=\"800\" src=\"https:\/\/elineboringmachine.com\/wp-content\/uploads\/2023\/03\/EFF1500-Flange-Facer-Pneumatic-Powered.webp\" class=\"attachment-full size-full wp-image-451558\" alt=\"EFF1500 Flange Facer Pneumatic Powered\" title=\"\" srcset=\"https:\/\/elineboringmachine.com\/wp-content\/uploads\/2023\/03\/EFF1500-Flange-Facer-Pneumatic-Powered.webp 1240w, https:\/\/elineboringmachine.com\/wp-content\/uploads\/2023\/03\/EFF1500-Flange-Facer-Pneumatic-Powered-300x194.webp 300w, https:\/\/elineboringmachine.com\/wp-content\/uploads\/2023\/03\/EFF1500-Flange-Facer-Pneumatic-Powered-1024x661.webp 1024w, https:\/\/elineboringmachine.com\/wp-content\/uploads\/2023\/03\/EFF1500-Flange-Facer-Pneumatic-Powered-768x495.webp 768w, https:\/\/elineboringmachine.com\/wp-content\/uploads\/2023\/03\/EFF1500-Flange-Facer-Pneumatic-Powered-18x12.webp 18w\" sizes=\"(max-width: 1240px) 100vw, 1240px\" \/><\/figure><div class=\"elementor-image-box-content\"><h3 class=\"elementor-image-box-title\">Faceuse de bride<\/h3><p class=\"elementor-image-box-description\">Le faceur de bride portable EZLINK fournit des diam\u00e8tres de face de 0 \u00e0 3000 mm (0 \u00e0 120 pouces) pour le montage ID, OD.<\/p><\/div><\/div>\t\t\t\t<\/div>\n\t\t\t\t<div class=\"elementor-element elementor-element-3818567 elementor-align-justify elementor-widget elementor-widget-button\" data-id=\"3818567\" data-element_type=\"widget\" data-widget_type=\"button.default\">\n\t\t\t\t\t\t\t\t\t\t<a class=\"elementor-button elementor-button-link elementor-size-sm\" href=\"https:\/\/elineboringmachine.com\/fr\/products\/flange-facer\/\">\n\t\t\t\t\t\t<span class=\"elementor-button-content-wrapper\">\n\t\t\t\t\t\t<span class=\"elementor-button-icon\">\n\t\t\t\t<svg aria-hidden=\"true\" class=\"e-font-icon-svg e-fas-chevron-circle-right\" viewbox=\"0 0 512 512\" xmlns=\"http:\/\/www.w3.org\/2000\/svg\"><path d=\"M256 8c137 0 248 111 248 248S393 504 256 504 8 393 8 256 119 8 256 8zm113.9 231L234.4 103.5c-9.4-9.4-24.6-9.4-33.9 0l-17 17c-9.4 9.4-9.4 24.6 0 33.9L285.1 256 183.5 357.6c-9.4 9.4-9.4 24.6 0 33.9l17 17c9.4 9.4 24.6 9.4 33.9 0L369.9 273c9.4-9.4 9.4-24.6 0-34z\"><\/path><\/svg>\t\t\t<\/span>\n\t\t\t\t\t\t\t\t\t<span class=\"elementor-button-text\">faceur de bride<\/span>\n\t\t\t\t\t<\/span>\n\t\t\t\t\t<\/a>\n\t\t\t\t\t\t\t\t<\/div>\n\t\t\t\t\t<\/div>\n\t\t<\/div>\n\t\t\t\t<div class=\"elementor-column elementor-col-33 elementor-top-column elementor-element elementor-element-876ef6e\" data-id=\"876ef6e\" data-element_type=\"column\" data-settings=\"{&quot;background_background&quot;:&quot;classic&quot;}\">\n\t\t\t<div class=\"elementor-widget-wrap elementor-element-populated\">\n\t\t\t\t\t<div class=\"elementor-background-overlay\"><\/div>\n\t\t\t\t\t\t<div class=\"elementor-element elementor-element-a642f3c elementor-widget__width-inherit elementor-position-top elementor-widget elementor-widget-image-box\" data-id=\"a642f3c\" data-element_type=\"widget\" data-widget_type=\"image-box.default\">\n\t\t\t\t\t<div class=\"elementor-image-box-wrapper\"><figure class=\"elementor-image-box-img\"><img loading=\"lazy\" decoding=\"async\" width=\"800\" height=\"533\" src=\"https:\/\/elineboringmachine.com\/wp-content\/uploads\/2022\/07\/Split-Frame-Pipe-Cold-Cutting-And-Beveling-Machine.webp\" class=\"attachment-full size-full wp-image-1110\" alt=\"Machine de d\u00e9coupe \u00e0 froid et de chanfreinage de tubes \u00e0 cadre fendu\" title=\"\" srcset=\"https:\/\/elineboringmachine.com\/wp-content\/uploads\/2022\/07\/Split-Frame-Pipe-Cold-Cutting-And-Beveling-Machine.webp 800w, https:\/\/elineboringmachine.com\/wp-content\/uploads\/2022\/07\/Split-Frame-Pipe-Cold-Cutting-And-Beveling-Machine-300x200.webp 300w, https:\/\/elineboringmachine.com\/wp-content\/uploads\/2022\/07\/Split-Frame-Pipe-Cold-Cutting-And-Beveling-Machine-768x512.webp 768w\" sizes=\"(max-width: 800px) 100vw, 800px\" \/><\/figure><div class=\"elementor-image-box-content\"><h3 class=\"elementor-image-box-title\">Coupe de tuyaux et chanfreinage<\/h3><p class=\"elementor-image-box-description\">Les machines de coupe et de chanfreinage de tubes portables EZLINK sont les \u00e9quipements d&#039;usinage de tubes et de tuyaux les plus puissants, robustes, fiables et polyvalents au monde. <\/p><\/div><\/div>\t\t\t\t<\/div>\n\t\t\t\t<div class=\"elementor-element elementor-element-dd9d81f elementor-align-justify elementor-widget elementor-widget-button\" data-id=\"dd9d81f\" data-element_type=\"widget\" data-widget_type=\"button.default\">\n\t\t\t\t\t\t\t\t\t\t<a class=\"elementor-button elementor-button-link elementor-size-sm\" href=\"https:\/\/elineboringmachine.com\/fr\/products\/clamshell-split-frame-machines\/\">\n\t\t\t\t\t\t<span class=\"elementor-button-content-wrapper\">\n\t\t\t\t\t\t<span class=\"elementor-button-icon\">\n\t\t\t\t<svg aria-hidden=\"true\" class=\"e-font-icon-svg e-fas-chevron-circle-right\" viewbox=\"0 0 512 512\" xmlns=\"http:\/\/www.w3.org\/2000\/svg\"><path d=\"M256 8c137 0 248 111 248 248S393 504 256 504 8 393 8 256 119 8 256 8zm113.9 231L234.4 103.5c-9.4-9.4-24.6-9.4-33.9 0l-17 17c-9.4 9.4-9.4 24.6 0 33.9L285.1 256 183.5 357.6c-9.4 9.4-9.4 24.6 0 33.9l17 17c9.4 9.4 24.6 9.4 33.9 0L369.9 273c9.4-9.4 9.4-24.6 0-34z\"><\/path><\/svg>\t\t\t<\/span>\n\t\t\t\t\t\t\t\t\t<span class=\"elementor-button-text\">coupe de tuyaux chanfreinage <\/span>\n\t\t\t\t\t<\/span>\n\t\t\t\t\t<\/a>\n\t\t\t\t\t\t\t\t<\/div>\n\t\t\t\t\t<\/div>\n\t\t<\/div>\n\t\t\t\t\t<\/div>\n\t\t<\/section>\n\t\t\t\t<section class=\"elementor-section elementor-top-section elementor-element elementor-element-9f6b592 elementor-section-full_width elementor-section-height-default elementor-section-height-default\" data-id=\"9f6b592\" data-element_type=\"section\" data-settings=\"{&quot;background_background&quot;:&quot;classic&quot;}\">\n\t\t\t\t\t\t<div class=\"elementor-container elementor-column-gap-wider\">\n\t\t\t\t\t<div class=\"elementor-column elementor-col-33 elementor-top-column elementor-element elementor-element-7e3abcd\" data-id=\"7e3abcd\" data-element_type=\"column\" data-settings=\"{&quot;background_background&quot;:&quot;classic&quot;}\">\n\t\t\t<div class=\"elementor-widget-wrap elementor-element-populated\">\n\t\t\t\t\t<div class=\"elementor-background-overlay\"><\/div>\n\t\t\t\t\t\t<div class=\"elementor-element elementor-element-051993c elementor-widget__width-inherit elementor-position-top elementor-widget elementor-widget-image-box\" data-id=\"051993c\" data-element_type=\"widget\" data-widget_type=\"image-box.default\">\n\t\t\t\t\t<div class=\"elementor-image-box-wrapper\"><figure class=\"elementor-image-box-img\"><img loading=\"lazy\" decoding=\"async\" width=\"800\" height=\"533\" src=\"https:\/\/elineboringmachine.com\/wp-content\/uploads\/2022\/07\/V8P-BEVELING-1.webp\" class=\"attachment-full size-full wp-image-1836\" alt=\"\" title=\"\" srcset=\"https:\/\/elineboringmachine.com\/wp-content\/uploads\/2022\/07\/V8P-BEVELING-1.webp 800w, https:\/\/elineboringmachine.com\/wp-content\/uploads\/2022\/07\/V8P-BEVELING-1-300x200.webp 300w, https:\/\/elineboringmachine.com\/wp-content\/uploads\/2022\/07\/V8P-BEVELING-1-768x512.webp 768w\" sizes=\"(max-width: 800px) 100vw, 800px\" \/><\/figure><div class=\"elementor-image-box-content\"><h3 class=\"elementor-image-box-title\">Machine \u00e0 chanfreiner les tuyaux<\/h3><p class=\"elementor-image-box-description\">Chanfreineuses de tubes portables avec serrage interne, machine l\u00e9g\u00e8re et compacte pour le surfa\u00e7age, le chanfreinage et la pr\u00e9paration des soudures sur tubes\/tuyaux.<\/p><\/div><\/div>\t\t\t\t<\/div>\n\t\t\t\t<div class=\"elementor-element elementor-element-3e8e7e8 elementor-align-justify elementor-widget elementor-widget-button\" data-id=\"3e8e7e8\" data-element_type=\"widget\" data-widget_type=\"button.default\">\n\t\t\t\t\t\t\t\t\t\t<a class=\"elementor-button elementor-button-link elementor-size-sm\" href=\"https:\/\/elineboringmachine.com\/fr\/products\/pipe-beveling-machines\/\">\n\t\t\t\t\t\t<span class=\"elementor-button-content-wrapper\">\n\t\t\t\t\t\t<span class=\"elementor-button-icon\">\n\t\t\t\t<svg aria-hidden=\"true\" class=\"e-font-icon-svg e-fas-chevron-circle-right\" viewbox=\"0 0 512 512\" xmlns=\"http:\/\/www.w3.org\/2000\/svg\"><path d=\"M256 8c137 0 248 111 248 248S393 504 256 504 8 393 8 256 119 8 256 8zm113.9 231L234.4 103.5c-9.4-9.4-24.6-9.4-33.9 0l-17 17c-9.4 9.4-9.4 24.6 0 33.9L285.1 256 183.5 357.6c-9.4 9.4-9.4 24.6 0 33.9l17 17c9.4 9.4 24.6 9.4 33.9 0L369.9 273c9.4-9.4 9.4-24.6 0-34z\"><\/path><\/svg>\t\t\t<\/span>\n\t\t\t\t\t\t\t\t\t<span class=\"elementor-button-text\">Machine \u00e0 chanfreiner les tuyaux<\/span>\n\t\t\t\t\t<\/span>\n\t\t\t\t\t<\/a>\n\t\t\t\t\t\t\t\t<\/div>\n\t\t\t\t\t<\/div>\n\t\t<\/div>\n\t\t\t\t<div class=\"elementor-column elementor-col-33 elementor-top-column elementor-element elementor-element-042432b\" data-id=\"042432b\" data-element_type=\"column\" data-settings=\"{&quot;background_background&quot;:&quot;classic&quot;}\">\n\t\t\t<div class=\"elementor-widget-wrap elementor-element-populated\">\n\t\t\t\t\t<div class=\"elementor-background-overlay\"><\/div>\n\t\t\t\t\t\t<div class=\"elementor-element elementor-element-82358a9 elementor-widget__width-inherit elementor-position-top elementor-widget elementor-widget-image-box\" data-id=\"82358a9\" data-element_type=\"widget\" data-widget_type=\"image-box.default\">\n\t\t\t\t\t<div class=\"elementor-image-box-wrapper\"><figure class=\"elementor-image-box-img\"><img loading=\"lazy\" decoding=\"async\" width=\"800\" height=\"533\" src=\"https:\/\/elineboringmachine.com\/wp-content\/uploads\/2022\/07\/customized-PSL300-1.webp\" class=\"attachment-full size-full wp-image-1111\" alt=\"PortabLe shaft turning machine Customized PSL300-1\" title=\"\" srcset=\"https:\/\/elineboringmachine.com\/wp-content\/uploads\/2022\/07\/customized-PSL300-1.webp 800w, https:\/\/elineboringmachine.com\/wp-content\/uploads\/2022\/07\/customized-PSL300-1-300x200.webp 300w, https:\/\/elineboringmachine.com\/wp-content\/uploads\/2022\/07\/customized-PSL300-1-768x512.webp 768w\" sizes=\"(max-width: 800px) 100vw, 800px\" \/><\/figure><div class=\"elementor-image-box-content\"><h3 class=\"elementor-image-box-title\">Tours \u00e0 arbre portatifs<\/h3><p class=\"elementor-image-box-description\">EZLINK propose un tour portable pour le resurfa\u00e7age sur site de grands arbres, d&#039;arbres courts, de rainures en \u00ab O \u00bb et de tourillons\/si\u00e8ges de roulement, etc.<\/p><\/div><\/div>\t\t\t\t<\/div>\n\t\t\t\t<div class=\"elementor-element elementor-element-6f50f5d elementor-align-justify elementor-widget elementor-widget-button\" data-id=\"6f50f5d\" data-element_type=\"widget\" data-widget_type=\"button.default\">\n\t\t\t\t\t\t\t\t\t\t<a class=\"elementor-button elementor-button-link elementor-size-sm\" href=\"https:\/\/elineboringmachine.com\/fr\/products\/portable-shaft-lathe\/\">\n\t\t\t\t\t\t<span class=\"elementor-button-content-wrapper\">\n\t\t\t\t\t\t<span class=\"elementor-button-icon\">\n\t\t\t\t<svg aria-hidden=\"true\" class=\"e-font-icon-svg e-fas-chevron-circle-right\" viewbox=\"0 0 512 512\" xmlns=\"http:\/\/www.w3.org\/2000\/svg\"><path d=\"M256 8c137 0 248 111 248 248S393 504 256 504 8 393 8 256 119 8 256 8zm113.9 231L234.4 103.5c-9.4-9.4-24.6-9.4-33.9 0l-17 17c-9.4 9.4-9.4 24.6 0 33.9L285.1 256 183.5 357.6c-9.4 9.4-9.4 24.6 0 33.9l17 17c9.4 9.4 24.6 9.4 33.9 0L369.9 273c9.4-9.4 9.4-24.6 0-34z\"><\/path><\/svg>\t\t\t<\/span>\n\t\t\t\t\t\t\t\t\t<span class=\"elementor-button-text\">tour portatif<\/span>\n\t\t\t\t\t<\/span>\n\t\t\t\t\t<\/a>\n\t\t\t\t\t\t\t\t<\/div>\n\t\t\t\t\t<\/div>\n\t\t<\/div>\n\t\t\t\t<div class=\"elementor-column elementor-col-33 elementor-top-column elementor-element elementor-element-25b4343\" data-id=\"25b4343\" data-element_type=\"column\" data-settings=\"{&quot;background_background&quot;:&quot;classic&quot;}\">\n\t\t\t<div class=\"elementor-widget-wrap elementor-element-populated\">\n\t\t\t\t\t<div class=\"elementor-background-overlay\"><\/div>\n\t\t\t\t\t\t<div class=\"elementor-element elementor-element-fd3221c elementor-widget__width-inherit elementor-position-top elementor-widget elementor-widget-image-box\" data-id=\"fd3221c\" data-element_type=\"widget\" data-widget_type=\"image-box.default\">\n\t\t\t\t\t<div class=\"elementor-image-box-wrapper\"><figure class=\"elementor-image-box-img\"><img loading=\"lazy\" decoding=\"async\" width=\"800\" height=\"533\" src=\"https:\/\/elineboringmachine.com\/wp-content\/uploads\/2022\/07\/bushings-track-pin-press-kits.webp\" class=\"attachment-full size-full wp-image-1112\" alt=\"bushings-track pin press kits\" title=\"\" srcset=\"https:\/\/elineboringmachine.com\/wp-content\/uploads\/2022\/07\/bushings-track-pin-press-kits.webp 800w, https:\/\/elineboringmachine.com\/wp-content\/uploads\/2022\/07\/bushings-track-pin-press-kits-300x200.webp 300w, https:\/\/elineboringmachine.com\/wp-content\/uploads\/2022\/07\/bushings-track-pin-press-kits-768x512.webp 768w\" sizes=\"(max-width: 800px) 100vw, 800px\" \/><\/figure><div class=\"elementor-image-box-content\"><h3 class=\"elementor-image-box-title\">Presse \u00e0 bagues et \u00e0 axes de chenille<\/h3><p class=\"elementor-image-box-description\">La presse \u00e0 douilles hydraulique portable, la presse \u00e0 goupilles de chenille sont con\u00e7ues pour retirer les douilles et les goupilles sur les chargeuses, les excavatrices, les tracteurs, etc.<\/p><\/div><\/div>\t\t\t\t<\/div>\n\t\t\t\t<div class=\"elementor-element elementor-element-acff7ce elementor-align-justify elementor-widget elementor-widget-button\" data-id=\"acff7ce\" data-element_type=\"widget\" data-widget_type=\"button.default\">\n\t\t\t\t\t\t\t\t\t\t<a class=\"elementor-button elementor-button-link elementor-size-sm\" href=\"https:\/\/elineboringmachine.com\/fr\/products\/portable-hydraulic-bushing-trackpin-press\/\">\n\t\t\t\t\t\t<span class=\"elementor-button-content-wrapper\">\n\t\t\t\t\t\t<span class=\"elementor-button-icon\">\n\t\t\t\t<svg aria-hidden=\"true\" class=\"e-font-icon-svg e-fas-chevron-circle-right\" viewbox=\"0 0 512 512\" xmlns=\"http:\/\/www.w3.org\/2000\/svg\"><path d=\"M256 8c137 0 248 111 248 248S393 504 256 504 8 393 8 256 119 8 256 8zm113.9 231L234.4 103.5c-9.4-9.4-24.6-9.4-33.9 0l-17 17c-9.4 9.4-9.4 24.6 0 33.9L285.1 256 183.5 357.6c-9.4 9.4-9.4 24.6 0 33.9l17 17c9.4 9.4 24.6 9.4 33.9 0L369.9 273c9.4-9.4 9.4-24.6 0-34z\"><\/path><\/svg>\t\t\t<\/span>\n\t\t\t\t\t\t\t\t\t<span class=\"elementor-button-text\">presse \u00e0 goupilles de chenille \u00e0 douille<\/span>\n\t\t\t\t\t<\/span>\n\t\t\t\t\t<\/a>\n\t\t\t\t\t\t\t\t<\/div>\n\t\t\t\t\t<\/div>\n\t\t<\/div>\n\t\t\t\t\t<\/div>\n\t\t<\/section>\n\t\t\t\t<\/div>","protected":false},"excerpt":{"rendered":"<p>PRODUCTS EZLINK Portable Machines is dedicated to providing innovative and high-quality portable machine tools that can meet the diverse needs of our customers. Whether you are working on a construction site, an offshore rig, or in a workshop, our products are designed to deliver the efficiency, accuracy, and versatility you need to get the job&hellip;&nbsp;<\/p>\n<div class=\"read-more-wrapper\"><a href=\"https:\/\/elineboringmachine.com\/fr\/products\/\" class=\"button button-primary\" rel=\"bookmark\">En savoir plus &quot;<span class=\"screen-reader-text\">produits<\/span><\/a><\/div>","protected":false},"author":1,"featured_media":5924,"parent":0,"menu_order":0,"comment_status":"closed","ping_status":"closed","template":"elementor_header_footer","meta":{"neve_meta_sidebar":"","neve_meta_container":"","neve_meta_enable_content_width":"","neve_meta_content_width":0,"neve_meta_title_alignment":"","neve_meta_author_avatar":"","neve_post_elements_order":"","neve_meta_disable_header":"","neve_meta_disable_footer":"","neve_meta_disable_title":"","neve_meta_reading_time":"","footnotes":""},"class_list":["post-371","page","type-page","status-publish","has-post-thumbnail","hentry"],"_links":{"self":[{"href":"https:\/\/elineboringmachine.com\/fr\/wp-json\/wp\/v2\/pages\/371","targetHints":{"allow":["GET"]}}],"collection":[{"href":"https:\/\/elineboringmachine.com\/fr\/wp-json\/wp\/v2\/pages"}],"about":[{"href":"https:\/\/elineboringmachine.com\/fr\/wp-json\/wp\/v2\/types\/page"}],"author":[{"embeddable":true,"href":"https:\/\/elineboringmachine.com\/fr\/wp-json\/wp\/v2\/users\/1"}],"replies":[{"embeddable":true,"href":"https:\/\/elineboringmachine.com\/fr\/wp-json\/wp\/v2\/comments?post=371"}],"version-history":[{"count":0,"href":"https:\/\/elineboringmachine.com\/fr\/wp-json\/wp\/v2\/pages\/371\/revisions"}],"wp:featuredmedia":[{"embeddable":true,"href":"https:\/\/elineboringmachine.com\/fr\/wp-json\/wp\/v2\/media\/5924"}],"wp:attachment":[{"href":"https:\/\/elineboringmachine.com\/fr\/wp-json\/wp\/v2\/media?parent=371"}],"curies":[{"name":"wp","href":"https:\/\/api.w.org\/{rel}","templated":true}]}}