{"id":4501,"date":"2022-12-27T20:30:41","date_gmt":"2022-12-27T12:30:41","guid":{"rendered":"https:\/\/elineboringmachine.com\/?page_id=4501"},"modified":"2024-04-05T13:07:10","modified_gmt":"2024-04-05T05:07:10","slug":"etp120-portable-trackpin-press","status":"publish","type":"page","link":"https:\/\/elineboringmachine.com\/fr\/products\/portable-hydraulic-bushing-trackpin-press\/etp120-portable-trackpin-press\/","title":{"rendered":"Presse \u00e0 broches portable ETP120"},"content":{"rendered":"<div data-elementor-type=\"wp-page\" data-elementor-id=\"4501\" class=\"elementor elementor-4501\" data-elementor-post-type=\"page\">\n\t\t\t\t<div class=\"elementor-element elementor-element-8852eda e-con-full e-flex e-con e-parent\" data-id=\"8852eda\" data-element_type=\"container\">\n\t\t\t\t<div class=\"elementor-element elementor-element-d998f65 elementor-widget__width-initial elementor-arrows-position-inside elementor-pagination-position-outside elementor-widget elementor-widget-image-carousel\" data-id=\"d998f65\" data-element_type=\"widget\" data-settings=\"{&quot;slides_to_show&quot;:&quot;1&quot;,&quot;navigation&quot;:&quot;both&quot;,&quot;autoplay&quot;:&quot;yes&quot;,&quot;pause_on_hover&quot;:&quot;yes&quot;,&quot;pause_on_interaction&quot;:&quot;yes&quot;,&quot;autoplay_speed&quot;:5000,&quot;infinite&quot;:&quot;yes&quot;,&quot;effect&quot;:&quot;slide&quot;,&quot;speed&quot;:500}\" data-widget_type=\"image-carousel.default\">\n\t\t\t\t\t\t\t<div class=\"elementor-image-carousel-wrapper swiper\" role=\"region\" aria-roledescription=\"carousel\" aria-label=\"Karusel\" dir=\"ltr\">\n\t\t\t<div class=\"elementor-image-carousel swiper-wrapper\" aria-live=\"off\">\n\t\t\t\t\t\t\t\t<div class=\"swiper-slide\" role=\"group\" aria-roledescription=\"slide\" aria-label=\"1 \u0438\u0437 3\" data-no-translation-aria-label=\"\"><figure class=\"swiper-slide-inner\"><img decoding=\"async\" class=\"swiper-slide-image\" src=\"https:\/\/elineboringmachine.com\/wp-content\/uploads\/2022\/12\/ETP120-TRACK-PIN-PRESS.webp\" alt=\"ETP120 TRACK PIN PRESS\" title=\"\"><\/figure><\/div><div class=\"swiper-slide\" role=\"group\" aria-roledescription=\"slide\" aria-label=\"2 \u0438\u0437 3\" data-no-translation-aria-label=\"\"><figure class=\"swiper-slide-inner\"><img decoding=\"async\" class=\"swiper-slide-image\" src=\"https:\/\/elineboringmachine.com\/wp-content\/uploads\/2022\/12\/Track-pin-press-with-60-ton-Double-Acting-Hollow-Ram-768x475.jpg\" alt=\"Presse \u00e0 broches hydraulique portable\" title=\"\"><\/figure><\/div><div class=\"swiper-slide\" role=\"group\" aria-roledescription=\"slide\" aria-label=\"3 \u0438\u0437 3\" data-no-translation-aria-label=\"\"><figure class=\"swiper-slide-inner\"><img decoding=\"async\" class=\"swiper-slide-image\" src=\"https:\/\/elineboringmachine.com\/wp-content\/uploads\/2022\/12\/ETP120-Portable-hydraulic-Track-Pin-Pusher-768x576.webp\" alt=\"Portable TrackPin Press\" title=\"\"><\/figure><\/div>\t\t\t<\/div>\n\t\t\t\t\t\t\t\t\t\t\t\t<div class=\"elementor-swiper-button elementor-swiper-button-prev\" role=\"button\" tabindex=\"0\">\n\t\t\t\t\t\t<svg aria-hidden=\"true\" class=\"e-font-icon-svg e-eicon-chevron-left\" viewbox=\"0 0 1000 1000\" xmlns=\"http:\/\/www.w3.org\/2000\/svg\"><path d=\"M646 125C629 125 613 133 604 142L308 442C296 454 292 471 292 487 292 504 296 521 308 533L604 854C617 867 629 875 646 875 663 875 679 871 692 858 704 846 713 829 713 812 713 796 708 779 692 767L438 487 692 225C700 217 708 204 708 187 708 171 704 154 692 142 675 129 663 125 646 125Z\"><\/path><\/svg>\t\t\t\t\t<\/div>\n\t\t\t\t\t<div class=\"elementor-swiper-button elementor-swiper-button-next\" role=\"button\" tabindex=\"0\">\n\t\t\t\t\t\t<svg aria-hidden=\"true\" class=\"e-font-icon-svg e-eicon-chevron-right\" viewbox=\"0 0 1000 1000\" xmlns=\"http:\/\/www.w3.org\/2000\/svg\"><path d=\"M696 533C708 521 713 504 713 487 713 471 708 454 696 446L400 146C388 133 375 125 354 125 338 125 325 129 313 142 300 154 292 171 292 187 292 204 296 221 308 233L563 492 304 771C292 783 288 800 288 817 288 833 296 850 308 863 321 871 338 875 354 875 371 875 388 867 400 854L696 533Z\"><\/path><\/svg>\t\t\t\t\t<\/div>\n\t\t\t\t\n\t\t\t\t\t\t\t\t\t<div class=\"swiper-pagination\"><\/div>\n\t\t\t\t\t\t\t\t\t<\/div>\n\t\t\t\t\t\t<\/div>\n\t\t<div class=\"elementor-element elementor-element-455adce e-con-full e-flex e-con e-parent\" data-id=\"455adce\" data-element_type=\"container\">\n\t\t\t\t<div class=\"elementor-element elementor-element-3cfb0a5 elementor-widget elementor-widget-heading\" data-id=\"3cfb0a5\" data-element_type=\"widget\" data-widget_type=\"heading.default\">\n\t\t\t\t\t<h2 class=\"elementor-heading-title elementor-size-default\"> Presse \u00e0 chenilles hydraulique portable ETP12O<\/h2>\t\t\t\t<\/div>\n\t\t\t\t<div class=\"elementor-element elementor-element-acecafa elementor-widget elementor-widget-text-editor\" data-id=\"acecafa\" data-element_type=\"widget\" data-widget_type=\"text-editor.default\">\n\t\t\t\t\t\t\t\t\t<p>Les axes de chenilles des \u00e9quipements lourds sont fr\u00e9quemment remplac\u00e9s. Les axes us\u00e9s se coincent souvent et ne peuvent g\u00e9n\u00e9ralement pas \u00eatre retir\u00e9s avec un marteau et un chasse-goupille.<\/p><p>La presse hydraulique pour goupilles de chenilles ETP120 est un outil de pressage permettant de retirer et d&#039;installer les boulons d&#039;extr\u00e9mit\u00e9 des cha\u00eenes de chenilles des excavatrices. Elle peut \u00eatre utilis\u00e9e sur chantier pour gagner du temps et dans les endroits inaccessibles o\u00f9 d&#039;autres \u00e9quipements sont difficiles d&#039;acc\u00e8s. Connectez une pompe hydraulique et l&#039;ETP120 est pr\u00eate \u00e0 l&#039;emploi.<\/p><p><strong>Fonctionnalit\u00e9<\/strong><br \/>L&#039;ETP120 a une capacit\u00e9 de pressage de 120 tonnes m\u00e9triques et est livr\u00e9 avec des pompes OPTIONNELLES (pompe hydraulique manuelle et pompe hydraulique \u00e9lectrique).<br \/><strong>Facilit\u00e9 d&#039;utilisation<\/strong><br \/>Les domaines d&#039;utilisation o\u00f9 l&#039;ETP120 est applicable peuvent inclure :<br \/>Machines foresti\u00e8res<br \/>Chantiers de construction<br \/>Installations mini\u00e8res<br \/>Op\u00e9rations d&#039;am\u00e9nagement paysager<\/p>\t\t\t\t\t\t\t\t<\/div>\n\t\t\t\t<div class=\"elementor-element elementor-element-fe7bb0d elementor-align-justify elementor-widget elementor-widget-button\" data-id=\"fe7bb0d\" data-element_type=\"widget\" data-widget_type=\"button.default\">\n\t\t\t\t\t\t\t\t\t\t<a class=\"elementor-button elementor-button-link elementor-size-md\" href=\"\/fr\/contact\/?request-a-quote=etp120-hydraulic-track-pin-press\">\n\t\t\t\t\t\t<span class=\"elementor-button-content-wrapper\">\n\t\t\t\t\t\t<span class=\"elementor-button-icon\">\n\t\t\t\t<svg aria-hidden=\"true\" class=\"e-font-icon-svg e-fas-chevron-circle-right\" viewbox=\"0 0 512 512\" xmlns=\"http:\/\/www.w3.org\/2000\/svg\"><path d=\"M256 8c137 0 248 111 248 248S393 504 256 504 8 393 8 256 119 8 256 8zm113.9 231L234.4 103.5c-9.4-9.4-24.6-9.4-33.9 0l-17 17c-9.4 9.4-9.4 24.6 0 33.9L285.1 256 183.5 357.6c-9.4 9.4-9.4 24.6 0 33.9l17 17c9.4 9.4 24.6 9.4 33.9 0L369.9 273c9.4-9.4 9.4-24.6 0-34z\"><\/path><\/svg>\t\t\t<\/span>\n\t\t\t\t\t\t\t\t\t<span class=\"elementor-button-text\">Demander un devis<\/span>\n\t\t\t\t\t<\/span>\n\t\t\t\t\t<\/a>\n\t\t\t\t\t\t\t\t<\/div>\n\t\t\t\t<\/div>\n\t\t<div class=\"elementor-element elementor-element-73a2184 e-con-full e-flex e-con e-parent\" data-id=\"73a2184\" data-element_type=\"container\">\n\t\t\t\t<div class=\"elementor-element elementor-element-4e53858 elementor-widget-divider--view-line elementor-widget elementor-widget-divider\" data-id=\"4e53858\" data-element_type=\"widget\" data-widget_type=\"divider.default\">\n\t\t\t\t\t\t\t<div class=\"elementor-divider\">\n\t\t\t<span class=\"elementor-divider-separator\">\n\t\t\t\t\t\t<\/span>\n\t\t<\/div>\n\t\t\t\t\t\t<\/div>\n\t\t\t\t<\/div>\n\t\t\t\t<\/div>\n\t\t<div class=\"elementor-element elementor-element-4b4df28 e-con-full e-flex e-con e-parent\" data-id=\"4b4df28\" data-element_type=\"container\">\n\t\t\t\t<div class=\"elementor-element elementor-element-6def399 elementor-tabs-alignment-stretch elementor-tabs-view-horizontal elementor-widget elementor-widget-tabs\" data-id=\"6def399\" data-element_type=\"widget\" data-widget_type=\"tabs.default\">\n\t\t\t\t\t\t\t<div class=\"elementor-tabs\">\n\t\t\t<div class=\"elementor-tabs-wrapper\" role=\"tablist\" >\n\t\t\t\t\t\t\t\t\t<div id=\"elementor-tab-title-1151\" class=\"elementor-tab-title elementor-tab-desktop-title\" aria-selected=\"true\" data-tab=\"1\" role=\"tab\" tabindex=\"0\" aria-controls=\"elementor-tab-content-1151\" aria-expanded=\"false\">Sp\u00e9cification<\/div>\n\t\t\t\t\t\t\t\t\t<div id=\"elementor-tab-title-1152\" class=\"elementor-tab-title elementor-tab-desktop-title\" aria-selected=\"false\" data-tab=\"2\" role=\"tab\" tabindex=\"-1\" aria-controls=\"elementor-tab-content-1152\" aria-expanded=\"false\">Avantage du produit<\/div>\n\t\t\t\t\t\t\t\t\t<div id=\"elementor-tab-title-1153\" class=\"elementor-tab-title elementor-tab-desktop-title\" aria-selected=\"false\" data-tab=\"3\" role=\"tab\" tabindex=\"-1\" aria-controls=\"elementor-tab-content-1153\" aria-expanded=\"false\">T\u00e9l\u00e9charger la fiche technique<\/div>\n\t\t\t\t\t\t\t\t\t<div id=\"elementor-tab-title-1154\" class=\"elementor-tab-title elementor-tab-desktop-title\" aria-selected=\"false\" data-tab=\"4\" role=\"tab\" tabindex=\"-1\" aria-controls=\"elementor-tab-content-1154\" aria-expanded=\"false\">Vid\u00e9os<\/div>\n\t\t\t\t\t\t\t<\/div>\n\t\t\t<div class=\"elementor-tabs-content-wrapper\" role=\"tablist\" aria-orientation=\"vertical\">\n\t\t\t\t\t\t\t\t\t<div class=\"elementor-tab-title elementor-tab-mobile-title\" aria-selected=\"true\" data-tab=\"1\" role=\"tab\" tabindex=\"0\" aria-controls=\"elementor-tab-content-1151\" aria-expanded=\"false\">Sp\u00e9cification<\/div>\n\t\t\t\t\t<div id=\"elementor-tab-content-1151\" class=\"elementor-tab-content elementor-clearfix\" data-tab=\"1\" role=\"tabpanel\" aria-labelledby=\"elementor-tab-title-1151\" tabindex=\"0\" hidden=\"false\"><h2>Presse hydraulique portable pour chenilles ETP120<\/h2>\n<table>\n<tbody>\n<tr>\n<td><strong>CARACT\u00c9RISTIQUES<\/strong><\/td>\n<td><strong>M\u00c9TRIQUE<\/strong><\/td>\n<\/tr>\n<tr>\n<td><strong>Pouss\u00e9e du cylindre :<\/strong><\/td>\n<td>120T<\/td>\n<\/tr>\n<tr>\n<td><strong>Pression de travail :<\/strong><\/td>\n<td>1-63 Mpa<\/td>\n<\/tr>\n<tr>\n<td><strong>Accident vasculaire c\u00e9r\u00e9bral:<\/strong><\/td>\n<td>100 mm<\/td>\n<\/tr>\n<tr>\n<td><strong>Diam\u00e8tre du cylindre \u00e0 huile :<\/strong><\/td>\n<td>50 mm<\/td>\n<\/tr>\n<tr>\n<td><strong>Plage de diam\u00e8tres des axes de piste en appuyant sur :<\/strong><\/td>\n<td>\u226460 mm<\/td>\n<\/tr>\n<tr>\n<td rowspan=\"2\"><strong>flux de travail :<\/strong><\/td>\n<td>Pompe \u00e0 main : haute pression 7 ml\/heure ; basse pression : 50 ml\/heure<\/td>\n<\/tr>\n<tr>\n<td>Pompe \u00e9lectrique : 1,2 L\/min<\/td>\n<\/tr>\n<tr>\n<td><strong>Capacit\u00e9 du r\u00e9servoir (L) :<\/strong><\/td>\n<td>Pompe \u00e0 main 5 L\u00a0; Pompe \u00e9lectrique 16 L<\/td>\n<\/tr>\n<tr>\n<td><strong>Huile hydraulique :<\/strong><\/td>\n<td>Huile hydraulique 46#<\/td>\n<\/tr>\n<\/tbody>\n<\/table><\/div>\n\t\t\t\t\t\t\t\t\t<div class=\"elementor-tab-title elementor-tab-mobile-title\" aria-selected=\"false\" data-tab=\"2\" role=\"tab\" tabindex=\"-1\" aria-controls=\"elementor-tab-content-1152\" aria-expanded=\"false\">Avantage du produit<\/div>\n\t\t\t\t\t<div id=\"elementor-tab-content-1152\" class=\"elementor-tab-content elementor-clearfix\" data-tab=\"2\" role=\"tabpanel\" aria-labelledby=\"elementor-tab-title-1152\" tabindex=\"0\" hidden=\"hidden\"><p>1. Effectuer l&#039;op\u00e9ration in situ<br \/>2. Capacit\u00e9 de 120 tonnes<br \/>3. Cylindre inclus<br \/>4. Pression de service 63 MPa<br \/>5. Assemblez l\u2019outil en place pour une manipulation facile.<br \/>6. Il existe une pompe \u00e9lectrique et une pompe manuelle en option.<\/p><\/div>\n\t\t\t\t\t\t\t\t\t<div class=\"elementor-tab-title elementor-tab-mobile-title\" aria-selected=\"false\" data-tab=\"3\" role=\"tab\" tabindex=\"-1\" aria-controls=\"elementor-tab-content-1153\" aria-expanded=\"false\">T\u00e9l\u00e9charger la fiche technique<\/div>\n\t\t\t\t\t<div id=\"elementor-tab-content-1153\" class=\"elementor-tab-content elementor-clearfix\" data-tab=\"3\" role=\"tabpanel\" aria-labelledby=\"elementor-tab-title-1153\" tabindex=\"0\" hidden=\"hidden\"><object style=\"width:100% ; height:700px;\"\ndata=\"https:\/\/elineboringmachine.com\/wp-content\/uploads\/2022\/12\/ETP120-Portable-Trackpin-Press\u200b\u200b.pdf\" type=\"application\/pdf\" ><\/object>\n\n<\/div>\n\t\t\t\t\t\t\t\t\t<div class=\"elementor-tab-title elementor-tab-mobile-title\" aria-selected=\"false\" data-tab=\"4\" role=\"tab\" tabindex=\"-1\" aria-controls=\"elementor-tab-content-1154\" aria-expanded=\"false\">Vid\u00e9os<\/div>\n\t\t\t\t\t<div id=\"elementor-tab-content-1154\" class=\"elementor-tab-content elementor-clearfix\" data-tab=\"4\" role=\"tabpanel\" aria-labelledby=\"elementor-tab-title-1154\" tabindex=\"0\" hidden=\"hidden\"><table class=\"responsive-table\">\n<tbody>\n<tr>\n<td><iframe title=\"Lecteur vid\u00e9o YouTube\" src=\"https:\/\/www.youtube.com\/embed\/k652y30wJD0\" width=\"560\" height=\"315\" frameborder=\"0\" allowfullscreen=\"allowfullscreen\"><\/iframe><\/td>\n<td><iframe title=\"Lecteur vid\u00e9o YouTube\" src=\"https:\/\/www.youtube.com\/embed\/S3MgCS7S2TQ\" width=\"560\" height=\"315\" frameborder=\"0\" allowfullscreen=\"allowfullscreen\"><\/iframe><\/td>\n<td><iframe width=\"560\" height=\"315\" src=\"https:\/\/www.youtube.com\/embed\/pm8MRJ9vKcg\" title=\"Lecteur vid\u00e9o YouTube\" frameborder=\"0\" allow=\"accelerometer; autoplay; clipboard-write; encrypted-media; gyroscope; picture-in-picture\" allowfullscreen><\/iframe><\/td>\n<\/tr>\n<\/tbody>\n<\/table><\/div>\n\t\t\t\t\t\t\t<\/div>\n\t\t<\/div>\n\t\t\t\t\t\t<\/div>\n\t\t\t\t<div class=\"elementor-element elementor-element-7d887ab elementor-align-justify elementor-widget elementor-widget-button\" data-id=\"7d887ab\" data-element_type=\"widget\" data-widget_type=\"button.default\">\n\t\t\t\t\t\t\t\t\t\t<a class=\"elementor-button elementor-button-link elementor-size-lg\" href=\"https:\/\/elineboringmachine.com\/fr\/category\/flange-facers\/\" target=\"_blank\">\n\t\t\t\t\t\t<span class=\"elementor-button-content-wrapper\">\n\t\t\t\t\t\t\t\t\t<span class=\"elementor-button-text\">Machines \u00e0 dresser les brides portables<\/span>\n\t\t\t\t\t<\/span>\n\t\t\t\t\t<\/a>\n\t\t\t\t\t\t\t\t<\/div>\n\t\t\t\t<div class=\"elementor-element elementor-element-a347ff6 elementor-posts__hover-none elementor-grid-tablet-1 elementor-grid-3 elementor-grid-mobile-1 elementor-posts--thumbnail-top elementor-card-shadow-yes elementor-widget elementor-widget-posts\" data-id=\"a347ff6\" data-element_type=\"widget\" data-settings=\"{&quot;cards_columns_tablet&quot;:&quot;1&quot;,&quot;cards_columns&quot;:&quot;3&quot;,&quot;cards_columns_mobile&quot;:&quot;1&quot;,&quot;cards_row_gap&quot;:{&quot;unit&quot;:&quot;px&quot;,&quot;size&quot;:35,&quot;sizes&quot;:[]},&quot;cards_row_gap_tablet&quot;:{&quot;unit&quot;:&quot;px&quot;,&quot;size&quot;:&quot;&quot;,&quot;sizes&quot;:[]},&quot;cards_row_gap_mobile&quot;:{&quot;unit&quot;:&quot;px&quot;,&quot;size&quot;:&quot;&quot;,&quot;sizes&quot;:[]}}\" data-widget_type=\"posts.cards\">\n\t\t\t\t<div class=\"elementor-widget-container\">\n\t\t\t\t\t\t\t<div class=\"elementor-posts-container elementor-posts elementor-posts--skin-cards elementor-grid\">\n\t\t\t\t<article class=\"elementor-post elementor-grid-item post-451146 post type-post status-publish format-standard has-post-thumbnail hentry category-flange-facers\">\n\t\t\t<div class=\"elementor-post__card\">\n\t\t\t\t<a class=\"elementor-post__thumbnail__link\" href=\"https:\/\/elineboringmachine.com\/fr\/mff350-manual-flange-facer-reduce-down-time\/\" tabindex=\"-1\" ><div class=\"elementor-post__thumbnail\"><img fetchpriority=\"high\" decoding=\"async\" width=\"768\" height=\"576\" src=\"https:\/\/elineboringmachine.com\/wp-content\/uploads\/2022\/08\/mff350-repair-flange-face-768x576.webp\" class=\"attachment-medium_large size-medium_large wp-image-2892\" alt=\"face de bride de r\u00e9paration mff350\" srcset=\"https:\/\/elineboringmachine.com\/wp-content\/uploads\/2022\/08\/mff350-repair-flange-face-768x576.webp 768w, https:\/\/elineboringmachine.com\/wp-content\/uploads\/2022\/08\/mff350-repair-flange-face-300x225.webp 300w, https:\/\/elineboringmachine.com\/wp-content\/uploads\/2022\/08\/mff350-repair-flange-face-16x12.webp 16w, https:\/\/elineboringmachine.com\/wp-content\/uploads\/2022\/08\/mff350-repair-flange-face.webp 800w\" sizes=\"(max-width: 768px) 100vw, 768px\" title=\"\"><\/div><\/a>\n\t\t\t\t<div class=\"elementor-post__text\">\n\t\t\t\t<h3 class=\"elementor-post__title\">\n\t\t\t<a href=\"https:\/\/elineboringmachine.com\/fr\/mff350-manual-flange-facer-reduce-down-time\/\" >\n\t\t\t\tMaximiser l&#039;efficacit\u00e9 avec la machine \u00e0 dresser les brides manuelle MFF350\u00a0: un guide complet\t\t\t<\/a>\n\t\t<\/h3>\n\t\t\t\t<div class=\"elementor-post__excerpt\">\n\t\t\t<p>Le surfa\u00e7age de brides est un processus essentiel \u00e0 la maintenance et \u00e0 la r\u00e9paration des canalisations et autres \u00e9quipements industriels. La surfa\u00e7age de brides manuelle MFF350 offre une solution pratique, efficace et \u00e9conomique pour les travaux de surfa\u00e7age de brides. Gr\u00e2ce \u00e0 son fonctionnement manuel et \u00e0 sa plage de serrage de 27 mm \u00e0 27 cm, la MFF350 est con\u00e7ue pour r\u00e9pondre \u00e0 un large \u00e9ventail de besoins de maintenance et de r\u00e9paration sur site.<\/p>\n\t\t<\/div>\n\t\t\n\t\t<a class=\"elementor-post__read-more\" href=\"https:\/\/elineboringmachine.com\/fr\/mff350-manual-flange-facer-reduce-down-time\/\" aria-label=\"En savoir plus sur l&#039;optimisation de l&#039;efficacit\u00e9 avec la machine \u00e0 dresser les brides manuelle MFF350\u00a0: un guide complet\" tabindex=\"-1\" >\n\t\t\tEn savoir plus &quot;\t\t<\/a>\n\n\t\t\t\t<\/div>\n\t\t\t\t<div class=\"elementor-post__meta-data\">\n\t\t\t\t\t<span class=\"elementor-post-author\">\n\t\t\tAl\u00e9seuse Eline\t\t<\/span>\n\t\t\t\t<span class=\"elementor-post-date\">\n\t\t\t8 f\u00e9vrier 2023\t\t<\/span>\n\t\t\t\t<\/div>\n\t\t\t\t\t<\/div>\n\t\t<\/article>\n\t\t\t\t<article class=\"elementor-post elementor-grid-item post-451090 post type-post status-publish format-standard has-post-thumbnail hentry category-flange-facers tag-reface-flange-sureface tag-repaire-flange-face\">\n\t\t\t<div class=\"elementor-post__card\">\n\t\t\t\t<a class=\"elementor-post__thumbnail__link\" href=\"https:\/\/elineboringmachine.com\/fr\/understanding-the-flange-facing-process-a-guide\/\" tabindex=\"-1\" ><div class=\"elementor-post__thumbnail\"><img decoding=\"async\" width=\"768\" height=\"576\" src=\"https:\/\/elineboringmachine.com\/wp-content\/uploads\/2023\/01\/EFF1500-Flange-Facer-BASE-768x576.webp\" class=\"attachment-medium_large size-medium_large wp-image-5937\" alt=\"machines de surfa\u00e7age de brides \u00e0 montage interne\" srcset=\"https:\/\/elineboringmachine.com\/wp-content\/uploads\/2023\/01\/EFF1500-Flange-Facer-BASE-768x576.webp 768w, https:\/\/elineboringmachine.com\/wp-content\/uploads\/2023\/01\/EFF1500-Flange-Facer-BASE-300x225.webp 300w, https:\/\/elineboringmachine.com\/wp-content\/uploads\/2023\/01\/EFF1500-Flange-Facer-BASE-16x12.webp 16w, https:\/\/elineboringmachine.com\/wp-content\/uploads\/2023\/01\/EFF1500-Flange-Facer-BASE.webp 1024w\" sizes=\"(max-width: 768px) 100vw, 768px\" title=\"\"><\/div><\/a>\n\t\t\t\t<div class=\"elementor-post__text\">\n\t\t\t\t<h3 class=\"elementor-post__title\">\n\t\t\t<a href=\"https:\/\/elineboringmachine.com\/fr\/understanding-the-flange-facing-process-a-guide\/\" >\n\t\t\t\tComprendre le processus de dressage des brides\u00a0: un guide\t\t\t<\/a>\n\t\t<\/h3>\n\t\t\t\t<div class=\"elementor-post__excerpt\">\n\t\t\t<p>Le surfa\u00e7age des brides est un processus essentiel pour l&#039;entretien et la r\u00e9paration des canalisations, vannes et autres \u00e9quipements utilisant des raccords \u00e0 brides. Ce proc\u00e9d\u00e9 consiste \u00e0 usiner la surface d&#039;une bride pour obtenir une surface lisse, plane et parall\u00e8le, garantissant une \u00e9tanch\u00e9it\u00e9 parfaite entre deux composants connect\u00e9s.<\/p>\n\t\t<\/div>\n\t\t\n\t\t<a class=\"elementor-post__read-more\" href=\"https:\/\/elineboringmachine.com\/fr\/understanding-the-flange-facing-process-a-guide\/\" aria-label=\"En savoir plus sur Comprendre le processus de dressage des brides\u00a0: un guide\" tabindex=\"-1\" >\n\t\t\tEn savoir plus &quot;\t\t<\/a>\n\n\t\t\t\t<\/div>\n\t\t\t\t<div class=\"elementor-post__meta-data\">\n\t\t\t\t\t<span class=\"elementor-post-author\">\n\t\t\tAl\u00e9seuse Eline\t\t<\/span>\n\t\t\t\t<span class=\"elementor-post-date\">\n\t\t\t4 f\u00e9vrier 2023\t\t<\/span>\n\t\t\t\t<\/div>\n\t\t\t\t\t<\/div>\n\t\t<\/article>\n\t\t\t\t<article class=\"elementor-post elementor-grid-item post-451057 post type-post status-publish format-standard has-post-thumbnail hentry category-flange-facers\">\n\t\t\t<div class=\"elementor-post__card\">\n\t\t\t\t<a class=\"elementor-post__thumbnail__link\" href=\"https:\/\/elineboringmachine.com\/fr\/revolutionize-your-flange-facing-with-the-ezlink-eff1000-flange-facer\/\" tabindex=\"-1\" ><div class=\"elementor-post__thumbnail\"><img decoding=\"async\" width=\"768\" height=\"576\" src=\"https:\/\/elineboringmachine.com\/wp-content\/uploads\/2022\/08\/EFF1000-Flange-Facer-768x576.webp\" class=\"attachment-medium_large size-medium_large wp-image-3131\" alt=\"Machine \u00e0 surfacer les brides EFF1000\" srcset=\"https:\/\/elineboringmachine.com\/wp-content\/uploads\/2022\/08\/EFF1000-Flange-Facer-768x576.webp 768w, https:\/\/elineboringmachine.com\/wp-content\/uploads\/2022\/08\/EFF1000-Flange-Facer-300x225.webp 300w, https:\/\/elineboringmachine.com\/wp-content\/uploads\/2022\/08\/EFF1000-Flange-Facer-16x12.webp 16w, https:\/\/elineboringmachine.com\/wp-content\/uploads\/2022\/08\/EFF1000-Flange-Facer.webp 1024w\" sizes=\"(max-width: 768px) 100vw, 768px\" title=\"\"><\/div><\/a>\n\t\t\t\t<div class=\"elementor-post__text\">\n\t\t\t\t<h3 class=\"elementor-post__title\">\n\t\t\t<a href=\"https:\/\/elineboringmachine.com\/fr\/revolutionize-your-flange-facing-with-the-ezlink-eff1000-flange-facer\/\" >\n\t\t\t\tR\u00e9volutionnez votre surfa\u00e7age de brides avec le surfa\u00e7age de brides EZLINK Eff1000\t\t\t<\/a>\n\t\t<\/h3>\n\t\t\t\t<div class=\"elementor-post__excerpt\">\n\t\t\t<p>Le remplacement de brides vous pose-t-il des probl\u00e8mes de temps et d&#039;argent\u00a0? Vous recherchez une solution plus efficace et \u00e9conomique pour l&#039;entretien de vos brides\u00a0? Ne cherchez plus\u00a0: la fraiseuse de brides EZLINK Eff1000 est faite pour vous.<\/p>\n\t\t<\/div>\n\t\t\n\t\t<a class=\"elementor-post__read-more\" href=\"https:\/\/elineboringmachine.com\/fr\/revolutionize-your-flange-facing-with-the-ezlink-eff1000-flange-facer\/\" aria-label=\"En savoir plus sur R\u00e9volutionnez votre surfa\u00e7age de bride avec le surfa\u00e7age de bride EZLINK Eff1000\" tabindex=\"-1\" >\n\t\t\tEn savoir plus &quot;\t\t<\/a>\n\n\t\t\t\t<\/div>\n\t\t\t\t<div class=\"elementor-post__meta-data\">\n\t\t\t\t\t<span class=\"elementor-post-author\">\n\t\t\tAl\u00e9seuse Eline\t\t<\/span>\n\t\t\t\t<span class=\"elementor-post-date\">\n\t\t\t4 f\u00e9vrier 2023\t\t<\/span>\n\t\t\t\t<\/div>\n\t\t\t\t\t<\/div>\n\t\t<\/article>\n\t\t\t\t<\/div>\n\t\t\n\t\t\t\t\t\t<\/div>\n\t\t\t\t<\/div>\n\t\t\t\t<\/div>\n\t\t\t\t<\/div>","protected":false},"excerpt":{"rendered":"<p>Previous Next ETP12O Portable Hydraulic Track Pin Press Heavy equipment track pins are frequently replaced. Worn out pins often stick and typically can\u2019t be removed with a hammer and drift punch alone. The Hydraulic Track Pin Press, ETP120 is a pressing tool used to remove and installing the end bolt on track chains on excavators.&hellip;&nbsp;<\/p>\n<div class=\"read-more-wrapper\"><a href=\"https:\/\/elineboringmachine.com\/fr\/revolutionize-your-flange-facing-with-the-ezlink-eff1000-flange-facer\/\" class=\"button button-primary\" rel=\"bookmark\">En savoir plus &quot;<span class=\"screen-reader-text\">R\u00e9volutionnez votre surfa\u00e7age de brides avec le surfa\u00e7age de brides EZLINK Eff1000<\/span><\/a><\/div>","protected":false},"author":1,"featured_media":4468,"parent":1984,"menu_order":0,"comment_status":"closed","ping_status":"closed","template":"page-templates\/template-pagebuilder-full-width.php","meta":{"neve_meta_sidebar":"","neve_meta_container":"","neve_meta_enable_content_width":"","neve_meta_content_width":0,"neve_meta_title_alignment":"","neve_meta_author_avatar":"","neve_post_elements_order":"","neve_meta_disable_header":"","neve_meta_disable_footer":"","neve_meta_disable_title":"","neve_meta_reading_time":"","footnotes":""},"class_list":["post-4501","page","type-page","status-publish","has-post-thumbnail","hentry"],"_links":{"self":[{"href":"https:\/\/elineboringmachine.com\/fr\/wp-json\/wp\/v2\/pages\/4501","targetHints":{"allow":["GET"]}}],"collection":[{"href":"https:\/\/elineboringmachine.com\/fr\/wp-json\/wp\/v2\/pages"}],"about":[{"href":"https:\/\/elineboringmachine.com\/fr\/wp-json\/wp\/v2\/types\/page"}],"author":[{"embeddable":true,"href":"https:\/\/elineboringmachine.com\/fr\/wp-json\/wp\/v2\/users\/1"}],"replies":[{"embeddable":true,"href":"https:\/\/elineboringmachine.com\/fr\/wp-json\/wp\/v2\/comments?post=4501"}],"version-history":[{"count":0,"href":"https:\/\/elineboringmachine.com\/fr\/wp-json\/wp\/v2\/pages\/4501\/revisions"}],"up":[{"embeddable":true,"href":"https:\/\/elineboringmachine.com\/fr\/wp-json\/wp\/v2\/pages\/1984"}],"wp:featuredmedia":[{"embeddable":true,"href":"https:\/\/elineboringmachine.com\/fr\/wp-json\/wp\/v2\/media\/4468"}],"wp:attachment":[{"href":"https:\/\/elineboringmachine.com\/fr\/wp-json\/wp\/v2\/media?parent=4501"}],"curies":[{"name":"wp","href":"https:\/\/api.w.org\/{rel}","templated":true}]}}