{"id":6,"date":"2020-04-06T12:28:33","date_gmt":"2020-04-06T12:28:33","guid":{"rendered":""},"modified":"2024-04-05T13:06:39","modified_gmt":"2024-04-05T05:06:39","slug":"about-us","status":"publish","type":"page","link":"https:\/\/elineboringmachine.com\/fr\/about-us\/","title":{"rendered":"\u00c0 propos"},"content":{"rendered":"<div data-elementor-type=\"wp-page\" data-elementor-id=\"6\" class=\"elementor elementor-6\" data-elementor-post-type=\"page\">\n\t\t\t\t<div class=\"elementor-element elementor-element-6aa3446 e-con-full e-flex e-con e-parent\" data-id=\"6aa3446\" data-element_type=\"container\" data-settings=\"{&quot;background_background&quot;:&quot;classic&quot;}\">\n\t\t\t\t<div class=\"elementor-element elementor-element-e91986e elementor-widget__width-inherit elementor--h-position-center elementor--v-position-middle elementor-arrows-position-inside elementor-pagination-position-inside elementor-widget elementor-widget-slides\" data-id=\"e91986e\" data-element_type=\"widget\" data-settings=\"{&quot;navigation&quot;:&quot;both&quot;,&quot;autoplay&quot;:&quot;yes&quot;,&quot;pause_on_hover&quot;:&quot;yes&quot;,&quot;pause_on_interaction&quot;:&quot;yes&quot;,&quot;autoplay_speed&quot;:5000,&quot;infinite&quot;:&quot;yes&quot;,&quot;transition&quot;:&quot;slide&quot;,&quot;transition_speed&quot;:500}\" data-widget_type=\"slides.default\">\n\t\t\t\t\t\t\t\t\t\t<div class=\"elementor-slides-wrapper elementor-main-swiper swiper\" role=\"region\" aria-roledescription=\"carousel\" aria-label=\"Diapositives\" dir=\"ltr\" data-animation=\"fadeInLeft\">\n\t\t\t\t<div class=\"swiper-wrapper elementor-slides\">\n\t\t\t\t\t\t\t\t\t\t<div class=\"elementor-repeater-item-703060a swiper-slide\" role=\"group\" aria-roledescription=\"slide\"><div class=\"swiper-slide-bg elementor-ken-burns elementor-ken-burns--in\" role=\"img\"><\/div><div class=\"elementor-background-overlay\"><\/div><div class=\"swiper-slide-inner\" ><div class=\"swiper-slide-contents\"><div class=\"elementor-slide-heading\">Machine \u00e0 surfacer les brides EFF1500<\/div><a href=\"https:\/\/elineboringmachine.com\/fr\/products\/flange-facer\/eff1500-id-flange-facing-machine\/\" class=\"elementor-button elementor-slide-button elementor-size-lg\">APPAREIL \u00c0 FAIRE FACE \u00c0 BRIDE EFF1500<\/a><\/div><\/div><\/div><div class=\"elementor-repeater-item-d6deb2f swiper-slide\" role=\"group\" aria-roledescription=\"slide\"><div class=\"swiper-slide-bg elementor-ken-burns elementor-ken-burns--in\" role=\"img\"><\/div><div class=\"elementor-background-overlay\"><\/div><div class=\"swiper-slide-inner\" ><div class=\"swiper-slide-contents\"><div class=\"elementor-slide-heading\">Machine de soudage et d&#039;al\u00e9sage de ligne portable SLB50<\/div><a href=\"https:\/\/elineboringmachine.com\/fr\/products\/portable-line-boring-machine\/slb50-portable-line-boring-welding-machine\/\" class=\"elementor-button elementor-slide-button elementor-size-lg\">Machine de soudage et d&#039;al\u00e9sage de ligne portable SLB50<\/a><\/div><\/div><\/div><div class=\"elementor-repeater-item-ef58fe9 swiper-slide\" role=\"group\" aria-roledescription=\"slide\"><div class=\"swiper-slide-bg elementor-ken-burns elementor-ken-burns--in\" role=\"img\"><\/div><div class=\"elementor-background-overlay\"><\/div><div class=\"swiper-slide-inner\" ><div class=\"swiper-slide-contents\"><div class=\"elementor-slide-heading\">Machines de coupe et de chanfreinage de tubes \u00e0 cadre fendu \u00e0 clapet<\/div><a href=\"https:\/\/elineboringmachine.com\/fr\/products\/clamshell-split-frame-machines\/\" class=\"elementor-button elementor-slide-button elementor-size-lg\">Voir toutes les machines de coupe et de chanfreinage de tubes \u00e0 clapet<\/a><\/div><\/div><\/div>\t\t\t\t<\/div>\n\t\t\t\t\t\t\t\t\t\t\t\t\t\t\t<div class=\"elementor-swiper-button elementor-swiper-button-prev\" role=\"button\" tabindex=\"0\" aria-label=\"Diapositive pr\u00e9c\u00e9dente\">\n\t\t\t\t\t\t\t<svg aria-hidden=\"true\" class=\"e-font-icon-svg e-eicon-chevron-left\" viewbox=\"0 0 1000 1000\" xmlns=\"http:\/\/www.w3.org\/2000\/svg\"><path d=\"M646 125C629 125 613 133 604 142L308 442C296 454 292 471 292 487 292 504 296 521 308 533L604 854C617 867 629 875 646 875 663 875 679 871 692 858 704 846 713 829 713 812 713 796 708 779 692 767L438 487 692 225C700 217 708 204 708 187 708 171 704 154 692 142 675 129 663 125 646 125Z\"><\/path><\/svg>\t\t\t\t\t\t<\/div>\n\t\t\t\t\t\t<div class=\"elementor-swiper-button elementor-swiper-button-next\" role=\"button\" tabindex=\"0\" aria-label=\"Diapositive suivante\">\n\t\t\t\t\t\t\t<svg aria-hidden=\"true\" class=\"e-font-icon-svg e-eicon-chevron-right\" viewbox=\"0 0 1000 1000\" xmlns=\"http:\/\/www.w3.org\/2000\/svg\"><path d=\"M696 533C708 521 713 504 713 487 713 471 708 454 696 446L400 146C388 133 375 125 354 125 338 125 325 129 313 142 300 154 292 171 292 187 292 204 296 221 308 233L563 492 304 771C292 783 288 800 288 817 288 833 296 850 308 863 321 871 338 875 354 875 371 875 388 867 400 854L696 533Z\"><\/path><\/svg>\t\t\t\t\t\t<\/div>\n\t\t\t\t\t\t\t\t\t\t\t\t\t\t\t\t<div class=\"swiper-pagination\"><\/div>\n\t\t\t\t\t\t\t\t\t\t\t\t<\/div>\n\t\t\t\t\t\t\t\t<\/div>\n\t\t\t\t<div class=\"elementor-element elementor-element-1d88d14 elementor-widget elementor-widget-heading\" data-id=\"1d88d14\" data-element_type=\"widget\" data-widget_type=\"heading.default\">\n\t\t\t\t\t<h1 class=\"elementor-heading-title elementor-size-default\">Qui sommes-nous<\/h1>\t\t\t\t<\/div>\n\t\t\t\t<div class=\"elementor-element elementor-element-e3e3ae1 elementor-widget elementor-widget-heading\" data-id=\"e3e3ae1\" data-element_type=\"widget\" data-widget_type=\"heading.default\">\n\t\t\t\t\t<h2 class=\"elementor-heading-title elementor-size-default\">Fournisseur de produits fiables, abordables et rentables<\/h2>\t\t\t\t<\/div>\n\t\t\t\t<div class=\"elementor-element elementor-element-475f1b3 elementor-widget__width-initial elementor-widget-mobile__width-inherit elementor-widget elementor-widget-text-editor\" data-id=\"475f1b3\" data-element_type=\"widget\" data-widget_type=\"text-editor.default\">\n\t\t\t\t\t\t\t\t\t<p>Fond\u00e9e en 2012, EZLINK est un fournisseur leader de machines-outils portables innovantes et de haute qualit\u00e9 pour la r\u00e9paration et la maintenance sur site. Nous nous engageons \u00e0 fournir des solutions efficaces et rentables pour assurer le bon fonctionnement, la s\u00e9curit\u00e9 et la rentabilit\u00e9 de votre usine. Nos produits comprennent des al\u00e9seuses de ligne portables, des machines \u00e0 surfacer les brides, des chanfreineuses de tubes et d&#039;autres machines-outils con\u00e7ues pour acc\u00e9l\u00e9rer, simplifier et optimiser les interventions de maintenance.<\/p><p>\u00a0<span style=\"text-align: var(--text-align); background-color: var(--nv-site-bg); color: var(--nv-text-color); font-size: var(--bodyfontsize); font-weight: var(--bodyfontweight); letter-spacing: var(--bodyletterspacing); text-transform: var(--bodytexttransform);\">Nous sommes soucieux d&#039;offrir un service client et une assistance de qualit\u00e9. C&#039;est pourquoi notre \u00e9quipe d&#039;experts est disponible 24h\/24 et 7j\/7 pour r\u00e9pondre \u00e0 toutes vos questions. Nos produits sont con\u00e7us pour r\u00e9sister aux environnements industriels difficiles et int\u00e8grent les derni\u00e8res technologies.<\/span><\/p><p>Chez EZLINK, nous sommes passionn\u00e9s par notre travail et nous nous engageons \u00e0 offrir les meilleurs produits et services \u00e0 nos clients. Contactez-nous d\u00e8s aujourd&#039;hui pour en savoir plus sur la mani\u00e8re dont nous pouvons vous aider pour vos besoins de r\u00e9paration et de maintenance sur site. Nous sommes un partenaire fid\u00e8le et digne de confiance, qui privil\u00e9gie toujours la rentabilit\u00e9 de ses clients.<\/p>\t\t\t\t\t\t\t\t<\/div>\n\t\t\t\t<\/div>\n\t\t<div class=\"elementor-element elementor-element-e9c5ebe e-flex e-con-boxed e-con e-parent\" data-id=\"e9c5ebe\" data-element_type=\"container\" data-settings=\"{&quot;background_background&quot;:&quot;classic&quot;}\">\n\t\t\t\t\t<div class=\"e-con-inner\">\n\t\t\t\t<div class=\"elementor-element elementor-element-df8aa89 elementor-widget elementor-widget-neve_typed_headline\" data-id=\"df8aa89\" data-element_type=\"widget\" data-settings=\"{&quot;typed_text&quot;:&quot;Vision,&quot;,&quot;speed&quot;:{&quot;unit&quot;:&quot;px&quot;,&quot;size&quot;:110,&quot;sizes&quot;:[]}}\" data-widget_type=\"neve_typed_headline.default\">\n\t\t\t\t<div class=\"elementor-widget-container\">\n\t\t\t\t\t<h2 class=\"eaw-typed-text\"><span class=\"eaw-typed-text-plain eaw-typed-text-wrapper\">Mission,<\/span>  <span class=\"eaw-typed-text-placeholder\"><\/span> <span class=\"eaw-typed-text-plain eaw-typed-text-wrapper\">et valeurs<\/span><\/h2>\t\t\t\t<\/div>\n\t\t\t\t<\/div>\n\t\t<div class=\"elementor-element elementor-element-8faa305 e-flex e-con-boxed e-con e-parent\" data-id=\"8faa305\" data-element_type=\"container\" data-settings=\"{&quot;background_background&quot;:&quot;classic&quot;}\">\n\t\t\t\t\t<div class=\"e-con-inner\">\n\t\t\t\t<div class=\"elementor-element elementor-element-99d1c99 elementor-widget elementor-widget-heading\" data-id=\"99d1c99\" data-element_type=\"widget\" data-widget_type=\"heading.default\">\n\t\t\t\t\t<h3 class=\"elementor-heading-title elementor-size-default\">\u00c9nonc\u00e9 de mission<\/h3>\t\t\t\t<\/div>\n\t\t\t\t<div class=\"elementor-element elementor-element-a545176 elementor-widget elementor-widget-text-editor\" data-id=\"a545176\" data-element_type=\"widget\" data-widget_type=\"text-editor.default\">\n\t\t\t\t\t\t\t\t\t<p>La mission d&#039;EZLINK est de fournir des machines-outils portables innovantes et de haute qualit\u00e9 pour la r\u00e9paration et la maintenance sur site, rendant les interventions de maintenance plus rapides, plus faciles et plus efficaces pour nos clients. Nous nous effor\u00e7ons d&#039;offrir un service client et une assistance de premier ordre et d&#039;\u00eatre un partenaire fiable et digne de confiance. Notre objectif est d&#039;assurer le bon fonctionnement, la s\u00e9curit\u00e9 et la rentabilit\u00e9 des installations de nos clients en am\u00e9liorant constamment notre gamme de produits et en proposant les solutions de fabrication sur site les plus avanc\u00e9es.<\/p>\t\t\t\t\t\t\t\t<\/div>\n\t\t\t\t\t<\/div>\n\t\t\t\t<\/div>\n\t\t<div class=\"elementor-element elementor-element-bd821b0 e-flex e-con-boxed e-con e-parent\" data-id=\"bd821b0\" data-element_type=\"container\" data-settings=\"{&quot;background_background&quot;:&quot;classic&quot;}\">\n\t\t\t\t\t<div class=\"e-con-inner\">\n\t\t\t\t<div class=\"elementor-element elementor-element-bf46b74 elementor-widget elementor-widget-heading\" data-id=\"bf46b74\" data-element_type=\"widget\" data-widget_type=\"heading.default\">\n\t\t\t\t\t<h3 class=\"elementor-heading-title elementor-size-default\">Vision<\/h3>\t\t\t\t<\/div>\n\t\t\t\t<div class=\"elementor-element elementor-element-9ac6d73 elementor-widget elementor-widget-text-editor\" data-id=\"9ac6d73\" data-element_type=\"widget\" data-widget_type=\"text-editor.default\">\n\t\t\t\t\t\t\t\t\t<p>Notre vision est d&#039;\u00eatre le leader des machines-outils portables innovantes et de haute qualit\u00e9, offrant une valeur ajout\u00e9e exceptionnelle et une satisfaction client optimale. Notre objectif est de r\u00e9volutionner le secteur de la r\u00e9paration et de la maintenance sur site, en \u00e9tablissant une nouvelle norme en mati\u00e8re de rapidit\u00e9, d&#039;efficacit\u00e9 et de s\u00e9curit\u00e9.<\/p>\t\t\t\t\t\t\t\t<\/div>\n\t\t\t\t\t<\/div>\n\t\t\t\t<\/div>\n\t\t<div class=\"elementor-element elementor-element-01f2637 e-flex e-con-boxed e-con e-parent\" data-id=\"01f2637\" data-element_type=\"container\" data-settings=\"{&quot;background_background&quot;:&quot;classic&quot;}\">\n\t\t\t\t\t<div class=\"e-con-inner\">\n\t\t\t\t<div class=\"elementor-element elementor-element-ef683b7 elementor-widget elementor-widget-heading\" data-id=\"ef683b7\" data-element_type=\"widget\" data-widget_type=\"heading.default\">\n\t\t\t\t\t<h3 class=\"elementor-heading-title elementor-size-default\">Nos valeurs fondamentales<\/h3>\t\t\t\t<\/div>\n\t\t\t\t<div class=\"elementor-element elementor-element-1d5f45e elementor-widget elementor-widget-text-editor\" data-id=\"1d5f45e\" data-element_type=\"widget\" data-widget_type=\"text-editor.default\">\n\t\t\t\t\t\t\t\t\t<p>Les valeurs fondamentales d&#039;EZLINK sont :<\/p><ol><li><p>Orientation client : Nous nous engageons \u00e0 fournir les meilleurs produits et services \u00e0 nos clients et \u00e0 r\u00e9pondre \u00e0 leurs besoins.<\/p><\/li><li><p>Innovation : Nous croyons en l\u2019am\u00e9lioration constante de nos produits et processus pour garder une longueur d\u2019avance sur la concurrence et fournir les solutions de r\u00e9paration et de maintenance sur site les plus avanc\u00e9es.<\/p><\/li><li><p>Qualit\u00e9 : Nous nous engageons \u00e0 fournir des produits de haute qualit\u00e9 qui r\u00e9pondent aux normes de l&#039;industrie et d\u00e9passent les attentes des clients.<\/p><\/li><li><p>Fiabilit\u00e9 : Nous croyons en l\u2019\u00e9tablissement de relations solides et durables avec nos clients en fournissant des produits et des services fiables.<\/p><\/li><li><p>S\u00e9curit\u00e9 : Nous nous engageons \u00e0 assurer la s\u00e9curit\u00e9 de nos clients, de nos employ\u00e9s et de l\u2019environnement gr\u00e2ce \u00e0 des pratiques de fabrication responsables.<\/p><\/li><li><p>Travail d\u2019\u00e9quipe : Nous croyons au travail en \u00e9quipe pour atteindre nos objectifs communs et offrir les meilleurs r\u00e9sultats \u00e0 nos clients.<\/p><\/li><\/ol>\t\t\t\t\t\t\t\t<\/div>\n\t\t\t\t\t<\/div>\n\t\t\t\t<\/div>\n\t\t\t\t\t<\/div>\n\t\t\t\t<\/div>\n\t\t\t\t<\/div>","protected":false},"excerpt":{"rendered":"<p>EFF1500 Flange Facer\u200bEFF1500 FLANGE FACERSLB50 Portable Line Boring Welding MachineSLB50 Portable Line Boring Welding MachineClamshell Split Frame Pipe Cutting Beveling MachinesView All Clamshell Pipe Cutting Beveling Machines Previous Next Who We Are Reliable, Affordable and Cost-Effective Products Provider Founded in 2012, EZLINK is a leading provider of innovative and high-quality portable machine tools for on-site&hellip;&nbsp;<\/p>\n<div class=\"read-more-wrapper\"><a href=\"https:\/\/elineboringmachine.com\/fr\/about-us\/\" class=\"button button-primary\" rel=\"bookmark\">En savoir plus &quot;<span class=\"screen-reader-text\">\u00c0 propos<\/span><\/a><\/div>","protected":false},"author":1,"featured_media":0,"parent":0,"menu_order":0,"comment_status":"closed","ping_status":"closed","template":"page-templates\/template-pagebuilder-full-width.php","meta":{"neve_meta_sidebar":"full-width","neve_meta_container":"","neve_meta_enable_content_width":"on","neve_meta_content_width":100,"neve_meta_title_alignment":"","neve_meta_author_avatar":"","neve_post_elements_order":"","neve_meta_disable_header":"","neve_meta_disable_footer":"","neve_meta_disable_title":"","neve_meta_reading_time":"","footnotes":""},"class_list":["post-6","page","type-page","status-publish","hentry"],"_links":{"self":[{"href":"https:\/\/elineboringmachine.com\/fr\/wp-json\/wp\/v2\/pages\/6","targetHints":{"allow":["GET"]}}],"collection":[{"href":"https:\/\/elineboringmachine.com\/fr\/wp-json\/wp\/v2\/pages"}],"about":[{"href":"https:\/\/elineboringmachine.com\/fr\/wp-json\/wp\/v2\/types\/page"}],"author":[{"embeddable":true,"href":"https:\/\/elineboringmachine.com\/fr\/wp-json\/wp\/v2\/users\/1"}],"replies":[{"embeddable":true,"href":"https:\/\/elineboringmachine.com\/fr\/wp-json\/wp\/v2\/comments?post=6"}],"version-history":[{"count":0,"href":"https:\/\/elineboringmachine.com\/fr\/wp-json\/wp\/v2\/pages\/6\/revisions"}],"wp:attachment":[{"href":"https:\/\/elineboringmachine.com\/fr\/wp-json\/wp\/v2\/media?parent=6"}],"curies":[{"name":"wp","href":"https:\/\/api.w.org\/{rel}","templated":true}]}}