{"id":1833,"date":"2022-07-29T16:21:20","date_gmt":"2022-07-29T08:21:20","guid":{"rendered":"https:\/\/elineboringmachine.com\/?page_id=1833"},"modified":"2024-04-05T13:06:42","modified_gmt":"2024-04-05T05:06:42","slug":"pipe-beveling-machines","status":"publish","type":"page","link":"https:\/\/elineboringmachine.com\/it\/products\/pipe-beveling-machines\/","title":{"rendered":"Macchine smussatrici per tubi"},"content":{"rendered":"<div data-elementor-type=\"wp-page\" data-elementor-id=\"1833\" class=\"elementor elementor-1833\" data-elementor-post-type=\"page\">\n\t\t\t\t<div class=\"elementor-element elementor-element-cd68f68 e-con-full e-flex e-con e-parent\" data-id=\"cd68f68\" data-element_type=\"container\">\n\t\t<div class=\"elementor-element elementor-element-273aedc e-con-full e-flex e-con e-parent\" data-id=\"273aedc\" data-element_type=\"container\">\n\t\t\t\t<div class=\"elementor-element elementor-element-ebada20 elementor-widget__width-initial elementor-widget elementor-widget-heading\" data-id=\"ebada20\" data-element_type=\"widget\" data-widget_type=\"heading.default\">\n\t\t\t\t\t<h1 class=\"elementor-heading-title elementor-size-default\">Macchine smussatrici per tubi<\/h1>\t\t\t\t<\/div>\n\t\t\t\t<div class=\"elementor-element elementor-element-5fa2492 elementor-widget-tablet__width-initial elementor-widget elementor-widget-text-editor\" data-id=\"5fa2492\" data-element_type=\"widget\" data-widget_type=\"text-editor.default\">\n\t\t\t\t\t\t\t\t\t<p>La smussatura dei tubi \u00e8 il processo di creazione di un angolo tra l&#039;estremit\u00e0 e il bordo di un tubo. Questo tipo di taglio \u00e8 una parte molto importante del processo di preparazione alla saldatura e di giunzione dei tubi.<\/p><p>L&#039;utensile portatile per la smussatura di tubi con serraggio interno di EZLINK \u00e8 autocentrante e offre potenza e coppia elevate per il taglio aggressivo di tubi altamente legati. Le nostre smussatrici portatili sono leggere, portatili, facili da usare e garantiscono un taglio uniforme. Un solo operatore esperto pu\u00f2 eseguire le operazioni di preparazione delle estremit\u00e0 in modo rapido e sicuro.<\/p><p>Tutte le macchine smussatrici per tubi sono disponibili con azionamento elettrico o pneumatico.<\/p>\t\t\t\t\t\t\t\t<\/div>\n\t\t\t\t<\/div>\n\t\t\t\t<div class=\"elementor-element elementor-element-5f880ba elementor-widget elementor-widget-image\" data-id=\"5f880ba\" data-element_type=\"widget\" data-widget_type=\"image.default\">\n\t\t\t\t\t\t\t\t\t\t\t\t\t\t\t<img fetchpriority=\"high\" decoding=\"async\" width=\"800\" height=\"600\" src=\"https:\/\/elineboringmachine.com\/wp-content\/uploads\/2022\/08\/pb14-PIPE-beveling-machines-with-3-cutters.webp\" class=\"attachment-large size-large wp-image-1906\" alt=\"\" srcset=\"https:\/\/elineboringmachine.com\/wp-content\/uploads\/2022\/08\/pb14-PIPE-beveling-machines-with-3-cutters.webp 800w, https:\/\/elineboringmachine.com\/wp-content\/uploads\/2022\/08\/pb14-PIPE-beveling-machines-with-3-cutters-300x225.webp 300w, https:\/\/elineboringmachine.com\/wp-content\/uploads\/2022\/08\/pb14-PIPE-beveling-machines-with-3-cutters-768x576.webp 768w\" sizes=\"(max-width: 800px) 100vw, 800px\" title=\"\">\t\t\t\t\t\t\t\t\t\t\t\t\t\t\t<\/div>\n\t\t\t\t<\/div>\n\t\t<div class=\"elementor-element elementor-element-002043d e-con-full e-flex e-con e-parent\" data-id=\"002043d\" data-element_type=\"container\">\n\t\t\t\t<div class=\"elementor-element elementor-element-e502ebe elementor-widget-divider--view-line elementor-widget elementor-widget-divider\" data-id=\"e502ebe\" data-element_type=\"widget\" data-widget_type=\"divider.default\">\n\t\t\t\t\t\t\t<div class=\"elementor-divider\">\n\t\t\t<span class=\"elementor-divider-separator\">\n\t\t\t\t\t\t<\/span>\n\t\t<\/div>\n\t\t\t\t\t\t<\/div>\n\t\t\t\t<\/div>\n\t\t<div class=\"elementor-element elementor-element-f61b8f6 e-con-full e-flex e-con e-parent\" data-id=\"f61b8f6\" data-element_type=\"container\">\n\t\t\t\t<div class=\"elementor-element elementor-element-3f3e1f7 elementor-widget-tablet__width-initial elementor-widget__width-initial elementor-widget elementor-widget-image\" data-id=\"3f3e1f7\" data-element_type=\"widget\" data-widget_type=\"image.default\">\n\t\t\t\t\t\t\t\t\t\t\t\t\t\t\t<img decoding=\"async\" width=\"700\" height=\"539\" src=\"https:\/\/elineboringmachine.com\/wp-content\/uploads\/2022\/08\/pb1-pipe-beveling-machine-pneumatic.webp\" class=\"attachment-full size-full wp-image-1865\" alt=\"\" srcset=\"https:\/\/elineboringmachine.com\/wp-content\/uploads\/2022\/08\/pb1-pipe-beveling-machine-pneumatic.webp 700w, https:\/\/elineboringmachine.com\/wp-content\/uploads\/2022\/08\/pb1-pipe-beveling-machine-pneumatic-300x231.webp 300w\" sizes=\"(max-width: 700px) 100vw, 700px\" title=\"\">\t\t\t\t\t\t\t\t\t\t\t\t\t\t\t<\/div>\n\t\t<div class=\"elementor-element elementor-element-c562851 e-con-full e-flex e-con e-parent\" data-id=\"c562851\" data-element_type=\"container\">\n\t\t\t\t<div class=\"elementor-element elementor-element-57f3c75 elementor-widget elementor-widget-heading\" data-id=\"57f3c75\" data-element_type=\"widget\" data-widget_type=\"heading.default\">\n\t\t\t\t\t<h3 class=\"elementor-heading-title elementor-size-default\">Macchina smussatrice per tubi PB1<\/h3>\t\t\t\t<\/div>\n\t\t\t\t<div class=\"elementor-element elementor-element-02eab72 elementor-widget elementor-widget-html\" data-id=\"02eab72\" data-element_type=\"widget\" data-widget_type=\"html.default\">\n\t\t\t\t\t<table >\n<tbody>\n<tr>\n<td ><strong>SPECIFICHE<\/strong><\/td><td ><strong>POLLICE<\/strong><\/td><td ><strong>METRICO<\/strong><\/td>\n<\/tr>\n<tr>\n<td><strong>Campo di lavoro<\/strong><\/td><td >0,59 ID-1,7 OD pollici<\/td><td>15 ID-44 OD mm<\/td>\n<\/tr>\n<tr>\n<td><strong>Spessore della parete<\/strong><\/td><td >\u22640,31 pollici<\/td><td>\u22648 millimetri<\/td>\n<\/tr>\n<tr>\n<td><strong>Numero dello strumento<\/strong><\/td><td >\n2<\/td><td>2<\/td>\n<\/tr>\n<tr>\n<td><strong>Opzione di alimentazione<\/strong><\/td><td >\nPneumatico<br>Elettrico<\/td><td>Pneumatico<br>Elettrico<\/td>\n<\/tr>\n<\/tbody>\n<\/table>\n\n\t\t\t\t<\/div>\n\t\t\t\t<div class=\"elementor-element elementor-element-a336ade elementor-align-justify elementor-widget elementor-widget-button\" data-id=\"a336ade\" data-element_type=\"widget\" data-widget_type=\"button.default\">\n\t\t\t\t\t\t\t\t\t\t<a class=\"elementor-button elementor-button-link elementor-size-md\" href=\"https:\/\/elineboringmachine.com\/it\/products\/pipe-beveling-machines\/pb1-id-mount-pipe-beveling-machine\/\">\n\t\t\t\t\t\t<span class=\"elementor-button-content-wrapper\">\n\t\t\t\t\t\t\t\t\t<span class=\"elementor-button-text\">Macchina smussatrice per tubi PB1<\/span>\n\t\t\t\t\t<\/span>\n\t\t\t\t\t<\/a>\n\t\t\t\t\t\t\t\t<\/div>\n\t\t\t\t<\/div>\n\t\t<div class=\"elementor-element elementor-element-a6afd60 e-con-full e-flex e-con e-parent\" data-id=\"a6afd60\" data-element_type=\"container\">\n\t\t\t\t<div class=\"elementor-element elementor-element-9cf7e93 elementor-widget-divider--view-line elementor-widget elementor-widget-divider\" data-id=\"9cf7e93\" data-element_type=\"widget\" data-widget_type=\"divider.default\">\n\t\t\t\t\t\t\t<div class=\"elementor-divider\">\n\t\t\t<span class=\"elementor-divider-separator\">\n\t\t\t\t\t\t<\/span>\n\t\t<\/div>\n\t\t\t\t\t\t<\/div>\n\t\t\t\t<\/div>\n\t\t\t\t<\/div>\n\t\t<div class=\"elementor-element elementor-element-744caee e-con-full e-flex e-con e-parent\" data-id=\"744caee\" data-element_type=\"container\">\n\t\t\t\t<div class=\"elementor-element elementor-element-8a8cc5f elementor-widget-tablet__width-initial elementor-widget__width-initial elementor-widget elementor-widget-image\" data-id=\"8a8cc5f\" data-element_type=\"widget\" data-widget_type=\"image.default\">\n\t\t\t\t\t\t\t\t\t\t\t\t\t\t\t<img decoding=\"async\" width=\"700\" height=\"539\" src=\"https:\/\/elineboringmachine.com\/wp-content\/uploads\/2022\/08\/pb3-Pipe-beveling-machines-pneumatic.webp\" class=\"attachment-full size-full wp-image-1869\" alt=\"\" srcset=\"https:\/\/elineboringmachine.com\/wp-content\/uploads\/2022\/08\/pb3-Pipe-beveling-machines-pneumatic.webp 700w, https:\/\/elineboringmachine.com\/wp-content\/uploads\/2022\/08\/pb3-Pipe-beveling-machines-pneumatic-300x231.webp 300w\" sizes=\"(max-width: 700px) 100vw, 700px\" title=\"\">\t\t\t\t\t\t\t\t\t\t\t\t\t\t\t<\/div>\n\t\t<div class=\"elementor-element elementor-element-797f6de e-con-full e-flex e-con e-parent\" data-id=\"797f6de\" data-element_type=\"container\">\n\t\t\t\t<div class=\"elementor-element elementor-element-4f483f7 elementor-widget elementor-widget-heading\" data-id=\"4f483f7\" data-element_type=\"widget\" data-widget_type=\"heading.default\">\n\t\t\t\t\t<h3 class=\"elementor-heading-title elementor-size-default\">Macchina smussatrice per tubi PB3<\/h3>\t\t\t\t<\/div>\n\t\t\t\t<div class=\"elementor-element elementor-element-782f1c9 elementor-widget elementor-widget-html\" data-id=\"782f1c9\" data-element_type=\"widget\" data-widget_type=\"html.default\">\n\t\t\t\t\t<table >\n<tbody>\n<tr>\n<td ><strong>SPECIFICHE<\/strong><\/td><td ><strong>POLLICE<\/strong><\/td><td ><strong>METRICO<\/strong><\/td>\n<\/tr>\n<tr>\n<td><strong>Campo di lavoro<\/strong><\/td><td >0,98 ID-3,5 OD pollici<\/td><td>25 ID-88,9 OD mm<\/td>\n<\/tr>\n<tr>\n<td><strong>Spessore della parete<\/strong><\/td><td >\u22640,59 pollici<\/td><td>\u226415 millimetri<\/td>\n<\/tr>\n<tr>\n<td><strong>Numero dello strumento<\/strong><\/td><td >\n3<\/td><td>2<\/td>\n<\/tr>\n<tr>\n<td><strong>Opzione di alimentazione<\/strong><\/td><td >\nPneumatico<br>Elettrico<\/td><td>Pneumatico<br>Elettrico<\/td>\n<\/tr>\n<\/tbody>\n<\/table>\n\n\t\t\t\t<\/div>\n\t\t\t\t<div class=\"elementor-element elementor-element-0774b26 elementor-align-justify elementor-widget elementor-widget-button\" data-id=\"0774b26\" data-element_type=\"widget\" data-widget_type=\"button.default\">\n\t\t\t\t\t\t\t\t\t\t<a class=\"elementor-button elementor-button-link elementor-size-md\" href=\"https:\/\/elineboringmachine.com\/it\/products\/pipe-beveling-machines\/pb3-id-mount-pipe-beveling-machine\/\">\n\t\t\t\t\t\t<span class=\"elementor-button-content-wrapper\">\n\t\t\t\t\t\t\t\t\t<span class=\"elementor-button-text\">Macchina smussatrice per tubi PB3<\/span>\n\t\t\t\t\t<\/span>\n\t\t\t\t\t<\/a>\n\t\t\t\t\t\t\t\t<\/div>\n\t\t\t\t<\/div>\n\t\t<div class=\"elementor-element elementor-element-609dcc3 e-con-full e-flex e-con e-parent\" data-id=\"609dcc3\" data-element_type=\"container\">\n\t\t\t\t<div class=\"elementor-element elementor-element-bb788fb elementor-widget-divider--view-line elementor-widget elementor-widget-divider\" data-id=\"bb788fb\" data-element_type=\"widget\" data-widget_type=\"divider.default\">\n\t\t\t\t\t\t\t<div class=\"elementor-divider\">\n\t\t\t<span class=\"elementor-divider-separator\">\n\t\t\t\t\t\t<\/span>\n\t\t<\/div>\n\t\t\t\t\t\t<\/div>\n\t\t\t\t<\/div>\n\t\t\t\t<\/div>\n\t\t<div class=\"elementor-element elementor-element-10c320a e-con-full e-flex e-con e-parent\" data-id=\"10c320a\" data-element_type=\"container\">\n\t\t\t\t<div class=\"elementor-element elementor-element-bba10ee elementor-widget-tablet__width-initial elementor-widget__width-initial elementor-widget elementor-widget-image\" data-id=\"bba10ee\" data-element_type=\"widget\" data-widget_type=\"image.default\">\n\t\t\t\t\t\t\t\t\t\t\t\t\t\t\t<img loading=\"lazy\" decoding=\"async\" width=\"700\" height=\"539\" src=\"https:\/\/elineboringmachine.com\/wp-content\/uploads\/2022\/08\/pb6-Pipe-Beveling-Machine-pneumatic.webp\" class=\"attachment-full size-full wp-image-1871\" alt=\"pb6 Pipe Beveling Machine-pneumatic\" srcset=\"https:\/\/elineboringmachine.com\/wp-content\/uploads\/2022\/08\/pb6-Pipe-Beveling-Machine-pneumatic.webp 700w, https:\/\/elineboringmachine.com\/wp-content\/uploads\/2022\/08\/pb6-Pipe-Beveling-Machine-pneumatic-300x231.webp 300w\" sizes=\"(max-width: 700px) 100vw, 700px\" title=\"\">\t\t\t\t\t\t\t\t\t\t\t\t\t\t\t<\/div>\n\t\t<div class=\"elementor-element elementor-element-622e9a0 e-con-full e-flex e-con e-parent\" data-id=\"622e9a0\" data-element_type=\"container\">\n\t\t\t\t<div class=\"elementor-element elementor-element-b2ce4ad elementor-widget elementor-widget-heading\" data-id=\"b2ce4ad\" data-element_type=\"widget\" data-widget_type=\"heading.default\">\n\t\t\t\t\t<h3 class=\"elementor-heading-title elementor-size-default\">Macchina smussatrice per tubi PB6<\/h3>\t\t\t\t<\/div>\n\t\t\t\t<div class=\"elementor-element elementor-element-65edf56 elementor-widget elementor-widget-html\" data-id=\"65edf56\" data-element_type=\"widget\" data-widget_type=\"html.default\">\n\t\t\t\t\t<table >\n<tbody>\n<tr>\n<td ><strong>SPECIFICHE<\/strong><\/td><td ><strong>POLLICE<\/strong><\/td><td ><strong>METRICO<\/strong><\/td>\n<\/tr>\n<tr>\n<td><strong>Campo di lavoro<\/strong><\/td><td >2,36 ID-6,63 OD pollici<\/td><td>60 ID-168,28 OD mm<\/td>\n<\/tr>\n<tr>\n<td><strong>Spessore della parete<\/strong><\/td><td >\u22640,79 pollici<\/td><td>\u226420 millimetri<\/td>\n<\/tr>\n<tr>\n<td><strong>Numero dello strumento<\/strong><\/td><td >\n3<\/td><td>3<\/td>\n<\/tr>\n<tr>\n<td><strong>Opzione di alimentazione<\/strong><\/td><td >\nPneumatico<br>Elettrico<\/td><td>Pneumatico<br>Elettrico<\/td>\n<\/tr>\n<\/tbody>\n<\/table>\n\n\t\t\t\t<\/div>\n\t\t\t\t<div class=\"elementor-element elementor-element-99b0d89 elementor-align-justify elementor-widget elementor-widget-button\" data-id=\"99b0d89\" data-element_type=\"widget\" data-widget_type=\"button.default\">\n\t\t\t\t\t\t\t\t\t\t<a class=\"elementor-button elementor-button-link elementor-size-md\" href=\"https:\/\/elineboringmachine.com\/it\/products\/pipe-beveling-machines\/pb6-id-mount-pipe-beveling-machine\/\">\n\t\t\t\t\t\t<span class=\"elementor-button-content-wrapper\">\n\t\t\t\t\t\t\t\t\t<span class=\"elementor-button-text\">Macchina smussatrice per tubi PB6<\/span>\n\t\t\t\t\t<\/span>\n\t\t\t\t\t<\/a>\n\t\t\t\t\t\t\t\t<\/div>\n\t\t\t\t<\/div>\n\t\t<div class=\"elementor-element elementor-element-d4fff65 e-con-full e-flex e-con e-parent\" data-id=\"d4fff65\" data-element_type=\"container\">\n\t\t\t\t<div class=\"elementor-element elementor-element-5fee482 elementor-widget-divider--view-line elementor-widget elementor-widget-divider\" data-id=\"5fee482\" data-element_type=\"widget\" data-widget_type=\"divider.default\">\n\t\t\t\t\t\t\t<div class=\"elementor-divider\">\n\t\t\t<span class=\"elementor-divider-separator\">\n\t\t\t\t\t\t<\/span>\n\t\t<\/div>\n\t\t\t\t\t\t<\/div>\n\t\t\t\t<\/div>\n\t\t\t\t<\/div>\n\t\t<div class=\"elementor-element elementor-element-5a04608 e-con-full e-flex e-con e-parent\" data-id=\"5a04608\" data-element_type=\"container\">\n\t\t\t\t<div class=\"elementor-element elementor-element-a170047 elementor-widget-tablet__width-initial elementor-widget__width-initial elementor-widget elementor-widget-image\" data-id=\"a170047\" data-element_type=\"widget\" data-widget_type=\"image.default\">\n\t\t\t\t\t\t\t\t\t\t\t\t\t\t\t<img loading=\"lazy\" decoding=\"async\" width=\"700\" height=\"539\" src=\"https:\/\/elineboringmachine.com\/wp-content\/uploads\/2022\/08\/pb8-Pipe-beveling-machine-pneumatic.webp\" class=\"attachment-full size-full wp-image-1875\" alt=\"pb8 Pipe beveling machine-pneumatic\" srcset=\"https:\/\/elineboringmachine.com\/wp-content\/uploads\/2022\/08\/pb8-Pipe-beveling-machine-pneumatic.webp 700w, https:\/\/elineboringmachine.com\/wp-content\/uploads\/2022\/08\/pb8-Pipe-beveling-machine-pneumatic-300x231.webp 300w\" sizes=\"(max-width: 700px) 100vw, 700px\" title=\"\">\t\t\t\t\t\t\t\t\t\t\t\t\t\t\t<\/div>\n\t\t<div class=\"elementor-element elementor-element-4f02325 e-con-full e-flex e-con e-parent\" data-id=\"4f02325\" data-element_type=\"container\">\n\t\t\t\t<div class=\"elementor-element elementor-element-eea8280 elementor-widget elementor-widget-heading\" data-id=\"eea8280\" data-element_type=\"widget\" data-widget_type=\"heading.default\">\n\t\t\t\t\t<h3 class=\"elementor-heading-title elementor-size-default\">Macchina smussatrice per tubi PB8<\/h3>\t\t\t\t<\/div>\n\t\t\t\t<div class=\"elementor-element elementor-element-80d0a64 elementor-widget elementor-widget-html\" data-id=\"80d0a64\" data-element_type=\"widget\" data-widget_type=\"html.default\">\n\t\t\t\t\t<table >\n<tbody>\n<tr>\n<td ><strong>SPECIFICHE<\/strong><\/td><td ><strong>POLLICE<\/strong><\/td><td ><strong>METRICO<\/strong><\/td>\n<\/tr>\n<tr>\n<td><strong>Campo di lavoro<\/strong><\/td><td >2,56 ID-8,6 OD pollici<\/td><td>65 ID-219 OD mm<\/td>\n<\/tr>\n<tr>\n<td><strong>Spessore della parete<\/strong><\/td><td >\u22640,79 pollici<\/td><td>\u226420 millimetri<\/td>\n<\/tr>\n<tr>\n<td><strong>Numero dello strumento<\/strong><\/td><td >\n3<\/td><td>3<\/td>\n<\/tr>\n<tr>\n<td><strong>Opzione di alimentazione<\/strong><\/td><td >\nPneumatico<br>Elettrico<\/td><td>Pneumatico<br>Elettrico<\/td>\n<\/tr>\n<\/tbody>\n<\/table>\n\n\t\t\t\t<\/div>\n\t\t\t\t<div class=\"elementor-element elementor-element-bcc7ffa elementor-align-justify elementor-widget elementor-widget-button\" data-id=\"bcc7ffa\" data-element_type=\"widget\" data-widget_type=\"button.default\">\n\t\t\t\t\t\t\t\t\t\t<a class=\"elementor-button elementor-button-link elementor-size-md\" href=\"https:\/\/elineboringmachine.com\/it\/products\/pipe-beveling-machines\/pb8-id-mount-pipe-beveling-machine\/\">\n\t\t\t\t\t\t<span class=\"elementor-button-content-wrapper\">\n\t\t\t\t\t\t\t\t\t<span class=\"elementor-button-text\">Macchina smussatrice per tubi PB8<\/span>\n\t\t\t\t\t<\/span>\n\t\t\t\t\t<\/a>\n\t\t\t\t\t\t\t\t<\/div>\n\t\t\t\t<\/div>\n\t\t<div class=\"elementor-element elementor-element-4557e2f e-con-full e-flex e-con e-parent\" data-id=\"4557e2f\" data-element_type=\"container\">\n\t\t\t\t<div class=\"elementor-element elementor-element-274d9db elementor-widget-divider--view-line elementor-widget elementor-widget-divider\" data-id=\"274d9db\" data-element_type=\"widget\" data-widget_type=\"divider.default\">\n\t\t\t\t\t\t\t<div class=\"elementor-divider\">\n\t\t\t<span class=\"elementor-divider-separator\">\n\t\t\t\t\t\t<\/span>\n\t\t<\/div>\n\t\t\t\t\t\t<\/div>\n\t\t\t\t<\/div>\n\t\t\t\t<\/div>\n\t\t<div class=\"elementor-element elementor-element-410f101 e-con-full e-flex e-con e-parent\" data-id=\"410f101\" data-element_type=\"container\">\n\t\t\t\t<div class=\"elementor-element elementor-element-1275f44 elementor-widget__width-initial elementor-widget-tablet__width-initial elementor-widget elementor-widget-image\" data-id=\"1275f44\" data-element_type=\"widget\" data-widget_type=\"image.default\">\n\t\t\t\t\t\t\t\t\t\t\t\t\t\t\t<img loading=\"lazy\" decoding=\"async\" width=\"800\" height=\"600\" src=\"https:\/\/elineboringmachine.com\/wp-content\/uploads\/2022\/08\/pb14-Pipe-beveling-machine-pneumatic-with-3-cutters.webp\" class=\"attachment-full size-full wp-image-1918\" alt=\"\" srcset=\"https:\/\/elineboringmachine.com\/wp-content\/uploads\/2022\/08\/pb14-Pipe-beveling-machine-pneumatic-with-3-cutters.webp 800w, https:\/\/elineboringmachine.com\/wp-content\/uploads\/2022\/08\/pb14-Pipe-beveling-machine-pneumatic-with-3-cutters-300x225.webp 300w, https:\/\/elineboringmachine.com\/wp-content\/uploads\/2022\/08\/pb14-Pipe-beveling-machine-pneumatic-with-3-cutters-768x576.webp 768w\" sizes=\"(max-width: 800px) 100vw, 800px\" title=\"\">\t\t\t\t\t\t\t\t\t\t\t\t\t\t\t<\/div>\n\t\t<div class=\"elementor-element elementor-element-8ba71dd e-con-full e-flex e-con e-parent\" data-id=\"8ba71dd\" data-element_type=\"container\">\n\t\t\t\t<div class=\"elementor-element elementor-element-032bf53 elementor-widget elementor-widget-heading\" data-id=\"032bf53\" data-element_type=\"widget\" data-widget_type=\"heading.default\">\n\t\t\t\t\t<h3 class=\"elementor-heading-title elementor-size-default\">Macchina smussatrice per tubi PB14<\/h3>\t\t\t\t<\/div>\n\t\t\t\t<div class=\"elementor-element elementor-element-41a1a59 elementor-widget elementor-widget-html\" data-id=\"41a1a59\" data-element_type=\"widget\" data-widget_type=\"html.default\">\n\t\t\t\t\t<table >\n<tbody>\n<tr>\n<td ><strong>SPECIFICHE<\/strong><\/td><td ><strong>POLLICE<\/strong><\/td><td ><strong>METRICO<\/strong><\/td>\n<\/tr>\n<tr>\n<td><strong>Campo di lavoro<\/strong><\/td><td >5,7 ID-14 OD pollici<\/td><td>145 ID-356 OD mm<\/td>\n<\/tr>\n<tr>\n<td><strong>Spessore della parete<\/strong><\/td><td >\u22640,79 pollici<\/td><td>\u226420 millimetri<\/td>\n<\/tr>\n<tr>\n<td><strong>Numero dello strumento<\/strong><\/td><td >\n2 o 3<\/td><td>2 o 3<\/td>\n<\/tr>\n<tr>\n<td><strong>Opzione di alimentazione<\/strong><\/td><td >\nPneumatico<br>Elettrico<\/td><td>Pneumatico<br>Elettrico<\/td>\n<\/tr>\n<\/tbody>\n<\/table>\n\n\t\t\t\t<\/div>\n\t\t\t\t<div class=\"elementor-element elementor-element-f40482a elementor-align-justify elementor-widget elementor-widget-button\" data-id=\"f40482a\" data-element_type=\"widget\" data-widget_type=\"button.default\">\n\t\t\t\t\t\t\t\t\t\t<a class=\"elementor-button elementor-button-link elementor-size-md\" href=\"https:\/\/elineboringmachine.com\/it\/products\/pipe-beveling-machines\/pb14-id-mount-pipe-beveling-machine\/\">\n\t\t\t\t\t\t<span class=\"elementor-button-content-wrapper\">\n\t\t\t\t\t\t\t\t\t<span class=\"elementor-button-text\">Macchina smussatrice per tubi PB14<\/span>\n\t\t\t\t\t<\/span>\n\t\t\t\t\t<\/a>\n\t\t\t\t\t\t\t\t<\/div>\n\t\t\t\t<\/div>\n\t\t<div class=\"elementor-element elementor-element-6c5c18a e-con-full e-flex e-con e-parent\" data-id=\"6c5c18a\" data-element_type=\"container\">\n\t\t\t\t<div class=\"elementor-element elementor-element-666dabf elementor-widget-divider--view-line elementor-widget elementor-widget-divider\" data-id=\"666dabf\" data-element_type=\"widget\" data-widget_type=\"divider.default\">\n\t\t\t\t\t\t\t<div class=\"elementor-divider\">\n\t\t\t<span class=\"elementor-divider-separator\">\n\t\t\t\t\t\t<\/span>\n\t\t<\/div>\n\t\t\t\t\t\t<\/div>\n\t\t\t\t<\/div>\n\t\t\t\t<\/div>\n\t\t\t\t<\/div>","protected":false},"excerpt":{"rendered":"<p>Pipe Beveling Machines Pipe Beveling is the process of creating an angle between the end and edge of a tube. This kind of cutting is a very important part of the process of welding preparation and pipe joining. EZLINK&#8217;S portable, I.D. clamping pipe beveling tool that is self-centering and provides plenty of power and torque&hellip;&nbsp;<\/p>\n<div class=\"read-more-wrapper\"><a href=\"https:\/\/elineboringmachine.com\/it\/products\/pipe-beveling-machines\/\" class=\"button button-primary\" rel=\"bookmark\">Per saperne di pi\u00f9 &quot;<span class=\"screen-reader-text\">Macchine smussatrici per tubi<\/span><\/a><\/div>","protected":false},"author":1,"featured_media":6377,"parent":371,"menu_order":0,"comment_status":"closed","ping_status":"closed","template":"page-templates\/template-pagebuilder-full-width.php","meta":{"neve_meta_sidebar":"","neve_meta_container":"","neve_meta_enable_content_width":"","neve_meta_content_width":0,"neve_meta_title_alignment":"","neve_meta_author_avatar":"","neve_post_elements_order":"","neve_meta_disable_header":"","neve_meta_disable_footer":"","neve_meta_disable_title":"","neve_meta_reading_time":"","footnotes":""},"class_list":["post-1833","page","type-page","status-publish","has-post-thumbnail","hentry"],"_links":{"self":[{"href":"https:\/\/elineboringmachine.com\/it\/wp-json\/wp\/v2\/pages\/1833","targetHints":{"allow":["GET"]}}],"collection":[{"href":"https:\/\/elineboringmachine.com\/it\/wp-json\/wp\/v2\/pages"}],"about":[{"href":"https:\/\/elineboringmachine.com\/it\/wp-json\/wp\/v2\/types\/page"}],"author":[{"embeddable":true,"href":"https:\/\/elineboringmachine.com\/it\/wp-json\/wp\/v2\/users\/1"}],"replies":[{"embeddable":true,"href":"https:\/\/elineboringmachine.com\/it\/wp-json\/wp\/v2\/comments?post=1833"}],"version-history":[{"count":0,"href":"https:\/\/elineboringmachine.com\/it\/wp-json\/wp\/v2\/pages\/1833\/revisions"}],"up":[{"embeddable":true,"href":"https:\/\/elineboringmachine.com\/it\/wp-json\/wp\/v2\/pages\/371"}],"wp:featuredmedia":[{"embeddable":true,"href":"https:\/\/elineboringmachine.com\/it\/wp-json\/wp\/v2\/media\/6377"}],"wp:attachment":[{"href":"https:\/\/elineboringmachine.com\/it\/wp-json\/wp\/v2\/media?parent=1833"}],"curies":[{"name":"wp","href":"https:\/\/api.w.org\/{rel}","templated":true}]}}