{"id":3231,"date":"2022-08-29T21:24:42","date_gmt":"2022-08-29T13:24:42","guid":{"rendered":"https:\/\/elineboringmachine.com\/?page_id=3231"},"modified":"2024-04-05T13:06:53","modified_gmt":"2024-04-05T05:06:53","slug":"psl300-portable-shaft-turning-machine","status":"publish","type":"page","link":"https:\/\/elineboringmachine.com\/it\/products\/portable-shaft-lathe\/psl300-portable-shaft-turning-machine\/","title":{"rendered":"Tornio portatile per alberi PSL300"},"content":{"rendered":"<div data-elementor-type=\"wp-page\" data-elementor-id=\"3231\" class=\"elementor elementor-3231\" data-elementor-post-type=\"page\">\n\t\t\t\t<div class=\"elementor-element elementor-element-5ffed0c e-con-full e-flex e-con e-parent\" data-id=\"5ffed0c\" data-element_type=\"container\">\n\t\t\t\t<div class=\"elementor-element elementor-element-2fa2c8e elementor-widget__width-initial elementor-arrows-position-inside elementor-pagination-position-outside elementor-widget elementor-widget-image-carousel\" data-id=\"2fa2c8e\" data-element_type=\"widget\" data-settings=\"{&quot;slides_to_show&quot;:&quot;1&quot;,&quot;navigation&quot;:&quot;both&quot;,&quot;autoplay&quot;:&quot;yes&quot;,&quot;pause_on_hover&quot;:&quot;yes&quot;,&quot;pause_on_interaction&quot;:&quot;yes&quot;,&quot;autoplay_speed&quot;:5000,&quot;infinite&quot;:&quot;yes&quot;,&quot;effect&quot;:&quot;slide&quot;,&quot;speed&quot;:500}\" data-widget_type=\"image-carousel.default\">\n\t\t\t\t\t\t\t<div class=\"elementor-image-carousel-wrapper swiper\" role=\"region\" aria-roledescription=\"carousel\" aria-label=\"Al-Arabia Saudita\" dir=\"ltr\">\n\t\t\t<div class=\"elementor-image-carousel swiper-wrapper\" aria-live=\"off\">\n\t\t\t\t\t\t\t\t<div class=\"swiper-slide\" role=\"group\" aria-roledescription=\"slide\" aria-label=\"1 \u0645\u0646 5\" data-no-translation-aria-label=\"\"><figure class=\"swiper-slide-inner\"><img decoding=\"async\" class=\"swiper-slide-image\" src=\"https:\/\/elineboringmachine.com\/wp-content\/uploads\/2022\/07\/customized-PSL300-1-768x512.webp\" alt=\"Tornio per alberi portatile PSL300-1 personalizzato\" title=\"\"><\/figure><\/div><div class=\"swiper-slide\" role=\"group\" aria-roledescription=\"slide\" aria-label=\"2 \u0645\u0646 5\" data-no-translation-aria-label=\"\"><figure class=\"swiper-slide-inner\"><img decoding=\"async\" class=\"swiper-slide-image\" src=\"https:\/\/elineboringmachine.com\/wp-content\/uploads\/2022\/09\/CUSTOMIZED-PSL300-PORTABLE-LATHE-768x576.jpg\" alt=\"CUSTOMIZED PSL300 PORTABLE LATHE\" title=\"\"><\/figure><\/div><div class=\"swiper-slide\" role=\"group\" aria-roledescription=\"slide\" aria-label=\"3 \u0645\u0646 5\" data-no-translation-aria-label=\"\"><figure class=\"swiper-slide-inner\"><img decoding=\"async\" class=\"swiper-slide-image\" src=\"https:\/\/elineboringmachine.com\/wp-content\/uploads\/2022\/06\/standard-psl300-portable-lathe-768x576.webp\" alt=\"tornio portatile standard psl300\" title=\"\"><\/figure><\/div><div class=\"swiper-slide\" role=\"group\" aria-roledescription=\"slide\" aria-label=\"4 \u0645\u0646 5\" data-no-translation-aria-label=\"\"><figure class=\"swiper-slide-inner\"><img decoding=\"async\" class=\"swiper-slide-image\" src=\"https:\/\/elineboringmachine.com\/wp-content\/uploads\/2022\/09\/psl300-customized-portable-lathe-768x576.webp\" alt=\"psl300-customized portable lathe\" title=\"\"><\/figure><\/div><div class=\"swiper-slide\" role=\"group\" aria-roledescription=\"slide\" aria-label=\"5 \u0645\u0646 5\" data-no-translation-aria-label=\"\"><figure class=\"swiper-slide-inner\"><img decoding=\"async\" class=\"swiper-slide-image\" src=\"https:\/\/elineboringmachine.com\/wp-content\/uploads\/2022\/09\/psl300-customized-portable-lathe-part-list-768x576.webp\" alt=\"psl300-customized portable lathe part list\" title=\"\"><\/figure><\/div>\t\t\t<\/div>\n\t\t\t\t\t\t\t\t\t\t\t\t<div class=\"elementor-swiper-button elementor-swiper-button-prev\" role=\"button\" tabindex=\"0\">\n\t\t\t\t\t\t<svg aria-hidden=\"true\" class=\"e-font-icon-svg e-eicon-chevron-left\" viewbox=\"0 0 1000 1000\" xmlns=\"http:\/\/www.w3.org\/2000\/svg\"><path d=\"M646 125C629 125 613 133 604 142L308 442C296 454 292 471 292 487 292 504 296 521 308 533L604 854C617 867 629 875 646 875 663 875 679 871 692 858 704 846 713 829 713 812 713 796 708 779 692 767L438 487 692 225C700 217 708 204 708 187 708 171 704 154 692 142 675 129 663 125 646 125Z\"><\/path><\/svg>\t\t\t\t\t<\/div>\n\t\t\t\t\t<div class=\"elementor-swiper-button elementor-swiper-button-next\" role=\"button\" tabindex=\"0\">\n\t\t\t\t\t\t<svg aria-hidden=\"true\" class=\"e-font-icon-svg e-eicon-chevron-right\" viewbox=\"0 0 1000 1000\" xmlns=\"http:\/\/www.w3.org\/2000\/svg\"><path d=\"M696 533C708 521 713 504 713 487 713 471 708 454 696 446L400 146C388 133 375 125 354 125 338 125 325 129 313 142 300 154 292 171 292 187 292 204 296 221 308 233L563 492 304 771C292 783 288 800 288 817 288 833 296 850 308 863 321 871 338 875 354 875 371 875 388 867 400 854L696 533Z\"><\/path><\/svg>\t\t\t\t\t<\/div>\n\t\t\t\t\n\t\t\t\t\t\t\t\t\t<div class=\"swiper-pagination\"><\/div>\n\t\t\t\t\t\t\t\t\t<\/div>\n\t\t\t\t\t\t<\/div>\n\t\t<div class=\"elementor-element elementor-element-dfceec9 e-con-full e-flex e-con e-parent\" data-id=\"dfceec9\" data-element_type=\"container\">\n\t\t\t\t<div class=\"elementor-element elementor-element-509972a elementor-widget elementor-widget-heading\" data-id=\"509972a\" data-element_type=\"widget\" data-widget_type=\"heading.default\">\n\t\t\t\t\t<h2 class=\"elementor-heading-title elementor-size-default\">Tornio per alberi portatile PSL300<\/h2>\t\t\t\t<\/div>\n\t\t\t\t<div class=\"elementor-element elementor-element-f9aac4e elementor-widget elementor-widget-text-editor\" data-id=\"f9aac4e\" data-element_type=\"widget\" data-widget_type=\"text-editor.default\">\n\t\t\t\t\t\t\t\t\t<p>Il tornio portatile per alberi PSL300 \u00e8 ampiamente utilizzato per la rettifica\/ripianatura in loco di alberi\/perni di grandi dimensioni. Il PSL300 \u00e8 personalizzabile per soddisfare le esigenze specifiche dei clienti. \u00c8 molto facile da usare: basta imbullonarlo all&#039;estremit\u00e0 dell&#039;albero.<\/p><p>Per ulteriori informazioni, non esitate a contattarci <a href=\"https:\/\/elineboringmachine.com\/it\/contact\/\">contattaci<\/a>.<\/p>\t\t\t\t\t\t\t\t<\/div>\n\t\t\t\t<div class=\"elementor-element elementor-element-85d9225 elementor-align-justify elementor-widget elementor-widget-button\" data-id=\"85d9225\" data-element_type=\"widget\" data-widget_type=\"button.default\">\n\t\t\t\t\t\t\t\t\t\t<a class=\"elementor-button elementor-button-link elementor-size-md\" href=\"\/it\/contact\/?request-a-quote=psl300-portable-lathe\">\n\t\t\t\t\t\t<span class=\"elementor-button-content-wrapper\">\n\t\t\t\t\t\t<span class=\"elementor-button-icon\">\n\t\t\t\t<svg aria-hidden=\"true\" class=\"e-font-icon-svg e-fas-chevron-circle-right\" viewbox=\"0 0 512 512\" xmlns=\"http:\/\/www.w3.org\/2000\/svg\"><path d=\"M256 8c137 0 248 111 248 248S393 504 256 504 8 393 8 256 119 8 256 8zm113.9 231L234.4 103.5c-9.4-9.4-24.6-9.4-33.9 0l-17 17c-9.4 9.4-9.4 24.6 0 33.9L285.1 256 183.5 357.6c-9.4 9.4-9.4 24.6 0 33.9l17 17c9.4 9.4 24.6 9.4 33.9 0L369.9 273c9.4-9.4 9.4-24.6 0-34z\"><\/path><\/svg>\t\t\t<\/span>\n\t\t\t\t\t\t\t\t\t<span class=\"elementor-button-text\">Richiedi un preventivo<\/span>\n\t\t\t\t\t<\/span>\n\t\t\t\t\t<\/a>\n\t\t\t\t\t\t\t\t<\/div>\n\t\t\t\t<\/div>\n\t\t<div class=\"elementor-element elementor-element-70704a1 e-con-full e-flex e-con e-parent\" data-id=\"70704a1\" data-element_type=\"container\">\n\t\t\t\t<div class=\"elementor-element elementor-element-3df2ab9 elementor-widget-divider--view-line elementor-widget elementor-widget-divider\" data-id=\"3df2ab9\" data-element_type=\"widget\" data-widget_type=\"divider.default\">\n\t\t\t\t\t\t\t<div class=\"elementor-divider\">\n\t\t\t<span class=\"elementor-divider-separator\">\n\t\t\t\t\t\t<\/span>\n\t\t<\/div>\n\t\t\t\t\t\t<\/div>\n\t\t\t\t<\/div>\n\t\t\t\t<\/div>\n\t\t<div class=\"elementor-element elementor-element-a6769a7 e-con-full e-flex e-con e-parent\" data-id=\"a6769a7\" data-element_type=\"container\">\n\t\t\t\t<div class=\"elementor-element elementor-element-2dc0808 elementor-tabs-alignment-stretch elementor-tabs-view-horizontal elementor-widget elementor-widget-tabs\" data-id=\"2dc0808\" data-element_type=\"widget\" data-widget_type=\"tabs.default\">\n\t\t\t\t\t\t\t<div class=\"elementor-tabs\">\n\t\t\t<div class=\"elementor-tabs-wrapper\" role=\"tablist\" >\n\t\t\t\t\t\t\t\t\t<div id=\"elementor-tab-title-4791\" class=\"elementor-tab-title elementor-tab-desktop-title\" aria-selected=\"true\" data-tab=\"1\" role=\"tab\" tabindex=\"0\" aria-controls=\"elementor-tab-content-4791\" aria-expanded=\"false\">Specificazione<\/div>\n\t\t\t\t\t\t\t\t\t<div id=\"elementor-tab-title-4792\" class=\"elementor-tab-title elementor-tab-desktop-title\" aria-selected=\"false\" data-tab=\"2\" role=\"tab\" tabindex=\"-1\" aria-controls=\"elementor-tab-content-4792\" aria-expanded=\"false\">Vantaggio del prodotto<\/div>\n\t\t\t\t\t\t\t\t\t<div id=\"elementor-tab-title-4793\" class=\"elementor-tab-title elementor-tab-desktop-title\" aria-selected=\"false\" data-tab=\"3\" role=\"tab\" tabindex=\"-1\" aria-controls=\"elementor-tab-content-4793\" aria-expanded=\"false\">Scarica la scheda tecnica<\/div>\n\t\t\t\t\t\t\t\t\t<div id=\"elementor-tab-title-4794\" class=\"elementor-tab-title elementor-tab-desktop-title\" aria-selected=\"false\" data-tab=\"4\" role=\"tab\" tabindex=\"-1\" aria-controls=\"elementor-tab-content-4794\" aria-expanded=\"false\">Video<\/div>\n\t\t\t\t\t\t\t<\/div>\n\t\t\t<div class=\"elementor-tabs-content-wrapper\" role=\"tablist\" aria-orientation=\"vertical\">\n\t\t\t\t\t\t\t\t\t<div class=\"elementor-tab-title elementor-tab-mobile-title\" aria-selected=\"true\" data-tab=\"1\" role=\"tab\" tabindex=\"0\" aria-controls=\"elementor-tab-content-4791\" aria-expanded=\"false\">Specificazione<\/div>\n\t\t\t\t\t<div id=\"elementor-tab-content-4791\" class=\"elementor-tab-content elementor-clearfix\" data-tab=\"1\" role=\"tabpanel\" aria-labelledby=\"elementor-tab-title-4791\" tabindex=\"0\" hidden=\"false\"><h2>Tornio per alberi portatile PSL300<\/h2>\n<table>\n<tbody>\n<tr>\n<td><strong>SPECIFICHE<\/strong><\/td>\n<td><\/td>\n<td><strong>POLLICE<\/strong><\/td>\n<td><strong>METRICO<\/strong><\/td>\n<\/tr>\n<tr>\n<td rowspan=\"2\"><strong>Portata massima di sterzata<\/strong><\/td>\n<td><strong>PSL300 standard<\/strong><\/td>\n<td>11,8 pollici<\/td>\n<td>300 millimetri<\/td>\n<\/tr>\n<tr>\n<td><strong>PSL300 personalizzato<\/strong><\/td>\n<td>19,7 pollici<\/td>\n<td>500 millimetri<\/td>\n<\/tr>\n<tr>\n<td><strong>Diametro dell&#039;albero<\/strong><\/td>\n<td><\/td>\n<td>1,97 \u2013 11,8 pollici<\/td>\n<td>50 \u2013 300 millimetri<\/td>\n<\/tr>\n<tr>\n<td><strong>Opzione di alimentazione<\/strong><\/td>\n<td><\/td>\n<td>Motore CC 220 V, 50 Hz, 1,5 kW<\/td>\n<td><\/td>\n<\/tr>\n<\/tbody>\n<\/table><\/div>\n\t\t\t\t\t\t\t\t\t<div class=\"elementor-tab-title elementor-tab-mobile-title\" aria-selected=\"false\" data-tab=\"2\" role=\"tab\" tabindex=\"-1\" aria-controls=\"elementor-tab-content-4792\" aria-expanded=\"false\">Vantaggio del prodotto<\/div>\n\t\t\t\t\t<div id=\"elementor-tab-content-4792\" class=\"elementor-tab-content elementor-clearfix\" data-tab=\"2\" role=\"tabpanel\" aria-labelledby=\"elementor-tab-title-4792\" tabindex=\"0\" hidden=\"hidden\"><ol>\n \t<li><strong>Leggero<\/strong><p>Design modulare e leggero, facile da trasportare e installare. <\/p><\/li>\n \t<li><strong>Facile da installare<\/strong><p>Il PSL300 \u00e8 semplicissimo da usare. Basta rimuovere il cuscinetto o gli ingranaggi per esporre l&#039;estremit\u00e0 dell&#039;albero\/perno. Quindi, montare il PSL300 sull&#039;estremit\u00e0 dell&#039;albero.<\/p><\/li>\n \t<li><strong>Personalizzabile<\/strong><p>La portata massima di tornitura standard \u00e8 di 300 mm; se avete bisogno di una portata maggiore, possiamo personalizzarla. La versione personalizzata funziona in modo stabile e preciso.<\/p><\/li>\n \t\n<\/ol><\/div>\n\t\t\t\t\t\t\t\t\t<div class=\"elementor-tab-title elementor-tab-mobile-title\" aria-selected=\"false\" data-tab=\"3\" role=\"tab\" tabindex=\"-1\" aria-controls=\"elementor-tab-content-4793\" aria-expanded=\"false\">Scarica la scheda tecnica<\/div>\n\t\t\t\t\t<div id=\"elementor-tab-content-4793\" class=\"elementor-tab-content elementor-clearfix\" data-tab=\"3\" role=\"tabpanel\" aria-labelledby=\"elementor-tab-title-4793\" tabindex=\"0\" hidden=\"hidden\"><object style=\"width:100% ; height:700px;\"\ndata=\"https:\/\/elineboringmachine.com\/wp-content\/uploads\/2023\/01\/PSL300-portable-shaft-lathe.pdf\" type=\"application\/pdf\" ><\/object>\n\n\n<\/div>\n\t\t\t\t\t\t\t\t\t<div class=\"elementor-tab-title elementor-tab-mobile-title\" aria-selected=\"false\" data-tab=\"4\" role=\"tab\" tabindex=\"-1\" aria-controls=\"elementor-tab-content-4794\" aria-expanded=\"false\">Video<\/div>\n\t\t\t\t\t<div id=\"elementor-tab-content-4794\" class=\"elementor-tab-content elementor-clearfix\" data-tab=\"4\" role=\"tabpanel\" aria-labelledby=\"elementor-tab-title-4794\" tabindex=\"0\" hidden=\"hidden\"><table class=\"responsive-table\">\n<tbody>\n<tr>\n<td><iframe title=\"Lettore video di YouTube\" src=\"https:\/\/www.youtube.com\/embed\/YgEy6MQi6bY\" width=\"560\" height=\"315\" frameborder=\"0\" allowfullscreen=\"allowfullscreen\"><\/iframe><\/td>\n<td><iframe title=\"Lettore video di YouTube\" src=\"https:\/\/www.youtube.com\/embed\/acUSEVT4nV0\" width=\"560\" height=\"315\" frameborder=\"0\" allowfullscreen=\"allowfullscreen\"><\/iframe><\/td>\n<td><iframe width=\"560\" height=\"315\" src=\"https:\/\/www.youtube.com\/embed\/64UT2SM-P8E\" title=\"Lettore video di YouTube\" frameborder=\"0\" allow=\"accelerometer; autoplay; clipboard-write; encrypted-media; gyroscope; picture-in-picture\" allowfullscreen><\/iframe><\/td>\n<\/tr>\n<\/tbody>\n<\/table><\/div>\n\t\t\t\t\t\t\t<\/div>\n\t\t<\/div>\n\t\t\t\t\t\t<\/div>\n\t\t\t\t<div class=\"elementor-element elementor-element-a5a8165 elementor-align-justify elementor-widget elementor-widget-button\" data-id=\"a5a8165\" data-element_type=\"widget\" data-widget_type=\"button.default\">\n\t\t\t\t\t\t\t\t\t\t<a class=\"elementor-button elementor-button-link elementor-size-lg\" href=\"https:\/\/elineboringmachine.com\/it\/category\/portable-line-boring-machines\/\" target=\"_blank\">\n\t\t\t\t\t\t<span class=\"elementor-button-content-wrapper\">\n\t\t\t\t\t\t\t\t\t<span class=\"elementor-button-text\">Notizie sulle alesatrici portatili<\/span>\n\t\t\t\t\t<\/span>\n\t\t\t\t\t<\/a>\n\t\t\t\t\t\t\t\t<\/div>\n\t\t\t\t<div class=\"elementor-element elementor-element-aac5b84 elementor-posts__hover-none elementor-grid-tablet-1 elementor-grid-3 elementor-grid-mobile-1 elementor-posts--thumbnail-top elementor-card-shadow-yes elementor-widget elementor-widget-posts\" data-id=\"aac5b84\" data-element_type=\"widget\" data-settings=\"{&quot;cards_columns_tablet&quot;:&quot;1&quot;,&quot;cards_columns&quot;:&quot;3&quot;,&quot;cards_columns_mobile&quot;:&quot;1&quot;,&quot;cards_row_gap&quot;:{&quot;unit&quot;:&quot;px&quot;,&quot;size&quot;:35,&quot;sizes&quot;:[]},&quot;cards_row_gap_tablet&quot;:{&quot;unit&quot;:&quot;px&quot;,&quot;size&quot;:&quot;&quot;,&quot;sizes&quot;:[]},&quot;cards_row_gap_mobile&quot;:{&quot;unit&quot;:&quot;px&quot;,&quot;size&quot;:&quot;&quot;,&quot;sizes&quot;:[]}}\" data-widget_type=\"posts.cards\">\n\t\t\t\t<div class=\"elementor-widget-container\">\n\t\t\t\t\t\t\t<div class=\"elementor-posts-container elementor-posts elementor-posts--skin-cards elementor-grid\">\n\t\t\t\t<article class=\"elementor-post elementor-grid-item post-451137 post type-post status-publish format-standard has-post-thumbnail hentry category-portable-line-boring-machines\">\n\t\t\t<div class=\"elementor-post__card\">\n\t\t\t\t<a class=\"elementor-post__thumbnail__link\" href=\"https:\/\/elineboringmachine.com\/it\/the-benefits-of-portable-line-boring-machines-for-on-site-repair-and-maintenance\/\" tabindex=\"-1\" ><div class=\"elementor-post__thumbnail\"><img fetchpriority=\"high\" decoding=\"async\" width=\"750\" height=\"540\" src=\"https:\/\/elineboringmachine.com\/wp-content\/uploads\/2022\/08\/ELBA60-portable-line-boring-machines-servo-motor.jpg\" class=\"attachment-medium_large size-medium_large wp-image-2755\" alt=\"\" srcset=\"https:\/\/elineboringmachine.com\/wp-content\/uploads\/2022\/08\/ELBA60-portable-line-boring-machines-servo-motor.jpg 750w, https:\/\/elineboringmachine.com\/wp-content\/uploads\/2022\/08\/ELBA60-portable-line-boring-machines-servo-motor-300x216.jpg 300w, https:\/\/elineboringmachine.com\/wp-content\/uploads\/2022\/08\/ELBA60-portable-line-boring-machines-servo-motor-18x12.jpg 18w\" sizes=\"(max-width: 750px) 100vw, 750px\" title=\"\"><\/div><\/a>\n\t\t\t\t<div class=\"elementor-post__text\">\n\t\t\t\t<h3 class=\"elementor-post__title\">\n\t\t\t<a href=\"https:\/\/elineboringmachine.com\/it\/the-benefits-of-portable-line-boring-machines-for-on-site-repair-and-maintenance\/\" >\n\t\t\t\tI vantaggi delle alesatrici portatili per la riparazione e la manutenzione in loco\t\t\t<\/a>\n\t\t<\/h3>\n\t\t\t\t<div class=\"elementor-post__excerpt\">\n\t\t\t<p>Nel frenetico mondo industriale odierno, il tempo \u00e8 essenziale. I fermi impianto, anche per brevi periodi, possono causare perdite significative. Per questo motivo, \u00e8 essenziale disporre di una soluzione affidabile per la riparazione e la manutenzione in loco. Le alesatrici portatili offrono una soluzione pratica ed efficiente per aziende di ogni dimensione.<\/p>\n\t\t<\/div>\n\t\t\n\t\t<a class=\"elementor-post__read-more\" href=\"https:\/\/elineboringmachine.com\/it\/the-benefits-of-portable-line-boring-machines-for-on-site-repair-and-maintenance\/\" aria-label=\"Per saperne di pi\u00f9 sui vantaggi delle alesatrici portatili per la riparazione e la manutenzione in loco\" tabindex=\"-1\" >\n\t\t\tPer saperne di pi\u00f9 &quot;\t\t<\/a>\n\n\t\t\t\t<\/div>\n\t\t\t\t<div class=\"elementor-post__meta-data\">\n\t\t\t\t\t<span class=\"elementor-post-author\">\n\t\t\tAlesatrice lineare\t\t<\/span>\n\t\t\t\t<span class=\"elementor-post-date\">\n\t\t\t7 febbraio 2023\t\t<\/span>\n\t\t\t\t<\/div>\n\t\t\t\t\t<\/div>\n\t\t<\/article>\n\t\t\t\t<article class=\"elementor-post elementor-grid-item post-451113 post type-post status-publish format-standard has-post-thumbnail hentry category-portable-line-boring-machines tag-portable-line-boring-machine\">\n\t\t\t<div class=\"elementor-post__card\">\n\t\t\t\t<a class=\"elementor-post__thumbnail__link\" href=\"https:\/\/elineboringmachine.com\/it\/the-line-boring-process\/\" tabindex=\"-1\" ><div class=\"elementor-post__thumbnail\"><img decoding=\"async\" width=\"750\" height=\"540\" src=\"https:\/\/elineboringmachine.com\/wp-content\/uploads\/2022\/08\/ELBA60-mobile-line-boring-machine-servo-motor.jpg\" class=\"attachment-medium_large size-medium_large wp-image-2753\" alt=\"Alesatrice mobile ELBA60 - servomotore\" srcset=\"https:\/\/elineboringmachine.com\/wp-content\/uploads\/2022\/08\/ELBA60-mobile-line-boring-machine-servo-motor.jpg 750w, https:\/\/elineboringmachine.com\/wp-content\/uploads\/2022\/08\/ELBA60-mobile-line-boring-machine-servo-motor-300x216.jpg 300w, https:\/\/elineboringmachine.com\/wp-content\/uploads\/2022\/08\/ELBA60-mobile-line-boring-machine-servo-motor-18x12.jpg 18w\" sizes=\"(max-width: 750px) 100vw, 750px\" title=\"\"><\/div><\/a>\n\t\t\t\t<div class=\"elementor-post__text\">\n\t\t\t\t<h3 class=\"elementor-post__title\">\n\t\t\t<a href=\"https:\/\/elineboringmachine.com\/it\/the-line-boring-process\/\" >\n\t\t\t\tIl processo di alesatura della linea\t\t\t<\/a>\n\t\t<\/h3>\n\t\t\t\t<div class=\"elementor-post__excerpt\">\n\t\t\t<p>Il processo di alesatura lineare \u00e8 un processo di lavorazione utilizzato per allargare o ripristinare l&#039;alesaggio (il diametro interno) di un oggetto cilindrico, come un tubo, un albero o un blocco motore. Questo processo \u00e8 spesso necessario quando l&#039;alesaggio di un oggetto \u00e8 usurato, danneggiato o disallineato e deve essere ripristinato alle dimensioni e alla forma originali.<\/p>\n\t\t<\/div>\n\t\t\n\t\t<a class=\"elementor-post__read-more\" href=\"https:\/\/elineboringmachine.com\/it\/the-line-boring-process\/\" aria-label=\"Per saperne di pi\u00f9 sul processo di alesatura lineare\" tabindex=\"-1\" >\n\t\t\tPer saperne di pi\u00f9 &quot;\t\t<\/a>\n\n\t\t\t\t<\/div>\n\t\t\t\t<div class=\"elementor-post__meta-data\">\n\t\t\t\t\t<span class=\"elementor-post-author\">\n\t\t\tAlesatrice lineare\t\t<\/span>\n\t\t\t\t<span class=\"elementor-post-date\">\n\t\t\t7 febbraio 2023\t\t<\/span>\n\t\t\t\t<\/div>\n\t\t\t\t\t<\/div>\n\t\t<\/article>\n\t\t\t\t<article class=\"elementor-post elementor-grid-item post-451073 post type-post status-publish format-standard has-post-thumbnail hentry category-portable-line-boring-machines tag-portable-line-boring-welding-machine\">\n\t\t\t<div class=\"elementor-post__card\">\n\t\t\t\t<a class=\"elementor-post__thumbnail__link\" href=\"https:\/\/elineboringmachine.com\/it\/enhance-your-machining-process-with-the-ezlink-slb50-portable-line-boring-welding-machine\/\" tabindex=\"-1\" ><div class=\"elementor-post__thumbnail\"><img decoding=\"async\" width=\"768\" height=\"432\" src=\"https:\/\/elineboringmachine.com\/wp-content\/uploads\/2022\/08\/portable-line-boring-welding-machine-slb50-768x432.jpg\" class=\"attachment-medium_large size-medium_large wp-image-2417\" alt=\"saldatrice portatile per alesatura in linea slb50\" srcset=\"https:\/\/elineboringmachine.com\/wp-content\/uploads\/2022\/08\/portable-line-boring-welding-machine-slb50-768x432.jpg 768w, https:\/\/elineboringmachine.com\/wp-content\/uploads\/2022\/08\/portable-line-boring-welding-machine-slb50-300x169.jpg 300w, https:\/\/elineboringmachine.com\/wp-content\/uploads\/2022\/08\/portable-line-boring-welding-machine-slb50-1024x576.jpg 1024w, https:\/\/elineboringmachine.com\/wp-content\/uploads\/2022\/08\/portable-line-boring-welding-machine-slb50.jpg 1280w\" sizes=\"(max-width: 768px) 100vw, 768px\" title=\"\"><\/div><\/a>\n\t\t\t\t<div class=\"elementor-post__text\">\n\t\t\t\t<h3 class=\"elementor-post__title\">\n\t\t\t<a href=\"https:\/\/elineboringmachine.com\/it\/enhance-your-machining-process-with-the-ezlink-slb50-portable-line-boring-welding-machine\/\" >\n\t\t\t\tMigliora il tuo processo di lavorazione con la saldatrice portatile per alesatura EZLINK SLB50\t\t\t<\/a>\n\t\t<\/h3>\n\t\t\t\t<div class=\"elementor-post__excerpt\">\n\t\t\t<p>Stanco del disagio e delle spese di spedizione di attrezzature pesanti per le riparazioni? Hai bisogno di una soluzione pi\u00f9 efficiente per le lavorazioni meccaniche in loco? Ti presentiamo la saldatrice alesatrice portatile EZLINK SLB50.<\/p>\n\t\t<\/div>\n\t\t\n\t\t<a class=\"elementor-post__read-more\" href=\"https:\/\/elineboringmachine.com\/it\/enhance-your-machining-process-with-the-ezlink-slb50-portable-line-boring-welding-machine\/\" aria-label=\"Per saperne di pi\u00f9 su come migliorare il processo di lavorazione con la macchina saldatrice portatile per alesatura EZLINK SLB50\" tabindex=\"-1\" >\n\t\t\tPer saperne di pi\u00f9 &quot;\t\t<\/a>\n\n\t\t\t\t<\/div>\n\t\t\t\t<div class=\"elementor-post__meta-data\">\n\t\t\t\t\t<span class=\"elementor-post-author\">\n\t\t\tAlesatrice lineare\t\t<\/span>\n\t\t\t\t<span class=\"elementor-post-date\">\n\t\t\t4 febbraio 2023\t\t<\/span>\n\t\t\t\t<\/div>\n\t\t\t\t\t<\/div>\n\t\t<\/article>\n\t\t\t\t<\/div>\n\t\t\n\t\t\t\t\t\t<\/div>\n\t\t\t\t<\/div>\n\t\t\t\t<\/div>\n\t\t\t\t<\/div>","protected":false},"excerpt":{"rendered":"<p>Previous Next PSL300 Portable Shaft Turning Machine PSL300 portable shaft turning machine are widely USED for on-site returning\/resurfacing of large shafts\/ journals. PSL300 is customizable to meet customers&#8217; unique requirements. It is very easy to use: simply bolt to the end of the shaft. For more information, please feel free to contact us. Request A&hellip;&nbsp;<\/p>\n<div class=\"read-more-wrapper\"><a href=\"https:\/\/elineboringmachine.com\/it\/enhance-your-machining-process-with-the-ezlink-slb50-portable-line-boring-welding-machine\/\" class=\"button button-primary\" rel=\"bookmark\">Per saperne di pi\u00f9 &quot;<span class=\"screen-reader-text\">Migliora il tuo processo di lavorazione con la saldatrice portatile per alesatura EZLINK SLB50<\/span><\/a><\/div>","protected":false},"author":1,"featured_media":3249,"parent":1974,"menu_order":0,"comment_status":"closed","ping_status":"closed","template":"page-templates\/template-pagebuilder-full-width.php","meta":{"neve_meta_sidebar":"","neve_meta_container":"","neve_meta_enable_content_width":"","neve_meta_content_width":0,"neve_meta_title_alignment":"","neve_meta_author_avatar":"","neve_post_elements_order":"","neve_meta_disable_header":"","neve_meta_disable_footer":"","neve_meta_disable_title":"","neve_meta_reading_time":"","footnotes":""},"class_list":["post-3231","page","type-page","status-publish","has-post-thumbnail","hentry"],"_links":{"self":[{"href":"https:\/\/elineboringmachine.com\/it\/wp-json\/wp\/v2\/pages\/3231","targetHints":{"allow":["GET"]}}],"collection":[{"href":"https:\/\/elineboringmachine.com\/it\/wp-json\/wp\/v2\/pages"}],"about":[{"href":"https:\/\/elineboringmachine.com\/it\/wp-json\/wp\/v2\/types\/page"}],"author":[{"embeddable":true,"href":"https:\/\/elineboringmachine.com\/it\/wp-json\/wp\/v2\/users\/1"}],"replies":[{"embeddable":true,"href":"https:\/\/elineboringmachine.com\/it\/wp-json\/wp\/v2\/comments?post=3231"}],"version-history":[{"count":0,"href":"https:\/\/elineboringmachine.com\/it\/wp-json\/wp\/v2\/pages\/3231\/revisions"}],"up":[{"embeddable":true,"href":"https:\/\/elineboringmachine.com\/it\/wp-json\/wp\/v2\/pages\/1974"}],"wp:featuredmedia":[{"embeddable":true,"href":"https:\/\/elineboringmachine.com\/it\/wp-json\/wp\/v2\/media\/3249"}],"wp:attachment":[{"href":"https:\/\/elineboringmachine.com\/it\/wp-json\/wp\/v2\/media?parent=3231"}],"curies":[{"name":"wp","href":"https:\/\/api.w.org\/{rel}","templated":true}]}}