{"id":6,"date":"2020-04-06T12:28:33","date_gmt":"2020-04-06T12:28:33","guid":{"rendered":""},"modified":"2024-04-05T13:06:39","modified_gmt":"2024-04-05T05:06:39","slug":"about-us","status":"publish","type":"page","link":"https:\/\/elineboringmachine.com\/it\/about-us\/","title":{"rendered":"Di"},"content":{"rendered":"<div data-elementor-type=\"wp-page\" data-elementor-id=\"6\" class=\"elementor elementor-6\" data-elementor-post-type=\"page\">\n\t\t\t\t<div class=\"elementor-element elementor-element-6aa3446 e-con-full e-flex e-con e-parent\" data-id=\"6aa3446\" data-element_type=\"container\" data-settings=\"{&quot;background_background&quot;:&quot;classic&quot;}\">\n\t\t\t\t<div class=\"elementor-element elementor-element-e91986e elementor-widget__width-inherit elementor--h-position-center elementor--v-position-middle elementor-arrows-position-inside elementor-pagination-position-inside elementor-widget elementor-widget-slides\" data-id=\"e91986e\" data-element_type=\"widget\" data-settings=\"{&quot;navigation&quot;:&quot;both&quot;,&quot;autoplay&quot;:&quot;yes&quot;,&quot;pause_on_hover&quot;:&quot;yes&quot;,&quot;pause_on_interaction&quot;:&quot;yes&quot;,&quot;autoplay_speed&quot;:5000,&quot;infinite&quot;:&quot;yes&quot;,&quot;transition&quot;:&quot;slide&quot;,&quot;transition_speed&quot;:500}\" data-widget_type=\"slides.default\">\n\t\t\t\t\t\t\t\t\t\t<div class=\"elementor-slides-wrapper elementor-main-swiper swiper\" role=\"region\" aria-roledescription=\"carousel\" aria-label=\"Diapositive\" dir=\"ltr\" data-animation=\"fadeInLeft\">\n\t\t\t\t<div class=\"swiper-wrapper elementor-slides\">\n\t\t\t\t\t\t\t\t\t\t<div class=\"elementor-repeater-item-703060a swiper-slide\" role=\"group\" aria-roledescription=\"slide\"><div class=\"swiper-slide-bg elementor-ken-burns elementor-ken-burns--in\" role=\"img\"><\/div><div class=\"elementor-background-overlay\"><\/div><div class=\"swiper-slide-inner\" ><div class=\"swiper-slide-contents\"><div class=\"elementor-slide-heading\">EFF1500 Spianatrice per flange<\/div><a href=\"https:\/\/elineboringmachine.com\/it\/products\/flange-facer\/eff1500-id-flange-facing-machine\/\" class=\"elementor-button elementor-slide-button elementor-size-lg\">EFF1500 RASAFOGLIE PER FLANGE<\/a><\/div><\/div><\/div><div class=\"elementor-repeater-item-d6deb2f swiper-slide\" role=\"group\" aria-roledescription=\"slide\"><div class=\"swiper-slide-bg elementor-ken-burns elementor-ken-burns--in\" role=\"img\"><\/div><div class=\"elementor-background-overlay\"><\/div><div class=\"swiper-slide-inner\" ><div class=\"swiper-slide-contents\"><div class=\"elementor-slide-heading\">Saldatrice portatile per alesatura in linea SLB50<\/div><a href=\"https:\/\/elineboringmachine.com\/it\/products\/portable-line-boring-machine\/slb50-portable-line-boring-welding-machine\/\" class=\"elementor-button elementor-slide-button elementor-size-lg\">Saldatrice portatile per alesatura in linea SLB50<\/a><\/div><\/div><\/div><div class=\"elementor-repeater-item-ef58fe9 swiper-slide\" role=\"group\" aria-roledescription=\"slide\"><div class=\"swiper-slide-bg elementor-ken-burns elementor-ken-burns--in\" role=\"img\"><\/div><div class=\"elementor-background-overlay\"><\/div><div class=\"swiper-slide-inner\" ><div class=\"swiper-slide-contents\"><div class=\"elementor-slide-heading\">Macchine per il taglio e la smussatura di tubi con telaio diviso a conchiglia<\/div><a href=\"https:\/\/elineboringmachine.com\/it\/products\/clamshell-split-frame-machines\/\" class=\"elementor-button elementor-slide-button elementor-size-lg\">Visualizza tutte le macchine per il taglio e la smussatura di tubi a conchiglia<\/a><\/div><\/div><\/div>\t\t\t\t<\/div>\n\t\t\t\t\t\t\t\t\t\t\t\t\t\t\t<div class=\"elementor-swiper-button elementor-swiper-button-prev\" role=\"button\" tabindex=\"0\" aria-label=\"Vorherige Folie\" data-no-translation-aria-label=\"\">\n\t\t\t\t\t\t\t<svg aria-hidden=\"true\" class=\"e-font-icon-svg e-eicon-chevron-left\" viewbox=\"0 0 1000 1000\" xmlns=\"http:\/\/www.w3.org\/2000\/svg\"><path d=\"M646 125C629 125 613 133 604 142L308 442C296 454 292 471 292 487 292 504 296 521 308 533L604 854C617 867 629 875 646 875 663 875 679 871 692 858 704 846 713 829 713 812 713 796 708 779 692 767L438 487 692 225C700 217 708 204 708 187 708 171 704 154 692 142 675 129 663 125 646 125Z\"><\/path><\/svg>\t\t\t\t\t\t<\/div>\n\t\t\t\t\t\t<div class=\"elementor-swiper-button elementor-swiper-button-next\" role=\"button\" tabindex=\"0\" aria-label=\"N\u00e4chste Folie\" data-no-translation-aria-label=\"\">\n\t\t\t\t\t\t\t<svg aria-hidden=\"true\" class=\"e-font-icon-svg e-eicon-chevron-right\" viewbox=\"0 0 1000 1000\" xmlns=\"http:\/\/www.w3.org\/2000\/svg\"><path d=\"M696 533C708 521 713 504 713 487 713 471 708 454 696 446L400 146C388 133 375 125 354 125 338 125 325 129 313 142 300 154 292 171 292 187 292 204 296 221 308 233L563 492 304 771C292 783 288 800 288 817 288 833 296 850 308 863 321 871 338 875 354 875 371 875 388 867 400 854L696 533Z\"><\/path><\/svg>\t\t\t\t\t\t<\/div>\n\t\t\t\t\t\t\t\t\t\t\t\t\t\t\t\t<div class=\"swiper-pagination\"><\/div>\n\t\t\t\t\t\t\t\t\t\t\t\t<\/div>\n\t\t\t\t\t\t\t\t<\/div>\n\t\t\t\t<div class=\"elementor-element elementor-element-1d88d14 elementor-widget elementor-widget-heading\" data-id=\"1d88d14\" data-element_type=\"widget\" data-widget_type=\"heading.default\">\n\t\t\t\t\t<h1 class=\"elementor-heading-title elementor-size-default\">Chi siamo<\/h1>\t\t\t\t<\/div>\n\t\t\t\t<div class=\"elementor-element elementor-element-e3e3ae1 elementor-widget elementor-widget-heading\" data-id=\"e3e3ae1\" data-element_type=\"widget\" data-widget_type=\"heading.default\">\n\t\t\t\t\t<h2 class=\"elementor-heading-title elementor-size-default\">Fornitore di prodotti affidabili, convenienti e convenienti<\/h2>\t\t\t\t<\/div>\n\t\t\t\t<div class=\"elementor-element elementor-element-475f1b3 elementor-widget__width-initial elementor-widget-mobile__width-inherit elementor-widget elementor-widget-text-editor\" data-id=\"475f1b3\" data-element_type=\"widget\" data-widget_type=\"text-editor.default\">\n\t\t\t\t\t\t\t\t\t<p>Fondata nel 2012, EZLINK \u00e8 un fornitore leader di macchine utensili portatili innovative e di alta qualit\u00e0 per la riparazione e la manutenzione in loco. Ci impegniamo a fornire soluzioni efficienti e convenienti che mantengano il vostro impianto operativo senza intoppi, in sicurezza e a costi contenuti. I nostri prodotti includono alesatrici portatili, spianatrici per flange, smussatrici per tubi e altre macchine utensili progettate per rendere gli interventi di manutenzione pi\u00f9 rapidi, semplici ed efficienti.<\/p><p>\u00a0<span style=\"text-align: var(--text-align); background-color: var(--nv-site-bg); color: var(--nv-text-color); font-size: var(--bodyfontsize); font-weight: var(--bodyfontweight); letter-spacing: var(--bodyletterspacing); text-transform: var(--bodytexttransform);\">Crediamo nell&#039;importanza di fornire il miglior servizio e supporto clienti, per questo disponiamo di un team di esperti disponibile 24 ore su 24, 7 giorni su 7, per rispondere a qualsiasi domanda. I nostri prodotti sono progettati per resistere agli ambienti industriali pi\u00f9 difficili e sono dotati delle tecnologie pi\u00f9 recenti.<\/span><\/p><p>Noi di EZLINK svolgiamo il nostro lavoro con passione e ci impegniamo a fornire ai nostri clienti i migliori prodotti e servizi. Contattateci oggi stesso per scoprire come possiamo aiutarvi con le vostre esigenze di riparazione e manutenzione in loco. Siamo un partner leale e affidabile che mette sempre al primo posto il profitto dei propri clienti.<\/p>\t\t\t\t\t\t\t\t<\/div>\n\t\t\t\t<\/div>\n\t\t<div class=\"elementor-element elementor-element-e9c5ebe e-flex e-con-boxed e-con e-parent\" data-id=\"e9c5ebe\" data-element_type=\"container\" data-settings=\"{&quot;background_background&quot;:&quot;classic&quot;}\">\n\t\t\t\t\t<div class=\"e-con-inner\">\n\t\t\t\t<div class=\"elementor-element elementor-element-df8aa89 elementor-widget elementor-widget-neve_typed_headline\" data-id=\"df8aa89\" data-element_type=\"widget\" data-settings=\"{&quot;typed_text&quot;:&quot;Vision,&quot;,&quot;speed&quot;:{&quot;unit&quot;:&quot;px&quot;,&quot;size&quot;:110,&quot;sizes&quot;:[]}}\" data-widget_type=\"neve_typed_headline.default\">\n\t\t\t\t<div class=\"elementor-widget-container\">\n\t\t\t\t\t<h2 class=\"eaw-typed-text\"><span class=\"eaw-typed-text-plain eaw-typed-text-wrapper\">Missione,<\/span>  <span class=\"eaw-typed-text-placeholder\"><\/span> <span class=\"eaw-typed-text-plain eaw-typed-text-wrapper\">&amp; Valori<\/span><\/h2>\t\t\t\t<\/div>\n\t\t\t\t<\/div>\n\t\t<div class=\"elementor-element elementor-element-8faa305 e-flex e-con-boxed e-con e-parent\" data-id=\"8faa305\" data-element_type=\"container\" data-settings=\"{&quot;background_background&quot;:&quot;classic&quot;}\">\n\t\t\t\t\t<div class=\"e-con-inner\">\n\t\t\t\t<div class=\"elementor-element elementor-element-99d1c99 elementor-widget elementor-widget-heading\" data-id=\"99d1c99\" data-element_type=\"widget\" data-widget_type=\"heading.default\">\n\t\t\t\t\t<h3 class=\"elementor-heading-title elementor-size-default\">Dichiarazione di intenti<\/h3>\t\t\t\t<\/div>\n\t\t\t\t<div class=\"elementor-element elementor-element-a545176 elementor-widget elementor-widget-text-editor\" data-id=\"a545176\" data-element_type=\"widget\" data-widget_type=\"text-editor.default\">\n\t\t\t\t\t\t\t\t\t<p>La missione di EZLINK \u00e8 fornire macchine utensili portatili innovative e di alta qualit\u00e0 per la riparazione e la manutenzione in loco, rendendo gli interventi di manutenzione pi\u00f9 rapidi, semplici ed efficienti per i nostri clienti. Ci impegniamo a fornire il miglior servizio e supporto clienti e a essere un partner affidabile e degno di fiducia per i nostri clienti. Il nostro obiettivo \u00e8 garantire che gli impianti dei nostri clienti funzionino senza intoppi, in sicurezza e a costi contenuti, migliorando costantemente la nostra linea di prodotti e offrendo le soluzioni di fabbricazione in loco pi\u00f9 avanzate.<\/p>\t\t\t\t\t\t\t\t<\/div>\n\t\t\t\t\t<\/div>\n\t\t\t\t<\/div>\n\t\t<div class=\"elementor-element elementor-element-bd821b0 e-flex e-con-boxed e-con e-parent\" data-id=\"bd821b0\" data-element_type=\"container\" data-settings=\"{&quot;background_background&quot;:&quot;classic&quot;}\">\n\t\t\t\t\t<div class=\"e-con-inner\">\n\t\t\t\t<div class=\"elementor-element elementor-element-bf46b74 elementor-widget elementor-widget-heading\" data-id=\"bf46b74\" data-element_type=\"widget\" data-widget_type=\"heading.default\">\n\t\t\t\t\t<h3 class=\"elementor-heading-title elementor-size-default\">Visione<\/h3>\t\t\t\t<\/div>\n\t\t\t\t<div class=\"elementor-element elementor-element-9ac6d73 elementor-widget elementor-widget-text-editor\" data-id=\"9ac6d73\" data-element_type=\"widget\" data-widget_type=\"text-editor.default\">\n\t\t\t\t\t\t\t\t\t<p>La nostra visione \u00e8 quella di essere il fornitore leader di macchine utensili portatili innovative e di alta qualit\u00e0, offrendo un valore eccezionale e la massima soddisfazione del cliente. Puntiamo a rivoluzionare il settore della riparazione e manutenzione in loco, stabilendo un nuovo standard in termini di velocit\u00e0, efficienza e sicurezza.<\/p>\t\t\t\t\t\t\t\t<\/div>\n\t\t\t\t\t<\/div>\n\t\t\t\t<\/div>\n\t\t<div class=\"elementor-element elementor-element-01f2637 e-flex e-con-boxed e-con e-parent\" data-id=\"01f2637\" data-element_type=\"container\" data-settings=\"{&quot;background_background&quot;:&quot;classic&quot;}\">\n\t\t\t\t\t<div class=\"e-con-inner\">\n\t\t\t\t<div class=\"elementor-element elementor-element-ef683b7 elementor-widget elementor-widget-heading\" data-id=\"ef683b7\" data-element_type=\"widget\" data-widget_type=\"heading.default\">\n\t\t\t\t\t<h3 class=\"elementor-heading-title elementor-size-default\">I nostri valori fondamentali<\/h3>\t\t\t\t<\/div>\n\t\t\t\t<div class=\"elementor-element elementor-element-1d5f45e elementor-widget elementor-widget-text-editor\" data-id=\"1d5f45e\" data-element_type=\"widget\" data-widget_type=\"text-editor.default\">\n\t\t\t\t\t\t\t\t\t<p>I valori fondamentali di EZLINK sono:<\/p><ol><li><p>Attenzione al cliente: ci impegniamo a fornire i migliori prodotti e servizi ai nostri clienti e a soddisfare le loro esigenze.<\/p><\/li><li><p>Innovazione: crediamo nel miglioramento costante dei nostri prodotti e processi per rimanere un passo avanti alla concorrenza e offrire le soluzioni di riparazione e manutenzione in loco pi\u00f9 avanzate.<\/p><\/li><li><p>Qualit\u00e0: ci impegniamo a fornire prodotti di alta qualit\u00e0 che soddisfano gli standard del settore e superano le aspettative dei clienti.<\/p><\/li><li><p>Affidabilit\u00e0: crediamo nella costruzione di relazioni solide e durature con i nostri clienti, fornendo prodotti e servizi affidabili.<\/p><\/li><li><p>Sicurezza: ci impegniamo a garantire la sicurezza dei nostri clienti, dei nostri dipendenti e dell&#039;ambiente attraverso pratiche di produzione responsabili.<\/p><\/li><li><p>Lavoro di squadra: crediamo nel lavoro di squadra per raggiungere obiettivi comuni e offrire i migliori risultati ai nostri clienti.<\/p><\/li><\/ol>\t\t\t\t\t\t\t\t<\/div>\n\t\t\t\t\t<\/div>\n\t\t\t\t<\/div>\n\t\t\t\t\t<\/div>\n\t\t\t\t<\/div>\n\t\t\t\t<\/div>","protected":false},"excerpt":{"rendered":"<p>EFF1500 Flange Facer\u200bEFF1500 FLANGE FACERSLB50 Portable Line Boring Welding MachineSLB50 Portable Line Boring Welding MachineClamshell Split Frame Pipe Cutting Beveling MachinesView All Clamshell Pipe Cutting Beveling Machines Previous Next Who We Are Reliable, Affordable and Cost-Effective Products Provider Founded in 2012, EZLINK is a leading provider of innovative and high-quality portable machine tools for on-site&hellip;&nbsp;<\/p>\n<div class=\"read-more-wrapper\"><a href=\"https:\/\/elineboringmachine.com\/it\/about-us\/\" class=\"button button-primary\" rel=\"bookmark\">Per saperne di pi\u00f9 &quot;<span class=\"screen-reader-text\">Di<\/span><\/a><\/div>","protected":false},"author":1,"featured_media":0,"parent":0,"menu_order":0,"comment_status":"closed","ping_status":"closed","template":"page-templates\/template-pagebuilder-full-width.php","meta":{"neve_meta_sidebar":"full-width","neve_meta_container":"","neve_meta_enable_content_width":"on","neve_meta_content_width":100,"neve_meta_title_alignment":"","neve_meta_author_avatar":"","neve_post_elements_order":"","neve_meta_disable_header":"","neve_meta_disable_footer":"","neve_meta_disable_title":"","neve_meta_reading_time":"","footnotes":""},"class_list":["post-6","page","type-page","status-publish","hentry"],"_links":{"self":[{"href":"https:\/\/elineboringmachine.com\/it\/wp-json\/wp\/v2\/pages\/6","targetHints":{"allow":["GET"]}}],"collection":[{"href":"https:\/\/elineboringmachine.com\/it\/wp-json\/wp\/v2\/pages"}],"about":[{"href":"https:\/\/elineboringmachine.com\/it\/wp-json\/wp\/v2\/types\/page"}],"author":[{"embeddable":true,"href":"https:\/\/elineboringmachine.com\/it\/wp-json\/wp\/v2\/users\/1"}],"replies":[{"embeddable":true,"href":"https:\/\/elineboringmachine.com\/it\/wp-json\/wp\/v2\/comments?post=6"}],"version-history":[{"count":0,"href":"https:\/\/elineboringmachine.com\/it\/wp-json\/wp\/v2\/pages\/6\/revisions"}],"wp:attachment":[{"href":"https:\/\/elineboringmachine.com\/it\/wp-json\/wp\/v2\/media?parent=6"}],"curies":[{"name":"wp","href":"https:\/\/api.w.org\/{rel}","templated":true}]}}